{"id":137709,"date":"2023-10-26T16:28:47","date_gmt":"2023-10-26T14:28:47","guid":{"rendered":"https:\/\/nodengo.com\/?page_id=137709"},"modified":"2024-04-14T14:52:14","modified_gmt":"2024-04-14T12:52:14","slug":"top-10-restaurants-in-lugano","status":"publish","type":"page","link":"https:\/\/nodengo.com\/fr\/switzerland\/lugano\/top-10-restaurants-in-lugano\/","title":{"rendered":"Les 10 meilleurs Restaurants \u00e0 Lugano"},"content":{"rendered":"<div class=\"wp-block-citadela-blocks-custom-container citadela-block-custom-container size-wide bg-type-color inside-space-none\"><div class=\"inner-holder\">\t\t\t<!-- Flexy Breadcrumb -->\r\n\t\t\t<div class=\"fbc fbc-page\">\r\n\r\n\t\t\t\t<!-- Breadcrumb wrapper -->\r\n\t\t\t\t<div class=\"fbc-wrap\">\r\n\r\n\t\t\t\t\t<!-- Ordered list-->\r\n\t\t\t\t\t<ol class=\"fbc-items\" itemscope itemtype=\"https:\/\/schema.org\/BreadcrumbList\">\r\n\t\t\t\t\t\t            <li itemprop=\"itemListElement\" itemscope itemtype=\"https:\/\/schema.org\/ListItem\">\r\n                <span itemprop=\"name\">\r\n                    <!-- Home Link -->\r\n                    <a itemprop=\"item\" href=\"https:\/\/nodengo.com\/fr\/\">\r\n                    \r\n                                                    <i class=\"fa fa-home\" aria-hidden=\"true\"><\/i>Home                    <\/a>\r\n                <\/span>\r\n                <meta itemprop=\"position\" content=\"1\" \/><!-- Meta Position-->\r\n             <\/li><li><span class=\"fbc-separator\">\/<\/span><\/li><li class=\"active\" itemprop=\"itemListElement\" itemscope itemtype=\"https:\/\/schema.org\/ListItem\"><span itemprop=\"name\" title=\"Best Travel Blog\">Best Travel Blog<\/span><meta itemprop=\"position\" content=\"2\" \/><\/li>\t\t\t\t\t<\/ol>\r\n\t\t\t\t\t<div class=\"clearfix\"><\/div>\r\n\t\t\t\t<\/div>\r\n\t\t\t<\/div>\r\n\t\t\t\n\n\n\n<p align=\"center\"><i class=\"fas fa-utensils\"><\/i>    <a href=\"https:\/\/nodengo.com\/fr\/lugano\/-25\/\"><b>RESTAURANTS<\/b><\/a>  |   <i class=\"fas fa-monument\"><\/i>    <a href=\"https:\/\/nodengo.com\/fr\/lugano\/things-to-do-in-lugano\/\">A FAIRE<\/a>  | <i class=\"fas fa-camera\"><\/i>    <a href=\"https:\/\/nodengo.com\/fr\/lugano\/-14\/\"> ACTIVITIES  | <i class=\"fas fa-bed\"><\/i>    <i class=\"fas fa-pen\"><\/i>    <a href=\"https:\/\/nodengo.com\/fr\/lugano\/lugano-travel-blog\/\">BLOG<\/a>  | <i class=\"fas fa-user-edit\"><\/i>    <a href=\"https:\/\/nodengo.com\/fr\/lugano\/lugano-reviews-lug\/\">\u00c9VALUATIONS<\/a><\/p>\n\n\n\n<h2 class=\"wp-block-heading has-text-color\" style=\"color:#4c8e5b\">Les 10 meilleurs Restaurants \u00e0 Lugano<\/h2>\n\n\n\n<p>Nos 10 meilleurs restaurants en vedette et \u00e9valu\u00e9s \u00e0 <strong>Lugano Suisse<\/strong>                  <\/p>\n\n\n\n<div class=\"wp-block-columns is-layout-flex wp-container-core-columns-is-layout-9d6595d7 wp-block-columns-is-layout-flex\">\n<div class=\"wp-block-column is-layout-flow wp-block-column-is-layout-flow\" style=\"flex-basis:33%\"><div class=\"wp-block-image\">\n<figure class=\"alignleft size-medium\"><img decoding=\"async\" width=\"236\" height=\"300\" src=\"https:\/\/nodengo.com\/wp-content\/uploads\/3D-Business-Woman-Approved-Stamp-Copy-1-e1604655385318-236x300.jpg\" alt=\"Les 10 meilleurs Restaurants \u00e0 Lugano\" class=\"wp-image-8847\" title=\"\" srcset=\"https:\/\/nodengo.com\/wp-content\/uploads\/3D-Business-Woman-Approved-Stamp-Copy-1-e1604655385318-236x300.jpg 236w, https:\/\/nodengo.com\/wp-content\/uploads\/3D-Business-Woman-Approved-Stamp-Copy-1-e1604655385318-118x150.jpg 118w, https:\/\/nodengo.com\/wp-content\/uploads\/3D-Business-Woman-Approved-Stamp-Copy-1-e1604655385318-9x12.jpg 9w, https:\/\/nodengo.com\/wp-content\/uploads\/3D-Business-Woman-Approved-Stamp-Copy-1-e1604655385318.jpg 350w\" sizes=\"(max-width: 236px) 100vw, 236px\" \/><figcaption class=\"wp-element-caption\"><strong><a href=\"https:\/\/nodengo.com\/fr\/-29\/lugano\/lugano-reviews-lug\/\">Plus d'\u00e9valuations pour Lugano <\/a><\/strong><\/figcaption><\/figure>\n<\/div><\/div>\n\n\n\n<div class=\"wp-block-column is-layout-flow wp-block-column-is-layout-flow\"><div class=\"wp-block-image\">\n<figure class=\"alignleft size-large is-resized\"><img decoding=\"async\" width=\"900\" height=\"600\" src=\"https:\/\/nodengo.com\/wp-content\/uploads\/colonial-restaurant.jpg\" alt=\"The best restaurants in Lugano\" class=\"wp-image-5856\" style=\"aspect-ratio:16\/9;object-fit:cover;width:675px\" title=\"\" srcset=\"https:\/\/nodengo.com\/wp-content\/uploads\/colonial-restaurant.jpg 900w, https:\/\/nodengo.com\/wp-content\/uploads\/colonial-restaurant-150x100.jpg 150w, https:\/\/nodengo.com\/wp-content\/uploads\/colonial-restaurant-300x200.jpg 300w, https:\/\/nodengo.com\/wp-content\/uploads\/colonial-restaurant-768x512.jpg 768w, https:\/\/nodengo.com\/wp-content\/uploads\/colonial-restaurant-600x400.jpg 600w\" sizes=\"(max-width: 900px) 100vw, 900px\" \/><\/figure>\n<\/div><\/div>\n<\/div>\n<\/div><\/div>\n\n\n\n<div class=\"wp-block-citadela-blocks-custom-container citadela-block-custom-container size-wide bg-type-color inside-space-none\"><div class=\"inner-holder\">\n<div class=\"wp-block-columns is-layout-flex wp-container-core-columns-is-layout-9d6595d7 wp-block-columns-is-layout-flex\">\n<div class=\"wp-block-column is-layout-flow wp-block-column-is-layout-flow\" style=\"flex-basis:100%\">\r\n        <div \r\n            class=\"wp-block-citadela-blocks ctdl-directory-items-list layout-box size-small grid-type-1 image-size-citadela_item_thumbnail image-position-center-center default-image-height show-item-featured-image show-item-subtitle show-item-description show-item-address show-item-rating border-thin\"\r\n                        \t\r\n                        >\r\n            \r\n            \r\n                        <header class=\"citadela-block-header\">\r\n                <div class=\"citadela-block-title\">\r\n                    <h2>Restaurants en vedette  <\/h2>\r\n                <\/div>\r\n            <\/header>\r\n            \r\n            <div class=\"citadela-block-articles\">\r\n               \r\n                <div class=\"citadela-block-articles-wrap\">\r\n                                <\/div>\r\n\r\n                                \r\n            <\/div>\r\n            \r\n                        \r\n        <\/div>\r\n        <\/div>\n<\/div>\n\n\n\n<p class=\"has-text-align-center\">Int\u00e9ress\u00e9 d'avoir votre \u00e9tablissement <strong><a href=\"https:\/\/nodengo.com\/fr\/-33\/-4\/\">\u00c9valu\u00e9<\/a><\/strong> ou <strong><a href=\"https:\/\/nodengo.com\/fr\/-2\/\">r\u00e9f\u00e9renc\u00e9 <\/a><\/strong>ou devenir un <strong><a href=\"https:\/\/nodengo.com\/fr\/-33\/-31\/\">Editeur<\/a><\/strong><a type=\"page\" id=\"54050\" href=\"https:\/\/nodengo.com\/fr\/-29\/-24\/geneva-reviews-gva\/\" target=\"_blank\" rel=\"noreferrer noopener\"> <\/a>?<\/p>\n<\/div><\/div>","protected":false},"excerpt":{"rendered":"","protected":false},"author":249,"featured_media":0,"parent":7353,"menu_order":0,"comment_status":"closed","ping_status":"closed","template":"","meta":{"_uag_custom_page_level_css":"","_citadela_hide_page_title":"1","_citadela_remove_header_space":"1","_citadela_custom_class":"","_citadela_half_map_provider":"","_citadela_half_map_theme":"","_citadela_half_map_themeOSM":"","_citadela_half_map_customTheme":"","_citadela_half_map_dataType":"","_citadela_half_map_dynamicTrack":false,"_citadela_half_map_trackColor":"","_citadela_half_map_trackEndpointsColor":"","_citadela_half_map_filterCategory":"","_citadela_half_map_filterLocation":"","_citadela_half_map_filterFeatured":false,"_citadela_half_map_noDataBehavior":"empty-map","_citadela_half_map_noDataText":"","_citadela_half_map_clusterGridSize":80,"_citadela_header":false,"_citadela_header_over_content":false,"_citadela_header_text_color":"","_citadela_header_logo":[],"_citadela_header_bg_image":[],"_citadela_header_bg_position":{"x":0.5,"y":0.5},"_citadela_header_bg_size":"cover","_citadela_header_bg_repeat":"no-repeat","_citadela_header_bg_fixed":false,"_citadela_header_bg_color":"","_citadela_header_bg_image_overlay":"","_citadela_header_transparent_bg":false,"_citadela_content_width":"","_citadela_half_layout_position":"","footnotes":""},"class_list":["post-137709","page","type-page","status-publish","hentry"],"uagb_featured_image_src":{"full":false,"thumbnail":false,"medium":false,"medium_large":false,"large":false,"1536x1536":false,"2048x2048":false,"trp-custom-language-flag":false,"citadela_item_thumbnail":false,"woocommerce_thumbnail":false,"woocommerce_single":false,"woocommerce_gallery_thumbnail":false,"citadela_service":false},"uagb_author_info":{"display_name":"Team Nodengo","author_link":"https:\/\/nodengo.com\/fr\/author\/nodengo-team\/"},"uagb_comment_info":0,"uagb_excerpt":null,"_links":{"self":[{"href":"https:\/\/nodengo.com\/fr\/wp-json\/wp\/v2\/pages\/137709","targetHints":{"allow":["GET"]}}],"collection":[{"href":"https:\/\/nodengo.com\/fr\/wp-json\/wp\/v2\/pages"}],"about":[{"href":"https:\/\/nodengo.com\/fr\/wp-json\/wp\/v2\/types\/page"}],"author":[{"embeddable":true,"href":"https:\/\/nodengo.com\/fr\/wp-json\/wp\/v2\/users\/249"}],"replies":[{"embeddable":true,"href":"https:\/\/nodengo.com\/fr\/wp-json\/wp\/v2\/comments?post=137709"}],"version-history":[{"count":0,"href":"https:\/\/nodengo.com\/fr\/wp-json\/wp\/v2\/pages\/137709\/revisions"}],"up":[{"embeddable":true,"href":"https:\/\/nodengo.com\/fr\/wp-json\/wp\/v2\/pages\/7353"}],"wp:attachment":[{"href":"https:\/\/nodengo.com\/fr\/wp-json\/wp\/v2\/media?parent=137709"}],"curies":[{"name":"wp","href":"https:\/\/api.w.org\/{rel}","templated":true}]}}