{"id":12711,"date":"2021-06-15T15:38:53","date_gmt":"2021-06-15T13:38:53","guid":{"rendered":"https:\/\/nodengo.com\/?page_id=12711"},"modified":"2026-01-07T17:05:44","modified_gmt":"2026-01-07T16:05:44","slug":"activities-in-miami","status":"publish","type":"page","link":"https:\/\/nodengo.com\/fr\/florida\/miami\/activities-in-miami\/","title":{"rendered":"Activit\u00e9s \u00e0 Miami"},"content":{"rendered":"<!-- Flexy Breadcrumb -->\r\n\t\t\t<div class=\"fbc fbc-page\">\r\n\r\n\t\t\t\t<!-- Breadcrumb wrapper -->\r\n\t\t\t\t<div class=\"fbc-wrap\">\r\n\r\n\t\t\t\t\t<!-- Ordered list-->\r\n\t\t\t\t\t<ol class=\"fbc-items\" itemscope itemtype=\"https:\/\/schema.org\/BreadcrumbList\">\r\n\t\t\t\t\t\t            <li itemprop=\"itemListElement\" itemscope itemtype=\"https:\/\/schema.org\/ListItem\">\r\n                <span itemprop=\"name\">\r\n                    <!-- Home Link -->\r\n                    <a itemprop=\"item\" href=\"https:\/\/nodengo.com\/fr\/\">\r\n                    \r\n                                                    <i class=\"fa fa-home\" aria-hidden=\"true\"><\/i>Home                    <\/a>\r\n                <\/span>\r\n                <meta itemprop=\"position\" content=\"1\" \/><!-- Meta Position-->\r\n             <\/li><li><span class=\"fbc-separator\">\/<\/span><\/li><li class=\"active\" itemprop=\"itemListElement\" itemscope itemtype=\"https:\/\/schema.org\/ListItem\"><span itemprop=\"name\" title=\"Best Travel Blog\">Best Travel Blog<\/span><meta itemprop=\"position\" content=\"2\" \/><\/li>\t\t\t\t\t<\/ol>\r\n\t\t\t\t\t<div class=\"clearfix\"><\/div>\r\n\t\t\t\t<\/div>\r\n\t\t\t<\/div>\r\n\t\t\t\n\n\n\n<div class=\"wp-block-citadela-blocks-custom-container citadela-block-custom-container size-wide bg-type-color inside-space-small has-bg has-min-height vertical-align-top\" style=\"min-height:100px;background-color:rgba(242, 244, 245, 1)\"><div class=\"inner-holder\">\n<p align=\"center\"><i class=\"fas fa-utensils\"><\/i>    <a href=\"https:\/\/nodengo.com\/fr\/miami\/miami-restaurants\/\">RESTAURANTS<\/a>  |   <i class=\"fas fa-monument\"><\/i>    <a href=\"https:\/\/nodengo.com\/fr\/miami\/things-to-do-in-miami\/\">A FAIRE<\/a>  |&nbsp;&nbsp;<i class=\"fas fa-camera\"><\/i>    <a href=\"https:\/\/nodengo.com\/fr\/miami\/activities-in-miami\/\"> ACTIVIT\u00c9S<\/a>  |  <i class=\"fas fa-pen\"><\/i>    <a href=\"https:\/\/nodengo.com\/fr\/miami\/miami-travel-blog\/\">BLOG<\/a>  | <i class=\"fas fa-user-edit\"><\/i>    <a href=\"https:\/\/nodengo.com\/fr\/miami\/reviews-mia\/\">\u00c9VALUATIONS<\/a> | <i class=\"fas fa-hotel\"><\/i><a href=\"https:\/\/trip.tpx.gr\/yUbHUnAQ\" target=\"_blank\" rel=\"noopener\"> H\u00d4TELS<\/a> |<i class=\"fas fa-car\"><\/i><a href=\"https:\/\/economybookings.tpx.gr\/r5TKovzH\" target=\"_blank\" rel=\"noopener\"> VOITURES<\/a>\n\n\n\n<h2 class=\"wp-block-heading\">Meilleures activit\u00e9s \u00e0 Miami et dans la r\u00e9gion du sud de la Floride<\/h2>\n\n\n\n<p>D\u00e9couvrez les meilleures activit\u00e9s \u00e0 Miami, en Floride. R\u00e9servez des billets et des activit\u00e9s, des visites et des attractions en ligne avec notre meilleur prix garanti. <strong>Les avantages de r\u00e9server vos activit\u00e9s avec nous en ligne :<\/strong> Skip the ticket line | Mobile ticketing | Instant confirmation | Free cancellation in Basel and the Basel Region<\/p>\n<\/div><\/div>\n\n\n\n<div class=\"wp-block-citadela-blocks-custom-container citadela-block-custom-container size-wide bg-type-image inside-space-none bg-size-cover has-overlay\"><div class=\"bg-image-wrapper\" style=\"background-image:url(https:\/\/nodengo.com\/wp-content\/uploads\/photodune-YRAEvEFR-miami-florida-usa-xxl-1.jpg);background-repeat:no-repeat;background-position:48% 80%\"><\/div><div class=\"bg-image-overlay\" style=\"opacity:0.5\"><\/div><div class=\"inner-holder\">\n<div style=\"height:100px\" aria-hidden=\"true\" class=\"wp-block-spacer\"><\/div>\n\n\n\n<div style=\"height:20px\" aria-hidden=\"true\" class=\"wp-block-spacer\"><\/div>\n<\/div><\/div>\n\n\n\n<div class=\"wp-block-citadela-blocks-custom-container citadela-block-custom-container size-wide bg-type-none inside-space-none\"><div class=\"inner-holder\">\n<div class=\"wp-block-columns is-layout-flex wp-container-core-columns-is-layout-9d6595d7 wp-block-columns-is-layout-flex\">\n<div class=\"wp-block-column is-layout-flow wp-block-column-is-layout-flow\" style=\"flex-basis:66.66%\">\n<div class=\"wp-block-citadela-blocks-service citadela-block-service main-holder layout-list header-type-icon standard\"><div class=\"service-header\"><div class=\"service-icon\"><i class=\"fas fa-child\" style=\"color:#b9b9b9\"><\/i><\/div><\/div><div class=\"service-content\"><div class=\"service-content-wrap\"><h3 class=\"service-title\">Activit\u00e9s familiales<\/h3><p class=\"service-description\">Top 10 des activit\u00e9s avec les enfants<\/p><\/div><\/div><\/div>\n\n\n\n<div class=\"wp-block-columns is-layout-flex wp-container-core-columns-is-layout-9d6595d7 wp-block-columns-is-layout-flex\">\n<div class=\"wp-block-column is-layout-flow wp-block-column-is-layout-flow\">\n<div class=\"wp-block-citadela-blocks-service citadela-block-service main-holder layout-box header-type-icon standard\"><div class=\"service-header\"><div class=\"service-icon\"><i class=\"fas fa-water\" style=\"color:#b9b9b9\"><\/i><\/div><\/div><div class=\"service-content\"><div class=\"service-content-wrap\"><h3 class=\"service-title\">Activit\u00e9s aquatiques<\/h3><p class=\"service-description\">\u00a0Sports nautiques \u00e0 Miami<\/p><\/div><\/div><\/div>\n\n\n\n<div class=\"wp-block-citadela-blocks-service citadela-block-service main-holder layout-box header-type-icon standard\"><div class=\"service-header\"><div class=\"service-icon\"><i class=\"fas fa-binoculars\" style=\"color:#b9b9b9\"><\/i><\/div><\/div><div class=\"service-content\"><div class=\"service-content-wrap\"><h3 class=\"service-title\">D\u00e9couvrez la ville<\/h3><p class=\"service-description\">D\u00e9couvrez cette ville cosmopolite<\/p><\/div><\/div><\/div>\n\n\n\n<div class=\"wp-block-citadela-blocks-service citadela-block-service main-holder layout-box header-type-icon standard\"><div class=\"service-header\"><div class=\"service-icon\"><i class=\"far fa-address-card\" style=\"color:#b9b9b9\"><\/i><\/div><\/div><div class=\"service-content\"><div class=\"service-content-wrap\"><h3 class=\"service-title\">Visite guid\u00e9e<\/h3><p class=\"service-description\">Voir les attractions populaires avec un guide local<\/p><\/div><\/div><\/div>\n\n\n\n<div class=\"wp-block-citadela-blocks-service citadela-block-service main-holder layout-box header-type-icon standard\"><div class=\"service-header\"><div class=\"service-icon\"><i class=\"fas fa-cloud-sun\" style=\"color:#b9b9b9\"><\/i><\/div><\/div><div class=\"service-content\"><div class=\"service-content-wrap\"><h3 class=\"service-title\">Aventures<\/h3><p class=\"service-description\">Nature | Ext\u00e9rieur | Adr\u00e9naline<\/p><\/div><\/div><\/div>\n<\/div>\n\n\n\n<div class=\"wp-block-column is-layout-flow wp-block-column-is-layout-flow\">\n<div class=\"wp-block-citadela-blocks-service citadela-block-service main-holder layout-box header-type-icon standard\"><div class=\"service-header\"><div class=\"service-icon\"><i class=\"fas fa-umbrella-beach\" style=\"color:#b9b9b9\"><\/i><\/div><\/div><div class=\"service-content\"><div class=\"service-content-wrap\"><h3 class=\"service-title\">Plage<\/h3><p class=\"service-description\">Des plages magnifiques<\/p><\/div><\/div><\/div>\n\n\n\n<div class=\"wp-block-citadela-blocks-service citadela-block-service main-holder layout-box header-type-icon standard\"><div class=\"service-header\"><div class=\"service-icon\"><i class=\"fas fa-user-shield\" style=\"color:#b9b9b9\"><\/i><\/div><\/div><div class=\"service-content\"><div class=\"service-content-wrap\"><h3 class=\"service-title\">Tour priv\u00e9<\/h3><p class=\"service-description\">Evitez la foule<\/p><\/div><\/div><\/div>\n\n\n\n<div class=\"wp-block-citadela-blocks-service citadela-block-service main-holder layout-box header-type-icon standard\"><div class=\"service-header\"><div class=\"service-icon\"><i class=\"far fa-clock\" style=\"color:#b9b9b9\"><\/i><\/div><\/div><div class=\"service-content\"><div class=\"service-content-wrap\"><h3 class=\"service-title\">Excursions d'une journ\u00e9e<\/h3><p class=\"service-description\">Profitez au maximum de votre journ\u00e9e<\/p><\/div><\/div><\/div>\n<\/div>\n<\/div>\n\n\n\n<div class=\"wp-block-citadela-blocks-service citadela-block-service main-holder layout-list header-type-icon standard\"><div class=\"service-header\"><div class=\"service-icon\"><i class=\"far fa-calendar-alt\" style=\"color:#b9b9b9\"><\/i><\/div><\/div><div class=\"service-content\"><div class=\"service-content-wrap\"><h3 class=\"service-title\">Annulation gratuite<\/h3><p class=\"service-description\">Changement de plan? Aucun probl\u00e8me. Annulez jusqu'\u00e0 24 heures avant le d\u00e9but de votre activit\u00e9 pour un remboursement complet. certaines restrictions s'appliquent<\/p><\/div><\/div><\/div>\n\n\n\n<div class=\"wp-block-citadela-blocks-custom-container citadela-block-custom-container size-wide bg-type-none inside-space-none\"><div class=\"inner-holder\">\n<div class=\"wp-block-buttons is-layout-flex wp-block-buttons-is-layout-flex\">\n<div class=\"wp-block-button has-custom-width wp-block-button__width-100 is-style-outline is-style-outline--2\"><a class=\"wp-block-button__link has-white-color has-text-color has-background has-link-color wp-element-button\" href=\"https:\/\/www.getyourguide.fr\/miami-l176\/?partner_id=SGJ5DHX&amp;utm_medium=online_publisher&amp;utm_source=nodengo.com&amp;placement=content-end&amp;cmp=miami_activities\" style=\"background-color:#4c8e5b\">TOUTES les activit\u00e9s \u00e0 Miami<\/a><\/div>\n<\/div>\n<\/div><\/div>\n<\/div>\n\n\n\n<div class=\"wp-block-column is-layout-flow wp-block-column-is-layout-flow\"><\/div>\n\n\n\n<div class=\"wp-block-column is-layout-flow wp-block-column-is-layout-flow\" style=\"flex-basis:33.33%\">\n<figure class=\"wp-block-image size-full is-resized\"><img decoding=\"async\" width=\"300\" height=\"250\" src=\"https:\/\/nodengo.com\/wp-content\/uploads\/Reach-more-customers_fr.jpg\" alt=\"Nodengo.com Reach more customers\" class=\"wp-image-10633\" style=\"width:305px;height:auto\" title=\"\" srcset=\"https:\/\/nodengo.com\/wp-content\/uploads\/Reach-more-customers_fr.jpg 300w, https:\/\/nodengo.com\/wp-content\/uploads\/Reach-more-customers_fr-150x125.jpg 150w, https:\/\/nodengo.com\/wp-content\/uploads\/Reach-more-customers_fr-14x12.jpg 14w\" sizes=\"(max-width: 300px) 100vw, 300px\" \/><\/figure>\n\n\n\n<p class=\"has-small-font-size\"><strong>Quelles sont les meilleures choses \u00e0 faire \u00e0 Miami ?<\/strong><\/p>\n\n\n\n<p class=\"has-small-font-size\"><strong>Quelles sont les principales attractions incontournables \u00e0 Miami ?<\/strong><\/p>\n<\/div>\n<\/div>\n<\/div><\/div>\n\n\n\n<iframe style=\"border:0;height:105px;\" width=\"100%\" height=\"auto\" scrolling=\"no\" id=\"bsaIframe\" onload=\"bsaIframe()\" src=\"https:\/\/ads.nodengo.com\/api\/?id=17&amp;i=1\" if_empty=\"id=4\"> <\/iframe><script>function bsaIframe() { var iFrameID = document.getElementById('bsaIframe'); if(iFrameID) { iFrameID.height = iFrameID.contentWindow.document.body.scrollHeight + 'px'; } }<\/script>\n\n\n\n<div class=\"wp-block-citadela-blocks-custom-container citadela-block-custom-container size-wide bg-type-none inside-space-none\"><div class=\"inner-holder\">\n<h2 class=\"wp-block-heading has-text-align-center\"><strong>CHOSES \u00c0 FAIRE \u00c0 MIAMI<\/strong><\/h2>\n\n\n\n<p>Explorez les principaux sites et attractions de Miami en Floride, gr\u00e2ce \u00e0 notre guide inclusif, vous d\u00e9voilant une multitude d'activit\u00e9s qui vous feront d\u00e9couvrir cette ville nocturne anim\u00e9e.<\/p>\n\n\n\n<p class=\"has-small-font-size\"><a href=\"#Museums\">Mus\u00e9es<\/a> | <a href=\"#Sights\">Sites &amp; Monuments<\/a> | <a href=\"#Outdoor\">Activit\u00e9s en plein air<\/a> | <a href=\"#Food\">Restauration<\/a> | <a href=\"#Bars\">Bars &amp; Clubs<\/a> | <a href=\"#Shopping\">Shopping<\/a> | <a href=\"#Sports\">Sports &amp; Loisirs<\/a> | <a href=\"#Concert\">Concerts &amp; Spectacles<\/a> | <a href=\"#Transport\">Voyage &amp; Transport<\/a><\/p>\n\n\n\r\n        <div class=\"wp-block-citadela-blocks ctdl-directory-search-form border-thin shadow-default align-center\">\r\n            <div class=\"citadela-block-form search-form-component-container\" style=\"\" data-action=\"&quot;https:\\\/\\\/nodengo.com\\\/fr\\\/&quot;\"data-post-type=\"citadela-item\"data-category-taxonomy=\"citadela-item-category\"data-location-taxonomy=\"citadela-item-location\">\r\n            <\/div>\r\n                    <\/div>\r\n\r\n        \n\n\n<iframe style=\"border:0;height:105px;\" width=\"100%\" height=\"auto\" scrolling=\"no\" id=\"bsaIframe\" onload=\"bsaIframe()\" src=\"https:\/\/ads.nodengo.com\/api\/?id=13&amp;i=1\" if_empty=\"id=34\"> <\/iframe><script>function bsaIframe() { var iFrameID = document.getElementById('bsaIframe'); if(iFrameID) { iFrameID.height = iFrameID.contentWindow.document.body.scrollHeight + 'px'; } }<\/script>\n\n\n\n<p class=\"has-background has-small-font-size\" style=\"background-color:#ebebf0\"><strong>Mus\u00e9es <\/strong>Galeries d'Art | Histoire | Histoire Naturelle | Science | Mus\u00e9e<\/p>\n\n\n\r\n        <div \r\n            class=\"wp-block-citadela-blocks ctdl-directory-items-list layout-box size-small grid-type-1 image-size-citadela_item_thumbnail image-position-center-center default-image-height show-item-featured-image show-item-description show-item-rating border-thin\"\r\n                        \t\r\n                        >\r\n            \r\n            \r\n            \r\n            <div class=\"citadela-block-articles\">\r\n               \r\n                <div class=\"citadela-block-articles-wrap\">\r\n                \r\n<article class=\"citadela-article has-thumbnail has-description\">\r\n\r\n\t<div class=\"item-content\" style=\"\">\r\n\t\t\t\t<div class=\"item-thumbnail\" style=\"\">\r\n\t\t\t<a href=\"https:\/\/nodengo.com\/fr\/item\/no-content-yet\/\">\r\n\t\t\t\t<img decoding=\"async\" class=\"item-image\" src=\"https:\/\/nodengo.com\/wp-content\/uploads\/01-Travel-and-Tourism-1-1-640x480.jpg\" width=\"640\" height=\"480\" srcset=\"https:\/\/nodengo.com\/wp-content\/uploads\/01-Travel-and-Tourism-1-1-640x480.jpg 640w, https:\/\/nodengo.com\/wp-content\/uploads\/01-Travel-and-Tourism-1-1-480x360.jpg 480w\" sizes=\"(max-width: 640px) 100vw, 640px\" alt=\"No content yet\" style=\"\" title=\"\">\r\n\t\t\t<\/a>\r\n\t\t<\/div>\r\n\t\t\r\n\t\t<div class=\"item-body\">\r\n\t\t\t<div class=\"item-title\">\r\n\t\t\t\t<a href=\"https:\/\/nodengo.com\/fr\/item\/no-content-yet\/\">\r\n\t\t\t\t\t<div class=\"item-title-wrap\">\r\n\t\t\t\t\t\t<div class=\"post-title\">No content yet<\/div>\r\n\t\t\t\t\t\t\t\t\t\t\t<\/div>\r\n\t\t\t\t<\/a>\r\n\t\t\t<\/div>\r\n\t\t\t\r\n\t\t\t\r\n\t\t\t\t\t\t<div class=\"item-text\">\r\n\t\t\t\t<div class=\"item-description\">\r\n\t\t\t\t\t<p>We do not have &quot;activities&quot; or &quot;things to do&quot; referenced yet for this section \u00a0Would you like to list your establishment ? Need more information ? &nbsp; &nbsp; We are also looking for Editor. Are you interested ?<\/p>\r\n\t\t\t\t\t<a href=\"https:\/\/nodengo.com\/fr\/item\/no-content-yet\/\" class=\"more\">Voir plus<\/a>\r\n\t\t\t\t<\/div>\r\n\t\t\t<\/div>\r\n\t\t\t\t\t\t<div class=\"item-footer\" style=\"\">\r\n\t\t\t\t\t\t\t\t\t\t\t\t\t\t\t\t\t\t\t<\/div>\r\n\t\t<\/div>\r\n\t<\/div>\r\n\r\n<\/article>\r\n\r\n\r\n                <\/div>\r\n\r\n                                \r\n            <\/div>\r\n            \r\n                        \r\n        <\/div>\r\n        \n\n\n<p class=\"has-small-font-size\">Des pr\u00e9cautions de s\u00e9curit\u00e9 sp\u00e9cifiques sont fournies par l'activit\u00e9 \/ le voyagiste et en conjonction avec les r\u00e9glementations locales, elles ne sont pas v\u00e9rifi\u00e9es par Nodengo.com pour l'exactitude de ces donn\u00e9es.<\/p>\n<\/div><\/div>","protected":false},"excerpt":{"rendered":"","protected":false},"author":236,"featured_media":0,"parent":12638,"menu_order":0,"comment_status":"closed","ping_status":"closed","template":"","meta":{"_uag_custom_page_level_css":"","_citadela_hide_page_title":"1","_citadela_remove_header_space":"1","_citadela_custom_class":"","_citadela_half_map_provider":"","_citadela_half_map_theme":"","_citadela_half_map_themeOSM":"","_citadela_half_map_customTheme":"","_citadela_half_map_dataType":"","_citadela_half_map_dynamicTrack":false,"_citadela_half_map_trackColor":"","_citadela_half_map_trackEndpointsColor":"","_citadela_half_map_filterCategory":"","_citadela_half_map_filterLocation":"","_citadela_half_map_filterFeatured":false,"_citadela_half_map_noDataBehavior":"empty-map","_citadela_half_map_noDataText":"","_citadela_half_map_clusterGridSize":80,"_citadela_header":false,"_citadela_header_over_content":false,"_citadela_header_text_color":"","_citadela_header_logo":[],"_citadela_header_bg_image":[],"_citadela_header_bg_position":{"x":0.5,"y":0.5},"_citadela_header_bg_size":"cover","_citadela_header_bg_repeat":"no-repeat","_citadela_header_bg_fixed":false,"_citadela_header_bg_color":"","_citadela_header_bg_image_overlay":"","_citadela_header_transparent_bg":false,"_citadela_content_width":"","_citadela_half_layout_position":"","footnotes":""},"class_list":["post-12711","page","type-page","status-publish","hentry"],"uagb_featured_image_src":{"full":false,"thumbnail":false,"medium":false,"medium_large":false,"large":false,"1536x1536":false,"2048x2048":false,"trp-custom-language-flag":false,"citadela_item_thumbnail":false,"woocommerce_thumbnail":false,"woocommerce_single":false,"woocommerce_gallery_thumbnail":false,"citadela_service":false},"uagb_author_info":{"display_name":"Nodengo Team","author_link":"https:\/\/nodengo.com\/fr\/author\/nodengo-admin\/"},"uagb_comment_info":0,"uagb_excerpt":null,"_links":{"self":[{"href":"https:\/\/nodengo.com\/fr\/wp-json\/wp\/v2\/pages\/12711","targetHints":{"allow":["GET"]}}],"collection":[{"href":"https:\/\/nodengo.com\/fr\/wp-json\/wp\/v2\/pages"}],"about":[{"href":"https:\/\/nodengo.com\/fr\/wp-json\/wp\/v2\/types\/page"}],"author":[{"embeddable":true,"href":"https:\/\/nodengo.com\/fr\/wp-json\/wp\/v2\/users\/236"}],"replies":[{"embeddable":true,"href":"https:\/\/nodengo.com\/fr\/wp-json\/wp\/v2\/comments?post=12711"}],"version-history":[{"count":0,"href":"https:\/\/nodengo.com\/fr\/wp-json\/wp\/v2\/pages\/12711\/revisions"}],"up":[{"embeddable":true,"href":"https:\/\/nodengo.com\/fr\/wp-json\/wp\/v2\/pages\/12638"}],"wp:attachment":[{"href":"https:\/\/nodengo.com\/fr\/wp-json\/wp\/v2\/media?parent=12711"}],"curies":[{"name":"wp","href":"https:\/\/api.w.org\/{rel}","templated":true}]}}