{"id":22926,"date":"2022-01-19T14:33:53","date_gmt":"2022-01-19T13:33:53","guid":{"rendered":"https:\/\/nodengo.com\/?post_type=product&#038;p=22926"},"modified":"2023-03-07T14:33:32","modified_gmt":"2023-03-07T13:33:32","slug":"suscripcion-basica-2","status":"publish","type":"product","link":"https:\/\/nodengo.com\/es\/product\/basic-subscription-special-offer\/","title":{"rendered":"Suscripci\u00f3n (Oferta Especial)"},"content":{"rendered":"","protected":false},"excerpt":{"rendered":"<p><img decoding=\"async\" class=\"alignleft size-full wp-image-7767\" src=\"https:\/\/nodengo.com\/wp-content\/uploads\/vert_titre.gif\" alt=\"basic subscription\" width=\"40\" height=\"27\" srcset=\"https:\/\/nodengo.com\/wp-content\/uploads\/vert_titre.gif 40w, https:\/\/nodengo.com\/wp-content\/uploads\/vert_titre-16x12.gif 16w\" sizes=\"(max-width: 40px) 100vw, 40px\" \/>Promocione su establecimiento en nuestro sitio web.<\/p>\n<h4>SPECIAL OFFER<\/h4>\n<p>Incluye todos los elementos esenciales para que se descubra la ficha de su empresa. Toda la informaci\u00f3n y descripci\u00f3n de su negocio, navegaci\u00f3n a su negocio y categorizaci\u00f3n personalizada.<\/p>\n<p>Check out detailed features in the table below.<\/p>\n<hr \/>\n<p><span style=\"color: #7d829f;\"><strong>For this special offer, we offer a 60 days free premium package, if you install one of our widgets on your website for 6 months or more. <a href=\"https:\/\/nodengo.com\/es\/-37\/\">M\u00e1s informaci\u00f3n\u00a0<\/a><\/strong><\/span><\/p>","protected":false},"featured_media":61019,"template":"","meta":{"_uag_custom_page_level_css":""},"product_brand":[],"product_cat":[368],"product_tag":[],"class_list":{"0":"post-22926","1":"product","2":"type-product","3":"status-publish","4":"has-post-thumbnail","6":"product_cat-directory-subscriptions","8":"first","9":"instock","10":"virtual","11":"sold-individually","12":"purchasable","13":"product-type-subscription"},"uagb_featured_image_src":{"full":["https:\/\/nodengo.com\/wp-content\/uploads\/Special-Pakcage-bkgrd-300x300-1.jpg",300,300,false],"thumbnail":["https:\/\/nodengo.com\/wp-content\/uploads\/Special-Pakcage-bkgrd-300x300-1-150x150.jpg",150,150,true],"medium":["https:\/\/nodengo.com\/wp-content\/uploads\/Special-Pakcage-bkgrd-300x300-1.jpg",300,300,false],"medium_large":["https:\/\/nodengo.com\/wp-content\/uploads\/Special-Pakcage-bkgrd-300x300-1.jpg",300,300,false],"large":["https:\/\/nodengo.com\/wp-content\/uploads\/Special-Pakcage-bkgrd-300x300-1.jpg",300,300,false],"1536x1536":["https:\/\/nodengo.com\/wp-content\/uploads\/Special-Pakcage-bkgrd-300x300-1.jpg",300,300,false],"2048x2048":["https:\/\/nodengo.com\/wp-content\/uploads\/Special-Pakcage-bkgrd-300x300-1.jpg",300,300,false],"trp-custom-language-flag":["https:\/\/nodengo.com\/wp-content\/uploads\/Special-Pakcage-bkgrd-300x300-1-12x12.jpg",12,12,true],"citadela_item_thumbnail":["https:\/\/nodengo.com\/wp-content\/uploads\/Special-Pakcage-bkgrd-300x300-1.jpg",300,300,false],"woocommerce_thumbnail":["https:\/\/nodengo.com\/wp-content\/uploads\/Special-Pakcage-bkgrd-300x300-1.jpg",300,300,false],"woocommerce_single":["https:\/\/nodengo.com\/wp-content\/uploads\/Special-Pakcage-bkgrd-300x300-1.jpg",300,300,false],"woocommerce_gallery_thumbnail":["https:\/\/nodengo.com\/wp-content\/uploads\/Special-Pakcage-bkgrd-300x300-1-150x150.jpg",150,150,true],"citadela_service":["https:\/\/nodengo.com\/wp-content\/uploads\/Special-Pakcage-bkgrd-300x300-1.jpg",300,300,false]},"uagb_author_info":{"display_name":"Nodengo Team","author_link":"https:\/\/nodengo.com\/es\/author\/"},"uagb_comment_info":0,"uagb_excerpt":"Promote your establishment on our directory website. SPECIAL OFFER Includes all essentials for your business listing to be discovered. All your business information and description, navigation to your business and custom categorization. Check out detailed features in the table below. For this special offer, we offer a 60 days free premium package, if you install&hellip;","_links":{"self":[{"href":"https:\/\/nodengo.com\/es\/wp-json\/wp\/v2\/product\/22926","targetHints":{"allow":["GET"]}}],"collection":[{"href":"https:\/\/nodengo.com\/es\/wp-json\/wp\/v2\/product"}],"about":[{"href":"https:\/\/nodengo.com\/es\/wp-json\/wp\/v2\/types\/product"}],"wp:featuredmedia":[{"embeddable":true,"href":"https:\/\/nodengo.com\/es\/wp-json\/wp\/v2\/media\/61019"}],"wp:attachment":[{"href":"https:\/\/nodengo.com\/es\/wp-json\/wp\/v2\/media?parent=22926"}],"wp:term":[{"taxonomy":"product_brand","embeddable":true,"href":"https:\/\/nodengo.com\/es\/wp-json\/wp\/v2\/product_brand?post=22926"},{"taxonomy":"product_cat","embeddable":true,"href":"https:\/\/nodengo.com\/es\/wp-json\/wp\/v2\/product_cat?post=22926"},{"taxonomy":"product_tag","embeddable":true,"href":"https:\/\/nodengo.com\/es\/wp-json\/wp\/v2\/product_tag?post=22926"}],"curies":[{"name":"wp","href":"https:\/\/api.w.org\/{rel}","templated":true}]}}