{"id":6565,"date":"2021-06-09T08:46:15","date_gmt":"2021-06-09T06:46:15","guid":{"rendered":"https:\/\/nodengo.com\/?page_id=6565"},"modified":"2026-04-02T12:18:30","modified_gmt":"2026-04-02T10:18:30","slug":"-26","status":"publish","type":"page","link":"https:\/\/nodengo.com\/es\/contact\/","title":{"rendered":"Contacto"},"content":{"rendered":"<div style=\"height:14px\" aria-hidden=\"true\" class=\"wp-block-spacer\"><\/div>\n\n\n\t\t\t<!-- Flexy Breadcrumb -->\r\n\t\t\t<div class=\"fbc fbc-page\">\r\n\r\n\t\t\t\t<!-- Breadcrumb wrapper -->\r\n\t\t\t\t<div class=\"fbc-wrap\">\r\n\r\n\t\t\t\t\t<!-- Ordered list-->\r\n\t\t\t\t\t<ol class=\"fbc-items\" itemscope itemtype=\"https:\/\/schema.org\/BreadcrumbList\">\r\n\t\t\t\t\t\t            <li itemprop=\"itemListElement\" itemscope itemtype=\"https:\/\/schema.org\/ListItem\">\r\n                <span itemprop=\"name\">\r\n                    <!-- Home Link -->\r\n                    <a itemprop=\"item\" href=\"https:\/\/nodengo.com\/es\/\">\r\n                    \r\n                                                    <i class=\"fa fa-home\" aria-hidden=\"true\"><\/i>Home                    <\/a>\r\n                <\/span>\r\n                <meta itemprop=\"position\" content=\"1\" \/><!-- Meta Position-->\r\n             <\/li><li><span class=\"fbc-separator\">\/<\/span><\/li><li class=\"active\" itemprop=\"itemListElement\" itemscope itemtype=\"https:\/\/schema.org\/ListItem\"><span itemprop=\"name\" title=\"Best Travel Blog\">Best Travel Blog<\/span><meta itemprop=\"position\" content=\"2\" \/><\/li>\t\t\t\t\t<\/ol>\r\n\t\t\t\t\t<div class=\"clearfix\"><\/div>\r\n\t\t\t\t<\/div>\r\n\t\t\t<\/div>\r\n\t\t\t\n\n\n\n<div class=\"wp-block-citadela-blocks-custom-container citadela-block-custom-container size-wide bg-type-image inside-space-none bg-size-cover has-overlay\"><div class=\"bg-image-wrapper\" style=\"background-image:url(https:\/\/nodengo.com\/wp-content\/uploads\/ny-aearial.jpg);background-repeat:no-repeat;background-position:50% 50%\"><\/div><div class=\"bg-image-overlay\" style=\"opacity:0.85;background-image:linear-gradient(90deg, rgba(39, 44, 66, 1) 0%, rgba(255, 255, 255, 0) 100%)\"><\/div><div class=\"inner-holder\">\n<div class=\"wp-block-citadela-blocks-spacer citadela-block-spacer responsive-options loading\" data-block-attr=\"{&quot;desktop&quot;:{&quot;height&quot;:&quot;5em&quot;},&quot;mobile&quot;:{&quot;height&quot;:&quot;1em&quot;}}\" data-block-mobile-breakpoint=\"600\"><div class=\"inner-holder\" style=\"padding-top:5em\"><\/div><\/div>\n\n\n\n<div class=\"wp-block-columns are-vertically-aligned-bottom is-layout-flex wp-container-core-columns-is-layout-9d6595d7 wp-block-columns-is-layout-flex\">\n<div class=\"wp-block-column is-vertically-aligned-bottom is-layout-flow wp-block-column-is-layout-flow\" style=\"flex-basis:66.66%\">         <div \r\n            class=\"citadela-block-responsive-text align-left responsive-options loading\"\r\n            data-block-mobile-attr=\"{&quot;desktop&quot;:{&quot;fontSize&quot;:&quot;48px&quot;,&quot;align&quot;:&quot;left&quot;},&quot;mobile&quot;:{&quot;align&quot;:&quot;center&quot;}}\"            data-block-mobile-breakpoint=\"600\"         >\r\n            <h1 class=\"inner-tag\" style=\"font-size: 48px; color: #ffffff;\"> <\/h1>         <\/div>\r\n      \n\n\n<div class=\"wp-block-citadela-blocks-spacer citadela-block-spacer responsive-options loading\" data-block-attr=\"{&quot;desktop&quot;:{&quot;height&quot;:&quot;3.5em&quot;},&quot;mobile&quot;:{&quot;height&quot;:&quot;1em&quot;}}\" data-block-mobile-breakpoint=\"600\"><div class=\"inner-holder\" style=\"padding-top:3.5em\"><\/div><\/div>\n<\/div>\n\n\n\n<div class=\"wp-block-column is-vertically-aligned-bottom is-layout-flow wp-block-column-is-layout-flow\" style=\"flex-basis:33.33%\">\n<div class=\"wp-block-citadela-blocks-custom-container citadela-block-custom-container size-wide bg-type-color inside-space-none has-bg has-border-radius has-min-height vertical-align-center\" style=\"min-height:150px;background-color:rgba(76, 142, 91, 1);border-radius:6px\"><div class=\"inner-holder\" style=\"max-width:1200px\">         <div \r\n            class=\"citadela-block-responsive-text has-bg align-left no-margins\"\r\n                                 >\r\n            <h4 class=\"inner-tag\" style=\"font-size: 14px; line-height: 1.26; letter-spacing: 0.17em; color: #392F43; background-color: #4c8e5b;\">Nodengo.com <br>P.O. Box 4<br>1211 Geneva 28<br>Suiza<\/h4>         <\/div>\r\n      \n\n         <div \r\n            class=\"citadela-block-responsive-text has-bg align-center\"\r\n                                 >\r\n            <p class=\"inner-tag\" style=\"color: #ffffff; background-color: #dce5e9;\"><a href=\"https:\/\/nodengo.com\/es\/register-to-submit-your-items\/\" data-type=\"URL\" data-id=\"https:\/\/nodengo.com\/en\/register-to-submit-your-items\/\">A\u00f1ade tu establecimiento<\/a><\/p>         <\/div>\r\n      <\/div><\/div>\n<\/div>\n<\/div>\n\n\n\n<div class=\"wp-block-citadela-blocks-spacer citadela-block-spacer negative-height\"><div class=\"inner-holder\" style=\"margin-top:-4em\"><\/div><\/div>\n\n\n\n<div class=\"wp-block-uagb-icon-list uagb-block-bb3f71ff\"><div class=\"uagb-icon-list__wrap\">\n<div class=\"wp-block-uagb-icon-list-child uagb-block-0a301e8b\"><a target=\"_self\" aria-label=\"Destino\" rel=\"noopener noreferrer\" href=\"https:\/\/nodengo.com\/es\/destino-turistico-2\/\"> <\/a><span class=\"uagb-icon-list__source-wrap\"><svg xmlns=\"https:\/\/www.w3.org\/2000\/svg\" viewbox=\"0 0 512 512\"><path d=\"M352 256C352 278.2 350.8 299.6 348.7 320H163.3C161.2 299.6 159.1 278.2 159.1 256C159.1 233.8 161.2 212.4 163.3 192H348.7C350.8 212.4 352 233.8 352 256zM503.9 192C509.2 212.5 512 233.9 512 256C512 278.1 509.2 299.5 503.9 320H380.8C382.9 299.4 384 277.1 384 256C384 234 382.9 212.6 380.8 192H503.9zM493.4 160H376.7C366.7 96.14 346.9 42.62 321.4 8.442C399.8 29.09 463.4 85.94 493.4 160zM344.3 160H167.7C173.8 123.6 183.2 91.38 194.7 65.35C205.2 41.74 216.9 24.61 228.2 13.81C239.4 3.178 248.7 0 256 0C263.3 0 272.6 3.178 283.8 13.81C295.1 24.61 306.8 41.74 317.3 65.35C328.8 91.38 338.2 123.6 344.3 160H344.3zM18.61 160C48.59 85.94 112.2 29.09 190.6 8.442C165.1 42.62 145.3 96.14 135.3 160H18.61zM131.2 192C129.1 212.6 127.1 234 127.1 256C127.1 277.1 129.1 299.4 131.2 320H8.065C2.8 299.5 0 278.1 0 256C0 233.9 2.8 212.5 8.065 192H131.2zM194.7 446.6C183.2 420.6 173.8 388.4 167.7 352H344.3C338.2 388.4 328.8 420.6 317.3 446.6C306.8 470.3 295.1 487.4 283.8 498.2C272.6 508.8 263.3 512 255.1 512C248.7 512 239.4 508.8 228.2 498.2C216.9 487.4 205.2 470.3 194.7 446.6H194.7zM190.6 503.6C112.2 482.9 48.59 426.1 18.61 352H135.3C145.3 415.9 165.1 469.4 190.6 503.6V503.6zM321.4 503.6C346.9 469.4 366.7 415.9 376.7 352H493.4C463.4 426.1 399.8 482.9 321.4 503.6V503.6z\"><\/path><\/svg><\/span><span class=\"uagb-icon-list__label\">Destino<\/span><\/div>\n\n\n\n<div class=\"wp-block-uagb-icon-list-child uagb-block-dece215a\"><a target=\"_self\" aria-label=\"Vuelos\" rel=\"noopener noreferrer\" href=\"https:\/\/nodengo.com\/es\/vuelos\/\"> <\/a><span class=\"uagb-icon-list__source-wrap\"><svg xmlns=\"https:\/\/www.w3.org\/2000\/svg\" viewbox=\"0 0 576 512\"><path d=\"M482.3 192C516.5 192 576 221 576 256C576 292 516.5 320 482.3 320H365.7L265.2 495.9C259.5 505.8 248.9 512 237.4 512H181.2C170.6 512 162.9 501.8 165.8 491.6L214.9 320H112L68.8 377.6C65.78 381.6 61.04 384 56 384H14.03C6.284 384 0 377.7 0 369.1C0 368.7 .1818 367.4 .5398 366.1L32 256L.5398 145.9C.1818 144.6 0 143.3 0 142C0 134.3 6.284 128 14.03 128H56C61.04 128 65.78 130.4 68.8 134.4L112 192H214.9L165.8 20.4C162.9 10.17 170.6 0 181.2 0H237.4C248.9 0 259.5 6.153 265.2 16.12L365.7 192H482.3z\"><\/path><\/svg><\/span><span class=\"uagb-icon-list__label\">Vuelos<\/span><\/div>\n\n\n\n<div class=\"wp-block-uagb-icon-list-child uagb-block-f1a47c37\"><a target=\"_self\" aria-label=\"Hoteles\" rel=\"noopener noreferrer\" href=\"\/es\/hotels\/\"> <\/a><span class=\"uagb-icon-list__source-wrap\"><svg xmlns=\"https:\/\/www.w3.org\/2000\/svg\" viewbox=\"0 0 640 512\"><path d=\"M176 288C220.1 288 256 252.1 256 208S220.1 128 176 128S96 163.9 96 208S131.9 288 176 288zM544 128H304C295.2 128 288 135.2 288 144V320H64V48C64 39.16 56.84 32 48 32h-32C7.163 32 0 39.16 0 48v416C0 472.8 7.163 480 16 480h32C56.84 480 64 472.8 64 464V416h512v48c0 8.837 7.163 16 16 16h32c8.837 0 16-7.163 16-16V224C640 170.1 597 128 544 128z\"><\/path><\/svg><\/span><span class=\"uagb-icon-list__label\">Hoteles<\/span><\/div>\n\n\n\n<div class=\"wp-block-uagb-icon-list-child uagb-block-276b836b\"><a target=\"_self\" aria-label=\"Coches\" rel=\"noopener noreferrer\" href=\"\/es\/-12\/\"> <\/a><span class=\"uagb-icon-list__source-wrap\"><svg xmlns=\"https:\/\/www.w3.org\/2000\/svg\" viewbox=\"0 0 512 512\"><path d=\"M39.61 196.8L74.8 96.29C88.27 57.78 124.6 32 165.4 32H346.6C387.4 32 423.7 57.78 437.2 96.29L472.4 196.8C495.6 206.4 512 229.3 512 256V448C512 465.7 497.7 480 480 480H448C430.3 480 416 465.7 416 448V400H96V448C96 465.7 81.67 480 64 480H32C14.33 480 0 465.7 0 448V256C0 229.3 16.36 206.4 39.61 196.8V196.8zM109.1 192H402.9L376.8 117.4C372.3 104.6 360.2 96 346.6 96H165.4C151.8 96 139.7 104.6 135.2 117.4L109.1 192zM96 256C78.33 256 64 270.3 64 288C64 305.7 78.33 320 96 320C113.7 320 128 305.7 128 288C128 270.3 113.7 256 96 256zM416 320C433.7 320 448 305.7 448 288C448 270.3 433.7 256 416 256C398.3 256 384 270.3 384 288C384 305.7 398.3 320 416 320z\"><\/path><\/svg><\/span><span class=\"uagb-icon-list__label\">Coches<\/span><\/div>\n\n\n\n<div class=\"wp-block-uagb-icon-list-child uagb-block-25b8c534\"><a target=\"_self\" aria-label=\"Transferencia\" rel=\"noopener noreferrer\" href=\"\/es\/airport-transfer-2\/\"> <\/a><span class=\"uagb-icon-list__source-wrap\"><svg xmlns=\"https:\/\/www.w3.org\/2000\/svg\" viewbox=\"0 0 576 512\"><path d=\"M352 0C369.7 0 384 14.33 384 32V64L384 64.15C422.6 66.31 456.3 91.49 469.2 128.3L504.4 228.8C527.6 238.4 544 261.3 544 288V480C544 497.7 529.7 512 512 512H480C462.3 512 448 497.7 448 480V432H128V480C128 497.7 113.7 512 96 512H64C46.33 512 32 497.7 32 480V288C32 261.3 48.36 238.4 71.61 228.8L106.8 128.3C119.7 91.49 153.4 66.31 192 64.15L192 64V32C192 14.33 206.3 0 224 0L352 0zM197.4 128C183.8 128 171.7 136.6 167.2 149.4L141.1 224H434.9L408.8 149.4C404.3 136.6 392.2 128 378.6 128H197.4zM128 352C145.7 352 160 337.7 160 320C160 302.3 145.7 288 128 288C110.3 288 96 302.3 96 320C96 337.7 110.3 352 128 352zM448 288C430.3 288 416 302.3 416 320C416 337.7 430.3 352 448 352C465.7 352 480 337.7 480 320C480 302.3 465.7 288 448 288z\"><\/path><\/svg><\/span><span class=\"uagb-icon-list__label\">Transferencia<\/span><\/div>\n\n\n\n<div class=\"wp-block-uagb-icon-list-child uagb-block-588c8219\"><a target=\"_self\" aria-label=\"Rese\u00f1as\" rel=\"noopener noreferrer\" href=\"\/es\/-4\/\"> <\/a><span class=\"uagb-icon-list__source-wrap\"><svg xmlns=\"https:\/\/www.w3.org\/2000\/svg\" viewbox=\"0 0 576 512\"><path d=\"M572.1 82.38C569.5 71.59 559.8 64 548.7 64h-100.8c.2422-12.45 .1078-23.7-.1559-33.02C447.3 13.63 433.2 0 415.8 0H160.2C142.8 0 128.7 13.63 128.2 30.98C127.1 40.3 127.8 51.55 128.1 64H27.26C16.16 64 6.537 71.59 3.912 82.38C3.1 85.78-15.71 167.2 37.07 245.9c37.44 55.82 100.6 95.03 187.5 117.4c18.7 4.805 31.41 22.06 31.41 41.37C256 428.5 236.5 448 212.6 448H208c-26.51 0-47.99 21.49-47.99 48c0 8.836 7.163 16 15.1 16h223.1c8.836 0 15.1-7.164 15.1-16c0-26.51-21.48-48-47.99-48h-4.644c-23.86 0-43.36-19.5-43.36-43.35c0-19.31 12.71-36.57 31.41-41.37c86.96-22.34 150.1-61.55 187.5-117.4C591.7 167.2 572.9 85.78 572.1 82.38zM77.41 219.8C49.47 178.6 47.01 135.7 48.38 112h80.39c5.359 59.62 20.35 131.1 57.67 189.1C137.4 281.6 100.9 254.4 77.41 219.8zM498.6 219.8c-23.44 34.6-59.94 61.75-109 81.22C426.9 243.1 441.9 171.6 447.2 112h80.39C528.1 135.7 526.5 178.7 498.6 219.8z\"><\/path><\/svg><\/span><span class=\"uagb-icon-list__label\">Rese\u00f1as<\/span><\/div>\n\n\n\n<div class=\"wp-block-uagb-icon-list-child uagb-block-c4359108\"><a target=\"_self\" aria-label=\"Eventos\" rel=\"noopener noreferrer\" href=\"\/es\/events\/\"> <\/a><span class=\"uagb-icon-list__source-wrap\"><svg xmlns=\"https:\/\/www.w3.org\/2000\/svg\" viewbox=\"0 0 448 512\"><path d=\"M160 32V64H288V32C288 14.33 302.3 0 320 0C337.7 0 352 14.33 352 32V64H400C426.5 64 448 85.49 448 112V160H0V112C0 85.49 21.49 64 48 64H96V32C96 14.33 110.3 0 128 0C145.7 0 160 14.33 160 32zM0 192H448V464C448 490.5 426.5 512 400 512H48C21.49 512 0 490.5 0 464V192zM64 304C64 312.8 71.16 320 80 320H112C120.8 320 128 312.8 128 304V272C128 263.2 120.8 256 112 256H80C71.16 256 64 263.2 64 272V304zM192 304C192 312.8 199.2 320 208 320H240C248.8 320 256 312.8 256 304V272C256 263.2 248.8 256 240 256H208C199.2 256 192 263.2 192 272V304zM336 256C327.2 256 320 263.2 320 272V304C320 312.8 327.2 320 336 320H368C376.8 320 384 312.8 384 304V272C384 263.2 376.8 256 368 256H336zM64 432C64 440.8 71.16 448 80 448H112C120.8 448 128 440.8 128 432V400C128 391.2 120.8 384 112 384H80C71.16 384 64 391.2 64 400V432zM208 384C199.2 384 192 391.2 192 400V432C192 440.8 199.2 448 208 448H240C248.8 448 256 440.8 256 432V400C256 391.2 248.8 384 240 384H208zM320 432C320 440.8 327.2 448 336 448H368C376.8 448 384 440.8 384 432V400C384 391.2 376.8 384 368 384H336C327.2 384 320 391.2 320 400V432z\"><\/path><\/svg><\/span><span class=\"uagb-icon-list__label\">Eventos<\/span><\/div>\n<\/div><\/div>\n<\/div><\/div>\n\n\n\n<div style=\"height:20px\" aria-hidden=\"true\" class=\"wp-block-spacer\"><\/div>\n\n\n\n<div class=\"wp-block-columns is-layout-flex wp-container-core-columns-is-layout-9d6595d7 wp-block-columns-is-layout-flex\">\n<div class=\"wp-block-column is-layout-flow wp-block-column-is-layout-flow\" style=\"flex-basis:66.66%\">\n<h2 class=\"wp-block-heading\">Contacto<\/h2>\n\n\n\n<p class=\"has-normal-font-size\"><strong>Visitantes<\/strong> Nuestro objetivo es proporcionar la informaci\u00f3n local m\u00e1s precisa para cada vacaci\u00f3n. <strong><a href=\"https:\/\/nodengo.com\/es\/destino-turistico-2\/\">destino<\/a> <\/strong>y ofrecerte para ahorrar <strong>HOTELES-VUELOS-ALQUILER COCHE<\/strong> <a href=\"https:\/\/booking.nodengo.com\/\"><\/a>A trav\u00e9s de nuestro <a href=\"http:\/\/nodengo.com\/es\/vuelos\/\">booking engine.<\/a> Estamos aqu\u00ed para ayudar, si tiene preguntas, no dude en comunicarse con nosotros, tambi\u00e9n puede consultar nuestra secci\u00f3n de ayuda a continuaci\u00f3n o leer m\u00e1s <a href=\"https:\/\/nodengo.com\/es\/-11\/\"><strong>sobre nosotros<\/strong><\/a><\/p>\n\n\n\n<hr class=\"wp-block-separator has-alpha-channel-opacity\"\/>\n\n\n         <div \r\n            class=\"citadela-block-responsive-text align-left no-margins\"\r\n                                 >\r\n            <h2 class=\"inner-tag\" style=\"font-size: 13px; letter-spacing: 0.1em;\">PREGUNTAS FRECUENTES QUE PUEDEN AYUDARTE <\/h2>         <\/div>\r\n      \n\n\n<hr class=\"wp-block-separator has-alpha-channel-opacity\"\/>\n\n\n\n<p><strong>Consultar mi reserva<\/strong><\/p>\n\n\n\n<p><strong>Para cancelar o cambiar su reserva, <\/strong>Siempre es mejor hablar directamente con el sitio de reservas. Dado que el sitio de reserva es responsable de su reserva, \u00a1podr\u00e1n ayudarlo! Para ver, modificar o cancelar su reserva, siga la informaci\u00f3n en la confirmaci\u00f3n de su reserva.<\/p>\n\n\n\n<p><strong>Soy un visitante<\/strong><\/p>\n\n\n\n<p>Gracias por visitarnos. Puede encontrar sus pr\u00f3ximas vacaciones consultando nuestro <a href=\"https:\/\/nodengo.com\/es\/destino-turistico-2\/\" data-type=\"page\" data-id=\"6421\"><strong>Destino<\/strong> p\u00e1gina.<\/a> Puede reservar hoteles, vuelos y alquiler de coches a trav\u00e9s de nuestro <a href=\"https:\/\/nodengo.com\/es\/vuelos\/\" target=\"_blank\" data-type=\"link\" data-id=\"https:\/\/nodengo.com\/flights\/\" rel=\"noreferrer noopener\"><strong>sistema de reservas <\/strong><\/a>y guarda. Obtenga informaci\u00f3n precisa y actualizada de nuestros editores locales para una ciudad en particular<\/p>\n\n\n\n<p><strong>P\u00f3ngase en contacto con un editor local<\/strong><\/p>\n\n\n\n<p>Si necesita comunicarse con uno de nuestros Editores directamente, puede hacerlo desde la p\u00e1gina de su ciudad, simplemente le pedimos que se comunique con ellos para obtener informaci\u00f3n sobre \u201csu\u201d ciudad y no para consultas generales sobre nuestros servicios y ofertas, esto simplemente retrasar\u00eda una respuesta,<\/p>\n\n\n\n<p class=\"has-small-font-size\">Nota: Nodengo.com recibe todos los mensajes escritos en el sitio, incluso directamente a nuestros editores locales, y los procesa de acuerdo con nuestra Declaraci\u00f3n de privacidad<\/p>\n\n\n\n<p><strong>Soy un proveedor de servicios<\/strong><\/p>\n\n\n\n<p>Est\u00e1 interesado en unirse a Nodengo.com. Para m\u00e1s informaci\u00f3n consulte nuestro <a href=\"https:\/\/nodengo.com\/es\/-34\/\" data-type=\"page\" data-id=\"54134\">Proveedor de servicio<\/a> p\u00e1gina de informaci\u00f3n&nbsp;<\/p>\n\n\n\n<p><strong>\u00bfInteresado en convertirse en editor local?<\/strong><\/p>\n\n\n\n<p>Actualmente estamos buscando editores en la mayor\u00eda del mercado, si est\u00e1 interesado en convertirse en editor en la ciudad en la que vive actualmente. <a href=\"https:\/\/nodengo.com\/hospitality-network\/editors\/\" data-type=\"page\" data-id=\"54050\">Descubra lo que se necesita<\/a><\/p>\n\n\n\n<p><strong>\u00bfC\u00f3mo administro mi cuenta?<\/strong><\/p>\n\n\n\n<p>Hemos recopilado toda la informaci\u00f3n pertinente sobre la inclusi\u00f3n de su establecimiento<br><a href=\"https:\/\/nodengo.com\/es\/-27\/\">administrar mi listado<\/a><\/p>\n\n\n\n<p><strong>C\u00f3mo completar tu registro<\/strong><\/p>\n\n\n\n<p>Hemos creado una gu\u00eda sobre c\u00f3mo completar su listado, estamos orgullosos de ofrecer un sistema que es muy flexible y f\u00e1cil de administrar. Usted controla que se publique y puede personalizar los detalles e informaci\u00f3n de su listado y decirle a los clientes qu\u00e9 hace que su establecimiento sea especial.   <a href=\"https:\/\/nodengo.com\/es\/how-to-complete-my-listing\/\">Completa tu listado<\/a><\/p>\n\n\n\n<p><strong>\u00bfPuedo anunciarme en su sitio?<\/strong><\/p>\n\n\n\n<p>S\u00ed, ofrecemos publicidad totalmente dirigida. Encuentra mas sobre <a href=\"http:\/\/ads.nodengo.com\/es\">tus posibilidades<\/a><\/p>\n<\/div>\n\n\n\n<div class=\"wp-block-column is-layout-flow wp-block-column-is-layout-flow\" style=\"flex-basis:33.33%\"><div class=\"wp-block-image is-style-default\">\n<figure class=\"aligncenter size-medium\"><img decoding=\"async\" width=\"236\" height=\"300\" src=\"https:\/\/nodengo.com\/wp-content\/uploads\/hotelslayoutmiddle-236x300.jpg\" alt=\"Formulario de contacto\" class=\"wp-image-53087\" title=\"\" srcset=\"https:\/\/nodengo.com\/wp-content\/uploads\/hotelslayoutmiddle-236x300.jpg 236w, https:\/\/nodengo.com\/wp-content\/uploads\/hotelslayoutmiddle-118x150.jpg 118w, https:\/\/nodengo.com\/wp-content\/uploads\/hotelslayoutmiddle-9x12.jpg 9w, https:\/\/nodengo.com\/wp-content\/uploads\/hotelslayoutmiddle.jpg 687w\" sizes=\"(max-width: 236px) 100vw, 236px\" \/><\/figure>\n<\/div>\n\n\n<p class=\"has-text-align-center\">CONTACTAR <\/p>\n\n\n\n<div class=\"wpcf7 no-js\" id=\"wpcf7-f6373-o1\" lang=\"en-US\" dir=\"ltr\" data-wpcf7-id=\"6373\">\n<div class=\"screen-reader-response\"><p role=\"status\" aria-live=\"polite\" aria-atomic=\"true\"><\/p> <ul><\/ul><\/div>\n<form action=\"\/es\/wp-json\/wp\/v2\/pages\/6565#wpcf7-f6373-o1\" method=\"post\" class=\"wpcf7-form init\" aria-label=\"Contact form\" novalidate=\"novalidate\" data-status=\"init\" data-trp-original-action=\"\/es\/wp-json\/wp\/v2\/pages\/6565#wpcf7-f6373-o1\">\n<fieldset class=\"hidden-fields-container\"><input type=\"hidden\" name=\"_wpcf7\" value=\"6373\" \/><input type=\"hidden\" name=\"_wpcf7_version\" value=\"6.1.5\" \/><input type=\"hidden\" name=\"_wpcf7_locale\" value=\"en_US\" \/><input type=\"hidden\" name=\"_wpcf7_unit_tag\" value=\"wpcf7-f6373-o1\" \/><input type=\"hidden\" name=\"_wpcf7_container_post\" value=\"0\" \/><input type=\"hidden\" name=\"_wpcf7_posted_data_hash\" value=\"\" \/>\n<\/fieldset>\n<p><label> Su nombre<br \/>\n<span class=\"wpcf7-form-control-wrap\" data-name=\"your-name\"><input size=\"40\" maxlength=\"400\" class=\"wpcf7-form-control wpcf7-text wpcf7-validates-as-required\" aria-required=\"true\" aria-invalid=\"false\" value=\"\" type=\"text\" name=\"your-name\" \/><\/span> <\/label>\n<\/p>\n<p><label> Su email<br \/>\n<span class=\"wpcf7-form-control-wrap\" data-name=\"your-email\"><input size=\"40\" maxlength=\"400\" class=\"wpcf7-form-control wpcf7-email wpcf7-validates-as-required wpcf7-text wpcf7-validates-as-email\" aria-required=\"true\" aria-invalid=\"false\" value=\"\" type=\"email\" name=\"your-email\" \/><\/span> <\/label>\n<\/p>\n<p><label> Sujeto<br \/>\n<span class=\"wpcf7-form-control-wrap\" data-name=\"your-subject\"><input size=\"40\" maxlength=\"400\" class=\"wpcf7-form-control wpcf7-text wpcf7-validates-as-required\" aria-required=\"true\" aria-invalid=\"false\" value=\"\" type=\"text\" name=\"your-subject\" \/><\/span> <\/label>\n<\/p>\n<p><label> vuestro mensaje<br \/>\n<span class=\"wpcf7-form-control-wrap\" data-name=\"your-message\"><textarea cols=\"40\" rows=\"10\" maxlength=\"2000\" class=\"wpcf7-form-control wpcf7-textarea wpcf7-validates-as-required\" aria-required=\"true\" aria-invalid=\"false\" name=\"your-message\"><\/textarea><\/span> <\/label>\n<\/p>\n<p><span class=\"wpcf7-form-control-wrap kc_captcha\" data-name=\"kc_captcha\"><span class=\"wpcf7-form-control wpcf7-radio\"><span class=\"captcha-image\" ><span class=\"cf7ic_instructions\">Please prove you are human by selecting the<span> car<\/span>.<\/span><label><input aria-label=\"1\" type=\"radio\" name=\"kc_captcha\" value=\"bot\" \/><svg aria-hidden=\"true\" role=\"img\" xmlns=\"http:\/\/www.w3.org\/2000\/svg\" viewbox=\"0 0 576 512\"><path fill=\"currentColor\" d=\"M259 18l-65 132-146 22c-26 3-37 36-18 54l106 103-25 146c-5 26 23 46 46 33l131-68 131 68c23 13 51-7 46-33l-25-146 106-103c19-18 8-51-18-54l-146-22-65-132a32 32 0 00-58 0z\"\/><\/svg><\/label><label><input aria-label=\"2\" type=\"radio\" name=\"kc_captcha\" value=\"kc_human\" \/><svg aria-hidden=\"true\" role=\"img\" xmlns=\"http:\/\/www.w3.org\/2000\/svg\" viewbox=\"0 0 512 512\"><path fill=\"currentColor\" d=\"M500 168h-55l-8-21a127 127 0 00-120-83H195a127 127 0 00-120 83l-8 21H12c-8 0-14 8-11 16l8 24a12 12 0 0011 8h29a64 64 0 00-33 56v48c0 16 6 31 16 42v62c0 13 11 24 24 24h48c13 0 24-11 24-24v-40h256v40c0 13 11 24 24 24h48c13 0 24-11 24-24v-62c10-11 16-26 16-42v-48c0-24-13-45-33-56h29a12 12 0 0011-8l8-24c3-8-3-16-11-16zm-365 2c9-25 33-42 60-42h122c27 0 51 17 60 42l15 38H120l15-38zM88 328a32 32 0 010-64c18 0 48 30 48 48s-30 16-48 16zm336 0c-18 0-48 2-48-16s30-48 48-48 32 14 32 32-14 32-32 32z\"\/><\/svg><\/label><label><input aria-label=\"3\" type=\"radio\" name=\"kc_captcha\" value=\"bot\" \/><svg aria-hidden=\"true\" role=\"img\" xmlns=\"http:\/\/www.w3.org\/2000\/svg\" viewbox=\"0 0 640 512\"><path fill=\"currentColor\" d=\"M624 352h-16V244c0-13-5-25-14-34L494 110c-9-9-21-14-34-14h-44V48c0-26-21-48-48-48H48C22 0 0 22 0 48v320c0 27 22 48 48 48h16a96 96 0 00192 0h128a96 96 0 00192 0h48c9 0 16-7 16-16v-32c0-9-7-16-16-16zM160 464a48 48 0 110-96 48 48 0 010 96zm320 0a48 48 0 110-96 48 48 0 010 96zm80-208H416V144h44l100 100v12z\"\/><\/svg><\/label>\r\n    <\/span>\r\n    <span style=\"display:none\">\r\n        <input type=\"text\" name=\"kc_honeypot\">\r\n    <\/span><\/span><\/span>\n<\/p>\n<p><input class=\"wpcf7-form-control wpcf7-submit has-spinner\" type=\"submit\" value=\"Enviar\" \/>\n<\/p><div class=\"wpcf7-response-output\" aria-hidden=\"true\"><\/div>\n<input type=\"hidden\" name=\"trp-form-language\" value=\"es\"\/><\/form>\n<\/div>\n\n\n\n\n<div class=\"wp-block-citadela-blocks-spacer citadela-block-spacer responsive-options loading\" data-block-attr=\"{&quot;desktop&quot;:{&quot;height&quot;:&quot;50px&quot;},&quot;mobile&quot;:{&quot;height&quot;:&quot;30px&quot;}}\" data-block-mobile-breakpoint=\"600\"><div class=\"inner-holder\" style=\"padding-top:50px\"><\/div><\/div>\n<\/div>\n<\/div>","protected":false},"excerpt":{"rendered":"<p>Contact Visitors We aim to provide the most accurate local information for every vacation destination and offer to save on Flight-Hotel-Car Rental via our booking engine. We are here to [&hellip;]<\/p>\n","protected":false},"author":1,"featured_media":0,"parent":0,"menu_order":0,"comment_status":"closed","ping_status":"closed","template":"","meta":{"_uag_custom_page_level_css":"","_citadela_hide_page_title":"1","_citadela_remove_header_space":"1","_citadela_custom_class":"","_citadela_half_map_provider":"","_citadela_half_map_theme":"","_citadela_half_map_themeOSM":"","_citadela_half_map_customTheme":"","_citadela_half_map_dataType":"","_citadela_half_map_dynamicTrack":false,"_citadela_half_map_trackColor":"","_citadela_half_map_trackEndpointsColor":"","_citadela_half_map_filterCategory":"","_citadela_half_map_filterLocation":"","_citadela_half_map_filterFeatured":false,"_citadela_half_map_noDataBehavior":"empty-map","_citadela_half_map_noDataText":"","_citadela_half_map_clusterGridSize":80,"_citadela_header":false,"_citadela_header_over_content":false,"_citadela_header_text_color":"","_citadela_header_logo":[],"_citadela_header_bg_image":[],"_citadela_header_bg_position":{"x":0.5,"y":0.5},"_citadela_header_bg_size":"cover","_citadela_header_bg_repeat":"no-repeat","_citadela_header_bg_fixed":false,"_citadela_header_bg_color":"","_citadela_header_bg_image_overlay":"","_citadela_header_transparent_bg":false,"_citadela_content_width":"wide","_citadela_half_layout_position":"","footnotes":""},"class_list":["post-6565","page","type-page","status-publish","hentry"],"uagb_featured_image_src":{"full":false,"thumbnail":false,"medium":false,"medium_large":false,"large":false,"1536x1536":false,"2048x2048":false,"trp-custom-language-flag":false,"citadela_item_thumbnail":false,"woocommerce_thumbnail":false,"woocommerce_single":false,"woocommerce_gallery_thumbnail":false,"citadela_service":false},"uagb_author_info":{"display_name":"admin","author_link":"https:\/\/nodengo.com\/es\/author\/admin\/"},"uagb_comment_info":0,"uagb_excerpt":"Contact Visitors We aim to provide the most accurate local information for every vacation destination and offer to save on Flight-Hotel-Car Rental via our booking engine. We are here to [&hellip;]","_links":{"self":[{"href":"https:\/\/nodengo.com\/es\/wp-json\/wp\/v2\/pages\/6565","targetHints":{"allow":["GET"]}}],"collection":[{"href":"https:\/\/nodengo.com\/es\/wp-json\/wp\/v2\/pages"}],"about":[{"href":"https:\/\/nodengo.com\/es\/wp-json\/wp\/v2\/types\/page"}],"author":[{"embeddable":true,"href":"https:\/\/nodengo.com\/es\/wp-json\/wp\/v2\/users\/1"}],"replies":[{"embeddable":true,"href":"https:\/\/nodengo.com\/es\/wp-json\/wp\/v2\/comments?post=6565"}],"version-history":[{"count":0,"href":"https:\/\/nodengo.com\/es\/wp-json\/wp\/v2\/pages\/6565\/revisions"}],"wp:attachment":[{"href":"https:\/\/nodengo.com\/es\/wp-json\/wp\/v2\/media?parent=6565"}],"curies":[{"name":"wp","href":"https:\/\/api.w.org\/{rel}","templated":true}]}}