{"id":6412,"date":"2021-03-10T16:59:07","date_gmt":"2021-03-10T15:59:07","guid":{"rendered":"https:\/\/nodengo.com\/?page_id=6412"},"modified":"2024-06-28T11:10:35","modified_gmt":"2024-06-28T09:10:35","slug":"-29","status":"publish","type":"page","link":"https:\/\/nodengo.com\/es\/privacy-policy\/","title":{"rendered":"Pol\u00edtica de privacidad"},"content":{"rendered":"<!-- Flexy Breadcrumb -->\r\n\t\t\t<div class=\"fbc fbc-page\">\r\n\r\n\t\t\t\t<!-- Breadcrumb wrapper -->\r\n\t\t\t\t<div class=\"fbc-wrap\">\r\n\r\n\t\t\t\t\t<!-- Ordered list-->\r\n\t\t\t\t\t<ol class=\"fbc-items\" itemscope itemtype=\"https:\/\/schema.org\/BreadcrumbList\">\r\n\t\t\t\t\t\t            <li itemprop=\"itemListElement\" itemscope itemtype=\"https:\/\/schema.org\/ListItem\">\r\n                <span itemprop=\"name\">\r\n                    <!-- Home Link -->\r\n                    <a itemprop=\"item\" href=\"https:\/\/nodengo.com\/es\/\">\r\n                    \r\n                                                    <i class=\"fa fa-home\" aria-hidden=\"true\"><\/i>Home                    <\/a>\r\n                <\/span>\r\n                <meta itemprop=\"position\" content=\"1\" \/><!-- Meta Position-->\r\n             <\/li><li><span class=\"fbc-separator\">\/<\/span><\/li><li class=\"active\" itemprop=\"itemListElement\" itemscope itemtype=\"https:\/\/schema.org\/ListItem\"><span itemprop=\"name\" title=\"Best Travel Blog\">Best Travel Blog<\/span><meta itemprop=\"position\" content=\"2\" \/><\/li>\t\t\t\t\t<\/ol>\r\n\t\t\t\t\t<div class=\"clearfix\"><\/div>\r\n\t\t\t\t<\/div>\r\n\t\t\t<\/div>\r\n\t\t\t\n\n\n\n<div class=\"wp-block-columns is-layout-flex wp-container-core-columns-is-layout-9d6595d7 wp-block-columns-is-layout-flex\">\n<div class=\"wp-block-column is-layout-flow wp-block-column-is-layout-flow\" style=\"flex-basis:33.33%\">\n<figure class=\"wp-block-image size-full\"><img decoding=\"async\" width=\"40\" height=\"27\" src=\"https:\/\/nodengo.com\/wp-content\/uploads\/rouge_titre.gif\" alt=\"privacy policy\" class=\"wp-image-7766\" title=\"\" srcset=\"https:\/\/nodengo.com\/wp-content\/uploads\/rouge_titre.gif 40w, https:\/\/nodengo.com\/wp-content\/uploads\/rouge_titre-16x12.gif 16w\" sizes=\"(max-width: 40px) 100vw, 40px\" \/><\/figure>\n<\/div>\n\n\n\n<div class=\"wp-block-column is-layout-flow wp-block-column-is-layout-flow\" style=\"flex-basis:66.66%\">\n<h4 class=\"wp-block-heading\">PRIVACY POLICY<\/h4>\n<\/div>\n<\/div>\n\n\n\n<p class=\"has-small-font-size\" id=\"block-f0fef25f-2d3e-4c43-9f16-e13cab90507f\">Esta Pol\u00edtica de Privacidad rige la manera en que nuestro sitio (<a href=\"https:\/\/nodengo.com\/es\/\">Nodengo.com<\/a>) collects, uses, maintains and discloses information collected from users (each, a \u201cUser\u201d) of the Nodengo.com website (\u201cSite\u201d). This privacy policy applies to the Site and all products and services offered by Nodengo.com.<\/p>\n\n\n\n<p class=\"has-small-font-size\" id=\"block-d1c74994-9ae4-488b-8c35-83f6e610b650\"><strong>Informaci\u00f3n de identificaci\u00f3n personal<\/strong><\/p>\n\n\n\n<p class=\"has-small-font-size\" id=\"block-4f929083-4d0b-4528-a857-a523a04f8dce\">Podemos recopilar informaci\u00f3n de identificaci\u00f3n personal de los Usuarios de diversas maneras, incluidas, entre otras, cuando los Usuarios visitan nuestro sitio, se registran en el sitio, realizan un pedido, solicitan una revisi\u00f3n, solicitan aparecer en la lista, se suscriben al bolet\u00edn informativo, completar un formulario y en relaci\u00f3n con otras actividades, servicios, caracter\u00edsticas o recursos que ponemos a disposici\u00f3n en nuestro Sitio <\/p>\n\n\n\n<p class=\"has-small-font-size\" id=\"block-4f929083-4d0b-4528-a857-a523a04f8dce\">A los usuarios se les podr\u00e1 solicitar, seg\u00fan corresponda, nombre, direcci\u00f3n de correo electr\u00f3nico, direcci\u00f3n postal, n\u00famero de tel\u00e9fono. Sin embargo, los usuarios pueden visitar nuestro Sitio de forma an\u00f3nima. Recopilaremos informaci\u00f3n de identificaci\u00f3n personal de los Usuarios solo si nos env\u00edan voluntariamente dicha informaci\u00f3n. Los usuarios siempre pueden negarse a proporcionar informaci\u00f3n de identificaci\u00f3n personal, excepto que pueda impedirles participar en ciertas actividades relacionadas con el Sitio.<\/p>\n\n\n\n<p class=\"has-small-font-size\" id=\"block-6ed409d0-a18c-42ab-9a25-aba73533e478\"><strong>Informaci\u00f3n de identificaci\u00f3n no personal<\/strong><\/p>\n\n\n\n<p class=\"has-small-font-size\" id=\"block-8cc2181d-8eea-43e8-ae4e-4a256411b69c\">Podemos recopilar informaci\u00f3n de identificaci\u00f3n no personal sobre los Usuarios cada vez que interact\u00faan con nuestro Sitio. La informaci\u00f3n de identificaci\u00f3n no personal puede incluir el nombre del navegador, el tipo de computadora e informaci\u00f3n t\u00e9cnica sobre los medios de conexi\u00f3n de los Usuarios a nuestro Sitio, como el sistema operativo y los proveedores de servicios de Internet utilizados y otra informaci\u00f3n similar.<\/p>\n\n\n\n<p class=\"has-small-font-size\" id=\"block-7a813a37-e72e-4d61-93ca-340718aaa49c\"><strong>Web browser cookies<\/strong><\/p>\n\n\n\n<p class=\"has-small-font-size translation-block\" id=\"block-683c1ac2-1e60-4992-ab18-3a273225dff2\">Nuestro Sitio puede utilizar \"cookies\" para mejorar la experiencia del Usuario. El navegador web del usuario coloca <a rel=\"noreferrer noopener\" href=\"https:\/\/nodengo.com\/es\/cookie-policy\/\" target=\"_blank\">cookies<\/a> en su disco duro con fines de mantenimiento de registros y, a veces, para rastrear informaci\u00f3n sobre ellos. El usuario puede optar por configurar su navegador web para que rechace las cookies o para que le avise cuando se env\u00eden cookies. Si lo hacen, tenga en cuenta que es posible que algunas partes del Sitio no funcionen correctamente.<\/p>\n\n\n\n<p class=\"has-small-font-size\" id=\"block-8c8e6fdd-b4b6-4465-a2f7-d9b3c8093043\"><strong>C\u00f3mo utilizamos la informaci\u00f3n recopilada<\/strong><\/p>\n\n\n\n<p class=\"has-small-font-size\" id=\"block-591a2a3e-6208-453e-9a3f-764fb191fd0b\">Nodengo.com puede recopilar y utilizar informaci\u00f3n personal de los Usuarios para los siguientes fines:<\/p>\n\n\n\n<p class=\"has-small-font-size\" id=\"block-3d708ed5-3871-4283-b515-b852fbeaa651\"><em>&#8211; To improve customer service<\/em><br>La informaci\u00f3n que usted proporciona nos ayuda a responder a sus solicitudes de servicio al cliente y necesidades de soporte de manera m\u00e1s eficiente.<\/p>\n\n\n\n<p class=\"has-small-font-size\" id=\"block-9fb5f668-6932-4562-ade9-e865a2a21ab3\"><em>&#8211; To personalize user experience<\/em><br>Podemos utilizar informaci\u00f3n en conjunto para comprender c\u00f3mo nuestros Usuarios como grupo utilizan los servicios y recursos proporcionados en nuestro Sitio.<\/p>\n\n\n\n<p class=\"has-small-font-size\" id=\"block-682a83e2-391c-43f3-820c-2816a3309fc8\"><em>&#8211; To process payments<\/em><br>Podemos utilizar la informaci\u00f3n que los Usuarios proporcionan sobre s\u00ed mismos al realizar un pedido \u00fanicamente para brindar servicio a ese pedido. No compartimos esta informaci\u00f3n con terceros excepto en la medida necesaria para proporcionar el servicio.<\/p>\n\n\n\n<p class=\"has-small-font-size\" id=\"block-be418ba9-765a-4b30-a7c3-54f1eba167bc\"><em>&#8211; To run a promotion, contest, survey or other Site feature<\/em><br>Para enviar a los Usuarios informaci\u00f3n que aceptaron recibir sobre temas que creemos que ser\u00e1n de su inter\u00e9s.<\/p>\n\n\n\n<p class=\"has-small-font-size\" id=\"block-02e6bfb1-fc70-49c9-bb79-d2197f332124\"><em>&#8211; To send periodic emails<\/em><br>Podemos utilizar la direcci\u00f3n de correo electr\u00f3nico para enviarles informaci\u00f3n y actualizaciones relacionadas con su pedido. Si el Usuario decide suscribirse a nuestra lista de correo, recibir\u00e1 correos electr\u00f3nicos que pueden incluir noticias de la empresa, actualizaciones, informaci\u00f3n relacionada con productos o servicios, etc. Si en alg\u00fan momento el Usuario desea cancelar su suscripci\u00f3n para no recibir futuros correos electr\u00f3nicos, incluimos detalles Instrucciones para cancelar la suscripci\u00f3n en la parte inferior de cada correo electr\u00f3nico.<\/p>\n\n\n\n<p class=\"has-small-font-size\" id=\"block-a1b8a082-ffc9-4eee-b61a-a8fac6d28e2a\"><strong>C\u00f3mo protegemos su informaci\u00f3n<\/strong><\/p>\n\n\n\n<p class=\"has-small-font-size\" id=\"block-50981eab-6812-40fb-9f25-1204f196b0ab\">Adoptamos pr\u00e1cticas apropiadas de recopilaci\u00f3n, almacenamiento y procesamiento de datos y medidas de seguridad para proteger contra el acceso no autorizado, alteraci\u00f3n, divulgaci\u00f3n o destrucci\u00f3n de su informaci\u00f3n personal, nombre de usuario, contrase\u00f1a, informaci\u00f3n de transacciones y datos almacenados en nuestro Sitio.<\/p>\n\n\n\n<p class=\"has-small-font-size\" id=\"block-b1d789d5-4b2c-4092-9b27-739484ee7499\">El intercambio de datos confidenciales y privados entre el Sitio y sus Usuarios se realiza a trav\u00e9s de un canal de comunicaci\u00f3n seguro SSL y est\u00e1 cifrado y protegido con firmas digitales.<\/p>\n\n\n\n<p class=\"has-small-font-size\" id=\"block-926da476-815e-4b60-8b8f-cf26d2bf9439\"><strong>Compartir su informaci\u00f3n personal<\/strong><\/p>\n\n\n\n<p class=\"has-small-font-size\" id=\"block-d20a4e38-3579-4bb6-b229-a2e964642479\">No vendemos, intercambiamos ni alquilamos informaci\u00f3n de identificaci\u00f3n personal de los Usuarios a otros. Podemos compartir informaci\u00f3n demogr\u00e1fica agregada gen\u00e9rica no vinculada a ninguna informaci\u00f3n de identificaci\u00f3n personal con respecto a visitantes y usuarios con nuestros socios comerciales, afiliados confiables y anunciantes para los fines descritos anteriormente.<\/p>\n\n\n\n<p class=\"has-small-font-size\" id=\"block-b1179054-8a29-486a-89e7-aa18010ca0f6\"><strong>Sitios web de terceros<\/strong><\/p>\n\n\n\n<p class=\"has-small-font-size\" id=\"block-c9575cd2-776b-4eb5-932f-c6b527e72dbe\">Los usuarios pueden encontrar publicidad u otro contenido en nuestro Sitio que enlace a los sitios y servicios de nuestros socios, proveedores, anunciantes, patrocinadores, licenciantes y otros terceros. No controlamos el contenido o los enlaces que aparecen en estos sitios y no somos responsables de las pr\u00e1cticas empleadas por los sitios web vinculados hacia o desde nuestro Sitio. Adem\u00e1s, estos sitios o servicios, incluido su contenido y enlaces, pueden cambiar constantemente. Estos sitios y servicios pueden tener sus propias pol\u00edticas de privacidad y pol\u00edticas de servicio al cliente. La navegaci\u00f3n y la interacci\u00f3n en cualquier otro sitio web, incluidos los sitios web que tienen un enlace a nuestro Sitio, est\u00e1n sujetas a los t\u00e9rminos y pol\u00edticas propios de ese sitio web.<\/p>\n\n\n\n<p class=\"has-small-font-size\" id=\"block-17e12db3-9f83-48f4-b036-4fb43cc6e63e\"><strong>Cambios en esta pol\u00edtica de privacidad<\/strong><\/p>\n\n\n\n<p class=\"has-small-font-size\" id=\"block-d6b413a8-7960-42bc-918f-20f05530a7fb\"><a rel=\"noreferrer noopener\" href=\"https:\/\/nodengo.com\/es\/\" target=\"_blank\">Nodengo.com<\/a> tiene la discreci\u00f3n de actualizar esta pol\u00edtica de privacidad en cualquier momento. Cuando lo hagamos, publicaremos una notificaci\u00f3n en la p\u00e1gina principal de nuestro Sitio y le enviaremos un correo electr\u00f3nico. Alentamos a los usuarios a consultar con frecuencia esta p\u00e1gina para ver si hay cambios y mantenerse informados sobre c\u00f3mo estamos ayudando a proteger la informaci\u00f3n personal que recopilamos. Usted reconoce y acepta que es su responsabilidad revisar esta pol\u00edtica de privacidad peri\u00f3dicamente y estar al tanto de las modificaciones.<\/p>\n\n\n\n<p class=\"has-small-font-size\" id=\"block-d011ca21-1a2d-4fff-b899-71a45c763897\"><strong>Su aceptaci\u00f3n de estos t\u00e9rminos<\/strong><\/p>\n\n\n\n<p class=\"has-small-font-size\" id=\"block-d6ed4f3a-3906-44f2-9c48-09c0d726d240\">Al utilizar este Sitio, usted manifiesta su aceptaci\u00f3n de esta pol\u00edtica. Si no est\u00e1 de acuerdo con esta pol\u00edtica, no utilice nuestro Sitio. Su uso continuado del Sitio despu\u00e9s de la publicaci\u00f3n de cambios a esta pol\u00edtica se considerar\u00e1 su aceptaci\u00f3n de dichos cambios.<\/p>\n\n\n\n<p class=\"has-small-font-size\" id=\"block-51f04648-29f1-4f77-bb02-cc8c83118029\"><strong>Contactando con nosotros<\/strong><\/p>\n\n\n\n<p class=\"has-small-font-size\" id=\"block-1b4f4ebc-57bc-4e7c-a93d-678529df478a\">If you have any questions about this Privacy Policy, the practices of this site, or your dealings with this site, please contact us.<\/p>\n\n\n\n<p class=\"has-small-font-size\" id=\"block-315e72f7-75d4-4113-bb4f-abc6d0feac2e\">Last updated : August 2023<\/p>\n\n\n\n<p class=\"has-text-color has-small-font-size\" style=\"color:#7d8996\"><em>Tenga en cuenta que esta p\u00e1gina ha sido traducida autom\u00e1ticamente del ingl\u00e9s original.<\/em>.&nbsp;<em>No se ofrece ninguna garant\u00eda de ning\u00fan tipo, ya sea expresa o impl\u00edcita, en cuanto a la exactitud, confiabilidad y correcci\u00f3n de las traducciones realizadas del ingl\u00e9s a cualquier otro idioma.<\/em><\/p>","protected":false},"excerpt":{"rendered":"<p>PRIVACY POLICY This Privacy Policy governs the manner in which our site (Nodengo.com) collects, uses, maintains and discloses information collected from users (each, a \u201cUser\u201d) of the Nodengo.com website (\u201cSite\u201d). [&hellip;]<\/p>\n","protected":false},"author":1,"featured_media":0,"parent":0,"menu_order":0,"comment_status":"closed","ping_status":"closed","template":"","meta":{"_uag_custom_page_level_css":"","_citadela_hide_page_title":"1","_citadela_remove_header_space":"1","_citadela_custom_class":"","_citadela_half_map_provider":"","_citadela_half_map_theme":"","_citadela_half_map_themeOSM":"","_citadela_half_map_customTheme":"","_citadela_half_map_dataType":"","_citadela_half_map_dynamicTrack":false,"_citadela_half_map_trackColor":"","_citadela_half_map_trackEndpointsColor":"","_citadela_half_map_filterCategory":"","_citadela_half_map_filterLocation":"","_citadela_half_map_filterFeatured":false,"_citadela_half_map_noDataBehavior":"empty-map","_citadela_half_map_noDataText":"","_citadela_half_map_clusterGridSize":80,"_citadela_header":false,"_citadela_header_over_content":false,"_citadela_header_text_color":"","_citadela_header_logo":[],"_citadela_header_bg_image":[],"_citadela_header_bg_position":{"x":0.5,"y":0.5},"_citadela_header_bg_size":"cover","_citadela_header_bg_repeat":"no-repeat","_citadela_header_bg_fixed":false,"_citadela_header_bg_color":"","_citadela_header_bg_image_overlay":"","_citadela_header_transparent_bg":false,"_citadela_content_width":"","_citadela_half_layout_position":"","footnotes":""},"class_list":["post-6412","page","type-page","status-publish","hentry"],"uagb_featured_image_src":{"full":false,"thumbnail":false,"medium":false,"medium_large":false,"large":false,"1536x1536":false,"2048x2048":false,"trp-custom-language-flag":false,"citadela_item_thumbnail":false,"woocommerce_thumbnail":false,"woocommerce_single":false,"woocommerce_gallery_thumbnail":false,"citadela_service":false},"uagb_author_info":{"display_name":"admin","author_link":"https:\/\/nodengo.com\/es\/author\/admin\/"},"uagb_comment_info":0,"uagb_excerpt":"PRIVACY POLICY This Privacy Policy governs the manner in which our site (Nodengo.com) collects, uses, maintains and discloses information collected from users (each, a \u201cUser\u201d) of the Nodengo.com website (\u201cSite\u201d). [&hellip;]","_links":{"self":[{"href":"https:\/\/nodengo.com\/es\/wp-json\/wp\/v2\/pages\/6412","targetHints":{"allow":["GET"]}}],"collection":[{"href":"https:\/\/nodengo.com\/es\/wp-json\/wp\/v2\/pages"}],"about":[{"href":"https:\/\/nodengo.com\/es\/wp-json\/wp\/v2\/types\/page"}],"author":[{"embeddable":true,"href":"https:\/\/nodengo.com\/es\/wp-json\/wp\/v2\/users\/1"}],"replies":[{"embeddable":true,"href":"https:\/\/nodengo.com\/es\/wp-json\/wp\/v2\/comments?post=6412"}],"version-history":[{"count":0,"href":"https:\/\/nodengo.com\/es\/wp-json\/wp\/v2\/pages\/6412\/revisions"}],"wp:attachment":[{"href":"https:\/\/nodengo.com\/es\/wp-json\/wp\/v2\/media?parent=6412"}],"curies":[{"name":"wp","href":"https:\/\/api.w.org\/{rel}","templated":true}]}}