{"id":6410,"date":"2021-03-10T16:55:57","date_gmt":"2021-03-10T15:55:57","guid":{"rendered":"https:\/\/nodengo.com\/?page_id=6410"},"modified":"2025-12-16T07:56:49","modified_gmt":"2025-12-16T06:56:49","slug":"disclaimer","status":"publish","type":"page","link":"https:\/\/nodengo.com\/es\/disclaimer\/","title":{"rendered":"Exenci\u00f3n de responsabilidad"},"content":{"rendered":"<!-- Flexy Breadcrumb -->\r\n\t\t\t<div class=\"fbc fbc-page\">\r\n\r\n\t\t\t\t<!-- Breadcrumb wrapper -->\r\n\t\t\t\t<div class=\"fbc-wrap\">\r\n\r\n\t\t\t\t\t<!-- Ordered list-->\r\n\t\t\t\t\t<ol class=\"fbc-items\" itemscope itemtype=\"https:\/\/schema.org\/BreadcrumbList\">\r\n\t\t\t\t\t\t            <li itemprop=\"itemListElement\" itemscope itemtype=\"https:\/\/schema.org\/ListItem\">\r\n                <span itemprop=\"name\">\r\n                    <!-- Home Link -->\r\n                    <a itemprop=\"item\" href=\"https:\/\/nodengo.com\/es\/\">\r\n                    \r\n                                                    <i class=\"fa fa-home\" aria-hidden=\"true\"><\/i>Home                    <\/a>\r\n                <\/span>\r\n                <meta itemprop=\"position\" content=\"1\" \/><!-- Meta Position-->\r\n             <\/li><li><span class=\"fbc-separator\">\/<\/span><\/li><li class=\"active\" itemprop=\"itemListElement\" itemscope itemtype=\"https:\/\/schema.org\/ListItem\"><span itemprop=\"name\" title=\"Best Travel Blog\">Best Travel Blog<\/span><meta itemprop=\"position\" content=\"2\" \/><\/li>\t\t\t\t\t<\/ol>\r\n\t\t\t\t\t<div class=\"clearfix\"><\/div>\r\n\t\t\t\t<\/div>\r\n\t\t\t<\/div>\r\n\t\t\t\n\n\n\n<div class=\"wp-block-group is-content-justification-center is-nowrap is-layout-flex wp-container-core-group-is-layout-94bc23d7 wp-block-group-is-layout-flex\">\n<figure class=\"wp-block-image size-full is-resized\"><img decoding=\"async\" width=\"150\" height=\"150\" src=\"https:\/\/nodengo.com\/wp-content\/uploads\/nodengo-favicon-e1619375689818.png\" alt=\"Nodengo.com Disclaimer\" class=\"wp-image-54641\" style=\"width:38px;height:38px\" title=\"\" srcset=\"https:\/\/nodengo.com\/wp-content\/uploads\/nodengo-favicon-e1619375689818.png 150w, https:\/\/nodengo.com\/wp-content\/uploads\/nodengo-favicon-e1619375689818-100x100.png 100w, https:\/\/nodengo.com\/wp-content\/uploads\/nodengo-favicon-e1619375689818-12x12.png 12w\" sizes=\"(max-width: 150px) 100vw, 150px\" \/><\/figure>\n\n\n\n<h2 class=\"wp-block-heading\">Exenci\u00f3n de responsabilidad<\/h2>\n<\/div>\n\n\n\n<div style=\"height:25px\" aria-hidden=\"true\" class=\"wp-block-spacer\"><\/div>\n\n\n\n<div class=\"wp-block-citadela-blocks-custom-container citadela-block-custom-container size-wide bg-type-none inside-space-none\"><div class=\"inner-holder\">\n<p class=\"has-small-font-size\"><strong>Informaci\u00f3n general: descargo de responsabilidad<\/strong>&nbsp;La informaci\u00f3n contenida en este sitio es s\u00f3lo para orientaci\u00f3n general sobre asuntos de inter\u00e9s. El uso de este sitio web constituye la aceptaci\u00f3n de los t\u00e9rminos y privacidad de Nodengo.com.<\/p>\n\n\n\n<p class=\"has-small-font-size\">Si bien hemos hecho todo lo posible para garantizar que la informaci\u00f3n contenida en este sitio se haya obtenido de fuentes confiables, Nodengo.com no es responsable de ning\u00fan error u omisi\u00f3n, ni de los resultados obtenidos del uso de esta informaci\u00f3n.<\/p>\n\n\n\n<p class=\"has-small-font-size\">Toda la informaci\u00f3n contenida en este sitio se proporciona \"tal cual\", sin garant\u00eda de integridad, precisi\u00f3n, puntualidad o de los resultados obtenidos del uso de esta informaci\u00f3n, y sin garant\u00eda de ning\u00fan tipo, expresa o impl\u00edcita, incluyendo, entre otros, garant\u00edas de desempe\u00f1o, comerciabilidad e idoneidad para un prop\u00f3sito particular.<\/p>\n\n\n\n<p class=\"has-small-font-size\"><br>En ning\u00fan caso Nodengo.com, o sus socios, editores locales, agentes o empleados ser\u00e1n responsables ante usted o cualquier otra persona por cualquier decisi\u00f3n o acci\u00f3n tomada bas\u00e1ndose en la informaci\u00f3n de este Sitio o por cualquier da\u00f1o consecuente, especial o similar. , incluso si se le advierte de la posibilidad de tales da\u00f1os.<\/p>\n\n\n\n<p class=\"has-small-font-size\">Ciertos enlaces en este sitio conectan con otros sitios web mantenidos por terceros sobre los cuales Nodengo.com no tiene control. Estos enlaces se incluyen por varios motivos, entre ellos:<\/p>\n\n\n\n<ol class=\"wp-block-list has-small-font-size\">\n<li>Mejorar la relevancia de la informaci\u00f3n y otras fuentes de material.<\/li>\n\n\n\n<li>Para obtener informaci\u00f3n pr\u00e1ctica \u00fatil para entretenimiento o placer.<\/li>\n\n\n\n<li>Para reservar vuelo, hotel, alquiler de coche y actividades<\/li>\n\n\n\n<li>Para m\u00e1s informaci\u00f3n sobre un destino.<\/li>\n<\/ol>\n\n\n\n<p class=\"has-small-font-size\"><em>Exenci\u00f3n de responsabilidad <\/em>&#8211; Nodengo.com makes no representations as to the accuracy or any other aspect of information contained in other websites.<\/p>\n\n\n\n<p class=\"has-small-font-size\">Nodengo.com no es responsable del contenido del sitio web externo. Otros logotipos, productos y nombres de empresas mencionados aqu\u00ed son propiedad de sus respectivos due\u00f1os.<\/p>\n\n\n\n<p class=\"has-small-font-size\"><strong>Exenci\u00f3n de responsabilidad<\/strong>&nbsp;Todo el contenido proporcionado en nuestros blogs tiene fines informativos \u00fanicamente. Las opiniones expresadas son de buena fe y aunque se ha puesto todo el cuidado en la preparaci\u00f3n de estas publicaciones, incluida, entre otras, la exactitud o integridad de cualquier informaci\u00f3n, hechos y\/u opiniones contenidas en ellas. Los blogueros publicados en este sitio tienen la libertad de expresar sus opiniones. Nodengo.com no se responsabiliza de la exactitud o integridad de la informaci\u00f3n contenida en este sitio o que se encuentre al seguir cualquier enlace de este sitio. Los puntos de vista u opiniones representados en los blogs del Editor local y de Informaci\u00f3n general son personales y pertenecen \u00fanicamente al propietario del blog y no representan los de personas, instituciones u organizaciones con las que el propietario puede o no estar asociado a t\u00edtulo profesional o personal, a menos que se indique expl\u00edcitamente. fijado.<\/p>\n\n\n\n<p class=\"has-small-font-size\"> Ning\u00fan punto de vista u opini\u00f3n tiene la intenci\u00f3n de difamar a ninguna religi\u00f3n, grupo \u00e9tnico, club, organizaci\u00f3n, empresa o individuo.<\/p>\n\n\n\n<p class=\"has-small-font-size\"><em>descargo de responsabilidad<\/em><\/p>\n\n\n\n<p class=\"has-small-font-size\">Algunos contenidos sobre un establecimiento pueden agregarse mediante referencia o por nuestro editor local. En tales casos el establecimiento no respalda necesariamente a Nodengo.com. Una vez que se ha reclamado un listado, el propietario\/operador o el personal del establecimiento lo administran directamente.<\/p>\n\n\n\n<p class=\"has-small-font-size\"><strong>Descargo de responsabilidad de informaci\u00f3n<\/strong>&nbsp;Nodengo.com no es un agente de reservas ni un operador tur\u00edstico y no cobra ninguna tarifa de servicio a los usuarios de nuestro sitio. Cuando reserve con uno de nuestros socios, aseg\u00farese de consultar su sitio para obtener una descripci\u00f3n completa de todas las tarifas aplicables. Para cualquiera de los paquetes de viaje u ofertas enumeradas, Nodengo.com no garantiza ninguna tarifa o precio espec\u00edfico. Adem\u00e1s, los precios promedio de los hoteles se actualizan todas las noches y se muestran en su moneda preferida utilizando las tasas de conversi\u00f3n vigentes. Dado que estos precios convertidos son estimados, verifique con el sitio de reserva la cantidad y la moneda exactas. Adem\u00e1s, Nodengo.com no garantiza la disponibilidad de los precios anunciados en nuestro sitio. Los precios indicados pueden requerir una estad\u00eda de cierta duraci\u00f3n o tener restricciones, requisitos o fechas restringidas. <\/p>\n\n\n\n<p class=\"has-small-font-size\">Dado que estos precios convertidos son estimaciones, consulte con el sitio de reservas el monto y la moneda exactos. Adem\u00e1s, Nodengo.com no garantiza la disponibilidad de los precios anunciados en nuestro sitio. Los precios indicados pueden requerir una estad\u00eda prolongada o tener fechas restringidas, calificaciones o restricciones. <\/p>\n\n\n\n<p class=\"has-small-font-size\">Nodengo.com no es responsable del contenido de los sitios web externos. Impuestos y tarifas no aparecen incluidos en las ofertas.<\/p>\n\n\n\n<p class=\"has-text-color has-small-font-size\" style=\"color:#4e555a\">Disclaimer &#8211; <em>Este sitio web contiene referencias de enlaces de afiliados a trav\u00e9s de enlaces y anuncios publicitarios. Por el uso de estos enlaces y servicios, este sitio web s\u00ed recibe comisiones, pero sin coste alguno para el usuario. Esto se hace para ayudar a cubrir los gastos de funcionamiento de este sitio web.<\/em> <em>\u00bfMe costar\u00e1 m\u00e1s dinero? , No absolutamente no. En la mayor\u00eda de los casos, nuestras ofertas realmente le permitir\u00e1n ahorrar dinero.<\/em><\/p>\n<\/div><\/div>\n\n\n\n<p class=\"has-text-color has-small-font-size\" style=\"color:#4e555a\"><em>Tenga en cuenta que esta p\u00e1gina ha sido traducida autom\u00e1ticamente del ingl\u00e9s original.<\/em>. <em>No se ofrece ninguna garant\u00eda de ning\u00fan tipo, ya sea expresa o impl\u00edcita, en cuanto a la exactitud, confiabilidad y correcci\u00f3n de las traducciones realizadas del ingl\u00e9s a cualquier otro idioma.<\/em><\/p>\n\n\n\n<p class=\"has-text-align-center has-small-font-size\"><a href=\"https:\/\/nodengo.com\/es\/terms-conditions\/\" data-type=\"page\" data-id=\"6418\" rel=\"nofollow\">T\u00e9rminos y condiciones<\/a> | <a href=\"https:\/\/nodengo.com\/es\/cookies-policy\/\" data-type=\"page\" data-id=\"6407\" rel=\"nofollow\">Pol\u00edtica de cookies <\/a>| <a href=\"https:\/\/nodengo.com\/es\/copyright\/\" data-type=\"page\" data-id=\"6405\" rel=\"nofollow\">Copyright<\/a><\/p>","protected":false},"excerpt":{"rendered":"<p>Disclaimer Please do note that this page has been machine translated from the original English. No warranty of any kind, either expressed or implied, is made as to the accuracy, [&hellip;]<\/p>\n","protected":false},"author":1,"featured_media":0,"parent":0,"menu_order":0,"comment_status":"closed","ping_status":"closed","template":"","meta":{"_uag_custom_page_level_css":"","_citadela_hide_page_title":"1","_citadela_remove_header_space":"1","_citadela_custom_class":"","_citadela_half_map_provider":"","_citadela_half_map_theme":"","_citadela_half_map_themeOSM":"","_citadela_half_map_customTheme":"","_citadela_half_map_dataType":"","_citadela_half_map_dynamicTrack":false,"_citadela_half_map_trackColor":"","_citadela_half_map_trackEndpointsColor":"","_citadela_half_map_filterCategory":"","_citadela_half_map_filterLocation":"","_citadela_half_map_filterFeatured":false,"_citadela_half_map_noDataBehavior":"empty-map","_citadela_half_map_noDataText":"","_citadela_half_map_clusterGridSize":80,"_citadela_header":false,"_citadela_header_over_content":false,"_citadela_header_text_color":"","_citadela_header_logo":[],"_citadela_header_bg_image":[],"_citadela_header_bg_position":{"x":0.5,"y":0.5},"_citadela_header_bg_size":"cover","_citadela_header_bg_repeat":"no-repeat","_citadela_header_bg_fixed":false,"_citadela_header_bg_color":"","_citadela_header_bg_image_overlay":"","_citadela_header_transparent_bg":false,"_citadela_content_width":"","_citadela_half_layout_position":"","footnotes":""},"class_list":["post-6410","page","type-page","status-publish","hentry"],"uagb_featured_image_src":{"full":false,"thumbnail":false,"medium":false,"medium_large":false,"large":false,"1536x1536":false,"2048x2048":false,"trp-custom-language-flag":false,"citadela_item_thumbnail":false,"woocommerce_thumbnail":false,"woocommerce_single":false,"woocommerce_gallery_thumbnail":false,"citadela_service":false},"uagb_author_info":{"display_name":"admin","author_link":"https:\/\/nodengo.com\/es\/author\/admin\/"},"uagb_comment_info":0,"uagb_excerpt":"Disclaimer Please do note that this page has been machine translated from the original English. No warranty of any kind, either expressed or implied, is made as to the accuracy, [&hellip;]","_links":{"self":[{"href":"https:\/\/nodengo.com\/es\/wp-json\/wp\/v2\/pages\/6410","targetHints":{"allow":["GET"]}}],"collection":[{"href":"https:\/\/nodengo.com\/es\/wp-json\/wp\/v2\/pages"}],"about":[{"href":"https:\/\/nodengo.com\/es\/wp-json\/wp\/v2\/types\/page"}],"author":[{"embeddable":true,"href":"https:\/\/nodengo.com\/es\/wp-json\/wp\/v2\/users\/1"}],"replies":[{"embeddable":true,"href":"https:\/\/nodengo.com\/es\/wp-json\/wp\/v2\/comments?post=6410"}],"version-history":[{"count":0,"href":"https:\/\/nodengo.com\/es\/wp-json\/wp\/v2\/pages\/6410\/revisions"}],"wp:attachment":[{"href":"https:\/\/nodengo.com\/es\/wp-json\/wp\/v2\/media?parent=6410"}],"curies":[{"name":"wp","href":"https:\/\/api.w.org\/{rel}","templated":true}]}}