{"id":55264,"date":"2022-09-18T15:41:00","date_gmt":"2022-09-18T13:41:00","guid":{"rendered":"https:\/\/nodengo.com\/?page_id=55264"},"modified":"2025-12-09T15:43:23","modified_gmt":"2025-12-09T14:43:23","slug":"restaurants-1-promote-restaurant","status":"publish","type":"page","link":"https:\/\/nodengo.com\/es\/hospitality-network\/restaurants-1-promote-restaurant\/","title":{"rendered":"Restaurants &#8211; 1 efficient way to promote your restaurant"},"content":{"rendered":"<!-- Flexy Breadcrumb -->\r\n\t\t\t<div class=\"fbc fbc-page\">\r\n\r\n\t\t\t\t<!-- Breadcrumb wrapper -->\r\n\t\t\t\t<div class=\"fbc-wrap\">\r\n\r\n\t\t\t\t\t<!-- Ordered list-->\r\n\t\t\t\t\t<ol class=\"fbc-items\" itemscope itemtype=\"https:\/\/schema.org\/BreadcrumbList\">\r\n\t\t\t\t\t\t            <li itemprop=\"itemListElement\" itemscope itemtype=\"https:\/\/schema.org\/ListItem\">\r\n                <span itemprop=\"name\">\r\n                    <!-- Home Link -->\r\n                    <a itemprop=\"item\" href=\"https:\/\/nodengo.com\/es\/\">\r\n                    \r\n                                                    <i class=\"fa fa-home\" aria-hidden=\"true\"><\/i>Home                    <\/a>\r\n                <\/span>\r\n                <meta itemprop=\"position\" content=\"1\" \/><!-- Meta Position-->\r\n             <\/li><li><span class=\"fbc-separator\">\/<\/span><\/li><li class=\"active\" itemprop=\"itemListElement\" itemscope itemtype=\"https:\/\/schema.org\/ListItem\"><span itemprop=\"name\" title=\"Best Travel Blog\">Best Travel Blog<\/span><meta itemprop=\"position\" content=\"2\" \/><\/li>\t\t\t\t\t<\/ol>\r\n\t\t\t\t\t<div class=\"clearfix\"><\/div>\r\n\t\t\t\t<\/div>\r\n\t\t\t<\/div>\r\n\t\t\t\n\n\n\n<div class=\"wp-block-citadela-blocks-custom-container citadela-block-custom-container size-wide bg-type-color inside-space-none has-bg\" style=\"background-color:rgba(248, 248, 248, 1)\"><div class=\"inner-holder\">\n<figure class=\"wp-block-gallery has-nested-images columns-default is-cropped wp-block-gallery-2 is-layout-flex wp-block-gallery-is-layout-flex\">\n<figure class=\"wp-block-image size-large\"><img decoding=\"async\" width=\"640\" height=\"427\" data-id=\"55532\" src=\"https:\/\/nodengo.com\/wp-content\/uploads\/people-having-drink-at-daytime.jpg\" alt=\"\" class=\"wp-image-55532\" title=\"\" srcset=\"https:\/\/nodengo.com\/wp-content\/uploads\/people-having-drink-at-daytime.jpg 640w, https:\/\/nodengo.com\/wp-content\/uploads\/people-having-drink-at-daytime-150x100.jpg 150w, https:\/\/nodengo.com\/wp-content\/uploads\/people-having-drink-at-daytime-300x200.jpg 300w, https:\/\/nodengo.com\/wp-content\/uploads\/people-having-drink-at-daytime-18x12.jpg 18w\" sizes=\"(max-width: 640px) 100vw, 640px\" \/><\/figure>\n\n\n\n<figure class=\"wp-block-image size-large\"><img decoding=\"async\" width=\"1024\" height=\"576\" data-id=\"31049\" src=\"https:\/\/nodengo.com\/wp-content\/uploads\/restaurant-dp-02-1024x576.jpg\" alt=\"Restaurants header Nodengo.com\" class=\"wp-image-31049\" title=\"\" srcset=\"https:\/\/nodengo.com\/wp-content\/uploads\/restaurant-dp-02-1024x576.jpg 1024w, https:\/\/nodengo.com\/wp-content\/uploads\/restaurant-dp-02-150x84.jpg 150w, https:\/\/nodengo.com\/wp-content\/uploads\/restaurant-dp-02-900x506.jpg 900w, https:\/\/nodengo.com\/wp-content\/uploads\/restaurant-dp-02-300x169.jpg 300w, https:\/\/nodengo.com\/wp-content\/uploads\/restaurant-dp-02-768x432.jpg 768w, https:\/\/nodengo.com\/wp-content\/uploads\/restaurant-dp-02-1536x864.jpg 1536w, https:\/\/nodengo.com\/wp-content\/uploads\/restaurant-dp-02-18x10.jpg 18w, https:\/\/nodengo.com\/wp-content\/uploads\/restaurant-dp-02.jpg 1920w\" sizes=\"(max-width: 1024px) 100vw, 1024px\" \/><\/figure>\n\n\n\n<figure class=\"wp-block-image size-large\"><img decoding=\"async\" width=\"650\" height=\"400\" data-id=\"8150\" src=\"https:\/\/nodengo.com\/wp-content\/uploads\/Restaurants-HCWY.jpg\" alt=\"Restaurants HCWY\" class=\"wp-image-8150\" title=\"\" srcset=\"https:\/\/nodengo.com\/wp-content\/uploads\/Restaurants-HCWY.jpg 650w, https:\/\/nodengo.com\/wp-content\/uploads\/Restaurants-HCWY-150x92.jpg 150w, https:\/\/nodengo.com\/wp-content\/uploads\/Restaurants-HCWY-300x185.jpg 300w, https:\/\/nodengo.com\/wp-content\/uploads\/Restaurants-HCWY-16x10.jpg 16w\" sizes=\"(max-width: 650px) 100vw, 650px\" \/><\/figure>\n<\/figure>\n\n\n\n<p class=\"has-text-align-right\"><i class=\"fas fa-user\"><\/i> <a href=\"\/es\/partner-help\/\">Socios<\/a> | <i class=\"fas fa-pen\"><\/i> <a href=\"\/es\/partner-help\/#editors\">Editores<\/a> | <i class=\"fas fa-question\"><\/i> <a href=\"\/es\/partner-help\/\">Ayuda<\/a> | <i class=\"fas fa-id-card\"><\/i> <a href=\"https:\/\/nodengo.com\/es\/parther-help\/-26\/\">Contacto<\/a> | <i class=\"fas fa-list\"><\/i> <a href=\"\/es\/-3\/\">Cuenta <\/a><\/p>\n<\/div><\/div>\n\n\n\n<div class=\"wp-block-citadela-blocks-custom-container citadela-block-custom-container size-wide bg-type-none inside-space-none\"><div class=\"inner-holder\">\n<div class=\"wp-block-columns is-layout-flex wp-container-core-columns-is-layout-9d6595d7 wp-block-columns-is-layout-flex\">\n<div class=\"wp-block-column is-layout-flow wp-block-column-is-layout-flow\" style=\"flex-basis:27%\">\n<h6 class=\"wp-block-heading\">Opciones Disponibles<\/h6>\n\n\n\n<h3 class=\"wp-block-heading\"><strong>CATEGOR\u00cdA:<\/strong><\/h3>\n\n\n\n<h3 class=\"wp-block-heading\">Restaurantes<\/h3>\n\n\n\n<p><strong>Elenco:<\/strong>&nbsp;<a href=\"https:\/\/nodengo.com\/es\/\/\">Haga referencia a su establecimiento<\/a><\/p>\n\n\n\n<p><strong>M\u00e1s informaci\u00f3n&nbsp;<\/strong><a href=\"https:\/\/nodengo.com\/es\/-34\/hospitality-and-services-provider\/\" data-type=\"link\" data-id=\"https:\/\/nodengo.com\/en\/hospitality-network\/hospitality-and-services-provider\/\">Presentaci\u00f3n<\/a><\/p>\n\n\n\n<p><strong>Planes:&nbsp;<\/strong><a href=\"https:\/\/nodengo.com\/es\/plans-and-features\/\" data-type=\"page\" data-id=\"80743\">Ver nuestros planes<\/a><\/p>\n\n\n\n<p><strong>Inscribirse:&nbsp;<\/strong><a href=\"\/es\/\/\">\u00danete a nosotros <\/a><\/p>\n\n\n\n<p><strong>Evaluaci\u00f3n :<\/strong>&nbsp;<a href=\"https:\/\/nodengo.com\/es\/-34\/-4\/\" data-type=\"link\" data-id=\"https:\/\/nodengo.com\/en\/hospitality-network\/reviews\/\">Haga que su establecimiento sea evaluado<\/a><\/p>\n\n\n\n<p><strong>Anunciar<\/strong>&nbsp;<a href=\"http:\/\/ads.nodengo.com\/es\" target=\"_blank\" rel=\"noreferrer noopener\">Vea nuestras opciones publicitarias<\/a><\/p>\n\n\n\n<p><strong>Directrices de publicaci\u00f3n&nbsp;<\/strong><a href=\"https:\/\/nodengo.com\/es\/directrices-de-publicacion-2\/\">Aqu\u00ed<\/a><\/p>\n<\/div>\n\n\n\n<div class=\"wp-block-column is-layout-flow wp-block-column-is-layout-flow\" style=\"flex-basis:75%\">\n<p class=\"has-medium-font-size\">Propietarios y Operadores de Restaurantes<\/p>\n\n\n\n<div class=\"wp-block-columns is-layout-flex wp-container-core-columns-is-layout-9d6595d7 wp-block-columns-is-layout-flex\">\n<div class=\"wp-block-column is-layout-flow wp-block-column-is-layout-flow\" style=\"flex-basis:33.33%\">\n<p><figure class=\"wp-block-image size-full is-resized\"><img decoding=\"async\" width=\"289\" height=\"367\" src=\"https:\/\/nodengo.com\/wp-content\/uploads\/Head-Chef-Restaurant-Header.jpg\" alt=\"Head Chef Restaurant Header\" class=\"wp-image-19907\" style=\"width:187px;height:237px\" title=\"\" srcset=\"https:\/\/nodengo.com\/wp-content\/uploads\/Head-Chef-Restaurant-Header.jpg 289w, https:\/\/nodengo.com\/wp-content\/uploads\/Head-Chef-Restaurant-Header-118x150.jpg 118w, https:\/\/nodengo.com\/wp-content\/uploads\/Head-Chef-Restaurant-Header-236x300.jpg 236w, https:\/\/nodengo.com\/wp-content\/uploads\/Head-Chef-Restaurant-Header-9x12.jpg 9w\" sizes=\"(max-width: 289px) 100vw, 289px\" \/><\/figure><\/p>\n<\/div>\n\n\n\n<div class=\"wp-block-column is-layout-flow wp-block-column-is-layout-flow\" style=\"flex-basis:66.66%\">\n<p>Como propietario y \/ u operador de un restaurante, usted atiende principalmente a la clientela local, que viene a visitar su restaurante d\u00eda tras d\u00eda, su establecimiento es famoso en su ciudad y todos en la ciudad se entusiasman con \u00e9l.<\/p>\n\n\n\n<p>Nuestro sitio web tiene como objetivo brindar a los visitantes potenciales informaci\u00f3n precisa, imparcial y actualizada sobre la ciudad que planean visitar.<\/p>\n<\/div>\n<\/div>\n\n\n\n<p>Somos una reuni\u00f3n de profesionales del turismo local como usted, que viven en su vecindario y podemos contarle al mundo de manera \u201cprofesional\u201d sobre su hoteles.<\/p>\n\n\n\n<p>Nos hemos propuesto ser el lugar n\u00famero uno para la informaci\u00f3n de destinos en todo el mundo, al proporcionar informaci\u00f3n y rese\u00f1as imparciales, profesionales y precisas sobre las atracciones locales proporcionadas por los Editores locales.<\/p>\n\n\n\n<p>H\u00e1blales de ti mientras preparan sus vacaciones. Nuestro sitio est\u00e1 dedicado a contarles sobre los mejores lugares antes de que los clientes reserven su viaje y planifiquen sus vacaciones, de ah\u00ed nuestro nombre \"Know then Go\"<\/p>\n\n\n\n<p>Estas son algunas de las caracter\u00edsticas que ofrecemos en las p\u00e1ginas de ciudades<\/p>\n\n\n\n<ul class=\"wp-block-list\">\n<li>Un resumen del \u00e1rea, con aspectos destacados de lugares importantes y un blog de la ciudad proporcionado por nuestros Editores locales.<\/li>\n\n\n\n<li>Una revisi\u00f3n de las mejores restaurantes de la ciudad, proporcionada por nuestros editores locales.<\/li>\n\n\n\n<li>Listado y recomendaci\u00f3n de restaurantes<\/li>\n\n\n\n<li>Informaci\u00f3n sobre actividades recreativas y al aire libre.<\/li>\n\n\n\n<li>Gu\u00edas de actividades como arte y cultura, incluidos museos, teatros y otras atracciones.<\/li>\n\n\n\n<li>Mapas y gu\u00edas<\/li>\n\n\n\n<li>Informaci\u00f3n de transporte p\u00fablico<\/li>\n\n\n\n<li>Informaci\u00f3n del aeropuerto<\/li>\n<\/ul>\n\n\n\n<h3 class=\"wp-block-heading has-text-align-center has-text-color\" style=\"color:#1c4e3c\">\u00danase a nosotros, agregue su establecimiento a nuestro sitio web GRATIS<\/h3>\n\n\n\n<div class=\"wp-block-buttons is-layout-flex wp-block-buttons-is-layout-flex\">\n<div class=\"wp-block-button has-custom-width wp-block-button__width-100 is-style-outline is-style-outline--3\"><a class=\"wp-block-button__link has-white-color has-text-color has-link-color wp-element-button\" href=\"\/es\/\/\">Registra tu establecimiento<\/a><\/div>\n<\/div>\n<\/div>\n<\/div>\n<\/div><\/div>\n\n\n<div class=\"wp-block-image is-resized\">\n<figure class=\"aligncenter size-full\"><img decoding=\"async\" width=\"300\" height=\"236\" src=\"https:\/\/nodengo.com\/wp-content\/uploads\/headchefrestlist-300x236-1.jpg\" alt=\"\" class=\"wp-image-54704\" title=\"\" srcset=\"https:\/\/nodengo.com\/wp-content\/uploads\/headchefrestlist-300x236-1.jpg 300w, https:\/\/nodengo.com\/wp-content\/uploads\/headchefrestlist-300x236-1-150x118.jpg 150w, https:\/\/nodengo.com\/wp-content\/uploads\/headchefrestlist-300x236-1-15x12.jpg 15w\" sizes=\"(max-width: 300px) 100vw, 300px\" \/><\/figure>\n<\/div>\n\n\n<div class=\"wp-block-citadela-blocks-custom-container citadela-block-custom-container size-content bg-type-none inside-space-none\"><div class=\"inner-holder\">\n<p class=\"has-medium-font-size\">UNA NUEVA FORMA DE HABER PUBLICADO RESE\u00d1AS<\/p>\n\n\n\n<p class=\"has-small-font-size\">Para su establecimiento, le ofrecemos una alternativa y nueva forma de obtener su <strong>restaurante<\/strong>&nbsp;promovido<\/p>\n\n\n\n<p>Como operador de un restaurante, usted sabe lo dif\u00edcil que es que los hu\u00e9spedes coloquen comentarios \"precisos\" en Internet.<\/p>\n\n\n\n<p>Intentas atraer turistas y ofrecer \"cocina local\" y especialidades regionales que conoces bien, pero lamentablemente tu restaurante ha sido mal calificado porque una persona que no est\u00e1 familiarizada con la tradici\u00f3n y las especialidades culinarias de la regi\u00f3n no las entendi\u00f3 ni las apreci\u00f3.<\/p>\n\n\n\n<p>\u00bfQu\u00e9 tal ser revisado por un editor \"local\"? Viven en su ciudad \/ regi\u00f3n, entienden la cocina y saben c\u00f3mo se ve, sabe y debe presentarse un plato local.<\/p>\n\n\n\n<p>Eso no garantiza una buena \"rese\u00f1a\", pero creemos que ser\u00eda m\u00e1s exacto que dejarlo en manos de \"cr\u00edticos gastron\u00f3micos casuales\", y dar\u00e1 una descripci\u00f3n real de su restaurante, no estamos diciendo que ser\u00e1 para todos. gusto, solo que la rese\u00f1a estar\u00e1 m\u00e1s en sinton\u00eda con lo que te propongas.<\/p>\n\n\n\n<p>No nos malinterpreten, no estamos diciendo que la mayor\u00eda de los comentarios no tengan alguna precisi\u00f3n o validez, simplemente estamos diciendo que lo que agrada a uno, no necesariamente complace a otro. queremos ofrecer una alternativa a estas revisiones \u201camateurs\u201d, somos profesionales, hacemos lo mismo que t\u00fa.<\/p>\n\n\n\n<p>Nuestra misi\u00f3n es corregir este error ofreciendo a los restaurantes una forma alternativa de dar a conocer sus restaurantes al p\u00fablico.<\/p>\n\n\n\n<p>Somos diferentes y no creemos que uno deba ser penalizado cuando algo sale mal, creemos que el sistema de revisi\u00f3n de viajes actual necesita una mejora muy atrasada.<\/p>\n\n\n\n<h3 class=\"wp-block-heading\">No se demore. Tenga su establecimiento de forma profesional <strong><a href=\"https:\/\/nodengo.com\/es\/-30\/-2\/geneva-reviews-gva\/\" type=\"page\" id=\"54509\">Clasificado<\/a><\/strong> ahora<\/h3>\n<\/div><\/div>","protected":false},"excerpt":{"rendered":"","protected":false},"author":249,"featured_media":0,"parent":54134,"menu_order":0,"comment_status":"closed","ping_status":"closed","template":"","meta":{"_uag_custom_page_level_css":"","_citadela_hide_page_title":"1","_citadela_remove_header_space":"1","_citadela_custom_class":"","_citadela_half_map_provider":"","_citadela_half_map_theme":"","_citadela_half_map_themeOSM":"","_citadela_half_map_customTheme":"","_citadela_half_map_dataType":"","_citadela_half_map_dynamicTrack":false,"_citadela_half_map_trackColor":"","_citadela_half_map_trackEndpointsColor":"","_citadela_half_map_filterCategory":"","_citadela_half_map_filterLocation":"","_citadela_half_map_filterFeatured":false,"_citadela_half_map_noDataBehavior":"empty-map","_citadela_half_map_noDataText":"","_citadela_half_map_clusterGridSize":80,"_citadela_header":true,"_citadela_header_over_content":false,"_citadela_header_text_color":"","_citadela_header_logo":[],"_citadela_header_bg_image":[],"_citadela_header_bg_position":{"x":0.5,"y":0.5},"_citadela_header_bg_size":"cover","_citadela_header_bg_repeat":"no-repeat","_citadela_header_bg_fixed":false,"_citadela_header_bg_color":"","_citadela_header_bg_image_overlay":"","_citadela_header_transparent_bg":false,"_citadela_content_width":"","_citadela_half_layout_position":"","footnotes":""},"class_list":["post-55264","page","type-page","status-publish","hentry"],"uagb_featured_image_src":{"full":false,"thumbnail":false,"medium":false,"medium_large":false,"large":false,"1536x1536":false,"2048x2048":false,"trp-custom-language-flag":false,"citadela_item_thumbnail":false,"woocommerce_thumbnail":false,"woocommerce_single":false,"woocommerce_gallery_thumbnail":false,"citadela_service":false},"uagb_author_info":{"display_name":"Team Nodengo","author_link":"https:\/\/nodengo.com\/es\/author\/nodengo-team\/"},"uagb_comment_info":0,"uagb_excerpt":null,"_links":{"self":[{"href":"https:\/\/nodengo.com\/es\/wp-json\/wp\/v2\/pages\/55264","targetHints":{"allow":["GET"]}}],"collection":[{"href":"https:\/\/nodengo.com\/es\/wp-json\/wp\/v2\/pages"}],"about":[{"href":"https:\/\/nodengo.com\/es\/wp-json\/wp\/v2\/types\/page"}],"author":[{"embeddable":true,"href":"https:\/\/nodengo.com\/es\/wp-json\/wp\/v2\/users\/249"}],"replies":[{"embeddable":true,"href":"https:\/\/nodengo.com\/es\/wp-json\/wp\/v2\/comments?post=55264"}],"version-history":[{"count":0,"href":"https:\/\/nodengo.com\/es\/wp-json\/wp\/v2\/pages\/55264\/revisions"}],"up":[{"embeddable":true,"href":"https:\/\/nodengo.com\/es\/wp-json\/wp\/v2\/pages\/54134"}],"wp:attachment":[{"href":"https:\/\/nodengo.com\/es\/wp-json\/wp\/v2\/media?parent=55264"}],"curies":[{"name":"wp","href":"https:\/\/api.w.org\/{rel}","templated":true}]}}