{"id":54688,"date":"2022-09-17T18:06:17","date_gmt":"2022-09-17T16:06:17","guid":{"rendered":"https:\/\/nodengo.com\/?page_id=54688"},"modified":"2025-12-09T15:42:11","modified_gmt":"2025-12-09T14:42:11","slug":"1-new-way-to-promote-your-hotel","status":"publish","type":"page","link":"https:\/\/nodengo.com\/es\/hospitality-network\/1-new-way-to-promote-your-hotel\/","title":{"rendered":"Hoteles -1 forma nueva y eficiente de promocionar su hotel"},"content":{"rendered":"<!-- Flexy Breadcrumb -->\r\n\t\t\t<div class=\"fbc fbc-page\">\r\n\r\n\t\t\t\t<!-- Breadcrumb wrapper -->\r\n\t\t\t\t<div class=\"fbc-wrap\">\r\n\r\n\t\t\t\t\t<!-- Ordered list-->\r\n\t\t\t\t\t<ol class=\"fbc-items\" itemscope itemtype=\"https:\/\/schema.org\/BreadcrumbList\">\r\n\t\t\t\t\t\t            <li itemprop=\"itemListElement\" itemscope itemtype=\"https:\/\/schema.org\/ListItem\">\r\n                <span itemprop=\"name\">\r\n                    <!-- Home Link -->\r\n                    <a itemprop=\"item\" href=\"https:\/\/nodengo.com\/es\/\">\r\n                    \r\n                                                    <i class=\"fa fa-home\" aria-hidden=\"true\"><\/i>Home                    <\/a>\r\n                <\/span>\r\n                <meta itemprop=\"position\" content=\"1\" \/><!-- Meta Position-->\r\n             <\/li><li><span class=\"fbc-separator\">\/<\/span><\/li><li class=\"active\" itemprop=\"itemListElement\" itemscope itemtype=\"https:\/\/schema.org\/ListItem\"><span itemprop=\"name\" title=\"Best Travel Blog\">Best Travel Blog<\/span><meta itemprop=\"position\" content=\"2\" \/><\/li>\t\t\t\t\t<\/ol>\r\n\t\t\t\t\t<div class=\"clearfix\"><\/div>\r\n\t\t\t\t<\/div>\r\n\t\t\t<\/div>\r\n\t\t\t\n\n\n\n<div class=\"wp-block-citadela-blocks-custom-container citadela-block-custom-container size-wide bg-type-color inside-space-none has-bg\" style=\"background-color:rgba(248, 248, 248, 1)\"><div class=\"inner-holder\">\n<figure class=\"wp-block-gallery has-nested-images columns-default is-cropped wp-block-gallery-2 is-layout-flex wp-block-gallery-is-layout-flex\">\n<figure class=\"wp-block-image size-large\"><img decoding=\"async\" width=\"300\" height=\"169\" data-id=\"54690\" src=\"https:\/\/nodengo.com\/wp-content\/uploads\/Hotel-Image-Concierge-.jpg\" alt=\"\" class=\"wp-image-54690\" title=\"\" srcset=\"https:\/\/nodengo.com\/wp-content\/uploads\/Hotel-Image-Concierge-.jpg 300w, https:\/\/nodengo.com\/wp-content\/uploads\/Hotel-Image-Concierge--150x85.jpg 150w, https:\/\/nodengo.com\/wp-content\/uploads\/Hotel-Image-Concierge--18x10.jpg 18w\" sizes=\"(max-width: 300px) 100vw, 300px\" \/><\/figure>\n\n\n\n<figure class=\"wp-block-image size-large\"><img decoding=\"async\" width=\"300\" height=\"169\" data-id=\"8148\" src=\"https:\/\/nodengo.com\/wp-content\/uploads\/Hotel-Image-Women-with-luggage.jpg\" alt=\"Hotel Image Women with luggage\" class=\"wp-image-8148\" title=\"\" srcset=\"https:\/\/nodengo.com\/wp-content\/uploads\/Hotel-Image-Women-with-luggage.jpg 300w, https:\/\/nodengo.com\/wp-content\/uploads\/Hotel-Image-Women-with-luggage-150x85.jpg 150w, https:\/\/nodengo.com\/wp-content\/uploads\/Hotel-Image-Women-with-luggage-16x9.jpg 16w\" sizes=\"(max-width: 300px) 100vw, 300px\" \/><\/figure>\n\n\n\n<figure class=\"wp-block-image size-full\"><img decoding=\"async\" width=\"300\" height=\"169\" data-id=\"54692\" src=\"https:\/\/nodengo.com\/wp-content\/uploads\/hotel-dp.jpg\" alt=\"\" class=\"wp-image-54692\" title=\"\" srcset=\"https:\/\/nodengo.com\/wp-content\/uploads\/hotel-dp.jpg 300w, https:\/\/nodengo.com\/wp-content\/uploads\/hotel-dp-150x85.jpg 150w, https:\/\/nodengo.com\/wp-content\/uploads\/hotel-dp-18x10.jpg 18w\" sizes=\"(max-width: 300px) 100vw, 300px\" \/><\/figure>\n<\/figure>\n\n\n\n<p class=\"has-text-align-right\"><i class=\"fas fa-user\"><\/i> <a href=\"\/es\/partner-help\/\">Socios<\/a> | <i class=\"fas fa-pen\"><\/i> <a href=\"\/es\/partner-help\/#editors\">Editores<\/a> | <i class=\"fas fa-question\"><\/i> <a href=\"\/es\/partner-help\/\">Ayuda<\/a> | <i class=\"fas fa-id-card\"><\/i> <a href=\"https:\/\/nodengo.com\/es\/parther-help\/-26\/\">Contacto<\/a> | <i class=\"fas fa-list\"><\/i> <a href=\"\/es\/-3\/\">Cuenta <\/a><\/p>\n<\/div><\/div>\n\n\n\n<div class=\"wp-block-citadela-blocks-custom-container citadela-block-custom-container size-wide bg-type-none inside-space-none\"><div class=\"inner-holder\">\n<div class=\"wp-block-columns is-layout-flex wp-container-core-columns-is-layout-9d6595d7 wp-block-columns-is-layout-flex\">\n<div class=\"wp-block-column is-layout-flow wp-block-column-is-layout-flow\" style=\"flex-basis:27%\">\n<h6 class=\"wp-block-heading\">Opciones Disponibles<\/h6>\n\n\n\n<h3 class=\"wp-block-heading\"><strong>CATEGOR\u00cdA:<\/strong><\/h3>\n\n\n\n<h3 class=\"wp-block-heading\">Hoteles <\/h3>\n\n\n\n<p><strong>Elenco:<\/strong>&nbsp;<a href=\"https:\/\/nodengo.com\/es\/\/\" target=\"_blank\" rel=\"noreferrer noopener\">Haga referencia a su establecimiento<\/a><\/p>\n\n\n\n<p><strong>M\u00e1s informaci\u00f3n&nbsp;<\/strong><a href=\"https:\/\/nodengo.com\/es\/-34\/hospitality-and-services-provider\/\" data-type=\"link\" data-id=\"https:\/\/nodengo.com\/en\/hospitality-network\/hospitality-and-services-provider\/\">Presentaci\u00f3n<\/a><\/p>\n\n\n\n<p><strong>Planes:&nbsp;<\/strong><a href=\"https:\/\/nodengo.com\/es\/plans-and-features\/\" data-type=\"page\" data-id=\"80743\">Ver nuestros planes<\/a><\/p>\n\n\n\n<p><strong>Inscribirse:&nbsp;<\/strong><a href=\"\/es\/\/\">\u00danete a nosotros <\/a><\/p>\n\n\n\n<p><strong>Evaluaci\u00f3n :<\/strong>&nbsp;<a href=\"https:\/\/nodengo.com\/es\/-34\/-4\/\" data-type=\"link\" data-id=\"https:\/\/nodengo.com\/en\/hospitality-network\/reviews\/\">Haga que su establecimiento sea evaluado<\/a><\/p>\n\n\n\n<p><strong>Anunciar<\/strong>&nbsp;<a href=\"http:\/\/ads.nodengo.com\/es\" target=\"_blank\" rel=\"noreferrer noopener\">Vea nuestras opciones publicitarias<\/a><\/p>\n\n\n\n<p><strong>Directrices de publicaci\u00f3n&nbsp;<\/strong><a href=\"https:\/\/nodengo.com\/es\/directrices-de-publicacion-2\/\">Aqu\u00ed<\/a><\/p>\n<\/div>\n\n\n\n<div class=\"wp-block-column is-layout-flow wp-block-column-is-layout-flow\" style=\"flex-basis:75%\">\n<p class=\"has-medium-font-size\">Hoteles \u2013 Gerente, Propietarios y Operadores<\/p>\n\n\n\n<p>Nuestro sitio web tiene como objetivo brindar a los visitantes potenciales informaci\u00f3n precisa, imparcial y actualizada sobre la ciudad que planean visitar.<\/p>\n\n\n\n<p>Somos una reuni\u00f3n de profesionales del turismo local como usted, que viven en su vecindario y podemos contarle al mundo de manera \u201cprofesional\u201d sobre su hoteles.<\/p>\n\n\n\n<p>Nos hemos propuesto ser el lugar n\u00famero uno para la informaci\u00f3n de destinos en todo el mundo, al proporcionar informaci\u00f3n y rese\u00f1as imparciales, profesionales y precisas sobre las atracciones locales proporcionadas por los Editores locales.<\/p>\n\n\n\n<p>H\u00e1blales de ti mientras preparan sus vacaciones. Nuestro sitio est\u00e1 dedicado a contarles sobre los mejores lugares antes de que los clientes reserven su viaje y planifiquen sus vacaciones, de ah\u00ed nuestro nombre \"Know then Go\"<\/p>\n\n\n\n<div class=\"wp-block-uagb-inline-notice uagb-dismissable uagb-inline_notice__align-left uagb-block-781a2a3a\"><button class=\"uagb-notice-close-button\" type=\"button\" aria-label=\"Close\"><svg xmlns=\"https:\/\/www.w3.org\/2000\/svg\" viewbox=\"0 0 512 512\"><path d=\"M448 32C483.3 32 512 60.65 512 96V416C512 451.3 483.3 480 448 480H64C28.65 480 0 451.3 0 416V96C0 60.65 28.65 32 64 32H448zM175 208.1L222.1 255.1L175 303C165.7 312.4 165.7 327.6 175 336.1C184.4 346.3 199.6 346.3 208.1 336.1L255.1 289.9L303 336.1C312.4 346.3 327.6 346.3 336.1 336.1C346.3 327.6 346.3 312.4 336.1 303L289.9 255.1L336.1 208.1C346.3 199.6 346.3 184.4 336.1 175C327.6 165.7 312.4 165.7 303 175L255.1 222.1L208.1 175C199.6 165.7 184.4 165.7 175 175C165.7 184.4 165.7 199.6 175 208.1V208.1z\"><\/path><\/svg><\/button><h4 class=\"uagb-notice-title\">Comentarios de hu\u00e9spedes reales<\/h4><div class=\"uagb-notice-text\">\n<p><p><strong>\u201cNo me gust\u00f3 el hotel porque ten\u00edan empapelado de flores y eso me imped\u00eda dormir\u201d<\/strong><\/p><p><strong>\u201cP\u00e9simo servicio, no pod\u00eda tener las tres camas king size y el jacuzzi, lo hab\u00eda solicitado cuando hice la reserva.\u201d<\/strong><\/p><p><strong>\u201cDeber\u00edan habernos contactado antes de llegar para informarnos que el hotel se hab\u00eda mudado, seg\u00fan mi GPS, no estaba donde se supon\u00eda que deb\u00eda estar \u201cServicio al cliente deficiente\u201d<\/strong><\/p><\/p>\n<\/div><\/div>\n\n\n\n<p>Estas son algunas de las caracter\u00edsticas que ofrecemos en las p\u00e1ginas de ciudades<\/p>\n\n\n\n<ul class=\"wp-block-list\">\n<li>Un resumen del \u00e1rea, con aspectos destacados de lugares importantes y un blog de la ciudad proporcionado por nuestros Editores locales.<\/li>\n\n\n\n<li>Una rese\u00f1a de los mejores hoteles de la ciudad, proporcionada por nuestros editores locales.<\/li>\n\n\n\n<li>Recomendaciones de hoteles con enlaces web a hoteles y sitios de reserva<\/li>\n\n\n\n<li>Informaci\u00f3n sobre actividades recreativas y al aire libre.<\/li>\n\n\n\n<li>Gu\u00edas de actividades como arte y cultura, incluidos museos, teatros y otras atracciones.<\/li>\n\n\n\n<li>Mapas y gu\u00edas<\/li>\n\n\n\n<li>Informaci\u00f3n de transporte p\u00fablico<\/li>\n\n\n\n<li>Informaci\u00f3n del aeropuerto<\/li>\n<\/ul>\n\n\n\n<h3 class=\"wp-block-heading has-text-align-center has-text-color\" style=\"color:#1c4e3c\">\u00danase a nosotros, agregue su establecimiento a nuestro sitio web GRATIS<\/h3>\n\n\n\n<div class=\"wp-block-buttons is-layout-flex wp-block-buttons-is-layout-flex\">\n<div class=\"wp-block-button has-custom-width wp-block-button__width-100 is-style-outline is-style-outline--3\"><a class=\"wp-block-button__link has-white-color has-text-color has-link-color wp-element-button\" href=\"\/es\/\/\">Registra tu establecimiento<\/a><\/div>\n<\/div>\n<\/div>\n<\/div>\n<\/div><\/div>\n\n\n\n<div style=\"height:23px\" aria-hidden=\"true\" class=\"wp-block-spacer\"><\/div>\n\n\n<div class=\"wp-block-image\">\n<figure class=\"aligncenter size-large\"><img decoding=\"async\" width=\"1024\" height=\"193\" src=\"https:\/\/nodengo.com\/wp-content\/uploads\/widget-type-2-bg-1024x193.jpg\" alt=\"Hotel image header\" class=\"wp-image-26280\" title=\"\" srcset=\"https:\/\/nodengo.com\/wp-content\/uploads\/widget-type-2-bg-1024x193.jpg 1024w, https:\/\/nodengo.com\/wp-content\/uploads\/widget-type-2-bg-150x28.jpg 150w, https:\/\/nodengo.com\/wp-content\/uploads\/widget-type-2-bg-900x170.jpg 900w, https:\/\/nodengo.com\/wp-content\/uploads\/widget-type-2-bg-300x57.jpg 300w, https:\/\/nodengo.com\/wp-content\/uploads\/widget-type-2-bg-768x145.jpg 768w, https:\/\/nodengo.com\/wp-content\/uploads\/widget-type-2-bg-1536x290.jpg 1536w, https:\/\/nodengo.com\/wp-content\/uploads\/widget-type-2-bg-18x3.jpg 18w, https:\/\/nodengo.com\/wp-content\/uploads\/widget-type-2-bg.jpg 1920w\" sizes=\"(max-width: 1024px) 100vw, 1024px\" \/><figcaption class=\"wp-element-caption\"> <\/figcaption><\/figure>\n<\/div>\n\n\n<div class=\"wp-block-citadela-blocks-custom-container citadela-block-custom-container size-wide bg-type-none inside-space-none\"><div class=\"inner-holder\">\n<p class=\"has-medium-font-size\">UNA NUEVA FORMA DE HABER PUBLICADO RESE\u00d1AS<\/p>\n\n\n\n<p>Para su establecimiento, le ofrecemos una alternativa y nueva forma de obtener su<\/p>\n\n\n\n<p>Como hotelero, usted sabe lo dif\u00edcil que es que los hu\u00e9spedes hagan comentarios \"exactos\" en la red. Como todos sabemos los clientes tienen una versi\u00f3n bastante simplificada de lo que es administrar un establecimiento de hospedaje, no es que queramos que lo entiendan completamente, no es su lugar ni su rol.<\/p>\n\n\n\n<p>Pero debes admitir que es bastante frustrante que despu\u00e9s de haber intentado todo para complacer a un hu\u00e9sped, se desquiten contigo con sus \"comentarios\", a menudo sobre cuestiones, como el clima, sobre las que no tienes control.<\/p>\n\n\n\n<p>Lo peor es que no le dicen lo que no les agrada mientras est\u00e1n all\u00ed (y a menudo es una soluci\u00f3n f\u00e1cil), pero lo despotrican en l\u00ednea.<\/p>\n\n\n\n<p>No nos malinterpretes, no estamos diciendo que la mayor\u00eda de los comentarios no tengan alg\u00fan tipo de precisi\u00f3n o validez, simplemente estamos diciendo, lo que agrada a uno no necesariamente agrada a otro.<\/p>\n\n\n\n<p>Nuestra misi\u00f3n es corregir este error ofreciendo a los proveedores de hospitalidad y a los profesionales del turismo una alternativa a estas rese\u00f1as de \"aficionados\". Somos profesionales, hacemos lo mismo que usted.<\/p>\n\n\n\n<p>Somos diferentes y no creemos que uno deba ser penalizado cuando algo sale mal, creemos que el sistema de revisi\u00f3n de viajes actual necesita una mejora muy atrasada.<\/p>\n\n\n\n<h3 class=\"wp-block-heading\">No se demore. Tenga su establecimiento de forma profesional&nbsp;<a href=\"https:\/\/nodengo.com\/es\/network\/-4\/\"><strong>Clasificado<\/strong>&nbsp;<\/a>ahora<\/h3>\n<\/div><\/div>","protected":false},"excerpt":{"rendered":"","protected":false},"author":249,"featured_media":0,"parent":54134,"menu_order":0,"comment_status":"closed","ping_status":"closed","template":"","meta":{"_uag_custom_page_level_css":"","_citadela_hide_page_title":"1","_citadela_remove_header_space":"1","_citadela_custom_class":"","_citadela_half_map_provider":"","_citadela_half_map_theme":"","_citadela_half_map_themeOSM":"","_citadela_half_map_customTheme":"","_citadela_half_map_dataType":"","_citadela_half_map_dynamicTrack":false,"_citadela_half_map_trackColor":"","_citadela_half_map_trackEndpointsColor":"","_citadela_half_map_filterCategory":"","_citadela_half_map_filterLocation":"","_citadela_half_map_filterFeatured":false,"_citadela_half_map_noDataBehavior":"empty-map","_citadela_half_map_noDataText":"","_citadela_half_map_clusterGridSize":80,"_citadela_header":true,"_citadela_header_over_content":false,"_citadela_header_text_color":"","_citadela_header_logo":{"id":208235,"url":"https:\/\/nodengo.com\/wp-content\/uploads\/Nodengo-logo-nhn.jpg","size":{"width":316,"height":75}},"_citadela_header_bg_image":[],"_citadela_header_bg_position":{"x":0.5,"y":0.5},"_citadela_header_bg_size":"cover","_citadela_header_bg_repeat":"no-repeat","_citadela_header_bg_fixed":false,"_citadela_header_bg_color":"","_citadela_header_bg_image_overlay":"","_citadela_header_transparent_bg":false,"_citadela_content_width":"","_citadela_half_layout_position":"","footnotes":""},"class_list":["post-54688","page","type-page","status-publish","hentry"],"uagb_featured_image_src":{"full":false,"thumbnail":false,"medium":false,"medium_large":false,"large":false,"1536x1536":false,"2048x2048":false,"trp-custom-language-flag":false,"citadela_item_thumbnail":false,"woocommerce_thumbnail":false,"woocommerce_single":false,"woocommerce_gallery_thumbnail":false,"citadela_service":false},"uagb_author_info":{"display_name":"Team Nodengo","author_link":"https:\/\/nodengo.com\/es\/author\/nodengo-team\/"},"uagb_comment_info":0,"uagb_excerpt":null,"_links":{"self":[{"href":"https:\/\/nodengo.com\/es\/wp-json\/wp\/v2\/pages\/54688","targetHints":{"allow":["GET"]}}],"collection":[{"href":"https:\/\/nodengo.com\/es\/wp-json\/wp\/v2\/pages"}],"about":[{"href":"https:\/\/nodengo.com\/es\/wp-json\/wp\/v2\/types\/page"}],"author":[{"embeddable":true,"href":"https:\/\/nodengo.com\/es\/wp-json\/wp\/v2\/users\/249"}],"replies":[{"embeddable":true,"href":"https:\/\/nodengo.com\/es\/wp-json\/wp\/v2\/comments?post=54688"}],"version-history":[{"count":0,"href":"https:\/\/nodengo.com\/es\/wp-json\/wp\/v2\/pages\/54688\/revisions"}],"up":[{"embeddable":true,"href":"https:\/\/nodengo.com\/es\/wp-json\/wp\/v2\/pages\/54134"}],"wp:attachment":[{"href":"https:\/\/nodengo.com\/es\/wp-json\/wp\/v2\/media?parent=54688"}],"curies":[{"name":"wp","href":"https:\/\/api.w.org\/{rel}","templated":true}]}}