{"id":54672,"date":"2022-09-17T18:06:04","date_gmt":"2022-09-17T16:06:04","guid":{"rendered":"https:\/\/nodengo.com\/?page_id=54672"},"modified":"2025-12-09T15:40:33","modified_gmt":"2025-12-09T14:40:33","slug":"way-to-promote-attractions","status":"publish","type":"page","link":"https:\/\/nodengo.com\/es\/hospitality-network\/way-to-promote-attractions\/","title":{"rendered":"Attractions &#8211;  1 new and efficient way to promote your attractions"},"content":{"rendered":"<!-- Flexy Breadcrumb -->\r\n\t\t\t<div class=\"fbc fbc-page\">\r\n\r\n\t\t\t\t<!-- Breadcrumb wrapper -->\r\n\t\t\t\t<div class=\"fbc-wrap\">\r\n\r\n\t\t\t\t\t<!-- Ordered list-->\r\n\t\t\t\t\t<ol class=\"fbc-items\" itemscope itemtype=\"https:\/\/schema.org\/BreadcrumbList\">\r\n\t\t\t\t\t\t            <li itemprop=\"itemListElement\" itemscope itemtype=\"https:\/\/schema.org\/ListItem\">\r\n                <span itemprop=\"name\">\r\n                    <!-- Home Link -->\r\n                    <a itemprop=\"item\" href=\"https:\/\/nodengo.com\/es\/\">\r\n                    \r\n                                                    <i class=\"fa fa-home\" aria-hidden=\"true\"><\/i>Home                    <\/a>\r\n                <\/span>\r\n                <meta itemprop=\"position\" content=\"1\" \/><!-- Meta Position-->\r\n             <\/li><li><span class=\"fbc-separator\">\/<\/span><\/li><li class=\"active\" itemprop=\"itemListElement\" itemscope itemtype=\"https:\/\/schema.org\/ListItem\"><span itemprop=\"name\" title=\"Best Travel Blog\">Best Travel Blog<\/span><meta itemprop=\"position\" content=\"2\" \/><\/li>\t\t\t\t\t<\/ol>\r\n\t\t\t\t\t<div class=\"clearfix\"><\/div>\r\n\t\t\t\t<\/div>\r\n\t\t\t<\/div>\r\n\t\t\t\n\n\n\n<div class=\"wp-block-citadela-blocks-custom-container citadela-block-custom-container size-wide bg-type-color inside-space-none has-bg\" style=\"background-color:rgba(248, 248, 248, 1)\"><div class=\"inner-holder\">\n<figure class=\"wp-block-gallery has-nested-images columns-default is-cropped wp-block-gallery-2 is-layout-flex wp-block-gallery-is-layout-flex\">\n<figure class=\"wp-block-image size-large\"><img decoding=\"async\" width=\"300\" height=\"169\" data-id=\"54676\" src=\"https:\/\/nodengo.com\/wp-content\/uploads\/hotel-dp-09-300x169-1.jpg\" alt=\"A new and efficient way to promote your attractions - header 1\" class=\"wp-image-54676\" title=\"\" srcset=\"https:\/\/nodengo.com\/wp-content\/uploads\/hotel-dp-09-300x169-1.jpg 300w, https:\/\/nodengo.com\/wp-content\/uploads\/hotel-dp-09-300x169-1-150x85.jpg 150w, https:\/\/nodengo.com\/wp-content\/uploads\/hotel-dp-09-300x169-1-18x10.jpg 18w\" sizes=\"(max-width: 300px) 100vw, 300px\" \/><\/figure>\n\n\n\n<figure class=\"wp-block-image size-large\"><img decoding=\"async\" width=\"300\" height=\"169\" data-id=\"54675\" src=\"https:\/\/nodengo.com\/wp-content\/uploads\/beach-300x190-1.jpg\" alt=\"\" class=\"wp-image-54675\" title=\"\" srcset=\"https:\/\/nodengo.com\/wp-content\/uploads\/beach-300x190-1.jpg 300w, https:\/\/nodengo.com\/wp-content\/uploads\/beach-300x190-1-150x85.jpg 150w, https:\/\/nodengo.com\/wp-content\/uploads\/beach-300x190-1-18x10.jpg 18w\" sizes=\"(max-width: 300px) 100vw, 300px\" \/><\/figure>\n\n\n\n<figure class=\"wp-block-image size-large\"><img decoding=\"async\" width=\"300\" height=\"169\" data-id=\"54162\" src=\"https:\/\/nodengo.com\/wp-content\/uploads\/attractions-presentation.jpg\" alt=\"attractions-presentation\" class=\"wp-image-54162\" title=\"\" srcset=\"https:\/\/nodengo.com\/wp-content\/uploads\/attractions-presentation.jpg 300w, https:\/\/nodengo.com\/wp-content\/uploads\/attractions-presentation-150x85.jpg 150w, https:\/\/nodengo.com\/wp-content\/uploads\/attractions-presentation-18x10.jpg 18w\" sizes=\"(max-width: 300px) 100vw, 300px\" \/><\/figure>\n<\/figure>\n\n\n\n<p class=\"has-text-align-right\"><i class=\"fas fa-user\"><\/i> <a href=\"\/es\/partner-help\/\">Socios<\/a> | <i class=\"fas fa-pen\"><\/i> <a href=\"\/es\/partner-help\/#editors\">Editores<\/a> | <i class=\"fas fa-question\"><\/i> <a href=\"\/es\/partner-help\/\">Ayuda<\/a> | <i class=\"fas fa-id-card\"><\/i> <a href=\"https:\/\/nodengo.com\/es\/parther-help\/-26\/\">Contacto<\/a> | <i class=\"fas fa-list\"><\/i> <a href=\"\/es\/-3\/\">Cuenta <\/a><\/p>\n<\/div><\/div>\n\n\n\n<div class=\"wp-block-citadela-blocks-custom-container citadela-block-custom-container size-wide bg-type-none inside-space-none\"><div class=\"inner-holder\">\n<div class=\"wp-block-columns is-layout-flex wp-container-core-columns-is-layout-9d6595d7 wp-block-columns-is-layout-flex\">\n<div class=\"wp-block-column is-layout-flow wp-block-column-is-layout-flow\" style=\"flex-basis:27%\">\n<h6 class=\"wp-block-heading\">Opciones Disponibles<\/h6>\n\n\n\n<h3 class=\"wp-block-heading\"><strong>CATEGOR\u00cdA:<\/strong><\/h3>\n\n\n\n<h3 class=\"wp-block-heading\">Atracciones\/cosas para hacer<\/h3>\n\n\n\n<p><strong>Elenco:<\/strong>&nbsp;<a href=\"https:\/\/nodengo.com\/es\/\/\" target=\"_blank\" rel=\"noreferrer noopener\">Haga referencia a su establecimiento<\/a><\/p>\n\n\n\n<p><strong>M\u00e1s informaci\u00f3n&nbsp;<\/strong><a href=\"https:\/\/nodengo.com\/es\/-34\/hospitality-and-services-provider\/\" data-type=\"link\" data-id=\"https:\/\/nodengo.com\/en\/hospitality-network\/hospitality-and-services-provider\/\">Presentaci\u00f3n<\/a><\/p>\n\n\n\n<p><strong>Planes:&nbsp;<\/strong><a href=\"https:\/\/nodengo.com\/es\/plans-and-features\/\" data-type=\"page\" data-id=\"80743\">Ver nuestros planes<\/a><\/p>\n\n\n\n<p><strong>Inscribirse:&nbsp;<\/strong><a href=\"\/es\/\/\">\u00danete a nosotros <\/a><\/p>\n\n\n\n<p><strong>Evaluaci\u00f3n :<\/strong>&nbsp;<a href=\"https:\/\/nodengo.com\/es\/-34\/-4\/\" data-type=\"link\" data-id=\"https:\/\/nodengo.com\/en\/hospitality-network\/reviews\/\">Haga que su establecimiento sea evaluado<\/a><\/p>\n\n\n\n<p><strong>Anunciar<\/strong>&nbsp;<a href=\"http:\/\/ads.nodengo.com\/es\">Vea nuestras opciones publicitarias<\/a><\/p>\n\n\n\n<p><strong>Directrices de publicaci\u00f3n&nbsp;<\/strong><a href=\"https:\/\/nodengo.com\/es\/directrices-de-publicacion-2\/\" target=\"_blank\" data-type=\"page\" data-id=\"52279\" rel=\"noreferrer noopener\">Aqu\u00ed<\/a><\/p>\n<\/div>\n\n\n\n<div class=\"wp-block-column is-layout-flow wp-block-column-is-layout-flow\" style=\"flex-basis:75%\">\n<p class=\"has-medium-font-size\"><strong>Propietarios y operadores de atracciones\/eventos<\/strong>    <\/p>\n\n\n\n<p>Nuestro sitio web tiene como objetivo brindar a los visitantes potenciales informaci\u00f3n precisa, imparcial y actualizada sobre la ciudad que planean visitar.<\/p>\n\n\n\n<p>Somos una reuni\u00f3n de profesionales del turismo local como usted, que viven en su vecindario y podemos contarle al mundo de manera \u201cprofesional\u201d sobre su hoteles.<\/p>\n\n\n\n<p>Nos hemos propuesto ser el lugar n\u00famero uno para la informaci\u00f3n de destinos en todo el mundo, al proporcionar informaci\u00f3n y rese\u00f1as imparciales, profesionales y precisas sobre las atracciones locales proporcionadas por los Editores locales.<\/p>\n\n\n\n<p><strong>Si tu establecimiento es la Torre Eiffel, Versalles o el Big Ben, no hace falta que sigas leyendo, si no lo eres, entonces Nodengo es para ti.<\/strong><\/p>\n\n\n\n<p>El tiempo de vacaciones de todos se ha reducido a lo largo de los a\u00f1os, mientras que la mayor\u00eda realiza viajes m\u00e1s cortos pero con mayor frecuencia, lo que les deja un tiempo disponible limitado para visitar una ciudad\/regi\u00f3n. Es posible que tenga las atracciones m\u00e1s sorprendentes. no ayuda si no puedes competir con los \"Hitos tur\u00edsticos\"<\/p>\n\n\n\n<p>H\u00e1blales de ti mientras preparan sus vacaciones. Nuestro sitio est\u00e1 dedicado a contarles sobre los mejores lugares antes de que los clientes reserven su viaje y planifiquen sus vacaciones, de ah\u00ed nuestro nombre \"Know then Go\"<\/p>\n\n\n\n<p>Estas son algunas de las caracter\u00edsticas que ofrecemos en las p\u00e1ginas de ciudades<\/p>\n\n\n\n<ul class=\"wp-block-list\">\n<li>Un resumen del \u00e1rea, con aspectos destacados de lugares importantes y un blog de la ciudad proporcionado por nuestros Editores locales.<\/li>\n\n\n\n<li>Una rese\u00f1a de las mejores atracciones de la ciudad, proporcionada por nuestros editores locales.<\/li>\n\n\n\n<li>Atracciones y cosas que hacer recomendaciones con enlaces web<\/li>\n\n\n\n<li>Informaci\u00f3n sobre actividades recreativas y al aire libre.<\/li>\n\n\n\n<li>Gu\u00edas de actividades como arte y cultura, incluidos museos, teatros y otras atracciones.<\/li>\n\n\n\n<li>Mapas y gu\u00edas<\/li>\n\n\n\n<li>Informaci\u00f3n de transporte p\u00fablico<\/li>\n\n\n\n<li>Informaci\u00f3n del aeropuerto<\/li>\n<\/ul>\n\n\n\n<h3 class=\"wp-block-heading has-text-align-center\">\u00danase a nosotros, agregue su atracci\u00f3n a nuestro sitio web GRATIS<\/h3>\n\n\n\n<div class=\"wp-block-buttons is-layout-flex wp-block-buttons-is-layout-flex\">\n<div class=\"wp-block-button has-custom-width wp-block-button__width-100 is-style-outline is-style-outline--3\"><a class=\"wp-block-button__link has-white-color has-text-color has-link-color wp-element-button\" href=\"\/es\/\/\">Registra tu establecimiento<\/a><\/div>\n<\/div>\n<\/div>\n<\/div>\n<\/div><\/div>\n\n\n\n<div style=\"height:23px\" aria-hidden=\"true\" class=\"wp-block-spacer\"><\/div>\n\n\n<div class=\"wp-block-image\">\n<figure class=\"aligncenter size-citadela_service\"><img decoding=\"async\" width=\"480\" height=\"360\" src=\"https:\/\/nodengo.com\/wp-content\/uploads\/037-480x360.jpg\" alt=\"\" class=\"wp-image-54686\" title=\"\" srcset=\"https:\/\/nodengo.com\/wp-content\/uploads\/037-480x360.jpg 480w, https:\/\/nodengo.com\/wp-content\/uploads\/037-640x480.jpg 640w\" sizes=\"(max-width: 480px) 100vw, 480px\" \/><figcaption class=\"wp-element-caption\"> <\/figcaption><\/figure>\n<\/div>\n\n\n<div class=\"wp-block-citadela-blocks-custom-container citadela-block-custom-container size-wide bg-type-none inside-space-none\"><div class=\"inner-holder\">\n<p class=\"has-medium-font-size\">UNA NUEVA FORMA DE HABER PUBLICADO RESE\u00d1AS<\/p>\n\n\n\n<p>Como operador de una atracci\u00f3n local, usted sabe lo dif\u00edcil que es que los hu\u00e9spedes hagan comentarios \"precisos\" en Internet.<\/p>\n\n\n\n<p>Como todos sabemos, los clientes tienen una versi\u00f3n bastante simplificada de lo que es dirigir una atracci\u00f3n, no es que queramos que lo entiendan por completo, no es su lugar ni su funci\u00f3n.<\/p>\n\n\n\n<p>Pero debes admitir que es bastante frustrante que despu\u00e9s de haber intentado todo para complacer a un hu\u00e9sped, se desquiten contigo con sus \"comentarios\", a menudo sobre cuestiones, como el clima, sobre las que no tienes control.<\/p>\n\n\n\n<p>Lo peor es que no le dicen lo que no les agrada mientras est\u00e1n all\u00ed (y a menudo es una soluci\u00f3n f\u00e1cil), pero lo despotrican en l\u00ednea.<\/p>\n\n\n\n<p>No nos malinterpretes, no estamos diciendo que la mayor\u00eda de los comentarios no tengan alg\u00fan tipo de precisi\u00f3n o validez, simplemente estamos diciendo, lo que agrada a uno no necesariamente agrada a otro.<\/p>\n\n\n\n<p>Nuestra misi\u00f3n es corregir este error ofreciendo a los operadores de atracciones y profesionales del turismo una forma alternativa de dar a conocer su establecimiento al p\u00fablico en general.<\/p>\n\n\n\n<p>Estas \"pseudo\" rese\u00f1as las completan personas que carecen del conocimiento y la perspicacia que conlleva trabajar en la industria del turismo. Queremos ofrecer una alternativa a estas rese\u00f1as \"amateurs\", somos profesionales, hacemos lo mismo que t\u00fa.<\/p>\n\n\n\n<p>Somos diferentes y no creemos que uno deba ser penalizado cuando algo sale mal, creemos que el sistema de revisi\u00f3n de viajes actual necesita una mejora muy atrasada.<\/p>\n\n\n\n<h3 class=\"wp-block-heading\">No se demore. Tenga su establecimiento de forma profesional <a href=\"https:\/\/nodengo.com\/es\/network\/-4\/\" data-schema-attribute=\"\"><strong>Clasificado<\/strong> <\/a>ahora<\/h3>\n<\/div><\/div>","protected":false},"excerpt":{"rendered":"","protected":false},"author":249,"featured_media":0,"parent":54134,"menu_order":0,"comment_status":"closed","ping_status":"closed","template":"","meta":{"_uag_custom_page_level_css":"","_citadela_hide_page_title":"1","_citadela_remove_header_space":"1","_citadela_custom_class":"","_citadela_half_map_provider":"","_citadela_half_map_theme":"","_citadela_half_map_themeOSM":"","_citadela_half_map_customTheme":"","_citadela_half_map_dataType":"","_citadela_half_map_dynamicTrack":false,"_citadela_half_map_trackColor":"","_citadela_half_map_trackEndpointsColor":"","_citadela_half_map_filterCategory":"","_citadela_half_map_filterLocation":"","_citadela_half_map_filterFeatured":false,"_citadela_half_map_noDataBehavior":"empty-map","_citadela_half_map_noDataText":"","_citadela_half_map_clusterGridSize":80,"_citadela_header":true,"_citadela_header_over_content":false,"_citadela_header_text_color":"","_citadela_header_logo":{"id":208235,"url":"https:\/\/nodengo.com\/wp-content\/uploads\/Nodengo-logo-nhn.jpg","size":{"width":316,"height":75}},"_citadela_header_bg_image":[],"_citadela_header_bg_position":{"x":0.5,"y":0.5},"_citadela_header_bg_size":"cover","_citadela_header_bg_repeat":"no-repeat","_citadela_header_bg_fixed":false,"_citadela_header_bg_color":"","_citadela_header_bg_image_overlay":"","_citadela_header_transparent_bg":false,"_citadela_content_width":"","_citadela_half_layout_position":"","footnotes":""},"class_list":["post-54672","page","type-page","status-publish","hentry"],"uagb_featured_image_src":{"full":false,"thumbnail":false,"medium":false,"medium_large":false,"large":false,"1536x1536":false,"2048x2048":false,"trp-custom-language-flag":false,"citadela_item_thumbnail":false,"woocommerce_thumbnail":false,"woocommerce_single":false,"woocommerce_gallery_thumbnail":false,"citadela_service":false},"uagb_author_info":{"display_name":"Team Nodengo","author_link":"https:\/\/nodengo.com\/es\/author\/nodengo-team\/"},"uagb_comment_info":0,"uagb_excerpt":null,"_links":{"self":[{"href":"https:\/\/nodengo.com\/es\/wp-json\/wp\/v2\/pages\/54672","targetHints":{"allow":["GET"]}}],"collection":[{"href":"https:\/\/nodengo.com\/es\/wp-json\/wp\/v2\/pages"}],"about":[{"href":"https:\/\/nodengo.com\/es\/wp-json\/wp\/v2\/types\/page"}],"author":[{"embeddable":true,"href":"https:\/\/nodengo.com\/es\/wp-json\/wp\/v2\/users\/249"}],"replies":[{"embeddable":true,"href":"https:\/\/nodengo.com\/es\/wp-json\/wp\/v2\/comments?post=54672"}],"version-history":[{"count":0,"href":"https:\/\/nodengo.com\/es\/wp-json\/wp\/v2\/pages\/54672\/revisions"}],"up":[{"embeddable":true,"href":"https:\/\/nodengo.com\/es\/wp-json\/wp\/v2\/pages\/54134"}],"wp:attachment":[{"href":"https:\/\/nodengo.com\/es\/wp-json\/wp\/v2\/media?parent=54672"}],"curies":[{"name":"wp","href":"https:\/\/api.w.org\/{rel}","templated":true}]}}