{"id":54638,"date":"2022-09-17T17:46:04","date_gmt":"2022-09-17T15:46:04","guid":{"rendered":"https:\/\/nodengo.com\/?page_id=54638"},"modified":"2024-05-07T09:18:03","modified_gmt":"2024-05-07T07:18:03","slug":"media-widgets","status":"publish","type":"page","link":"https:\/\/nodengo.com\/es\/hospitality-network\/media\/media-widgets\/","title":{"rendered":"medios - 12 widgets impresionantes"},"content":{"rendered":"<div class=\"wp-block-citadela-blocks-custom-container citadela-block-custom-container size-wide bg-type-image inside-space-none bg-size-cover has-overlay\"><div class=\"bg-image-wrapper\" style=\"background-image:url(https:\/\/nodengo.com\/wp-content\/uploads\/ttdbgmain.jpg);background-repeat:no-repeat;background-position:47% 52%\"><\/div><div class=\"bg-image-overlay\" style=\"opacity:0.5\"><\/div><div class=\"inner-holder\">\n<div style=\"height:100px\" aria-hidden=\"true\" class=\"wp-block-spacer\"><\/div>\n<\/div><\/div>\n\n\n\t\t\t<!-- Flexy Breadcrumb -->\r\n\t\t\t<div class=\"fbc fbc-page\">\r\n\r\n\t\t\t\t<!-- Breadcrumb wrapper -->\r\n\t\t\t\t<div class=\"fbc-wrap\">\r\n\r\n\t\t\t\t\t<!-- Ordered list-->\r\n\t\t\t\t\t<ol class=\"fbc-items\" itemscope itemtype=\"https:\/\/schema.org\/BreadcrumbList\">\r\n\t\t\t\t\t\t            <li itemprop=\"itemListElement\" itemscope itemtype=\"https:\/\/schema.org\/ListItem\">\r\n                <span itemprop=\"name\">\r\n                    <!-- Home Link -->\r\n                    <a itemprop=\"item\" href=\"https:\/\/nodengo.com\/es\/\">\r\n                    \r\n                                                    <i class=\"fa fa-home\" aria-hidden=\"true\"><\/i>Home                    <\/a>\r\n                <\/span>\r\n                <meta itemprop=\"position\" content=\"1\" \/><!-- Meta Position-->\r\n             <\/li><li><span class=\"fbc-separator\">\/<\/span><\/li><li class=\"active\" itemprop=\"itemListElement\" itemscope itemtype=\"https:\/\/schema.org\/ListItem\"><span itemprop=\"name\" title=\"Best Travel Blog\">Best Travel Blog<\/span><meta itemprop=\"position\" content=\"2\" \/><\/li>\t\t\t\t\t<\/ol>\r\n\t\t\t\t\t<div class=\"clearfix\"><\/div>\r\n\t\t\t\t<\/div>\r\n\t\t\t<\/div>\r\n\t\t\t\n\n\n\n<div class=\"wp-block-citadela-blocks-custom-container citadela-block-custom-container size-wide bg-type-none inside-space-none\"><div class=\"inner-holder\">\n<div class=\"wp-block-columns is-layout-flex wp-container-core-columns-is-layout-9d6595d7 wp-block-columns-is-layout-flex\">\n<div class=\"wp-block-column is-layout-flow wp-block-column-is-layout-flow\" style=\"flex-basis:33.33%\">\n<figure class=\"wp-block-image size-full\"><img decoding=\"async\" width=\"2560\" height=\"2560\" src=\"https:\/\/nodengo.com\/wp-content\/uploads\/01-Travel-and-Tourism-1-scaled.jpg\" alt=\"widgets\" class=\"wp-image-6920\" title=\"\" srcset=\"https:\/\/nodengo.com\/wp-content\/uploads\/01-Travel-and-Tourism-1-scaled.jpg 2560w, https:\/\/nodengo.com\/wp-content\/uploads\/01-Travel-and-Tourism-1-scaled-600x600.jpg 600w, https:\/\/nodengo.com\/wp-content\/uploads\/01-Travel-and-Tourism-1-scaled-150x150.jpg 150w, https:\/\/nodengo.com\/wp-content\/uploads\/01-Travel-and-Tourism-1-scaled-900x900.jpg 900w\" sizes=\"(max-width: 2560px) 100vw, 2560px\" \/><figcaption class=\"wp-element-caption\"> <\/figcaption><\/figure>\n<\/div>\n\n\n\n<div class=\"wp-block-column is-layout-flow wp-block-column-is-layout-flow\" style=\"flex-basis:66.66%\">\n<h2 class=\"wp-block-heading\">Widgets<\/h2>\n\n\n\n<p>Gracias por su inter\u00e9s en promocionar nuestro sitio web con nuestros widgets.<\/p>\n\n\n\n<p>Para agregar widgets a su sitio web:<\/p>\n\n\n\n<ol class=\"wp-block-list\">\n<li>Elija uno de los widgets disponibles a continuaci\u00f3n<\/li>\n\n\n\n<li>Elija la categor\u00eda, el dise\u00f1o y el tama\u00f1o de su widget que prefiera.<\/li>\n\n\n\n<li>Elija el dise\u00f1o y el tama\u00f1o de las opciones disponibles.<\/li>\n\n\n\n<li>Save the image to your server and add the URL (<a href=\"https:\/\/nodengo.com\/es\/item\/sample-listing\/\">https:\/\/nodengo.com\/item\/your listing<\/a>) manually. Copy the web link the&nbsp; from the box and paste it in entirety into the source code of your web page<\/li>\n\n\n\n<li>IMPORTANTE: No modifique el enlace, ya que no funcionar\u00e1 o no enviar\u00e1 clientes a SU p\u00e1gina, sino a la p\u00e1gina principal de Nodengo.com.<\/li>\n<\/ol>\n<\/div>\n<\/div>\n<\/div><\/div>\n\n\n\n<div class=\"wp-block-citadela-blocks-custom-container citadela-block-custom-container size-wide bg-type-none inside-space-none\"><div class=\"inner-holder\">\n<p><strong>\u00bfC\u00f3mo reemplazo el \u201csample listing\u201d<\/strong> en los widgets<\/p>\n\n\n\n<p>Para que el enlace funcione, debe reemplazar el \"sample-listing\" con el t\u00edtulo de la lista de su establecimiento en Nodengo.com. El enlace se encuentra en su p\u00e1gina de administraci\u00f3n, debajo del elemento. En la parte superior de la p\u00e1gina hay una URL llamada enlace permanente como esta.  <strong>Ejemplo (clic)<\/strong>&nbsp;<a href=\"https:\/\/nodengo.com\/es\/item\/sample-listing\/\">https:\/\/nodengo.com\/item\/xxxxxxxx<\/a><\/p>\n\n\n\n<p><strong>Preguntas t\u00e9cnicas<\/strong><\/p>\n\n\n\n<p>Si su widget est\u00e1 roto, no se muestra o no funciona correctamente, utilice los consejos de soluci\u00f3n de problemas para obtener ayuda:<\/p>\n\n\n\n<ul class=\"wp-block-list\">\n<li>Aseg\u00farese de que el enlace no se haya modificado m\u00e1s que reemplazar el \"sample-listing\". Si ha modificado el enlace y no funciona, vuelva a copiarlo y pegue la versi\u00f3n no modificada en su p\u00e1gina web.<\/li>\n\n\n\n<li>Aseg\u00farese de que el enlace se haya pegado en el c\u00f3digo fuente de su p\u00e1gina web, no en la versi\u00f3n visual o visualizable.<\/li>\n\n\n\n<li>Aseg\u00farese de que la p\u00e1gina en la que est\u00e1 publicando el widget contenga un c\u00f3digo HTML v\u00e1lido.<\/li>\n<\/ul>\n<\/div><\/div>\n\n\n\n<p>POR FAVOR ELIJA DE LOS WIDGETS A CONTINUACI\u00d3N<\/p>\n\n\n\n<div class=\"wp-block-citadela-blocks-custom-container citadela-block-custom-container size-wide bg-type-none inside-space-none\"><div class=\"inner-holder\">\n<div class=\"wp-block-columns is-layout-flex wp-container-core-columns-is-layout-9d6595d7 wp-block-columns-is-layout-flex\">\n<div class=\"wp-block-column is-layout-flow wp-block-column-is-layout-flow\" style=\"flex-basis:33.33%\"><div class=\"wp-block-image\">\n<figure class=\"aligncenter size-full is-resized\"><img decoding=\"async\" width=\"150\" height=\"150\" src=\"https:\/\/nodengo.com\/wp-content\/uploads\/nodengo-favicon-e1619375689818.png\" alt=\"\" class=\"wp-image-54641\" style=\"width:150px;height:150px\" title=\"\" srcset=\"https:\/\/nodengo.com\/wp-content\/uploads\/nodengo-favicon-e1619375689818.png 150w, https:\/\/nodengo.com\/wp-content\/uploads\/nodengo-favicon-e1619375689818-100x100.png 100w, https:\/\/nodengo.com\/wp-content\/uploads\/nodengo-favicon-e1619375689818-12x12.png 12w\" sizes=\"(max-width: 150px) 100vw, 150px\" \/><\/figure>\n<\/div><\/div>\n\n\n\n<div class=\"wp-block-column is-layout-flow wp-block-column-is-layout-flow\" style=\"flex-basis:66.66%\">\n<pre class=\"wp-block-preformatted has-small-font-size\">&lt;p&gt;&lt;a href=&quot;https:\/\/nodengo.com\/es\/item\/sample-listing\/&quot;&gt;&lt;\/a&gt;&lt;p&gt;<\/pre>\n\n\n\n<p class=\"has-small-font-size\">Widget est\u00e1ndar: 150px x 150px. Guarde la imagen de la izquierda y agregue la URL anterior. Simplemente reemplace el&nbsp;<strong>\u201cSample-listing\u201d<\/strong>&nbsp;secci\u00f3n con el t\u00edtulo de su p\u00e1gina de listado.<\/p>\n<\/div>\n<\/div>\n\n\n\n<div class=\"wp-block-columns is-layout-flex wp-container-core-columns-is-layout-9d6595d7 wp-block-columns-is-layout-flex\">\n<div class=\"wp-block-column is-layout-flow wp-block-column-is-layout-flow\" style=\"flex-basis:33.33%\"><div class=\"wp-block-image\">\n<figure class=\"aligncenter size-full\"><img decoding=\"async\" width=\"48\" height=\"48\" src=\"https:\/\/nodengo.com\/wp-content\/uploads\/nodengo-favicon-2.png\" alt=\"\" class=\"wp-image-54643\" title=\"\" srcset=\"https:\/\/nodengo.com\/wp-content\/uploads\/nodengo-favicon-2.png 48w, https:\/\/nodengo.com\/wp-content\/uploads\/nodengo-favicon-2-12x12.png 12w\" sizes=\"(max-width: 48px) 100vw, 48px\" \/><\/figure>\n<\/div><\/div>\n\n\n\n<div class=\"wp-block-column is-layout-flow wp-block-column-is-layout-flow\" style=\"flex-basis:66.66%\">\n<pre class=\"wp-block-preformatted has-small-font-size\">&lt;p&gt;&lt;a href=&quot;https:\/\/nodengo.com\/es\/item\/sample-listing\/&quot;&gt;&lt;\/a&gt;&lt;p&gt;<\/pre>\n\n\n\n<p class=\"has-small-font-size\">Widget est\u00e1ndar: 48px x 48px. Guarde la imagen de la izquierda y agregue la URL anterior. Simplemente reemplace el&nbsp;<strong>\u201cSample-listing\u201d<\/strong>&nbsp;secci\u00f3n con el t\u00edtulo de su p\u00e1gina de listado.<\/p>\n<\/div>\n<\/div>\n\n\n\n<div class=\"wp-block-columns is-layout-flex wp-container-core-columns-is-layout-9d6595d7 wp-block-columns-is-layout-flex\">\n<div class=\"wp-block-column is-layout-flow wp-block-column-is-layout-flow\" style=\"flex-basis:33.33%\"><div class=\"wp-block-image\">\n<figure class=\"aligncenter size-full is-resized\"><img decoding=\"async\" width=\"32\" height=\"32\" src=\"https:\/\/nodengo.com\/wp-content\/uploads\/favicon-32x32-1.png\" alt=\"\" class=\"wp-image-54644\" style=\"width:32px;height:32px\" title=\"\" srcset=\"https:\/\/nodengo.com\/wp-content\/uploads\/favicon-32x32-1.png 32w, https:\/\/nodengo.com\/wp-content\/uploads\/favicon-32x32-1-12x12.png 12w\" sizes=\"(max-width: 32px) 100vw, 32px\" \/><\/figure>\n<\/div><\/div>\n\n\n\n<div class=\"wp-block-column is-layout-flow wp-block-column-is-layout-flow\" style=\"flex-basis:66.66%\">\n<pre class=\"wp-block-preformatted has-small-font-size\">&lt;p&gt;&lt;a href=&quot;https:\/\/nodengo.com\/es\/item\/sample-listing\/&quot;&gt;&lt;\/a&gt;&lt;p&gt;<\/pre>\n\n\n\n<p class=\"has-small-font-size\">Widget est\u00e1ndar: 32px x 32px. Guarde la imagen de la izquierda y agregue la URL anterior. Simplemente reemplace el&nbsp;<strong>\u201cSample-listing\u201d<\/strong>&nbsp;secci\u00f3n con el t\u00edtulo de su p\u00e1gina de listado.<\/p>\n<\/div>\n<\/div>\n\n\n\n<div class=\"wp-block-columns is-layout-flex wp-container-core-columns-is-layout-9d6595d7 wp-block-columns-is-layout-flex\">\n<div class=\"wp-block-column is-layout-flow wp-block-column-is-layout-flow\" style=\"flex-basis:33.33%\">\n<figure class=\"wp-block-image size-full is-resized\"><img decoding=\"async\" width=\"300\" height=\"87\" src=\"https:\/\/nodengo.com\/wp-content\/uploads\/widget_nodengo_generic.png\" alt=\"\" class=\"wp-image-54646\" style=\"width:300px;height:87px\" title=\"\" srcset=\"https:\/\/nodengo.com\/wp-content\/uploads\/widget_nodengo_generic.png 300w, https:\/\/nodengo.com\/wp-content\/uploads\/widget_nodengo_generic-150x44.png 150w, https:\/\/nodengo.com\/wp-content\/uploads\/widget_nodengo_generic-18x5.png 18w\" sizes=\"(max-width: 300px) 100vw, 300px\" \/><\/figure>\n<\/div>\n\n\n\n<div class=\"wp-block-column is-layout-flow wp-block-column-is-layout-flow\" style=\"flex-basis:66.66%\">\n<pre class=\"wp-block-preformatted has-small-font-size\">&lt;p&gt;&lt;a href=&quot;https:\/\/nodengo.com\/es\/item\/sample-listing\/&quot;&gt;&lt;\/a&gt;&lt;p&gt;<\/pre>\n\n\n\n<p class=\"has-small-font-size\">Widget est\u00e1ndar: 300px x 87px. Guarde la imagen de la izquierda y agregue la URL anterior. Simplemente reemplace el&nbsp;<strong>\u201cSample-listing\u201d<\/strong>&nbsp;secci\u00f3n con el t\u00edtulo de su p\u00e1gina de listado.<\/p>\n<\/div>\n<\/div>\n\n\n\n<div class=\"wp-block-columns is-layout-flex wp-container-core-columns-is-layout-9d6595d7 wp-block-columns-is-layout-flex\">\n<div class=\"wp-block-column is-layout-flow wp-block-column-is-layout-flow\" style=\"flex-basis:33.33%\">\n<figure class=\"wp-block-image size-full is-resized\"><img decoding=\"async\" width=\"300\" height=\"87\" src=\"https:\/\/nodengo.com\/wp-content\/uploads\/widget-nodengo-generic2.png\" alt=\"\" class=\"wp-image-54647\" style=\"width:300px;height:87px\" title=\"\" srcset=\"https:\/\/nodengo.com\/wp-content\/uploads\/widget-nodengo-generic2.png 300w, https:\/\/nodengo.com\/wp-content\/uploads\/widget-nodengo-generic2-150x44.png 150w, https:\/\/nodengo.com\/wp-content\/uploads\/widget-nodengo-generic2-18x5.png 18w\" sizes=\"(max-width: 300px) 100vw, 300px\" \/><\/figure>\n<\/div>\n\n\n\n<div class=\"wp-block-column is-layout-flow wp-block-column-is-layout-flow\" style=\"flex-basis:66.66%\">\n<pre class=\"wp-block-preformatted has-small-font-size\">&lt;p&gt;&lt;a href=&quot;https:\/\/nodengo.com\/es\/item\/sample-listing\/&quot;&gt;&lt;\/a&gt;&lt;p&gt;<\/pre>\n\n\n\n<p class=\"has-small-font-size\">Widget est\u00e1ndar: 300px x 87px. Guarde la imagen de la izquierda y agregue la URL anterior. Simplemente reemplace el&nbsp;<strong>\u201cSample-listing\u201d<\/strong>&nbsp;secci\u00f3n con el t\u00edtulo de su p\u00e1gina de listado.<\/p>\n<\/div>\n<\/div>\n\n\n\n<div class=\"wp-block-columns is-layout-flex wp-container-core-columns-is-layout-9d6595d7 wp-block-columns-is-layout-flex\">\n<div class=\"wp-block-column is-layout-flow wp-block-column-is-layout-flow\" style=\"flex-basis:33.33%\">\n<figure class=\"wp-block-image size-full is-resized\"><img decoding=\"async\" width=\"300\" height=\"87\" src=\"https:\/\/nodengo.com\/wp-content\/uploads\/widget_nodengo_restaurant.png\" alt=\"\" class=\"wp-image-54661\" style=\"width:300px;height:87px\" title=\"\" srcset=\"https:\/\/nodengo.com\/wp-content\/uploads\/widget_nodengo_restaurant.png 300w, https:\/\/nodengo.com\/wp-content\/uploads\/widget_nodengo_restaurant-150x44.png 150w, https:\/\/nodengo.com\/wp-content\/uploads\/widget_nodengo_restaurant-18x5.png 18w\" sizes=\"(max-width: 300px) 100vw, 300px\" \/><\/figure>\n<\/div>\n\n\n\n<div class=\"wp-block-column is-layout-flow wp-block-column-is-layout-flow\" style=\"flex-basis:66.66%\">\n<pre class=\"wp-block-preformatted has-small-font-size\">&lt;p&gt;&lt;a href=&quot;https:\/\/nodengo.com\/es\/item\/sample-listing\/&quot;&gt;&lt;\/a&gt;&lt;p&gt;<\/pre>\n\n\n\n<p class=\"has-small-font-size\">Widget est\u00e1ndar: 300px x 87px. Guarde la imagen de la izquierda y agregue la URL anterior. Simplemente reemplace el&nbsp;<strong>\u201cSample-listing\u201d<\/strong>&nbsp;secci\u00f3n con el t\u00edtulo de su p\u00e1gina de listado.<\/p>\n<\/div>\n<\/div>\n\n\n\n<div class=\"wp-block-columns is-layout-flex wp-container-core-columns-is-layout-9d6595d7 wp-block-columns-is-layout-flex\">\n<div class=\"wp-block-column is-layout-flow wp-block-column-is-layout-flow\" style=\"flex-basis:33.33%\">\n<figure class=\"wp-block-image size-full is-resized\"><img decoding=\"async\" width=\"300\" height=\"87\" src=\"https:\/\/nodengo.com\/wp-content\/uploads\/widget_nodengo_hotels.png\" alt=\"\" class=\"wp-image-54662\" style=\"width:300px;height:87px\" title=\"\" srcset=\"https:\/\/nodengo.com\/wp-content\/uploads\/widget_nodengo_hotels.png 300w, https:\/\/nodengo.com\/wp-content\/uploads\/widget_nodengo_hotels-150x44.png 150w, https:\/\/nodengo.com\/wp-content\/uploads\/widget_nodengo_hotels-18x5.png 18w\" sizes=\"(max-width: 300px) 100vw, 300px\" \/><\/figure>\n<\/div>\n\n\n\n<div class=\"wp-block-column is-layout-flow wp-block-column-is-layout-flow\" style=\"flex-basis:66.66%\">\n<pre class=\"wp-block-preformatted has-small-font-size\">&lt;p&gt;&lt;a href=&quot;https:\/\/nodengo.com\/es\/item\/sample-listing\/&quot;&gt;&lt;\/a&gt;&lt;p&gt;<\/pre>\n\n\n\n<p class=\"has-small-font-size\">Widget est\u00e1ndar: 300px x 87px. Guarde la imagen de la izquierda y agregue la URL anterior. Simplemente reemplace el&nbsp;<strong>\u201cSample-listing\u201d<\/strong>&nbsp;secci\u00f3n con el t\u00edtulo de su p\u00e1gina de listado.<\/p>\n<\/div>\n<\/div>\n\n\n\n<div class=\"wp-block-columns is-layout-flex wp-container-core-columns-is-layout-9d6595d7 wp-block-columns-is-layout-flex\">\n<div class=\"wp-block-column is-layout-flow wp-block-column-is-layout-flow\" style=\"flex-basis:33.33%\">\n<figure class=\"wp-block-image size-full is-resized\"><img decoding=\"async\" width=\"300\" height=\"87\" src=\"https:\/\/nodengo.com\/wp-content\/uploads\/widget_nodengo_bars-coffee.png\" alt=\"\" class=\"wp-image-54663\" style=\"width:300px;height:87px\" title=\"\" srcset=\"https:\/\/nodengo.com\/wp-content\/uploads\/widget_nodengo_bars-coffee.png 300w, https:\/\/nodengo.com\/wp-content\/uploads\/widget_nodengo_bars-coffee-150x44.png 150w, https:\/\/nodengo.com\/wp-content\/uploads\/widget_nodengo_bars-coffee-18x5.png 18w\" sizes=\"(max-width: 300px) 100vw, 300px\" \/><\/figure>\n<\/div>\n\n\n\n<div class=\"wp-block-column is-layout-flow wp-block-column-is-layout-flow\" style=\"flex-basis:66.66%\">\n<pre class=\"wp-block-preformatted has-small-font-size\">&lt;p&gt;&lt;a href=&quot;https:\/\/nodengo.com\/es\/item\/sample-listing\/&quot;&gt;&lt;\/a&gt;&lt;p&gt;<\/pre>\n\n\n\n<p class=\"has-small-font-size\">Widget est\u00e1ndar: 300px x 87px. Guarde la imagen de la izquierda y agregue la URL anterior. Simplemente reemplace el&nbsp;<strong>\u201cSample-listing\u201d<\/strong>&nbsp;secci\u00f3n con el t\u00edtulo de su p\u00e1gina de listado.<\/p>\n<\/div>\n<\/div>\n\n\n\n<div class=\"wp-block-columns is-layout-flex wp-container-core-columns-is-layout-9d6595d7 wp-block-columns-is-layout-flex\">\n<div class=\"wp-block-column is-layout-flow wp-block-column-is-layout-flow\" style=\"flex-basis:33.33%\">\n<figure class=\"wp-block-image size-full is-resized\"><img decoding=\"async\" width=\"300\" height=\"87\" src=\"https:\/\/nodengo.com\/wp-content\/uploads\/widget_nodengo_attractions.png\" alt=\"\" class=\"wp-image-54664\" style=\"width:300px;height:87px\" title=\"\" srcset=\"https:\/\/nodengo.com\/wp-content\/uploads\/widget_nodengo_attractions.png 300w, https:\/\/nodengo.com\/wp-content\/uploads\/widget_nodengo_attractions-150x44.png 150w, https:\/\/nodengo.com\/wp-content\/uploads\/widget_nodengo_attractions-18x5.png 18w\" sizes=\"(max-width: 300px) 100vw, 300px\" \/><\/figure>\n<\/div>\n\n\n\n<div class=\"wp-block-column is-layout-flow wp-block-column-is-layout-flow\" style=\"flex-basis:66.66%\">\n<pre class=\"wp-block-preformatted has-small-font-size\">&lt;p&gt;&lt;a href=&quot;https:\/\/nodengo.com\/es\/item\/sample-listing\/&quot;&gt;&lt;\/a&gt;&lt;p&gt;<\/pre>\n\n\n\n<p class=\"has-small-font-size\">Widget est\u00e1ndar: 300px x 87px. Guarde la imagen de la izquierda y agregue la URL anterior. Simplemente reemplace el&nbsp;<strong>\u201cSample-listing\u201d<\/strong>&nbsp;secci\u00f3n con el t\u00edtulo de su p\u00e1gina de listado.<\/p>\n<\/div>\n<\/div>\n\n\n\n<div class=\"wp-block-columns is-layout-flex wp-container-core-columns-is-layout-9d6595d7 wp-block-columns-is-layout-flex\">\n<div class=\"wp-block-column is-layout-flow wp-block-column-is-layout-flow\" style=\"flex-basis:33.33%\">\n<figure class=\"wp-block-image size-full is-resized\"><img decoding=\"async\" width=\"300\" height=\"87\" src=\"https:\/\/nodengo.com\/wp-content\/uploads\/widget_nodengo_museums.png\" alt=\"\" class=\"wp-image-54665\" style=\"width:300px;height:87px\" title=\"\" srcset=\"https:\/\/nodengo.com\/wp-content\/uploads\/widget_nodengo_museums.png 300w, https:\/\/nodengo.com\/wp-content\/uploads\/widget_nodengo_museums-150x44.png 150w, https:\/\/nodengo.com\/wp-content\/uploads\/widget_nodengo_museums-18x5.png 18w\" sizes=\"(max-width: 300px) 100vw, 300px\" \/><\/figure>\n<\/div>\n\n\n\n<div class=\"wp-block-column is-layout-flow wp-block-column-is-layout-flow\" style=\"flex-basis:66.66%\">\n<pre class=\"wp-block-preformatted has-small-font-size\">&lt;p&gt;&lt;a href=&quot;https:\/\/nodengo.com\/es\/item\/sample-listing\/&quot;&gt;&lt;\/a&gt;&lt;p&gt;<\/pre>\n\n\n\n<p class=\"has-small-font-size\">Widget est\u00e1ndar: 300px x 87px. Guarde la imagen de la izquierda y agregue la URL anterior. Simplemente reemplace el&nbsp;<strong>\u201cSample-listing\u201d<\/strong>&nbsp;secci\u00f3n con el t\u00edtulo de su p\u00e1gina de listado.<\/p>\n<\/div>\n<\/div>\n\n\n\n<div class=\"wp-block-columns is-layout-flex wp-container-core-columns-is-layout-9d6595d7 wp-block-columns-is-layout-flex\">\n<div class=\"wp-block-column is-layout-flow wp-block-column-is-layout-flow\" style=\"flex-basis:33.33%\">\n<figure class=\"wp-block-image size-full is-resized\"><img decoding=\"async\" width=\"300\" height=\"87\" src=\"https:\/\/nodengo.com\/wp-content\/uploads\/widget-nodengo-featured.png\" alt=\"\" class=\"wp-image-54666\" style=\"width:300px;height:87px\" title=\"\" srcset=\"https:\/\/nodengo.com\/wp-content\/uploads\/widget-nodengo-featured.png 300w, https:\/\/nodengo.com\/wp-content\/uploads\/widget-nodengo-featured-150x44.png 150w, https:\/\/nodengo.com\/wp-content\/uploads\/widget-nodengo-featured-18x5.png 18w\" sizes=\"(max-width: 300px) 100vw, 300px\" \/><\/figure>\n<\/div>\n\n\n\n<div class=\"wp-block-column is-layout-flow wp-block-column-is-layout-flow\" style=\"flex-basis:66.66%\">\n<pre class=\"wp-block-preformatted has-small-font-size\">&lt;p&gt;&lt;a href=&quot;https:\/\/nodengo.com\/es\/item\/sample-listing\/&quot;&gt;&lt;\/a&gt;&lt;p&gt;<\/pre>\n\n\n\n<p class=\"has-small-font-size\">Widget est\u00e1ndar: 300px x 87px. Guarde la imagen de la izquierda y agregue la URL anterior. Simplemente reemplace el&nbsp;<strong>\u201cSample-listing\u201d<\/strong>&nbsp;secci\u00f3n con el t\u00edtulo de su p\u00e1gina de listado.<\/p>\n<\/div>\n<\/div>\n\n\n\n<div class=\"wp-block-columns is-layout-flex wp-container-core-columns-is-layout-9d6595d7 wp-block-columns-is-layout-flex\">\n<div class=\"wp-block-column is-layout-flow wp-block-column-is-layout-flow\" style=\"flex-basis:33.33%\"><div class=\"wp-block-image\">\n<figure class=\"aligncenter size-full is-resized\"><img decoding=\"async\" width=\"300\" height=\"300\" src=\"https:\/\/nodengo.com\/wp-content\/uploads\/nodengo-favicon-Pina-1.png\" alt=\"\" class=\"wp-image-54667\" style=\"width:300px;height:300px\" title=\"\" srcset=\"https:\/\/nodengo.com\/wp-content\/uploads\/nodengo-favicon-Pina-1.png 300w, https:\/\/nodengo.com\/wp-content\/uploads\/nodengo-favicon-Pina-1-150x150.png 150w, https:\/\/nodengo.com\/wp-content\/uploads\/nodengo-favicon-Pina-1-12x12.png 12w\" sizes=\"(max-width: 300px) 100vw, 300px\" \/><\/figure>\n<\/div><\/div>\n\n\n\n<div class=\"wp-block-column is-layout-flow wp-block-column-is-layout-flow\" style=\"flex-basis:66.66%\">\n<pre class=\"wp-block-preformatted has-small-font-size\">&lt;p&gt;&lt;a href=&quot;https:\/\/nodengo.com\/es\/item\/sample-listing\/&quot;&gt;&lt;\/a&gt;&lt;p&gt;<\/pre>\n\n\n\n<p class=\"has-small-font-size\">Widget est\u00e1ndar: 300px x 300px. Guarde la imagen de la izquierda y agregue la URL anterior. Simplemente reemplace el&nbsp;<strong>\u201cSample-listing\u201d<\/strong>&nbsp;secci\u00f3n con el t\u00edtulo de su p\u00e1gina de listado.<\/p>\n<\/div>\n<\/div>\n<\/div><\/div>","protected":false},"excerpt":{"rendered":"<p>POR FAVOR ELIJA DE LOS WIDGETS A CONTINUACI\u00d3N<\/p>","protected":false},"author":249,"featured_media":0,"parent":54586,"menu_order":0,"comment_status":"closed","ping_status":"closed","template":"","meta":{"_uag_custom_page_level_css":"","_citadela_hide_page_title":"1","_citadela_remove_header_space":"1","_citadela_custom_class":"","_citadela_half_map_provider":"","_citadela_half_map_theme":"","_citadela_half_map_themeOSM":"","_citadela_half_map_customTheme":"","_citadela_half_map_dataType":"","_citadela_half_map_dynamicTrack":false,"_citadela_half_map_trackColor":"","_citadela_half_map_trackEndpointsColor":"","_citadela_half_map_filterCategory":"","_citadela_half_map_filterLocation":"","_citadela_half_map_filterFeatured":false,"_citadela_half_map_noDataBehavior":"empty-map","_citadela_half_map_noDataText":"","_citadela_half_map_clusterGridSize":80,"_citadela_header":true,"_citadela_header_over_content":true,"_citadela_header_text_color":"","_citadela_header_logo":{"id":208235,"url":"https:\/\/nodengo.com\/wp-content\/uploads\/Nodengo-logo-nhn.jpg","size":{"width":316,"height":75}},"_citadela_header_bg_image":[],"_citadela_header_bg_position":{"x":0.5,"y":0.5},"_citadela_header_bg_size":"cover","_citadela_header_bg_repeat":"no-repeat","_citadela_header_bg_fixed":false,"_citadela_header_bg_color":"","_citadela_header_bg_image_overlay":"","_citadela_header_transparent_bg":true,"_citadela_content_width":"","_citadela_half_layout_position":"","footnotes":""},"class_list":["post-54638","page","type-page","status-publish","hentry"],"uagb_featured_image_src":{"full":false,"thumbnail":false,"medium":false,"medium_large":false,"large":false,"1536x1536":false,"2048x2048":false,"trp-custom-language-flag":false,"citadela_item_thumbnail":false,"woocommerce_thumbnail":false,"woocommerce_single":false,"woocommerce_gallery_thumbnail":false,"citadela_service":false},"uagb_author_info":{"display_name":"Team Nodengo","author_link":"https:\/\/nodengo.com\/es\/author\/nodengo-team\/"},"uagb_comment_info":0,"uagb_excerpt":"PLEASE CHOOSE FROM THE WIDGETS BELOW","_links":{"self":[{"href":"https:\/\/nodengo.com\/es\/wp-json\/wp\/v2\/pages\/54638","targetHints":{"allow":["GET"]}}],"collection":[{"href":"https:\/\/nodengo.com\/es\/wp-json\/wp\/v2\/pages"}],"about":[{"href":"https:\/\/nodengo.com\/es\/wp-json\/wp\/v2\/types\/page"}],"author":[{"embeddable":true,"href":"https:\/\/nodengo.com\/es\/wp-json\/wp\/v2\/users\/249"}],"replies":[{"embeddable":true,"href":"https:\/\/nodengo.com\/es\/wp-json\/wp\/v2\/comments?post=54638"}],"version-history":[{"count":0,"href":"https:\/\/nodengo.com\/es\/wp-json\/wp\/v2\/pages\/54638\/revisions"}],"up":[{"embeddable":true,"href":"https:\/\/nodengo.com\/es\/wp-json\/wp\/v2\/pages\/54586"}],"wp:attachment":[{"href":"https:\/\/nodengo.com\/es\/wp-json\/wp\/v2\/media?parent=54638"}],"curies":[{"name":"wp","href":"https:\/\/api.w.org\/{rel}","templated":true}]}}