{"id":54134,"date":"2022-09-17T09:13:03","date_gmt":"2022-09-17T07:13:03","guid":{"rendered":"https:\/\/nodengo.com\/?page_id=54134"},"modified":"2025-12-16T08:45:23","modified_gmt":"2025-12-16T07:45:23","slug":"-34","status":"publish","type":"page","link":"https:\/\/nodengo.com\/es\/hospitality-network\/","title":{"rendered":"Hospitality Network"},"content":{"rendered":"<div class=\"wp-block-citadela-blocks-custom-container citadela-block-custom-container size-wide bg-type-none inside-space-none\"><div class=\"inner-holder\">\n<div style=\"height:14px\" aria-hidden=\"true\" class=\"wp-block-spacer\"><\/div>\n\n\n\n<div class=\"wp-block-group alignwide is-nowrap is-layout-flex wp-container-core-group-is-layout-ad2f72ca wp-block-group-is-layout-flex\">\t\t\t<!-- Flexy Breadcrumb -->\r\n\t\t\t<div class=\"fbc fbc-page\">\r\n\r\n\t\t\t\t<!-- Breadcrumb wrapper -->\r\n\t\t\t\t<div class=\"fbc-wrap\">\r\n\r\n\t\t\t\t\t<!-- Ordered list-->\r\n\t\t\t\t\t<ol class=\"fbc-items\" itemscope itemtype=\"https:\/\/schema.org\/BreadcrumbList\">\r\n\t\t\t\t\t\t            <li itemprop=\"itemListElement\" itemscope itemtype=\"https:\/\/schema.org\/ListItem\">\r\n                <span itemprop=\"name\">\r\n                    <!-- Home Link -->\r\n                    <a itemprop=\"item\" href=\"https:\/\/nodengo.com\/es\/\">\r\n                    \r\n                                                    <i class=\"fa fa-home\" aria-hidden=\"true\"><\/i>Home                    <\/a>\r\n                <\/span>\r\n                <meta itemprop=\"position\" content=\"1\" \/><!-- Meta Position-->\r\n             <\/li><li><span class=\"fbc-separator\">\/<\/span><\/li><li class=\"active\" itemprop=\"itemListElement\" itemscope itemtype=\"https:\/\/schema.org\/ListItem\"><span itemprop=\"name\" title=\"Best Travel Blog\">Best Travel Blog<\/span><meta itemprop=\"position\" content=\"2\" \/><\/li>\t\t\t\t\t<\/ol>\r\n\t\t\t\t\t<div class=\"clearfix\"><\/div>\r\n\t\t\t\t<\/div>\r\n\t\t\t<\/div>\r\n\t\t\t\n\n\n\n<p class=\"has-text-align-right\"><i class=\"fas fa-user\"><\/i> <a href=\"\/es\/partner-help\/\">Socios<\/a> | <i class=\"fas fa-pen\"><\/i> <a href=\"\/es\/partner-help\/#editors\">Editores<\/a> | <i class=\"fas fa-question\"><\/i> <a href=\"\/es\/partner-help\/\">Ayuda<\/a> | <i class=\"fas fa-id-card\"><\/i> <a href=\"https:\/\/nodengo.com\/es\/parther-help\/-26\/\">Contacto<\/a> | <i class=\"fas fa-list\"><\/i> <a href=\"\/es\/-3\/\">Cuenta <\/a><\/p>\n<\/div>\n<\/div><\/div>\n\n\n\n<div class=\"wp-block-citadela-blocks-custom-container citadela-block-custom-container size-fullwidth bg-type-image inside-space-none bg-size-cover has-overlay has-min-height vertical-align-top\" style=\"min-height:450px\"><div class=\"bg-image-wrapper\" style=\"background-image:url(https:\/\/nodengo.com\/wp-content\/uploads\/New-York-City-Manhattan.jpg);background-repeat:no-repeat;background-position:52% 39%\"><\/div><div class=\"bg-image-overlay\" style=\"opacity:0.5\"><\/div><div class=\"inner-holder\">\n<div style=\"height:235px\" aria-hidden=\"true\" class=\"wp-block-spacer\"><\/div>\n<\/div><\/div>\n\n\n\n<h2 class=\"wp-block-heading has-text-align-center has-text-color\" style=\"color:#264a5e\">Bienvenido a todos los profesionales del turismo<\/h2>\n\n\n\n<h5 class=\"wp-block-heading alignwide has-text-align-center has-text-color\" style=\"color:#225d47\">Enlaces r\u00e1pidos a <a href=\"#listing\">LISTADO<\/a> | <a href=\"#reviews\">EVALUACI\u00d3N<\/a> | <a href=\"https:\/\/nodengo.com\/es\/-34\/hospitality-and-services-provider\/\" data-type=\"page\" data-id=\"54052\">PROVEEDORES DE SERVICIO<\/a> | <a href=\"#editors\">EDITORES <\/a>| <a href=\"#advertise\">PUBLICIDAD<\/a><\/h5>\n\n\n\n<div class=\"wp-block-citadela-blocks-custom-container citadela-block-custom-container size-wide bg-type-none inside-space-none\"><div class=\"inner-holder\">\n<hr class=\"wp-block-separator has-alpha-channel-opacity is-style-wide\"\/>\n\n\n\n<div class=\"wp-block-columns is-layout-flex wp-container-core-columns-is-layout-9d6595d7 wp-block-columns-is-layout-flex\">\n<div class=\"wp-block-column is-layout-flow wp-block-column-is-layout-flow\" style=\"flex-basis:66.66%\">\n<h3 class=\"wp-block-heading\"><strong><a href=\"#sp\">I<\/a>INTRODUCCI\u00d3N<\/strong> a nuestra Red de Hospitalidad<\/h3>\n\n\n\n<p>Como profesionales experimentados en la industria del turismo y la hoteler\u00eda, reconocimos la necesidad de mejorar y buscamos nuevos m\u00e9todos para aumentar el conocimiento p\u00fablico de los establecimientos.<\/p>\n<\/div>\n\n\n\n<div class=\"wp-block-column is-layout-flow wp-block-column-is-layout-flow\" style=\"flex-basis:33.33%\"><div class=\"wp-block-image is-resized is-style-default\">\n<figure class=\"alignleft size-full\"><img decoding=\"async\" width=\"167\" height=\"250\" src=\"https:\/\/nodengo.com\/wp-content\/uploads\/placehollder1.jpg\" alt=\"hospitality network\" class=\"wp-image-6530\" style=\"width:auto;height:250px\" title=\"\" srcset=\"https:\/\/nodengo.com\/wp-content\/uploads\/placehollder1.jpg 167w, https:\/\/nodengo.com\/wp-content\/uploads\/placehollder1-100x150.jpg 100w, https:\/\/nodengo.com\/wp-content\/uploads\/placehollder1-8x12.jpg 8w\" sizes=\"(max-width: 167px) 100vw, 167px\" \/><\/figure>\n<\/div><\/div>\n<\/div>\n\n\n\n<figure class=\"wp-block-image alignwide size-full\"><img decoding=\"async\" width=\"1920\" height=\"362\" src=\"https:\/\/nodengo.com\/wp-content\/uploads\/widget-type-2-bg.jpg\" alt=\"Hotel image header\" class=\"wp-image-26280\" title=\"\" srcset=\"https:\/\/nodengo.com\/wp-content\/uploads\/widget-type-2-bg.jpg 1920w, https:\/\/nodengo.com\/wp-content\/uploads\/widget-type-2-bg-150x28.jpg 150w, https:\/\/nodengo.com\/wp-content\/uploads\/widget-type-2-bg-900x170.jpg 900w, https:\/\/nodengo.com\/wp-content\/uploads\/widget-type-2-bg-300x57.jpg 300w, https:\/\/nodengo.com\/wp-content\/uploads\/widget-type-2-bg-1024x193.jpg 1024w, https:\/\/nodengo.com\/wp-content\/uploads\/widget-type-2-bg-768x145.jpg 768w, https:\/\/nodengo.com\/wp-content\/uploads\/widget-type-2-bg-1536x290.jpg 1536w, https:\/\/nodengo.com\/wp-content\/uploads\/widget-type-2-bg-18x3.jpg 18w\" sizes=\"(max-width: 1920px) 100vw, 1920px\" \/><\/figure>\n\n\n\n<h3 class=\"wp-block-heading has-text-align-center\"><strong>Una nueva forma gratuita, imparcial e inigualable de promocionar su establecimiento.<\/strong><\/h3>\n\n\n\n<p>It&#8217;s challenging for service providers in the tourism and travel industry to distinguish themselves. They constantly search for fresh approaches to set their business apart from competitors. Standing out locally is relatively simple, but doing so online can be extremely difficult.<\/p>\n\n\n\n<p>Si tan solo hubiera una forma rentable de diferenciarse sin depender en gran medida del SEO, pagar altas comisiones a las OTA o invertir cantidades significativas de dinero, tiempo y recursos en publicidad en l\u00ednea y, al mismo tiempo, garantizar un retorno de la inversi\u00f3n tangible.<\/p>\n\n\n\n<div class=\"wp-block-buttons is-layout-flex wp-block-buttons-is-layout-flex\">\n<div class=\"wp-block-button has-custom-width wp-block-button__width-100 aligncenter is-style-fill\"><a class=\"wp-block-button__link has-black-color has-text-color has-background has-medium-font-size has-custom-font-size wp-element-button\" href=\"https:\/\/nodengo.com\/es\/-34\/hospitality-and-services-provider\/\" style=\"background-color:#d7e2eb\">AHORA HAY !<\/a><\/div>\n<\/div>\n<\/div><\/div>\n\n\n\n<div class=\"wp-block-citadela-blocks-custom-container citadela-block-custom-container size-wide bg-type-none inside-space-none\"><div class=\"inner-holder\">\n<div style=\"height:64px\" aria-hidden=\"true\" class=\"wp-block-spacer\"><\/div>\n\n\n\n<p><i class=\"fas fa-pen\"><\/i> 1. Incluya su establecimiento en la lista: Incluir su establecimiento en Nodengo.com es absolutamente GRATIS.&nbsp; <a href=\"https:\/\/nodengo.com\/es\/\/\" type=\"page\" id=\"2864\"><em>A\u00f1ade tu establecimiento <\/em><\/a><\/p>\n\n\n\n<p><i class=\"fas fa-upload\"><\/i>   2. Promociona tu establecimiento : Mejora tu establecimiento<strong> <\/strong><em><a href=\"https:\/\/nodengo.com\/es\/\/\" type=\"page\" id=\"2864\">listado con nuestras herramientas<\/a>.<\/em><\/p>\n\n\n\n<p><i class=\"fas fa-heart\"><\/i>   3. Haga que su establecimiento sea revisado: Haga que su establecimiento <em><a href=\"https:\/\/nodengo.com\/es\/network\/-39\/\" data-type=\"page\" data-id=\"53486\">revisado profesionalmente<\/a><\/em> y destaca en Nodengo.com<\/p>\n\n\n\n<p><i class=\"fas fa-ad\"><\/i>   4. An\u00fanciate en Nodengo.com: Ofrecemos verdaderamente <em>Publicidad totalmente dirigida<\/em>. Su anuncio aparece en la p\u00e1gina de una ciudad espec\u00edfica para el visitante que busca informaci\u00f3n sobre la ciudad.<\/p>\n<\/div><\/div>\n\n\n\n<div class=\"wp-block-citadela-blocks-custom-container citadela-block-custom-container size-wide bg-type-none inside-space-none\"><div class=\"inner-holder\">\n<h3 class=\"wp-block-heading has-text-color\" style=\"color:#786969\">DESCUBRE C\u00d3MO PODEMOS AYUDARTE SI ERES\u2026.<\/h3>\n\n\n\n<div class=\"wp-block-columns is-layout-flex wp-container-core-columns-is-layout-9d6595d7 wp-block-columns-is-layout-flex\">\n<div class=\"wp-block-column is-layout-flow wp-block-column-is-layout-flow\">\n<div class=\"wp-block-cover\" style=\"min-height:251px;aspect-ratio:unset;\"><img decoding=\"async\" width=\"650\" height=\"400\" class=\"wp-block-cover__image-background wp-image-54159\" alt=\"\" src=\"https:\/\/nodengo.com\/wp-content\/uploads\/hotel-presentation.jpg\" data-object-fit=\"cover\" title=\"\" srcset=\"https:\/\/nodengo.com\/wp-content\/uploads\/hotel-presentation.jpg 650w, https:\/\/nodengo.com\/wp-content\/uploads\/hotel-presentation-150x92.jpg 150w, https:\/\/nodengo.com\/wp-content\/uploads\/hotel-presentation-300x185.jpg 300w, https:\/\/nodengo.com\/wp-content\/uploads\/hotel-presentation-18x12.jpg 18w\" sizes=\"(max-width: 650px) 100vw, 650px\" \/><span aria-hidden=\"true\" class=\"wp-block-cover__background has-background-dim-0 has-background-dim\"><\/span><div class=\"wp-block-cover__inner-container is-layout-flow wp-block-cover-is-layout-flow\">\n<p class=\"has-text-align-center has-large-font-size\"><\/p>\n<\/div><\/div>\n\n\n\n<p class=\"has-text-align-center\"><a href=\"https:\/\/nodengo.com\/es\/-34\/1-new-way-to-promote-your-hotel\/\" data-type=\"page\" data-id=\"54688\"><strong>HOTELES<\/strong><\/a><\/p>\n\n\n\n<p class=\"has-small-font-size\">Gerentes-Propietarios-Operadores, vea c\u00f3mo podemos ayudarlo a promocionar su HOTEL<\/p>\n<\/div>\n\n\n\n<div class=\"wp-block-column is-layout-flow wp-block-column-is-layout-flow\">\n<div class=\"wp-block-cover\" style=\"min-height:251px;aspect-ratio:unset;\"><img decoding=\"async\" width=\"650\" height=\"400\" class=\"wp-block-cover__image-background wp-image-54161\" alt=\"\" src=\"https:\/\/nodengo.com\/wp-content\/uploads\/Restaurant-presentation-1.jpg\" data-object-fit=\"cover\" title=\"\" srcset=\"https:\/\/nodengo.com\/wp-content\/uploads\/Restaurant-presentation-1.jpg 650w, https:\/\/nodengo.com\/wp-content\/uploads\/Restaurant-presentation-1-150x92.jpg 150w, https:\/\/nodengo.com\/wp-content\/uploads\/Restaurant-presentation-1-300x185.jpg 300w, https:\/\/nodengo.com\/wp-content\/uploads\/Restaurant-presentation-1-18x12.jpg 18w\" sizes=\"(max-width: 650px) 100vw, 650px\" \/><span aria-hidden=\"true\" class=\"wp-block-cover__background has-background-dim-0 has-background-dim\"><\/span><div class=\"wp-block-cover__inner-container is-layout-flow wp-block-cover-is-layout-flow\">\n<p class=\"has-text-align-center has-large-font-size\"><\/p>\n<\/div><\/div>\n\n\n\n<p class=\"has-text-align-center\"><strong><a href=\"https:\/\/nodengo.com\/es\/-34\/restaurants-1-promote-restaurant\/\" data-type=\"page\" data-id=\"55264\">RESTAURANTES<\/a><\/strong><\/p>\n\n\n\n<p class=\"has-small-font-size\">Gerentes-Propietarios-Operadores, mira c\u00f3mo podemos ayudarte a promocionar tu RESTAURANTE<\/p>\n<\/div>\n\n\n\n<div class=\"wp-block-column is-layout-flow wp-block-column-is-layout-flow\">\n<div class=\"wp-block-cover\" style=\"min-height:251px;aspect-ratio:unset;\"><img decoding=\"async\" width=\"300\" height=\"169\" class=\"wp-block-cover__image-background wp-image-54162\" alt=\"\" src=\"https:\/\/nodengo.com\/wp-content\/uploads\/attractions-presentation.jpg\" data-object-fit=\"cover\" title=\"\" srcset=\"https:\/\/nodengo.com\/wp-content\/uploads\/attractions-presentation.jpg 300w, https:\/\/nodengo.com\/wp-content\/uploads\/attractions-presentation-150x85.jpg 150w, https:\/\/nodengo.com\/wp-content\/uploads\/attractions-presentation-18x10.jpg 18w\" sizes=\"(max-width: 300px) 100vw, 300px\" \/><span aria-hidden=\"true\" class=\"wp-block-cover__background has-background-dim-0 has-background-dim\"><\/span><div class=\"wp-block-cover__inner-container is-layout-flow wp-block-cover-is-layout-flow\">\n<p class=\"has-text-align-center has-large-font-size\"><\/p>\n<\/div><\/div>\n\n\n\n<p class=\"has-text-align-center\"><strong><a href=\"https:\/\/nodengo.com\/es\/-34\/new-efficient-way-to-promote-attractions\/\" data-type=\"page\" data-id=\"54672\">ATRACCIONES TUR\u00cdSTICAS<\/a><\/strong><\/p>\n\n\n\n<p class=\"has-small-font-size\">Museo, galer\u00edas de arte, etc. Vea c\u00f3mo podemos ayudarle a promocionar su establecimiento<\/p>\n<\/div>\n\n\n\n<div class=\"wp-block-column is-layout-flow wp-block-column-is-layout-flow\">\n<div class=\"wp-block-cover\" style=\"min-height:251px;aspect-ratio:unset;\"><img decoding=\"async\" width=\"300\" height=\"169\" class=\"wp-block-cover__image-background wp-image-54164\" alt=\"\" src=\"https:\/\/nodengo.com\/wp-content\/uploads\/others-presentation.jpg\" data-object-fit=\"cover\" title=\"\" srcset=\"https:\/\/nodengo.com\/wp-content\/uploads\/others-presentation.jpg 300w, https:\/\/nodengo.com\/wp-content\/uploads\/others-presentation-150x85.jpg 150w, https:\/\/nodengo.com\/wp-content\/uploads\/others-presentation-18x10.jpg 18w\" sizes=\"(max-width: 300px) 100vw, 300px\" \/><span aria-hidden=\"true\" class=\"wp-block-cover__background has-background-dim-0 has-background-dim\"><\/span><div class=\"wp-block-cover__inner-container is-layout-flow wp-block-cover-is-layout-flow\">\n<p class=\"has-text-align-center has-large-font-size\"><\/p>\n<\/div><\/div>\n\n\n\n<p class=\"has-text-align-center\"><strong><a href=\"https:\/\/nodengo.com\/es\/-34\/tourism-professionals-promote-your-services\/\" data-type=\"page\" data-id=\"54712\">OTROS<\/a><\/strong><\/p>\n\n\n\n<p class=\"has-small-font-size\">Taxis, gu\u00edas tur\u00edsticos, etc. Vea c\u00f3mo podemos ayudarlo a promocionar su establecimiento<\/p>\n<\/div>\n<\/div>\n<\/div><\/div>\n\n\n\n<div class=\"wp-block-citadela-blocks-custom-container citadela-block-custom-container size-wide bg-type-none inside-space-none\"><div class=\"inner-holder\">\n<p id=\"editors\">Hospitality network Editors<\/p>\n\n\n\n<hr class=\"wp-block-separator has-alpha-channel-opacity\"\/>\n\n\n\n<h2 class=\"wp-block-heading has-text-color\" style=\"color:#431c1c\">\u00bfEst\u00e1s interesado en convertirte en editor? \u00a1Vea si califica!<\/h2>\n\n\n\n<div class=\"wp-block-columns is-layout-flex wp-container-core-columns-is-layout-9d6595d7 wp-block-columns-is-layout-flex\">\n<div class=\"wp-block-column is-layout-flow wp-block-column-is-layout-flow\" style=\"flex-basis:33.33%\">\n<figure class=\"wp-block-image size-full is-resized\"><img decoding=\"async\" width=\"167\" height=\"250\" src=\"https:\/\/nodengo.com\/wp-content\/uploads\/placeholer2-1.jpg\" alt=\"placeholer2 image\" class=\"wp-image-6975\" style=\"aspect-ratio:1;object-fit:contain\" title=\"\" srcset=\"https:\/\/nodengo.com\/wp-content\/uploads\/placeholer2-1.jpg 167w, https:\/\/nodengo.com\/wp-content\/uploads\/placeholer2-1-100x150.jpg 100w, https:\/\/nodengo.com\/wp-content\/uploads\/placeholer2-1-8x12.jpg 8w\" sizes=\"(max-width: 167px) 100vw, 167px\" \/><\/figure>\n<\/div>\n\n\n\n<div class=\"wp-block-column is-layout-flow wp-block-column-is-layout-flow\" style=\"flex-basis:66.66%\">\n<p>Nuestro sitio web, Nodengo.com, tiene como objetivo proporcionar informaci\u00f3n precisa, imparcial y actualizada a visitantes potenciales sobre la ciudad que planean visitar. Actualmente estamos buscando editores locales para unirse a nuestro equipo.<\/p>\n\n\n\n<p>\u00bfQui\u00e9n mejor que t\u00fa? Vives en esa ciudad, la disfrutas y tu trabajo consiste en asesorar peri\u00f3dicamente a los hu\u00e9spedes. Eres el embajador perfecto y puedes mostrar profesionalmente tu ciudad a los viajeros deseosos de explorarla.<\/p>\n\n\n\n<p>\u00bfPor qu\u00e9 no aprovechar todo este conocimiento y experiencia? Buscamos editores independientes que puedan compartir consejos de expertos en nuestro sitio web, guiando a los visitantes a joyas ocultas, como restaurantes poco conocidos que sirven excelente comida en las mejores ubicaciones. Adem\u00e1s, nuestros editores tendr\u00e1n la oportunidad de escribir blogs sobre su ciudad y ofrecer valiosos conocimientos locales.<\/p>\n<\/div>\n<\/div>\n\n\n\n<p class=\"has-text-align-center\"><strong>Obtenga m\u00e1s informaci\u00f3n sobre el &nbsp;<a href=\"https:\/\/nodengo.com\/es\/network\/requirements\/\" data-type=\"page\" data-id=\"53827\">REQUISITOS<\/a>&nbsp;|<a href=\"https:\/\/nodengo.com\/es\/network\/editors\/\" data-type=\"page\" data-id=\"54050\">&nbsp;VENTAJAS<\/a>&nbsp;|&nbsp;<a href=\"https:\/\/nodengo.com\/es\/network\/locations\/\" data-type=\"page\" data-id=\"54194\">ubicaciones<\/a><\/strong> para <a href=\"https:\/\/nodengo.com\/hospitality-network\/editors\/\" data-type=\"page\" data-id=\"54050\">convertirse en un editor<\/a><\/p>\n<\/div><\/div>\n\n\n\n<div class=\"wp-block-citadela-blocks-custom-container citadela-block-custom-container size-wide bg-type-none inside-space-none\"><div class=\"inner-holder\">\n<p id=\"reviews\">Hospitality network reviews<\/p>\n\n\n\n<div style=\"height:50px\" aria-hidden=\"true\" class=\"wp-block-spacer\"><\/div>\n\n\n\n<div class=\"wp-block-columns is-layout-flex wp-container-core-columns-is-layout-9d6595d7 wp-block-columns-is-layout-flex\">\n<div class=\"wp-block-column is-layout-flow wp-block-column-is-layout-flow\" style=\"flex-basis:66.66%\">\n<h2 class=\"wp-block-heading\">Creemos que el sistema de revisi\u00f3n de viajes actual necesita una mejora muy atrasada.<\/h2>\n\n\n\n<p>Como profesional local en la industria del turismo y los viajes, comprende los desaf\u00edos de recibir comentarios precisos de los hu\u00e9spedes en l\u00ednea. Los clientes suelen tener una comprensi\u00f3n simplificada de c\u00f3mo gestionar un negocio orientado al turismo, lo cual no es su responsabilidad. <\/p>\n\n\n\n<p><\/p>\n\n\n\n<p>Creemos que es injusto ser penalizado cuando algo sale mal y creemos firmemente que el actual sistema de revisi\u00f3n de viajes necesita urgentemente una mejora.<\/p>\n\n\n\n<p class=\"has-text-align-center\"><strong>No se demore. Conoce nuestro <a href=\"https:\/\/nodengo.com\/es\/-34\/-4\/\">sistema de revisi\u00f3n<\/a> y c\u00f3mo hacer que su establecimiento sea revisado profesionalmente.<\/strong><\/p>\n<\/div>\n\n\n\n<div class=\"wp-block-column is-layout-flow wp-block-column-is-layout-flow\" style=\"flex-basis:33.33%\">\n<figure class=\"wp-block-image size-full is-resized\"><img decoding=\"async\" width=\"590\" height=\"891\" src=\"https:\/\/nodengo.com\/wp-content\/uploads\/review-page-logo.jpg\" alt=\"review page logo\" class=\"wp-image-8216\" style=\"aspect-ratio:3\/4;object-fit:contain\" title=\"\" srcset=\"https:\/\/nodengo.com\/wp-content\/uploads\/review-page-logo.jpg 590w, https:\/\/nodengo.com\/wp-content\/uploads\/review-page-logo-99x150.jpg 99w, https:\/\/nodengo.com\/wp-content\/uploads\/review-page-logo-199x300.jpg 199w, https:\/\/nodengo.com\/wp-content\/uploads\/review-page-logo-8x12.png 8w\" sizes=\"(max-width: 590px) 100vw, 590px\" \/><\/figure>\n<\/div>\n<\/div>\n<\/div><\/div>\n\n\n\n<div class=\"wp-block-citadela-blocks-custom-container citadela-block-custom-container size-wide bg-type-color inside-space-none has-bg\" style=\"background-color:rgba(244, 244, 244, 1)\"><div class=\"inner-holder\">\n<hr class=\"wp-block-separator has-alpha-channel-opacity\"\/>\n\n\n\n<p id=\"advertise\">Hospitality network Advertising<\/p>\n\n\n\n<div class=\"wp-block-uagb-image aligncenter uagb-block-6d433bae wp-block-uagb-image--layout-default wp-block-uagb-image--effect-static wp-block-uagb-image--align-center\"><figure class=\"wp-block-uagb-image__figure\"><img decoding=\"async\" srcset=\"https:\/\/nodengo.com\/wp-content\/uploads\/728x90-flights.jpg ,https:\/\/nodengo.com\/wp-content\/uploads\/728x90-flights.jpg 780w, https:\/\/nodengo.com\/wp-content\/uploads\/728x90-flights.jpg 360w\" sizes=\"auto, (max-width: 480px) 150px\" src=\"https:\/\/nodengo.com\/wp-content\/uploads\/728x90-flights.jpg\" alt=\"\" class=\"uag-image-208270\" width=\"1024\" height=\"160\" title=\"728x90-flights\" loading=\"lazy\" role=\"img\"><\/figure><\/div>\n\n\n\n<div style=\"height:50px\" aria-hidden=\"true\" class=\"wp-block-spacer\"><\/div>\n\n\n\n<h2 class=\"wp-block-heading\">Publicidad bien hecha<\/h2>\n\n\n\n<p>Don&#8217;t miss the opportunity to reach a global audience at a local level. Our visitors rely on us when planning their vacations, so make sure your business is part of their journey. Inform them about your offerings even before they reach their destination. You can also tap into the local market. Explore our Advertising System to see the options available or learn more about our Network.<\/p>\n\n\n\n<p>Nuestra publicidad verdaderamente dirigida le permite conectarse directamente con clientes potenciales que buscan activamente informaci\u00f3n sobre el destino.<\/p>\n\n\n\n<p>Unlike other platforms, we don&#8217;t display irrelevant ads or promote unrelated products. We prioritize presenting your establishment or business directly to interested clients. Many websites rely on automated advertising that lacks specific targeting. If you&#8217;re planning a trip to Patagonia next summer, seeing an ad for a new sewing machine may not be what you&#8217;re looking for.<\/p>\n\n\n\n<p>Benef\u00edciese de<a href=\"http:\/\/ads.nodengo.com\/es\" target=\"_blank\" rel=\"noreferrer noopener\"> Publicidad totalmente dirigida<\/a><\/p>\n\n\n\n<hr class=\"wp-block-separator has-alpha-channel-opacity is-style-wide\"\/>\n\n\n\n<p class=\"has-text-align-center\">\u201cAll local \u2013 All the time \u201c\u2122 is our motto.<\/p>\n<\/div><\/div>","protected":false},"excerpt":{"rendered":"<p>Welcome to our Hospitality Network Quick links to LISTING | REVIEWS | SERVICE PROVIDERS | EDITORS | ADVERTISING<\/p>","protected":false},"author":249,"featured_media":0,"parent":0,"menu_order":0,"comment_status":"closed","ping_status":"closed","template":"","meta":{"_uag_custom_page_level_css":"","_citadela_hide_page_title":"1","_citadela_remove_header_space":"1","_citadela_custom_class":"","_citadela_half_map_provider":"","_citadela_half_map_theme":"","_citadela_half_map_themeOSM":"","_citadela_half_map_customTheme":"","_citadela_half_map_dataType":"","_citadela_half_map_dynamicTrack":false,"_citadela_half_map_trackColor":"","_citadela_half_map_trackEndpointsColor":"","_citadela_half_map_filterCategory":"","_citadela_half_map_filterLocation":"","_citadela_half_map_filterFeatured":false,"_citadela_half_map_noDataBehavior":"empty-map","_citadela_half_map_noDataText":"","_citadela_half_map_clusterGridSize":80,"_citadela_header":true,"_citadela_header_over_content":false,"_citadela_header_text_color":"","_citadela_header_logo":{"id":208235,"url":"https:\/\/nodengo.com\/wp-content\/uploads\/Nodengo-logo-nhn.jpg","size":{"width":316,"height":75}},"_citadela_header_bg_image":[],"_citadela_header_bg_position":{"x":0.5,"y":0.5},"_citadela_header_bg_size":"cover","_citadela_header_bg_repeat":"no-repeat","_citadela_header_bg_fixed":false,"_citadela_header_bg_color":"","_citadela_header_bg_image_overlay":"","_citadela_header_transparent_bg":false,"_citadela_content_width":"","_citadela_half_layout_position":"","footnotes":""},"class_list":["post-54134","page","type-page","status-publish","hentry"],"uagb_featured_image_src":{"full":false,"thumbnail":false,"medium":false,"medium_large":false,"large":false,"1536x1536":false,"2048x2048":false,"trp-custom-language-flag":false,"citadela_item_thumbnail":false,"woocommerce_thumbnail":false,"woocommerce_single":false,"woocommerce_gallery_thumbnail":false,"citadela_service":false},"uagb_author_info":{"display_name":"Team Nodengo","author_link":"https:\/\/nodengo.com\/es\/author\/nodengo-team\/"},"uagb_comment_info":0,"uagb_excerpt":"Welcome to our Hospitality Network Quick links to LISTING | REVIEWS | SERVICE PROVIDERS | EDITORS | ADVERTISING","_links":{"self":[{"href":"https:\/\/nodengo.com\/es\/wp-json\/wp\/v2\/pages\/54134","targetHints":{"allow":["GET"]}}],"collection":[{"href":"https:\/\/nodengo.com\/es\/wp-json\/wp\/v2\/pages"}],"about":[{"href":"https:\/\/nodengo.com\/es\/wp-json\/wp\/v2\/types\/page"}],"author":[{"embeddable":true,"href":"https:\/\/nodengo.com\/es\/wp-json\/wp\/v2\/users\/249"}],"replies":[{"embeddable":true,"href":"https:\/\/nodengo.com\/es\/wp-json\/wp\/v2\/comments?post=54134"}],"version-history":[{"count":0,"href":"https:\/\/nodengo.com\/es\/wp-json\/wp\/v2\/pages\/54134\/revisions"}],"wp:attachment":[{"href":"https:\/\/nodengo.com\/es\/wp-json\/wp\/v2\/media?parent=54134"}],"curies":[{"name":"wp","href":"https:\/\/api.w.org\/{rel}","templated":true}]}}