{"id":54052,"date":"2022-09-17T07:49:50","date_gmt":"2022-09-17T05:49:50","guid":{"rendered":"https:\/\/nodengo.com\/?page_id=54052"},"modified":"2025-12-16T08:50:36","modified_gmt":"2025-12-16T07:50:36","slug":"hospitality-and-services-provider","status":"publish","type":"page","link":"https:\/\/nodengo.com\/es\/hospitality-network\/hospitality-and-services-provider\/","title":{"rendered":"La mejor soluci\u00f3n para proveedores de hosteler\u00eda y servicios."},"content":{"rendered":"<div style=\"height:14px\" aria-hidden=\"true\" class=\"wp-block-spacer\"><\/div>\n\n\n\t\t\t<!-- Flexy Breadcrumb -->\r\n\t\t\t<div class=\"fbc fbc-page\">\r\n\r\n\t\t\t\t<!-- Breadcrumb wrapper -->\r\n\t\t\t\t<div class=\"fbc-wrap\">\r\n\r\n\t\t\t\t\t<!-- Ordered list-->\r\n\t\t\t\t\t<ol class=\"fbc-items\" itemscope itemtype=\"https:\/\/schema.org\/BreadcrumbList\">\r\n\t\t\t\t\t\t            <li itemprop=\"itemListElement\" itemscope itemtype=\"https:\/\/schema.org\/ListItem\">\r\n                <span itemprop=\"name\">\r\n                    <!-- Home Link -->\r\n                    <a itemprop=\"item\" href=\"https:\/\/nodengo.com\/es\/\">\r\n                    \r\n                                                    <i class=\"fa fa-home\" aria-hidden=\"true\"><\/i>Home                    <\/a>\r\n                <\/span>\r\n                <meta itemprop=\"position\" content=\"1\" \/><!-- Meta Position-->\r\n             <\/li><li><span class=\"fbc-separator\">\/<\/span><\/li><li class=\"active\" itemprop=\"itemListElement\" itemscope itemtype=\"https:\/\/schema.org\/ListItem\"><span itemprop=\"name\" title=\"Best Travel Blog\">Best Travel Blog<\/span><meta itemprop=\"position\" content=\"2\" \/><\/li>\t\t\t\t\t<\/ol>\r\n\t\t\t\t\t<div class=\"clearfix\"><\/div>\r\n\t\t\t\t<\/div>\r\n\t\t\t<\/div>\r\n\t\t\t\n\n\n\n<p class=\"has-text-align-right\"><i class=\"fas fa-user\"><\/i> <a href=\"\/es\/partner-help\/\">Socios<\/a> | <i class=\"fas fa-pen\"><\/i> <a href=\"\/es\/partner-help\/#editors\">Editores<\/a> | <i class=\"fas fa-question\"><\/i> <a href=\"\/es\/partner-help\/\">Ayuda<\/a> | <i class=\"fas fa-id-card\"><\/i> <a href=\"https:\/\/nodengo.com\/es\/parther-help\/-26\/\">Contacto<\/a> | <i class=\"fas fa-list\"><\/i> <a href=\"\/es\/-3\/\">Cuenta <\/a><\/p>\n\n\n\n<div class=\"wp-block-citadela-blocks-custom-container citadela-block-custom-container size-wide bg-type-image inside-space-none bg-size-cover has-overlay\"><div class=\"bg-image-wrapper\" style=\"background-image:url(https:\/\/nodengo.com\/wp-content\/uploads\/service-provide-header.jpg);background-repeat:no-repeat;background-position:50% 50%\"><\/div><div class=\"bg-image-overlay\" style=\"opacity:0.5\"><\/div><div class=\"inner-holder\">\n<div style=\"height:243px\" aria-hidden=\"true\" class=\"wp-block-spacer\"><\/div>\n\n\n\n<h2 class=\"wp-block-heading has-text-align-center has-white-color has-text-color\"><strong>PROVEEDORES DE SERVICIOS DE HOSPITALIDAD: UNA C\u00c1LIDA BIENVENIDA<\/strong><\/h2>\n\n\n\n<div style=\"height:115px\" aria-hidden=\"true\" class=\"wp-block-spacer\"><\/div>\n<\/div><\/div>\n\n\n\n<div style=\"height:35px\" aria-hidden=\"true\" class=\"wp-block-spacer\"><\/div>\n\n\n\n<div class=\"wp-block-citadela-blocks-custom-container citadela-block-custom-container size-wide bg-type-none inside-space-none\"><div class=\"inner-holder\">\n<h3 class=\"wp-block-heading has-text-align-center\"><strong>\u00bfEst\u00e1 interesado en promocionar sus servicios a los clientes adecuados?<\/strong><\/h3>\n\n\n\n<div class=\"wp-block-columns is-layout-flex wp-container-core-columns-is-layout-9d6595d7 wp-block-columns-is-layout-flex\">\n<div class=\"wp-block-column is-layout-flow wp-block-column-is-layout-flow\" style=\"flex-basis:25%\"><div class=\"wp-block-image\">\n<figure class=\"alignright size-full\"><img decoding=\"async\" width=\"217\" height=\"287\" src=\"https:\/\/nodengo.com\/wp-content\/uploads\/custres.gif\" alt=\"Best solution for hospitality and services providers\" class=\"wp-image-144715\" style=\"aspect-ratio:3\/4;object-fit:cover\" title=\"\"><\/figure>\n<\/div><\/div>\n\n\n\n<div class=\"wp-block-column is-layout-flow wp-block-column-is-layout-flow\" style=\"flex-basis:66.66%\">\n<p>Como proveedores de servicios en la industria del turismo y los viajes. Sabes lo dif\u00edcil que es destacar entre la multitud, buscas nuevas v\u00edas para diferenciar tu negocio de los dem\u00e1s. Si bien es bastante f\u00e1cil hacerlo localmente, sabe que hacerlo en l\u00ednea puede ser una pesadilla.<\/p>\n\n\n\n<p>Si tan solo hubiera una manera de destacarse sin gastar una fortuna en SEO, dando tanta comisi\u00f3n a las OTA o asignando mucho dinero, tiempo y recursos para tratar de publicitar en l\u00ednea, y lo m\u00e1s importante para ver si existe una verdadera retorno de su inversi\u00f3n.<\/p>\n\n\n\n<p>Deber\u00eda haber nuevas formas de dar a conocer un establecimiento al p\u00fablico. \u00a1Ahora hay!<strong> \u00a1Ahora hay una!<\/strong><\/p>\n<\/div>\n<\/div>\n\n\n\n<p>Nodengo.com es una soluci\u00f3n alternativa, nuestro objetivo es brindar a los visitantes potenciales: informaci\u00f3n precisa, imparcial y actualizada sobre la ciudad que est\u00e1n a punto de visitar. y con esto en mente, ofrecemos que su empresa aparezca en nuestras p\u00e1ginas locales, se promocione en nuestro sitio web y, lo mejor de todo, se revise con precisi\u00f3n.<\/p>\n\n\n\n<p>Somos una reuni\u00f3n de profesionales de la hosteler\u00eda local, que vivimos en su vecindario y podemos contarle al mundo \"profesionalmente\" acerca de su establecimiento. Nos hemos propuesto ser el lugar n\u00famero uno para la informaci\u00f3n de destinos en todo el mundo, al proporcionar rese\u00f1as imparciales, profesionales y precisas sobre establecimientos locales proporcionadas por Editores locales.<\/p>\n\n\n\n<p>Nuestra misi\u00f3n es corregir este error ofreciendo a los operadores de atracciones y profesionales del turismo una forma alternativa de dar a conocer su establecimiento al p\u00fablico en general.<\/p>\n\n\n\n<p><strong>Nuestro sitio web tiene como objetivo brindar a los visitantes potenciales informaci\u00f3n precisa, imparcial y actualizada sobre la ciudad que planean visitar.<\/strong><\/p>\n<\/div><\/div>\n\n\n\n<div class=\"wp-block-citadela-blocks-custom-container citadela-block-custom-container size-wide bg-type-none inside-space-none\"><div class=\"inner-holder\">\n<div class=\"wp-block-columns is-layout-flex wp-container-core-columns-is-layout-9d6595d7 wp-block-columns-is-layout-flex\">\n<div class=\"wp-block-column is-layout-flow wp-block-column-is-layout-flow\" style=\"flex-basis:33.33%\"><div class=\"wp-block-image is-style-rounded\">\n<figure class=\"aligncenter size-full\"><img decoding=\"async\" width=\"741\" height=\"465\" src=\"https:\/\/nodengo.com\/wp-content\/uploads\/slider-img1.png\" alt=\"\" class=\"wp-image-144714\" title=\"\" srcset=\"https:\/\/nodengo.com\/wp-content\/uploads\/slider-img1.png 741w, https:\/\/nodengo.com\/wp-content\/uploads\/slider-img1-150x94.png 150w, https:\/\/nodengo.com\/wp-content\/uploads\/slider-img1-300x188.png 300w, https:\/\/nodengo.com\/wp-content\/uploads\/slider-img1-18x12.png 18w\" sizes=\"(max-width: 741px) 100vw, 741px\" \/><\/figure>\n<\/div><\/div>\n\n\n\n<div class=\"wp-block-column is-layout-flow wp-block-column-is-layout-flow\" style=\"flex-basis:66.66%\">\n<h4 class=\"wp-block-heading\"><strong>\u00bfEst\u00e1 interesado en ser revisado profesionalmente?<\/strong><\/h4>\n\n\n\n<p>Usted est\u00e1 en la industria de proveedores de servicios y hospitalidad, y como sabe, hay miles de rese\u00f1as disponibles en Internet y el n\u00famero es cada vez mayor. Y aunque estas rese\u00f1as de alguna manera dan una idea de un establecimiento, en nuestra opini\u00f3n, no representan completamente lo que estos establecimientos ofrecen.<\/p>\n\n\n\n<p>as OTA y los sitios de viajes ofrecen a sus clientes opinar sobre el establecimiento que han visitado, algunos incluso ofrecen convertir a sus clientes en \"evaluadores\" ofreci\u00e9ndoles una compensaci\u00f3n monetaria durante su visita o su estancia en un hotel.<\/p>\n<\/div>\n<\/div>\n<\/div><\/div>\n\n\n\n<h2 class=\"wp-block-heading\">5 RAZONES POR LAS QUE SOMOS MEJORES<\/h2>\n\n\n\n<p class=\"has-text-color\" style=\"color:#4d5358\"><strong>Sabemos qu\u00e9 hacer, c\u00f3mo hacerlo y qu\u00e9 no hacer.<\/strong><\/p>\n\n\n\n<div class=\"wp-block-citadela-blocks-custom-container citadela-block-custom-container size-wide bg-type-none inside-space-none\"><div class=\"inner-holder\">\n<div class=\"wp-block-columns is-layout-flex wp-container-core-columns-is-layout-9d6595d7 wp-block-columns-is-layout-flex\">\n<div class=\"wp-block-column is-layout-flow wp-block-column-is-layout-flow\" style=\"flex-basis:45%\">\n<p class=\"has-text-align-right\"><strong>Raz\u00f3n 1: INFORMACI\u00d3N VERDADERAMENTE LOCAL<\/strong><\/p>\n<\/div>\n\n\n\n<div class=\"wp-block-column is-layout-flow wp-block-column-is-layout-flow\" style=\"flex-basis:55%\">\n<p style=\"font-size:15px\">La informaci\u00f3n es genuinamente local, ya que nuestros editores son locales, no son recopilados por operadores extranjeros que nunca han visitado la ciudad sobre la que informan a los visitantes.<br>Nuestros escritores viven en la ciudad sobre la que escriben, lo saben, viven all\u00ed.<\/p>\n<\/div>\n<\/div>\n\n\n\n<div class=\"wp-block-columns is-layout-flex wp-container-core-columns-is-layout-9d6595d7 wp-block-columns-is-layout-flex\">\n<div class=\"wp-block-column is-layout-flow wp-block-column-is-layout-flow\" style=\"flex-basis:45%\">\n<p class=\"has-text-align-right\"><strong>Raz\u00f3n 2: PRECISO<\/strong><\/p>\n<\/div>\n\n\n\n<div class=\"wp-block-column is-layout-flow wp-block-column-is-layout-flow\" style=\"flex-basis:55%\">\n<p style=\"font-size:15px\">Nuestra informaci\u00f3n es precisa, no hay demora de tiempo entre la recopilaci\u00f3n de informaci\u00f3n y la publicaci\u00f3n en nuestro sitio, una vez m\u00e1s, nuestros editores son locales y tambi\u00e9n lo son sus recomendaciones; ellos saben lo que est\u00e1 pasando localmente y en su vecindario y lo publican en nuestro sitio.<\/p>\n<\/div>\n<\/div>\n\n\n\n<div class=\"wp-block-columns is-layout-flex wp-container-core-columns-is-layout-9d6595d7 wp-block-columns-is-layout-flex\">\n<div class=\"wp-block-column is-layout-flow wp-block-column-is-layout-flow\" style=\"flex-basis:45%\">\n<p class=\"has-text-align-right\"><strong>Raz\u00f3n 3: EVALUACIONES PROFESIONALES<\/strong><\/p>\n<\/div>\n\n\n\n<div class=\"wp-block-column is-layout-flow wp-block-column-is-layout-flow\" style=\"flex-basis:55%\">\n<p style=\"font-size:15px\">Nuestras rese\u00f1as est\u00e1n escritas por personas reales y experimentadas; adem\u00e1s, estas rese\u00f1as no est\u00e1n escritas por \"turistas aficionados\", nuestros escritores son profesionales hoteleros, conocen su negocio y pueden describir y evaluar con precisi\u00f3n su establecimiento.<\/p>\n<\/div>\n<\/div>\n\n\n\n<div class=\"wp-block-columns is-layout-flex wp-container-core-columns-is-layout-9d6595d7 wp-block-columns-is-layout-flex\">\n<div class=\"wp-block-column is-layout-flow wp-block-column-is-layout-flow\" style=\"flex-basis:45%\">\n<p class=\"has-text-align-right\"><strong>Raz\u00f3n 4: SOMOS MEJORES<\/strong><\/p>\n<\/div>\n\n\n\n<div class=\"wp-block-column is-layout-flow wp-block-column-is-layout-flow\" style=\"flex-basis:55%\">\n<p style=\"font-size:15px\">NO somos solo un motor de b\u00fasqueda, un \"sitio de rese\u00f1as\" o simplemente estamos interesados \u200b\u200ben publicar rese\u00f1as no verificadas y, a menudo, poco profesionales, creemos que hay una mejor manera, enumeramos rese\u00f1as honestas y precisas: creemos que se merece algo mejor y nuestro objetivo es ser superior. a este respecto<\/p>\n<\/div>\n<\/div>\n\n\n\n<div class=\"wp-block-columns is-layout-flex wp-container-core-columns-is-layout-9d6595d7 wp-block-columns-is-layout-flex\">\n<div class=\"wp-block-column is-layout-flow wp-block-column-is-layout-flow\" style=\"flex-basis:45%\">\n<p class=\"has-text-align-right\"><strong>Raz\u00f3n 5: ES GRATIS<\/strong><\/p>\n<\/div>\n\n\n\n<div class=\"wp-block-column is-layout-flow wp-block-column-is-layout-flow\" style=\"flex-basis:55%\">\n<p style=\"font-size:15px\">Nuestro servicio es gratuito, el SEO b\u00e1sico de tu negocio en Internet y en todos los dispositivos es gratuito. El \u00fanico costo asociado con una evaluaci\u00f3n es que brinda sus servicios de forma gratuita a uno de nuestros editores y los publicamos en nuestro sitio web. Teniendo en cuenta las implicaciones y los costos asociados con otras evaluaciones, este es un costo m\u00ednimo. Es as\u00ed de simple<\/p>\n<\/div>\n<\/div>\n<\/div><\/div>\n\n\n\n<div class=\"wp-block-citadela-blocks-custom-container citadela-block-custom-container size-wide bg-type-none inside-space-none\"><div class=\"inner-holder\">\n<div class=\"wp-block-columns is-layout-flex wp-container-core-columns-is-layout-9d6595d7 wp-block-columns-is-layout-flex\">\n<div class=\"wp-block-column is-layout-flow wp-block-column-is-layout-flow\">\n<div class=\"wp-block-citadela-blocks-service citadela-block-service main-holder layout-box header-type-icon has-readmore standard\"><div class=\"service-header\"><div class=\"service-icon\"><a href=\"https:\/\/nodengo.com\/es\/-34\/\"><i class=\"fas fa-info-circle\" style=\"color:#b9b9b9\"><\/i><\/a><\/div><\/div><div class=\"service-content\"><div class=\"service-content-wrap\"><a href=\"https:\/\/nodengo.com\/es\/-34\/\"><h3 class=\"service-title\"><a href=\"https:\/\/nodengo.com\/es\/-34\/\"><\/a><a href=\"https:\/\/nodengo.com\/es\/-34\/\"><\/a><a href=\"https:\/\/nodengo.com\/es\/-34\/\"><\/a><a href=\"https:\/\/nodengo.com\/es\/-34\/\"><\/a><a href=\"https:\/\/nodengo.com\/es\/preguntas-mas-frecuentes\/\"><\/a><a href=\"https:\/\/nodengo.com\/es\/preguntas-mas-frecuentes\/\"><strong><\/strong><\/a><strong><a href=\"https:\/\/nodengo.com\/es\/-34\/\"> TE PODEMOS AYUDAR\u00a0<\/a><\/strong><\/h3><\/a><p class=\"service-description\">Nodengo.com puede ayudar a los proveedores de servicios y hosteler\u00eda a promocionar su establecimiento.<\/p><a href=\"https:\/\/nodengo.com\/es\/-34\/\" class=\"service-readmore\"><span class=\"service-readmore-text\">Saber m\u00e1s<\/span><\/a><\/div><\/div><\/div>\n<\/div>\n\n\n\n<div class=\"wp-block-column is-layout-flow wp-block-column-is-layout-flow\">\n<div class=\"wp-block-citadela-blocks-service citadela-block-service main-holder layout-box header-type-icon has-readmore standard\"><div class=\"service-header\"><div class=\"service-icon\"><a href=\"https:\/\/nodengo.com\/es\/\/\"><i class=\"fas fa-pen\" style=\"color:#b9b9b9\"><\/i><\/a><\/div><\/div><div class=\"service-content\"><div class=\"service-content-wrap\"><a href=\"https:\/\/nodengo.com\/es\/\/\"><h3 class=\"service-title\"><strong><a href=\"https:\/\/nodengo.com\/es\/-34\/\"> SU ESTABLECIMIENTO COTIZADO<\/a><\/strong><\/h3><\/a><p class=\"service-description\">para que pueda llegar a viajeros potenciales en todo el mundo.<\/p><a href=\"https:\/\/nodengo.com\/es\/\/\" class=\"service-readmore\"><span class=\"service-readmore-text\">Registrate gratis<\/span><\/a><\/div><\/div><\/div>\n<\/div>\n\n\n\n<div class=\"wp-block-column is-layout-flow wp-block-column-is-layout-flow\">\n<div class=\"wp-block-citadela-blocks-service citadela-block-service main-holder layout-box header-type-icon has-readmore standard\"><div class=\"service-header\"><div class=\"service-icon\"><a href=\"https:\/\/nodengo.com\/es\/-34\/-4\/\"><i class=\"fas fa-star\" style=\"color:#b9b9b9\"><\/i><\/a><\/div><\/div><div class=\"service-content\"><div class=\"service-content-wrap\"><a href=\"https:\/\/nodengo.com\/es\/-34\/-4\/\"><h3 class=\"service-title\"><a href=\"https:\/\/nodengo.com\/es\/-34\/-4\/\"><\/a><a href=\"https:\/\/nodengo.com\/es\/-34\/-4\/\"><\/a><a href=\"https:\/\/nodengo.com\/es\/-34\/-4\/\"><\/a><a href=\"https:\/\/nodengo.com\/es\/network\/-4\/\"><\/a><a href=\"https:\/\/nodengo.com\/es\/network\/-4\/\"><\/a><a href=\"https:\/\/nodengo.com\/es\/network\/-4\/\"><\/a><a href=\"https:\/\/nodengo.com\/es\/network\/-4\/\"><\/a><a href=\"https:\/\/nodengo.com\/es\/network\/-4\/\"><\/a><a href=\"https:\/\/nodengo.com\/es\/network\/-4\/\"><\/a><a href=\"https:\/\/nodengo.com\/es\/network\/-4\/\"><\/a><a href=\"https:\/\/nodengo.com\/es\/-34\/-4\/\"><strong>SOLICITA UNA EVALUACI\u00d3N<\/strong><\/a><\/h3><\/a><p class=\"service-description\">Haga tasar su establecimiento y benef\u00edciese de la m\u00e1xima exposici\u00f3n.<\/p><a href=\"https:\/\/nodengo.com\/es\/-34\/-4\/\" class=\"service-readmore\"><span class=\"service-readmore-text\">APRENDE M\u00c1S<\/span><\/a><\/div><\/div><\/div>\n<\/div>\n\n\n\n<div class=\"wp-block-column is-layout-flow wp-block-column-is-layout-flow\">\n<div class=\"wp-block-citadela-blocks-service citadela-block-service main-holder layout-box header-type-icon has-readmore standard\"><div class=\"service-header\"><div class=\"service-icon\"><a href=\"https:\/\/ads.nodengo.com\/es\/\"><i class=\"fas fa-bullhorn\" style=\"color:#b9b9b9\"><\/i><\/a><\/div><\/div><div class=\"service-content\"><div class=\"service-content-wrap\"><a href=\"https:\/\/ads.nodengo.com\/es\/\"><h3 class=\"service-title\"><a href=\"https:\/\/ads.nodengo.com\/es\/\"><\/a><a href=\"https:\/\/ads.nodengo.com\/es\/\"><\/a><a href=\"https:\/\/ads.nodengo.com\/es\/\"><\/a><a href=\"https:\/\/ads.nodengo.com\/es\/\"><\/a><a href=\"https:\/\/ads.nodengo.com\/es\/\"><\/a><a href=\"https:\/\/ads.nodengo.com\/es\/\"><\/a><a href=\"https:\/\/ads.nodengo.com\/es\/\"><\/a><a href=\"https:\/\/ads.nodengo.com\/es\/\"><\/a><a href=\"https:\/\/ads.nodengo.com\/es\/\"><\/a><a href=\"https:\/\/ads.nodengo.com\/es\/\"><\/a><a href=\"https:\/\/ads.nodengo.com\/es\/\"><strong>PUBLICIDAD<\/strong><\/a><\/h3><\/a><p class=\"service-description\"> An\u00fanciate en Nodengo.com y aprovecha nuestras opciones de publicidad realmente dirigida.<\/p><a href=\"https:\/\/ads.nodengo.com\/es\/\" class=\"service-readmore\"><span class=\"service-readmore-text\">PUBLICIDAD<\/span><\/a><\/div><\/div><\/div>\n<\/div>\n<\/div>\n\n\n\n<p>Adem\u00e1s de proporcionar informaci\u00f3n local precisa, Nodengo.com tambi\u00e9n ofrece muchas otras opciones.<\/p>\n\n\n\n<ul class=\"wp-block-list\">\n<li>Un&nbsp;<strong><a href=\"https:\/\/nodengo.com\/es\/vuelos\/\" target=\"_blank\" data-type=\"page\" data-id=\"26317\" rel=\"noreferrer noopener\">motor de b\u00fasqueda de vuelos<\/a>&nbsp;<\/strong>para encontrar la mejor oferta y reservar vuelos entre 728 Airlines y 5 Booking system.<\/li>\n\n\n\n<li>Un metabuscador para encontrar el&nbsp;<a href=\"https:\/\/nodengo.com\/es\/hotels\/\" target=\"_blank\" data-type=\"page\" data-id=\"26236\" rel=\"noreferrer noopener\"><strong>mejor hotel<\/strong><\/a>&nbsp;a los mejores precios y hasta un 60% de descuento.<\/li>\n\n\n\n<li><strong>Actividades en l\u00ednea antes de la llegada<\/strong>, s\u00e1ltate las colas y elige los mejores espect\u00e1culos antes de ir.<\/li>\n\n\n\n<li><strong>Un rent a car.<\/strong><a href=\"https:\/\/nodengo.com\/es\/-12\/\" target=\"_blank\" data-type=\"page\" data-id=\"26089\" rel=\"noreferrer noopener\"><strong>&nbsp;buscador<\/strong><\/a>&nbsp;para encontrar el mejor coche al mejor precio en cualquier parte del mundo.<\/li>\n<\/ul>\n\n\n\n<p><\/p>\n<\/div><\/div>","protected":false},"excerpt":{"rendered":"<p>Partners | Editors | Help | Contact | Account 5 REASONS WE ARE BETTER We know what must be done, what has to be done, and what should not be [&hellip;]<\/p>\n","protected":false},"author":249,"featured_media":0,"parent":54134,"menu_order":0,"comment_status":"closed","ping_status":"closed","template":"","meta":{"_uag_custom_page_level_css":"","_citadela_hide_page_title":"1","_citadela_remove_header_space":"1","_citadela_custom_class":"","_citadela_half_map_provider":"","_citadela_half_map_theme":"","_citadela_half_map_themeOSM":"","_citadela_half_map_customTheme":"","_citadela_half_map_dataType":"","_citadela_half_map_dynamicTrack":false,"_citadela_half_map_trackColor":"","_citadela_half_map_trackEndpointsColor":"","_citadela_half_map_filterCategory":"","_citadela_half_map_filterLocation":"","_citadela_half_map_filterFeatured":false,"_citadela_half_map_noDataBehavior":"empty-map","_citadela_half_map_noDataText":"","_citadela_half_map_clusterGridSize":80,"_citadela_header":true,"_citadela_header_over_content":false,"_citadela_header_text_color":"","_citadela_header_logo":{"id":208235,"url":"https:\/\/nodengo.com\/wp-content\/uploads\/Nodengo-logo-nhn.jpg","size":{"width":316,"height":75}},"_citadela_header_bg_image":[],"_citadela_header_bg_position":{"x":0.5,"y":0.5},"_citadela_header_bg_size":"cover","_citadela_header_bg_repeat":"no-repeat","_citadela_header_bg_fixed":false,"_citadela_header_bg_color":"","_citadela_header_bg_image_overlay":"","_citadela_header_transparent_bg":false,"_citadela_content_width":"","_citadela_half_layout_position":"","footnotes":""},"class_list":["post-54052","page","type-page","status-publish","hentry"],"uagb_featured_image_src":{"full":false,"thumbnail":false,"medium":false,"medium_large":false,"large":false,"1536x1536":false,"2048x2048":false,"trp-custom-language-flag":false,"citadela_item_thumbnail":false,"woocommerce_thumbnail":false,"woocommerce_single":false,"woocommerce_gallery_thumbnail":false,"citadela_service":false},"uagb_author_info":{"display_name":"Team Nodengo","author_link":"https:\/\/nodengo.com\/es\/author\/nodengo-team\/"},"uagb_comment_info":0,"uagb_excerpt":"Partners | Editors | Help | Contact | Account 5 REASONS WE ARE BETTER We know what must be done, what has to be done, and what should not be [&hellip;]","_links":{"self":[{"href":"https:\/\/nodengo.com\/es\/wp-json\/wp\/v2\/pages\/54052","targetHints":{"allow":["GET"]}}],"collection":[{"href":"https:\/\/nodengo.com\/es\/wp-json\/wp\/v2\/pages"}],"about":[{"href":"https:\/\/nodengo.com\/es\/wp-json\/wp\/v2\/types\/page"}],"author":[{"embeddable":true,"href":"https:\/\/nodengo.com\/es\/wp-json\/wp\/v2\/users\/249"}],"replies":[{"embeddable":true,"href":"https:\/\/nodengo.com\/es\/wp-json\/wp\/v2\/comments?post=54052"}],"version-history":[{"count":0,"href":"https:\/\/nodengo.com\/es\/wp-json\/wp\/v2\/pages\/54052\/revisions"}],"up":[{"embeddable":true,"href":"https:\/\/nodengo.com\/es\/wp-json\/wp\/v2\/pages\/54134"}],"wp:attachment":[{"href":"https:\/\/nodengo.com\/es\/wp-json\/wp\/v2\/media?parent=54052"}],"curies":[{"name":"wp","href":"https:\/\/api.w.org\/{rel}","templated":true}]}}