{"id":54050,"date":"2022-09-17T07:48:29","date_gmt":"2022-09-17T05:48:29","guid":{"rendered":"https:\/\/nodengo.com\/?page_id=54050"},"modified":"2025-12-16T08:48:11","modified_gmt":"2025-12-16T07:48:11","slug":"-31","status":"publish","type":"page","link":"https:\/\/nodengo.com\/es\/hospitality-network\/become-an-editor\/","title":{"rendered":"Convi\u00e9rtete en editor"},"content":{"rendered":"<div class=\"wp-block-citadela-blocks-custom-container citadela-block-custom-container size-wide bg-type-none inside-space-none\"><div class=\"inner-holder\">\n<div class=\"wp-block-citadela-blocks-custom-container citadela-block-custom-container size-wide bg-type-image inside-space-none bg-size-cover has-overlay has-min-height vertical-align-top\" style=\"min-height:350px\"><div class=\"bg-image-wrapper\" style=\"background-image:url(https:\/\/nodengo.com\/wp-content\/uploads\/outdoor-travel.jpg);background-repeat:no-repeat;background-position:49% 8%\"><\/div><div class=\"bg-image-overlay\" style=\"opacity:0.5\"><\/div><div class=\"inner-holder\">\n<div style=\"height:188px\" aria-hidden=\"true\" class=\"wp-block-spacer\"><\/div>\n\n\n\n<div style=\"height:145px\" aria-hidden=\"true\" class=\"wp-block-spacer\"><\/div>\n\n\n\n<h1 class=\"wp-block-heading has-black-color has-text-color has-link-color wp-elements-f8e359afdec43f7686dae2e4c918631a\">What is an Editor ?.. Good question, thank you for asking.<\/h1>\n\n\n\n<div style=\"height:145px\" aria-hidden=\"true\" class=\"wp-block-spacer\"><\/div>\n\n\n\n<div style=\"height:145px\" aria-hidden=\"true\" class=\"wp-block-spacer\"><\/div>\n<\/div><\/div>\n\n\n\n<div class=\"wp-block-columns is-layout-flex wp-container-core-columns-is-layout-9d6595d7 wp-block-columns-is-layout-flex\">\n<div class=\"wp-block-column is-layout-flow wp-block-column-is-layout-flow\">\t\t\t<!-- Flexy Breadcrumb -->\r\n\t\t\t<div class=\"fbc fbc-page\">\r\n\r\n\t\t\t\t<!-- Breadcrumb wrapper -->\r\n\t\t\t\t<div class=\"fbc-wrap\">\r\n\r\n\t\t\t\t\t<!-- Ordered list-->\r\n\t\t\t\t\t<ol class=\"fbc-items\" itemscope itemtype=\"https:\/\/schema.org\/BreadcrumbList\">\r\n\t\t\t\t\t\t            <li itemprop=\"itemListElement\" itemscope itemtype=\"https:\/\/schema.org\/ListItem\">\r\n                <span itemprop=\"name\">\r\n                    <!-- Home Link -->\r\n                    <a itemprop=\"item\" href=\"https:\/\/nodengo.com\/es\/\">\r\n                    \r\n                                                    <i class=\"fa fa-home\" aria-hidden=\"true\"><\/i>Home                    <\/a>\r\n                <\/span>\r\n                <meta itemprop=\"position\" content=\"1\" \/><!-- Meta Position-->\r\n             <\/li><li><span class=\"fbc-separator\">\/<\/span><\/li><li class=\"active\" itemprop=\"itemListElement\" itemscope itemtype=\"https:\/\/schema.org\/ListItem\"><span itemprop=\"name\" title=\"Best Travel Blog\">Best Travel Blog<\/span><meta itemprop=\"position\" content=\"2\" \/><\/li>\t\t\t\t\t<\/ol>\r\n\t\t\t\t\t<div class=\"clearfix\"><\/div>\r\n\t\t\t\t<\/div>\r\n\t\t\t<\/div>\r\n\t\t\t\n\n\n\n<div class=\"wp-block-citadela-blocks-spacer citadela-block-spacer negative-height\"><div class=\"inner-holder\" style=\"margin-top:-11em\"><\/div><\/div>\n<\/div>\n\n\n\n<div class=\"wp-block-column is-layout-flow wp-block-column-is-layout-flow\">\n<p class=\"has-text-align-center has-black-color has-text-color has-link-color wp-elements-0c133fc4ec650d7645676c41cbd54cdd\"><a href=\"https:\/\/nodengo.com\/es\/-34\/-31\/requirements\/\" data-type=\"page\" data-id=\"53827\">Requirements<\/a> &#8211; <a href=\"https:\/\/nodengo.com\/es\/-34\/-31\/eligibility\/\" data-type=\"page\" data-id=\"53768\">Eligibility<\/a> &#8211; <a href=\"#advantages\">Advantages<\/a> &#8211; <a href=\"https:\/\/nodengo.com\/hospitality-network\/editors-sign-up\/\" data-type=\"page\" data-id=\"54492\">Sign Up<\/a><\/p>\n<\/div>\n<\/div>\n<\/div><\/div>\n\n\n\n<div class=\"wp-block-citadela-blocks-custom-container citadela-block-custom-container size-wide bg-type-none inside-space-none\"><div class=\"inner-holder\">\n<div class=\"wp-block-citadela-blocks-custom-container citadela-block-custom-container size-wide bg-type-none inside-space-none\"><div class=\"inner-holder\">\n<p>CONVI\u00c9RTETE EN EDITOR DE NODENGO.COM<\/p>\n\n\n\n<h3 class=\"wp-block-heading\">Creemos que existe una necesidad y una oportunidad a nivel mundial de proporcionar informaci\u00f3n imparcial y precisa a los viajeros.<\/h3>\n\n\n\n<h3 class=\"wp-block-heading\"> Y necesitamos editores locales.<\/h3>\n\n\n\n<p>In today&#8217;s world, it seems like everyone believes they are qualified to offer advice on the service industry. However, these &#8220;comments&#8221; often lack objectivity and basic industry knowledge. At the same time, many travel websites have a &#8220;comments and reviews&#8221; section, but it would be naive to think that their main focus is on the quality of the reviews rather than the traffic generated on their site.<\/p>\n\n\n\n<p>Our website, Nodengo.com, aims to provide potential visitors with accurate, unbiased, and up-to-date information about the city they plan to visit. That&#8217;s why we need local Editors like you.<\/p>\n\n\n\n<p>\u00bfQui\u00e9n mejor que t\u00fa? Vives en esa ciudad, la disfrutas y tu trabajo consiste en asesorar peri\u00f3dicamente a los hu\u00e9spedes. Eres el embajador perfecto y puedes mostrar profesionalmente tu ciudad a los viajeros deseosos de explorarla.<\/p>\n<\/div><\/div>\n<\/div><\/div>\n\n\n\n<div class=\"wp-block-citadela-blocks-custom-container citadela-block-custom-container size-wide bg-type-none inside-space-none\"><div class=\"inner-holder\">\n<figure class=\"wp-block-image size-large\"><img decoding=\"async\" width=\"1024\" height=\"187\" src=\"https:\/\/nodengo.com\/wp-content\/uploads\/hotel-Fancy-Heading-Bg-1024x187.jpg\" alt=\"\" class=\"wp-image-54187\" title=\"\" srcset=\"https:\/\/nodengo.com\/wp-content\/uploads\/hotel-Fancy-Heading-Bg-1024x187.jpg 1024w, https:\/\/nodengo.com\/wp-content\/uploads\/hotel-Fancy-Heading-Bg-150x27.jpg 150w, https:\/\/nodengo.com\/wp-content\/uploads\/hotel-Fancy-Heading-Bg-900x165.jpg 900w, https:\/\/nodengo.com\/wp-content\/uploads\/hotel-Fancy-Heading-Bg-300x55.jpg 300w, https:\/\/nodengo.com\/wp-content\/uploads\/hotel-Fancy-Heading-Bg-768x140.jpg 768w, https:\/\/nodengo.com\/wp-content\/uploads\/hotel-Fancy-Heading-Bg-1536x281.jpg 1536w, https:\/\/nodengo.com\/wp-content\/uploads\/hotel-Fancy-Heading-Bg-18x3.jpg 18w, https:\/\/nodengo.com\/wp-content\/uploads\/hotel-Fancy-Heading-Bg.jpg 1920w\" sizes=\"(max-width: 1024px) 100vw, 1024px\" \/><\/figure>\n\n\n\n<p class=\"has-text-color\" style=\"color:#1e7052\">Become and editor &#8211; <strong>What&#8217;s in it for You?<\/strong><\/p>\n\n\n\n<p>Convi\u00e9rtase en editor y convi\u00e9rtase en el experto en networking de su ciudad como editor, ganando exposici\u00f3n a todas las empresas de viajes locales. Trate de ser la fuente de referencia para obtener informaci\u00f3n precisa en su regi\u00f3n. Creemos que es necesario mejorar las rese\u00f1as y, como residente de la ciudad que trabaja en la industria, usted est\u00e1 especialmente calificado para comentar profesionalmente sobre los servicios del establecimiento y mostrar su ciudad a los viajeros potenciales.<\/p>\n\n\n\n<p class=\"has-black-color has-text-color\">Share your knowledge of lesser-known places you&#8217;ve visited and reviewed. Embrace the opportunity to represent YOUR City to our visitors.<\/p>\n\n\n\n<p>Si bien todos pueden postularse, hay requisitos espec\u00edficos <a href=\"https:\/\/nodengo.com\/es\/-34\/-31\/requirements\/\" data-type=\"page\" data-id=\"53827\">requisitos<\/a> y condiciones asociadas con nuestro servicio. Si crees que tienes las habilidades y la pasi\u00f3n necesarias,<\/p>\n\n\n\n<div class=\"wp-block-columns is-layout-flex wp-container-core-columns-is-layout-9d6595d7 wp-block-columns-is-layout-flex\">\n<div class=\"wp-block-column is-layout-flow wp-block-column-is-layout-flow\" style=\"flex-basis:66.66%\">\n<figure class=\"wp-block-image size-large\"><img decoding=\"async\" width=\"1024\" height=\"640\" src=\"https:\/\/nodengo.com\/wp-content\/uploads\/03-Copy-2-1-1024x640.jpg\" alt=\"become an editor\" class=\"wp-image-53673\" title=\"\" srcset=\"https:\/\/nodengo.com\/wp-content\/uploads\/03-Copy-2-1-1024x640.jpg 1024w, https:\/\/nodengo.com\/wp-content\/uploads\/03-Copy-2-1-150x94.jpg 150w, https:\/\/nodengo.com\/wp-content\/uploads\/03-Copy-2-1-900x563.jpg 900w, https:\/\/nodengo.com\/wp-content\/uploads\/03-Copy-2-1-300x188.jpg 300w, https:\/\/nodengo.com\/wp-content\/uploads\/03-Copy-2-1-768x480.jpg 768w, https:\/\/nodengo.com\/wp-content\/uploads\/03-Copy-2-1-1536x960.jpg 1536w, https:\/\/nodengo.com\/wp-content\/uploads\/03-Copy-2-1-18x12.jpg 18w, https:\/\/nodengo.com\/wp-content\/uploads\/03-Copy-2-1.jpg 1920w\" sizes=\"(max-width: 1024px) 100vw, 1024px\" \/><\/figure>\n<\/div>\n\n\n\n<div class=\"wp-block-column is-layout-flow wp-block-column-is-layout-flow\" style=\"flex-basis:33.33%\">\n<h3 class=\"wp-block-heading has-text-align-center\">If you think you have what it takes to become an editor<\/h3>\n\n\n\n<p class=\"has-text-align-center\">Join us now <\/p>\n\n\n\n<div class=\"wp-block-buttons is-layout-flex wp-block-buttons-is-layout-flex\">\n<div class=\"wp-block-button has-custom-width wp-block-button__width-100\"><a class=\"wp-block-button__link wp-element-button\" href=\"https:\/\/nodengo.com\/hospitality-network\/editors-sign-up\/\">Apply Now<\/a><\/div>\n<\/div>\n\n\n\n<p class=\"has-text-align-center has-small-font-size\">Our main language being english, it is obvious that a good knowledge of the english langugage is required to aplly for an editor position<\/p>\n<\/div>\n<\/div>\n<\/div><\/div>\n\n\n\n<h3 class=\"wp-block-heading has-text-color\" id=\"advantages\" style=\"color:#491b1b\">Ventajas para convertirse en editor<\/h3>\n\n\n\n<div class=\"wp-block-citadela-blocks-custom-container citadela-block-custom-container size-wide bg-type-none inside-space-none\"><div class=\"inner-holder\">\n<ol class=\"wp-block-list\">\n<li>Excelente exposi\u00e7\u00e3o, quanto mais avalia\u00e7\u00f5es voc\u00ea fizer sobre sua cidade, mais famoso voc\u00ea se tornar\u00e1&nbsp;<strong>no solo<\/strong> en nuestro sitio, sino en tu comunidad, en tu ciudad y con tus pares.<\/li>\n\n\n\n<li>Podr\u00e1s establecer contactos dentro de tu industria. Establecer contactos en Linkedin y Facebook es excelente, pero establecer contactos directamente dentro de su negocio y a nivel local puede brindarle una gran cantidad de oportunidades.<\/li>\n\n\n\n<li>Podr\u00e1 establecer contactos entre profesionales de conserjer\u00eda y hosteler\u00eda de todo el mundo.<\/li>\n\n\n\n<li>Estamos preparados para convertirnos en una comunidad para el Concierge y los Servicios relacionados, y ayudarnos unos a otros para brindar un servicio de Concierge verdaderamente mundial.<\/li>\n\n\n\n<li>Las evaluaciones son independientes de nuestros programas publicitarios, no se puede solicitar ni pagar una rese\u00f1a.<\/li>\n\n\n\n<li>Por lo tanto, se ganar\u00e1 el respeto de su comunidad, proveedores de servicios y viajeros al proporcionar rese\u00f1as de \"puntos calientes\" locales en Nodengo.com.<\/li>\n\n\n\n<li>Podr\u00e1 ponerse en contacto y establecer contactos dentro de nuestro sitio con otros profesionales de la hosteler\u00eda en todo el mundo.<\/li>\n\n\n\n<li>Si ya trabajas en hosteler\u00eda en tu ciudad, \u00bfpor qu\u00e9 no te conviertes en redactor publicitario? Obviamente ya est\u00e1s cualificado.<\/li>\n\n\n\n<li>If you already have a \u201cConcierge\u201d related service business in your city. Why not become an editor as well, you are obviously already qualified, moreover it will give you the opportunity to advertise on our site for free.<\/li>\n<\/ol>\n<\/div><\/div>\n\n\n\n<p>Encuentre las <strong><a href=\"\/es\/locations\/\">ubicaciones<\/a><\/strong> where we do need Editor  &#8211; Would you like to <strong><a href=\"\/es\/-38\/\">recomendar a alguien para el puesto<\/a><\/strong><\/p>","protected":false},"excerpt":{"rendered":"<p>Advantages to become an editor Find the locations where we do need Editor &#8211; Would you like to refer someone for the position<\/p>","protected":false},"author":249,"featured_media":0,"parent":54134,"menu_order":0,"comment_status":"closed","ping_status":"closed","template":"","meta":{"_uag_custom_page_level_css":"","_citadela_hide_page_title":"1","_citadela_remove_header_space":"0","_citadela_custom_class":"","_citadela_half_map_provider":"","_citadela_half_map_theme":"","_citadela_half_map_themeOSM":"","_citadela_half_map_customTheme":"","_citadela_half_map_dataType":"","_citadela_half_map_dynamicTrack":false,"_citadela_half_map_trackColor":"","_citadela_half_map_trackEndpointsColor":"","_citadela_half_map_filterCategory":"","_citadela_half_map_filterLocation":"","_citadela_half_map_filterFeatured":false,"_citadela_half_map_noDataBehavior":"empty-map","_citadela_half_map_noDataText":"","_citadela_half_map_clusterGridSize":80,"_citadela_header":true,"_citadela_header_over_content":true,"_citadela_header_text_color":"","_citadela_header_logo":{"id":208235,"url":"https:\/\/nodengo.com\/wp-content\/uploads\/Nodengo-logo-nhn.jpg","size":{"width":316,"height":75}},"_citadela_header_bg_image":[],"_citadela_header_bg_position":{"x":0.5,"y":0.5},"_citadela_header_bg_size":"cover","_citadela_header_bg_repeat":"no-repeat","_citadela_header_bg_fixed":false,"_citadela_header_bg_color":"","_citadela_header_bg_image_overlay":"","_citadela_header_transparent_bg":false,"_citadela_content_width":"","_citadela_half_layout_position":"","footnotes":""},"class_list":["post-54050","page","type-page","status-publish","hentry"],"uagb_featured_image_src":{"full":false,"thumbnail":false,"medium":false,"medium_large":false,"large":false,"1536x1536":false,"2048x2048":false,"trp-custom-language-flag":false,"citadela_item_thumbnail":false,"woocommerce_thumbnail":false,"woocommerce_single":false,"woocommerce_gallery_thumbnail":false,"citadela_service":false},"uagb_author_info":{"display_name":"Team Nodengo","author_link":"https:\/\/nodengo.com\/es\/author\/nodengo-team\/"},"uagb_comment_info":0,"uagb_excerpt":"Advantages to become an editor Find the locations where we do need Editor &#8211; Would you like to refer someone for the position","_links":{"self":[{"href":"https:\/\/nodengo.com\/es\/wp-json\/wp\/v2\/pages\/54050","targetHints":{"allow":["GET"]}}],"collection":[{"href":"https:\/\/nodengo.com\/es\/wp-json\/wp\/v2\/pages"}],"about":[{"href":"https:\/\/nodengo.com\/es\/wp-json\/wp\/v2\/types\/page"}],"author":[{"embeddable":true,"href":"https:\/\/nodengo.com\/es\/wp-json\/wp\/v2\/users\/249"}],"replies":[{"embeddable":true,"href":"https:\/\/nodengo.com\/es\/wp-json\/wp\/v2\/comments?post=54050"}],"version-history":[{"count":0,"href":"https:\/\/nodengo.com\/es\/wp-json\/wp\/v2\/pages\/54050\/revisions"}],"up":[{"embeddable":true,"href":"https:\/\/nodengo.com\/es\/wp-json\/wp\/v2\/pages\/54134"}],"wp:attachment":[{"href":"https:\/\/nodengo.com\/es\/wp-json\/wp\/v2\/media?parent=54050"}],"curies":[{"name":"wp","href":"https:\/\/api.w.org\/{rel}","templated":true}]}}