{"id":53689,"date":"2022-09-16T17:30:28","date_gmt":"2022-09-16T15:30:28","guid":{"rendered":"https:\/\/nodengo.com\/?page_id=53689"},"modified":"2024-08-20T10:25:57","modified_gmt":"2024-08-20T08:25:57","slug":"-20","status":"publish","type":"page","link":"https:\/\/nodengo.com\/es\/support\/","title":{"rendered":"Apoyo"},"content":{"rendered":"<div class=\"wp-block-columns is-layout-flex wp-container-core-columns-is-layout-9d6595d7 wp-block-columns-is-layout-flex\">\n<div class=\"wp-block-column is-layout-flow wp-block-column-is-layout-flow\" style=\"flex-basis:60%\">\t\t\t<!-- Flexy Breadcrumb -->\r\n\t\t\t<div class=\"fbc fbc-page\">\r\n\r\n\t\t\t\t<!-- Breadcrumb wrapper -->\r\n\t\t\t\t<div class=\"fbc-wrap\">\r\n\r\n\t\t\t\t\t<!-- Ordered list-->\r\n\t\t\t\t\t<ol class=\"fbc-items\" itemscope itemtype=\"https:\/\/schema.org\/BreadcrumbList\">\r\n\t\t\t\t\t\t            <li itemprop=\"itemListElement\" itemscope itemtype=\"https:\/\/schema.org\/ListItem\">\r\n                <span itemprop=\"name\">\r\n                    <!-- Home Link -->\r\n                    <a itemprop=\"item\" href=\"https:\/\/nodengo.com\/es\/\">\r\n                    \r\n                                                    <i class=\"fa fa-home\" aria-hidden=\"true\"><\/i>Home                    <\/a>\r\n                <\/span>\r\n                <meta itemprop=\"position\" content=\"1\" \/><!-- Meta Position-->\r\n             <\/li><li><span class=\"fbc-separator\">\/<\/span><\/li><li class=\"active\" itemprop=\"itemListElement\" itemscope itemtype=\"https:\/\/schema.org\/ListItem\"><span itemprop=\"name\" title=\"Best Travel Blog\">Best Travel Blog<\/span><meta itemprop=\"position\" content=\"2\" \/><\/li>\t\t\t\t\t<\/ol>\r\n\t\t\t\t\t<div class=\"clearfix\"><\/div>\r\n\t\t\t\t<\/div>\r\n\t\t\t<\/div>\r\n\t\t\t\n<\/div>\n\n\n\n<div class=\"wp-block-column is-layout-flow wp-block-column-is-layout-flow\" style=\"flex-basis:40%\">\n<div style=\"height:20px\" aria-hidden=\"true\" class=\"wp-block-spacer\"><\/div>\n\n\n\n<p class=\"has-text-align-center has-black-color has-text-color has-link-color wp-elements-28a969f4ff28aa4e1a9fb496b4ed1bbe\"><i class=\"fas fa-user\"><\/i> <a href=\"\/es\/partner-help\/\">Socios<\/a> | <i class=\"fas fa-pen\"><\/i> <a href=\"\/es\/partner-help\/#editors\">Editores<\/a> | <i class=\"fas fa-question\"><\/i> <a href=\"\/es\/partner-help\/\">Ayuda<\/a> | <i class=\"fas fa-id-card\"><\/i> <a href=\"https:\/\/nodengo.com\/es\/parther-help\/-26\/\">Contacto<\/a> | <i class=\"fas fa-list\"><\/i> <a href=\"\/es\/-3\/\">Cuenta <\/a><\/p>\n<\/div>\n<\/div>\n\n\n\n<div class=\"wp-block-citadela-blocks-custom-container citadela-block-custom-container size-wide bg-type-none inside-space-none\"><div class=\"inner-holder\">\n<h2 class=\"wp-block-heading\">Necesitas ayuda ? Apoyo<\/h2>\n\n\n\n<p>Estamos aqu\u00ed para ayudarlo si tiene alg\u00fan problema con nuestro sitio, ya sea un anunciante, un socio o un editor. \u00bfQu\u00e9 podemos hacer por usted y c\u00f3mo podemos ayudarlo? No dude en contactarnos a trav\u00e9s de los canales a continuaci\u00f3n.<\/p>\n<\/div><\/div>\n\n\n\n<div class=\"wp-block-citadela-blocks-custom-container citadela-block-custom-container size-wide bg-type-none inside-space-none\"><div class=\"inner-holder\">\n<div class=\"wp-block-columns is-layout-flex wp-container-core-columns-is-layout-9d6595d7 wp-block-columns-is-layout-flex\">\n<div class=\"wp-block-column is-layout-flow wp-block-column-is-layout-flow\">\n<div class=\"wp-block-citadela-blocks-service citadela-block-service main-holder layout-list header-type-icon has-readmore standard\"><div class=\"service-header\"><div class=\"service-icon\"><a href=\"https:\/\/nodengo.com\/es\/-26\/\"><i class=\"fas fa-users\" style=\"color:#b9b9b9\"><\/i><\/a><\/div><\/div><div class=\"service-content\"><div class=\"service-content-wrap\"><a href=\"https:\/\/nodengo.com\/es\/-26\/\"><h3 class=\"service-title\">Visitantes<\/h3><\/a><p class=\"service-description\">Los visitantes pueden encontrar ayuda en nuestro <a href=\"\/es\/customer-service\/\">p\u00e1gina de Servicio al Cliente <\/a>   Si usted es un visitante o una empresa que busca ayuda, cont\u00e1ctenos a trav\u00e9s de nuestro formulario de contacto habitual. <\/p><a href=\"https:\/\/nodengo.com\/es\/-26\/\" class=\"service-readmore\"><span class=\"service-readmore-text\">Contact form<\/span><\/a><\/div><\/div><\/div>\n\n\n\n<div class=\"wp-block-citadela-blocks-service citadela-block-service main-holder layout-list header-type-icon has-readmore standard\"><div class=\"service-header\"><div class=\"service-icon\"><a href=\"mailto:contact@nodengo.com&quot;\"><i class=\"fas fa-user-friends\" style=\"color:#b9b9b9\"><\/i><\/a><\/div><\/div><div class=\"service-content\"><div class=\"service-content-wrap\"><a href=\"mailto:contact@nodengo.com&quot;\"><h3 class=\"service-title\">Proveedores de servicio<\/h3><\/a><p class=\"service-description\">Need help with your listing, check out our &#8220;how to&#8221; pages or contact us via email<\/p><a href=\"mailto:contact@nodengo.com&quot;\" class=\"service-readmore\"><span class=\"service-readmore-text\">contact us via email<\/span><\/a><\/div><\/div><\/div>\n\n\n\n<p class=\"has-text-align-center has-small-font-size\">Tambi\u00e9n puede visitar nuestra p\u00e1gina de ayuda:<\/p>\n\n\n\n<ul class=\"has-small-font-size wp-block-list\">\n<li><a href=\"https:\/\/nodengo.com\/es\/-27\/\" data-type=\"page\" data-id=\"52545\">Gestionar tu anuncio<\/a><\/li>\n\n\n\n<li><a href=\"https:\/\/nodengo.com\/es\/directrices-de-publicacion-2\/\" data-type=\"page\" data-id=\"52279\">Directrices de publicaci\u00f3n<\/a><\/li>\n\n\n\n<li><a href=\"https:\/\/nodengo.com\/es\/-34\/how-to-complete-my-listing\/\" data-type=\"page\" data-id=\"6252\">C\u00f3mo completar mi listado<\/a><\/li>\n\n\n\n<li><a href=\"https:\/\/nodengo.com\/es\/-25\/\" data-type=\"page\" data-id=\"52614\">C\u00f3mo publicar<\/a><\/li>\n<\/ul>\n<\/div>\n\n\n\n<div class=\"wp-block-column is-layout-flow wp-block-column-is-layout-flow\">\n<div class=\"wp-block-citadela-blocks-service citadela-block-service main-holder layout-list header-type-icon has-readmore standard\"><div class=\"service-header\"><div class=\"service-icon\"><a href=\"https:\/\/admin.nodengo.com\/login\/\"><i class=\"fas fa-pen\" style=\"color:#b9b9b9\"><\/i><\/a><\/div><\/div><div class=\"service-content\"><div class=\"service-content-wrap\"><a href=\"https:\/\/admin.nodengo.com\/login\/\"><h3 class=\"service-title\">Editores<\/h3><\/a><p class=\"service-description\">El soporte a los editores se realiza a trav\u00e9s de <a href=\"https:\/\/admin.nodengo.com\/login\/\">extranet<\/a><br\/>Si no puede iniciar sesi\u00f3n o necesita ayuda adicional o asistencia t\u00e9cnica, complete un ticket de soporte\u00a0 \u00a0\u00a0<\/p><a href=\"https:\/\/admin.nodengo.com\/login\/\" class=\"service-readmore\"><span class=\"service-readmore-text\">admin log in<\/span><\/a><\/div><\/div><\/div>\n\n\n\n<div class=\"wp-block-citadela-blocks-service citadela-block-service main-holder layout-list header-type-icon has-readmore standard\"><div class=\"service-header\"><div class=\"service-icon\"><a href=\"https:\/\/ads.nodengo.com\/en\/\"><i class=\"fas fa-bullhorn\" style=\"color:#b9b9b9\"><\/i><\/a><\/div><\/div><div class=\"service-content\"><div class=\"service-content-wrap\"><a href=\"https:\/\/ads.nodengo.com\/en\/\"><h3 class=\"service-title\">anunciantes<\/h3><\/a><p class=\"service-description\">El soporte a nuestros Anunciantes se realiza a trav\u00e9s del <a href=\"http:\/\/ads.nodengo.com\/es\">advertising extranet <\/a><br\/>Si no puede iniciar sesi\u00f3n o necesita ayuda adicional o asistencia t\u00e9cnica, complete un ticket de soporte\u00a0 \u00a0\u00a0<\/p><a href=\"https:\/\/ads.nodengo.com\/en\/\" class=\"service-readmore\"><span class=\"service-readmore-text\">Advertiser&#8217;s help<\/span><\/a><\/div><\/div><\/div>\n<\/div>\n<\/div>\n<\/div><\/div>\n\n\n\n<div class=\"wp-block-citadela-blocks-custom-container citadela-block-custom-container responsive-options loading-image size-wide bg-type-image inside-space-none bg-size-auto has-overlay\" data-block-attr=\"{&quot;size&quot;:&quot;bg-size-full-horizontal&quot;,&quot;position&quot;:&quot;100% 0%&quot;}\" data-block-mobile-breakpoint=\"600\"><div class=\"bg-image-wrapper\" style=\"background-image:url(https:\/\/nodengo.com\/wp-content\/uploads\/wp-ctdl.png);background-repeat:no-repeat;background-position:78% 30%\"><\/div><div class=\"bg-image-overlay\" style=\"opacity:0.5\"><\/div><div class=\"inner-holder\"><div class=\"wp-block-image\">\n<figure class=\"aligncenter size-medium\"><img decoding=\"async\" width=\"236\" height=\"300\" src=\"https:\/\/nodengo.com\/wp-content\/uploads\/hotelslayoutmiddle-236x300.jpg\" alt=\"support\" class=\"wp-image-53087\" title=\"\" srcset=\"https:\/\/nodengo.com\/wp-content\/uploads\/hotelslayoutmiddle-236x300.jpg 236w, https:\/\/nodengo.com\/wp-content\/uploads\/hotelslayoutmiddle-118x150.jpg 118w, https:\/\/nodengo.com\/wp-content\/uploads\/hotelslayoutmiddle-9x12.jpg 9w, https:\/\/nodengo.com\/wp-content\/uploads\/hotelslayoutmiddle.jpg 687w\" sizes=\"(max-width: 236px) 100vw, 236px\" \/><figcaption class=\"wp-element-caption\">Cont\u00e1ctenos<\/figcaption><\/figure>\n<\/div>\n\n\n<div class=\"wp-block-citadela-blocks-custom-container citadela-block-custom-container size-wide bg-type-none inside-space-none\"><div class=\"inner-holder\"><form id=\"forminator-module-53702\" class=\"forminator-custom-form forminator-custom-form-53702\" method=\"post\" data-forminator-render=\"0\" data-uid=\"69d883dc82d52\" action=\"\"><div role=\"alert\" aria-live=\"polite\" class=\"forminator-response-message forminator-error\" aria-hidden=\"true\"><\/div><input type=\"hidden\" name=\"trp-form-language\" value=\"es\"\/><\/form>\n<\/div><\/div>\n<\/div><\/div>\n\n\n\n<div class=\"wp-block-citadela-blocks-custom-container citadela-block-custom-container size-wide bg-type-color inside-space-none has-bg\" style=\"background-color:rgba(255, 255, 255, 1)\"><div class=\"inner-holder\">\n<hr class=\"wp-block-separator has-css-opacity is-style-wide\"\/>\n\n\n\n<p style=\"font-size:18px\">EXTRANET Portal de intranet para&nbsp;<a href=\"https:\/\/admin.nodengo.com\/\" target=\"_blank\" rel=\"noreferrer noopener\"><strong>Editores<\/strong>&nbsp;<\/a>y&nbsp;<a href=\"https:\/\/ads.nodengo.com\/\" target=\"_blank\" rel=\"noreferrer noopener\"><strong>anunciantes<\/strong><\/a>, la forma m\u00e1s r\u00e1pida de ponerse en contacto     <\/p>\n\n\n\n<p style=\"font-size:18px\">TICKET DE SOPORTE :  Editores - necesita abrir un ticket o verificar, modificar o actualizar un ticket abierto, use esto&nbsp;<strong><a href=\"http:\/\/admin.nodengo.com\/\" target=\"_blank\" rel=\"noreferrer noopener\">link<\/a><\/strong>  <\/p>\n\n\n\n<p style=\"font-size:18px\">MEDIOS Proporcionamos enlaces y banners para promocionar Nodengo.com, puedes descargarlos <a href=\"https:\/\/nodengo.com\/es\/-34\/medios-de-comunicacion-2\/\" data-type=\"page\" data-id=\"54586\">en esta p\u00e1gina<\/a><\/p>\n\n\n\n<p style=\"font-size:18px\">INTERESTED IN BECOMING AN EDITOR \u00a0 follow\u00a0<a href=\"https:\/\/nodengo.com\/es\/-34\/-31\/\" data-type=\"page\" data-id=\"54050\">este enlace<\/a><\/p>\n\n\n\n<hr class=\"wp-block-separator has-css-opacity is-style-wide\"\/>\n\n\n\n<p class=\"has-text-align-center\">Interesado en anunciar su establecimiento - Descubra c\u00f3mo ofrecemos realmente <a href=\"https:\/\/ads.nodengo.com\/es\/\">Publicidad totalmente dirigida<\/a><\/p>\n<\/div><\/div>\n\n\n\n<div class=\"wp-block-citadela-blocks-custom-container citadela-block-custom-container size-wide bg-type-image inside-space-none bg-size-cover has-bg has-overlay\" style=\"background-color:rgba(45, 72, 195, 1)\"><div class=\"bg-image-wrapper\" style=\"background-image:url(https:\/\/nodengo.com\/wp-content\/uploads\/transparent-map-white.png);background-repeat:no-repeat;background-position:50% 50%\"><\/div><div class=\"bg-image-overlay\" style=\"opacity:0.5\"><\/div><div class=\"inner-holder\">\n<div class=\"wp-block-citadela-blocks-spacer citadela-block-spacer\"><div class=\"inner-holder\" style=\"padding-top:35px\"><\/div><\/div>\n\n\n\n<div class=\"wp-block-columns are-vertically-aligned-center is-layout-flex wp-container-core-columns-is-layout-9d6595d7 wp-block-columns-is-layout-flex\">\n<div class=\"wp-block-column is-vertically-aligned-center is-layout-flow wp-block-column-is-layout-flow\" style=\"flex-basis:66.66%\">         <div \r\n            class=\"citadela-block-responsive-text align-left no-margins responsive-options loading\"\r\n            data-block-mobile-attr=\"{&quot;desktop&quot;:{&quot;align&quot;:&quot;left&quot;},&quot;mobile&quot;:{&quot;align&quot;:&quot;center&quot;}}\"            data-block-mobile-breakpoint=\"600\"         >\r\n            <h2 class=\"inner-tag\" style=\"color: #ffffff;\">Listo para usar, f\u00e1cil de personalizar<\/h2>         <\/div>\r\n      \n\n\n<div class=\"wp-block-citadela-blocks-spacer citadela-block-spacer\"><div class=\"inner-holder\" style=\"padding-top:1.5em\"><\/div><\/div>\n<\/div>\n\n\n\n<div class=\"wp-block-column is-vertically-aligned-center is-layout-flow wp-block-column-is-layout-flow\" style=\"flex-basis:33.33%\">\n<div class=\"wp-block-buttons is-horizontal is-content-justification-center is-layout-flex wp-container-core-buttons-is-layout-499968f5 wp-block-buttons-is-layout-flex\">\n<div class=\"wp-block-button\"><a class=\"wp-block-button__link has-white-background-color has-text-color has-background wp-element-button\" href=\"https:\/\/nodengo.com\/es\/-34\/-27\/\" style=\"color:#2d48c3\" target=\"_blank\" rel=\"noreferrer noopener\"><strong>Gestionar tu anuncio<\/strong><\/a><\/div>\n<\/div>\n\n\n\n<div class=\"wp-block-citadela-blocks-spacer citadela-block-spacer\"><div class=\"inner-holder\" style=\"padding-top:1em\"><\/div><\/div>\n<\/div>\n<\/div>\n<\/div><\/div>\n\n\n\n<div class=\"wp-block-citadela-blocks-spacer citadela-block-spacer negative-height\"><div class=\"inner-holder\" style=\"margin-top:-6em\"><\/div><\/div>","protected":false},"excerpt":{"rendered":"<p>Partners | Editors | Help | Contact | Account<\/p>","protected":false},"author":249,"featured_media":0,"parent":0,"menu_order":0,"comment_status":"closed","ping_status":"closed","template":"","meta":{"_uag_custom_page_level_css":"","_citadela_hide_page_title":"1","_citadela_remove_header_space":"1","_citadela_custom_class":"","_citadela_half_map_provider":"","_citadela_half_map_theme":"","_citadela_half_map_themeOSM":"","_citadela_half_map_customTheme":"","_citadela_half_map_dataType":"","_citadela_half_map_dynamicTrack":false,"_citadela_half_map_trackColor":"","_citadela_half_map_trackEndpointsColor":"","_citadela_half_map_filterCategory":"","_citadela_half_map_filterLocation":"","_citadela_half_map_filterFeatured":false,"_citadela_half_map_noDataBehavior":"empty-map","_citadela_half_map_noDataText":"","_citadela_half_map_clusterGridSize":80,"_citadela_header":true,"_citadela_header_over_content":false,"_citadela_header_text_color":"","_citadela_header_logo":{"id":208235,"url":"https:\/\/nodengo.com\/wp-content\/uploads\/Nodengo-logo-nhn.jpg","size":{"width":316,"height":75}},"_citadela_header_bg_image":[],"_citadela_header_bg_position":{"x":0.5,"y":0.5},"_citadela_header_bg_size":"cover","_citadela_header_bg_repeat":"no-repeat","_citadela_header_bg_fixed":false,"_citadela_header_bg_color":"","_citadela_header_bg_image_overlay":"","_citadela_header_transparent_bg":false,"_citadela_content_width":"wide","_citadela_half_layout_position":"","footnotes":""},"class_list":["post-53689","page","type-page","status-publish","hentry"],"uagb_featured_image_src":{"full":false,"thumbnail":false,"medium":false,"medium_large":false,"large":false,"1536x1536":false,"2048x2048":false,"trp-custom-language-flag":false,"citadela_item_thumbnail":false,"woocommerce_thumbnail":false,"woocommerce_single":false,"woocommerce_gallery_thumbnail":false,"citadela_service":false},"uagb_author_info":{"display_name":"Team Nodengo","author_link":"https:\/\/nodengo.com\/es\/author\/nodengo-team\/"},"uagb_comment_info":0,"uagb_excerpt":"Partners | Editors | Help | Contact | Account","_links":{"self":[{"href":"https:\/\/nodengo.com\/es\/wp-json\/wp\/v2\/pages\/53689","targetHints":{"allow":["GET"]}}],"collection":[{"href":"https:\/\/nodengo.com\/es\/wp-json\/wp\/v2\/pages"}],"about":[{"href":"https:\/\/nodengo.com\/es\/wp-json\/wp\/v2\/types\/page"}],"author":[{"embeddable":true,"href":"https:\/\/nodengo.com\/es\/wp-json\/wp\/v2\/users\/249"}],"replies":[{"embeddable":true,"href":"https:\/\/nodengo.com\/es\/wp-json\/wp\/v2\/comments?post=53689"}],"version-history":[{"count":0,"href":"https:\/\/nodengo.com\/es\/wp-json\/wp\/v2\/pages\/53689\/revisions"}],"wp:attachment":[{"href":"https:\/\/nodengo.com\/es\/wp-json\/wp\/v2\/media?parent=53689"}],"curies":[{"name":"wp","href":"https:\/\/api.w.org\/{rel}","templated":true}]}}