{"id":53593,"date":"2022-09-16T17:27:01","date_gmt":"2022-09-16T15:27:01","guid":{"rendered":"https:\/\/nodengo.com\/?page_id=53593"},"modified":"2025-12-16T08:52:32","modified_gmt":"2025-12-16T07:52:32","slug":"careers","status":"publish","type":"page","link":"https:\/\/nodengo.com\/es\/hospitality-network\/careers\/","title":{"rendered":"Oportunidades profesionales"},"content":{"rendered":"<div style=\"height:14px\" aria-hidden=\"true\" class=\"wp-block-spacer\"><\/div>\n\n\n\t\t\t<!-- Flexy Breadcrumb -->\r\n\t\t\t<div class=\"fbc fbc-page\">\r\n\r\n\t\t\t\t<!-- Breadcrumb wrapper -->\r\n\t\t\t\t<div class=\"fbc-wrap\">\r\n\r\n\t\t\t\t\t<!-- Ordered list-->\r\n\t\t\t\t\t<ol class=\"fbc-items\" itemscope itemtype=\"https:\/\/schema.org\/BreadcrumbList\">\r\n\t\t\t\t\t\t            <li itemprop=\"itemListElement\" itemscope itemtype=\"https:\/\/schema.org\/ListItem\">\r\n                <span itemprop=\"name\">\r\n                    <!-- Home Link -->\r\n                    <a itemprop=\"item\" href=\"https:\/\/nodengo.com\/es\/\">\r\n                    \r\n                                                    <i class=\"fa fa-home\" aria-hidden=\"true\"><\/i>Home                    <\/a>\r\n                <\/span>\r\n                <meta itemprop=\"position\" content=\"1\" \/><!-- Meta Position-->\r\n             <\/li><li><span class=\"fbc-separator\">\/<\/span><\/li><li class=\"active\" itemprop=\"itemListElement\" itemscope itemtype=\"https:\/\/schema.org\/ListItem\"><span itemprop=\"name\" title=\"Best Travel Blog\">Best Travel Blog<\/span><meta itemprop=\"position\" content=\"2\" \/><\/li>\t\t\t\t\t<\/ol>\r\n\t\t\t\t\t<div class=\"clearfix\"><\/div>\r\n\t\t\t\t<\/div>\r\n\t\t\t<\/div>\r\n\t\t\t\n\n\n\n<div class=\"wp-block-citadela-blocks-custom-container citadela-block-custom-container size-wide bg-type-image inside-space-none bg-size-cover has-overlay has-min-height vertical-align-top\" style=\"min-height:375px\"><div class=\"bg-image-wrapper\" style=\"background-image:url(https:\/\/nodengo.com\/wp-content\/uploads\/02.jpg);background-repeat:no-repeat;background-position:48% 14%\"><\/div><div class=\"bg-image-overlay\" style=\"opacity:0.5\"><\/div><div class=\"inner-holder\">\n<div style=\"height:132px\" aria-hidden=\"true\" class=\"wp-block-spacer\"><\/div>\n\n\n\n<h3 class=\"wp-block-heading has-text-align-center has-white-color has-text-color has-large-font-size\" style=\"font-style:normal;font-weight:700\">QUEREMOS MEJORAR LA FORMA DE PUBLICAR LOS AVISOS DE VIAJE<\/h3>\n\n\n\n<h3 class=\"wp-block-heading has-text-align-center has-white-color has-text-color has-medium-font-size\" style=\"font-style:normal;font-weight:700\"> y NECESITAMOS EDITORES LOCALES<\/h3>\n\n\n\n<div style=\"height:250px\" aria-hidden=\"true\" class=\"wp-block-spacer\"><\/div>\n\n\n\n<p class=\"has-text-align-center\"><strong>CAREER OPPORTUNITIES WITH NODENGO.COM<\/strong><\/p>\n\n\n\n<div style=\"height:100px\" aria-hidden=\"true\" class=\"wp-block-spacer\"><\/div>\n<\/div><\/div>\n\n\n\n<div class=\"wp-block-columns is-layout-flex wp-container-core-columns-is-layout-9d6595d7 wp-block-columns-is-layout-flex\">\n<div class=\"wp-block-column is-layout-flow wp-block-column-is-layout-flow\">\n<p class=\"has-text-align-center\"><a href=\"https:\/\/nodengo.com\/es\/-34\/-31\/requirements\/\" data-type=\"page\" data-id=\"53827\">Requirements<\/a> &#8211; <a href=\"https:\/\/nodengo.com\/es\/-34\/-31\/eligibility\/\" data-type=\"page\" data-id=\"53768\">Eligibility<\/a> &#8211; <a href=\"#advantages\">Advantages<\/a> &#8211; <a href=\"https:\/\/nodengo.com\/hospitality-network\/editors-sign-up\/\" data-type=\"page\" data-id=\"54492\">Sign Up<\/a><\/p>\n<\/div>\n<\/div>\n\n\n\n<div class=\"wp-block-citadela-blocks-custom-container citadela-block-custom-container size-wide bg-type-none inside-space-none\"><div class=\"inner-holder\">\n<h2 class=\"wp-block-heading has-text-align-center has-text-color\" style=\"color:#a17e7e\">LA OPORTUNIDAD DE CARRERA<\/h2>\n\n\n\n<p>Everyday millions of people all over the world are looking for tools to help them plan their vacations, decide where to stay and find the best hotels, restaurants and attractions in the city there are planning to visit.<br>While everyone is looking t to find the best place in town the sheer number of sites and reviews can leave someone quite perplexed.<\/p>\n\n\n\n<p> Why don\u2019t you help them out, whom better than YOU, you live in that city, enjoy it and most of all, due to the nature of your work you dispense advice to guest on a daily basis. While not put all this knowledge to work for you as well. <\/p>\n\n\n<div class=\"wp-block-image\">\n<figure class=\"aligncenter size-full\"><img decoding=\"async\" width=\"1000\" height=\"400\" src=\"https:\/\/nodengo.com\/wp-content\/uploads\/editor-referral.jpg\" alt=\"career\" class=\"wp-image-53757\" title=\"\" srcset=\"https:\/\/nodengo.com\/wp-content\/uploads\/editor-referral.jpg 1000w, https:\/\/nodengo.com\/wp-content\/uploads\/editor-referral-150x60.jpg 150w, https:\/\/nodengo.com\/wp-content\/uploads\/editor-referral-900x360.jpg 900w, https:\/\/nodengo.com\/wp-content\/uploads\/editor-referral-300x120.jpg 300w, https:\/\/nodengo.com\/wp-content\/uploads\/editor-referral-768x307.jpg 768w, https:\/\/nodengo.com\/wp-content\/uploads\/editor-referral-18x7.jpg 18w\" sizes=\"(max-width: 1000px) 100vw, 1000px\" \/><\/figure>\n<\/div>\n\n\n<h2 class=\"wp-block-heading has-text-align-center has-text-color\" style=\"color:#632020\">What&#8217;s in it for You ?<\/h2>\n\n\n\n<p>Boost your current career in the hospitality field by joining us. Become a local editor along with your current job to increase and develop your own network, We are looking for qualified individual in about every major (and some minor) city in the world, therefore there are chances you live in one of them.<\/p>\n\n\n\n<p>As an Editor you may become the master of Networking in your own town, gain exposure to all travel related businesses in your community, and why not even become the reference for accurate information in your region, that is our aim and should be yours also.<\/p>\n\n\n\n<p>You understand the value of good customer service, of course, but more importantly you are interested in helping to transform it from a \u201cservice\u201d to an experience. <\/p>\n\n\n\n<p>The Editors on Nodengo are independent hospitality professional whom, like us believe in sharing their knowledge in creating THE source for travel information and reviews.  <\/p>\n<\/div><\/div>\n\n\n\n<div class=\"wp-block-citadela-blocks-custom-container citadela-block-custom-container size-fullwidth bg-type-image inside-space-none bg-size-cover has-overlay\"><div class=\"bg-image-wrapper\" style=\"background-image:url(https:\/\/nodengo.com\/wp-content\/uploads\/03-Copy-2-1.jpg);background-repeat:no-repeat;background-position:51% 75%\"><\/div><div class=\"bg-image-overlay\" style=\"opacity:0.5\"><\/div><div class=\"inner-holder\">\n<div style=\"height:309px\" aria-hidden=\"true\" class=\"wp-block-spacer\"><\/div>\n\n\n\n<h2 class=\"wp-block-heading has-text-align-center has-text-color\" style=\"color:#666060\"><strong>YOUR CAREER OPPORTUNITY<\/strong><\/h2>\n<\/div><\/div>\n\n\n\n<div class=\"wp-block-citadela-blocks-spacer citadela-block-spacer negative-height\"><div class=\"inner-holder\" style=\"margin-top:-6vw\"><\/div><\/div>\n\n\n\n<div style=\"height:162px\" aria-hidden=\"true\" class=\"wp-block-spacer\"><\/div>\n\n\n\n<div class=\"wp-block-citadela-blocks-custom-container citadela-block-custom-container size-wide bg-type-none inside-space-none\"><div class=\"inner-holder\">\n<p>Travelling has become more and more individual, diversified, and exciting \u2013 and, with smartphones and tablets, much more mobile as well. Thus, it is exactly what a flexible and imaginative person like you was made for.<\/p>\n\n\n\n<p><strong>Independent Editors<\/strong>&nbsp;As an editor, a hospitality professional, you will represent your country, your city.<\/p>\n\n\n\n<p>We love for you to join our team of independent Editors,  check if you meet the<strong> <a href=\"https:\/\/nodengo.com\/es\/-34\/-31\/requirements\/\" data-type=\"page\" data-id=\"53827\">requisitos<\/a><\/strong>&nbsp; y <a href=\"https:\/\/nodengo.com\/es\/-34\/-31\/eligibility\/\" data-type=\"page\" data-id=\"53768\"><strong>eligibility <\/strong><\/a>to&nbsp;join&nbsp;our family.<\/p>\n\n\n\n<p>If this opportunity interest you, don\u2019t delay, we have plenty of opportunities but few spaces in each city. <\/p>\n\n\n\n<h3 class=\"wp-block-heading\" id=\"advantages\">Career Advantages as an Editor<\/h3>\n\n\n\n<ol class=\"wp-block-list\">\n<li>Excelente exposi\u00e7\u00e3o, quanto mais avalia\u00e7\u00f5es voc\u00ea fizer sobre sua cidade, mais famoso voc\u00ea se tornar\u00e1&nbsp;<strong>no solo <\/strong>en nuestro sitio, sino en tu comunidad, en tu ciudad y con tus pares.<\/li>\n\n\n\n<li>Podr\u00e1s establecer contactos dentro de tu industria. Establecer contactos en Linkedin y Facebook es excelente, pero establecer contactos directamente dentro de su negocio y a nivel local puede brindarle una gran cantidad de oportunidades.<\/li>\n\n\n\n<li>Podr\u00e1 establecer contactos entre profesionales de conserjer\u00eda y hosteler\u00eda de todo el mundo.<\/li>\n\n\n\n<li>Estamos preparados para convertirnos en una comunidad para el Concierge y los Servicios relacionados, y ayudarnos unos a otros para brindar un servicio de Concierge verdaderamente mundial.<\/li>\n\n\n\n<li>Las evaluaciones son independientes de nuestros programas publicitarios, no se puede solicitar ni pagar una rese\u00f1a.<\/li>\n\n\n\n<li>Por lo tanto, se ganar\u00e1 el respeto de su comunidad, proveedores de servicios y viajeros al proporcionar rese\u00f1as de \"puntos calientes\" locales en Nodengo.com.<\/li>\n\n\n\n<li>Podr\u00e1 ponerse en contacto y establecer contactos dentro de nuestro sitio con otros profesionales de la hosteler\u00eda en todo el mundo.<\/li>\n\n\n\n<li>Si ya trabajas en hosteler\u00eda en tu ciudad, \u00bfpor qu\u00e9 no te conviertes en redactor publicitario? Obviamente ya est\u00e1s cualificado.<\/li>\n\n\n\n<li>Si ya tienes un negocio de servicios relacionados con \u201cConcierge\u201d en tu ciudad.<\/li>\n\n\n\n<li>Why not become an editor as well, you are obviously already qualified, moreover it will give you the opportunity to advertise on our site for free.<\/li>\n<\/ol>\n<\/div><\/div>\n\n\n\n<div class=\"wp-block-buttons is-layout-flex wp-block-buttons-is-layout-flex\">\n<div class=\"wp-block-button has-custom-width wp-block-button__width-100 is-style-outline is-style-outline--2\"><a class=\"wp-block-button__link has-white-color has-electric-grass-gradient-background has-text-color has-background wp-element-button\" href=\"https:\/\/nodengo.com\/hospitality-network\/editors-sign-up\/\">BOOST YOUR CAREER JOIN US NOW<\/a><\/div>\n<\/div>\n\n\n\n<div style=\"height:100px\" aria-hidden=\"true\" class=\"wp-block-spacer\"><\/div>","protected":false},"excerpt":{"rendered":"<p>Requirements &#8211; Eligibility &#8211; Advantages &#8211; Sign Up<\/p>","protected":false},"author":249,"featured_media":0,"parent":54134,"menu_order":0,"comment_status":"closed","ping_status":"closed","template":"","meta":{"_uag_custom_page_level_css":"","_citadela_hide_page_title":"1","_citadela_remove_header_space":"1","_citadela_custom_class":"","_citadela_half_map_provider":"","_citadela_half_map_theme":"","_citadela_half_map_themeOSM":"","_citadela_half_map_customTheme":"","_citadela_half_map_dataType":"","_citadela_half_map_dynamicTrack":false,"_citadela_half_map_trackColor":"","_citadela_half_map_trackEndpointsColor":"","_citadela_half_map_filterCategory":"","_citadela_half_map_filterLocation":"","_citadela_half_map_filterFeatured":false,"_citadela_half_map_noDataBehavior":"empty-map","_citadela_half_map_noDataText":"","_citadela_half_map_clusterGridSize":80,"_citadela_header":true,"_citadela_header_over_content":false,"_citadela_header_text_color":"","_citadela_header_logo":{"id":208235,"url":"https:\/\/nodengo.com\/wp-content\/uploads\/Nodengo-logo-nhn.jpg","size":{"width":316,"height":75}},"_citadela_header_bg_image":[],"_citadela_header_bg_position":{"x":0.5,"y":0.5},"_citadela_header_bg_size":"cover","_citadela_header_bg_repeat":"no-repeat","_citadela_header_bg_fixed":false,"_citadela_header_bg_color":"","_citadela_header_bg_image_overlay":"","_citadela_header_transparent_bg":false,"_citadela_content_width":"","_citadela_half_layout_position":"","footnotes":""},"class_list":["post-53593","page","type-page","status-publish","hentry"],"uagb_featured_image_src":{"full":false,"thumbnail":false,"medium":false,"medium_large":false,"large":false,"1536x1536":false,"2048x2048":false,"trp-custom-language-flag":false,"citadela_item_thumbnail":false,"woocommerce_thumbnail":false,"woocommerce_single":false,"woocommerce_gallery_thumbnail":false,"citadela_service":false},"uagb_author_info":{"display_name":"Team Nodengo","author_link":"https:\/\/nodengo.com\/es\/author\/nodengo-team\/"},"uagb_comment_info":0,"uagb_excerpt":"Requirements &#8211; Eligibility &#8211; Advantages &#8211; Sign Up","_links":{"self":[{"href":"https:\/\/nodengo.com\/es\/wp-json\/wp\/v2\/pages\/53593","targetHints":{"allow":["GET"]}}],"collection":[{"href":"https:\/\/nodengo.com\/es\/wp-json\/wp\/v2\/pages"}],"about":[{"href":"https:\/\/nodengo.com\/es\/wp-json\/wp\/v2\/types\/page"}],"author":[{"embeddable":true,"href":"https:\/\/nodengo.com\/es\/wp-json\/wp\/v2\/users\/249"}],"replies":[{"embeddable":true,"href":"https:\/\/nodengo.com\/es\/wp-json\/wp\/v2\/comments?post=53593"}],"version-history":[{"count":0,"href":"https:\/\/nodengo.com\/es\/wp-json\/wp\/v2\/pages\/53593\/revisions"}],"up":[{"embeddable":true,"href":"https:\/\/nodengo.com\/es\/wp-json\/wp\/v2\/pages\/54134"}],"wp:attachment":[{"href":"https:\/\/nodengo.com\/es\/wp-json\/wp\/v2\/media?parent=53593"}],"curies":[{"name":"wp","href":"https:\/\/api.w.org\/{rel}","templated":true}]}}