{"id":53486,"date":"2022-09-16T15:03:47","date_gmt":"2022-09-16T13:03:47","guid":{"rendered":"https:\/\/nodengo.com\/?page_id=53486"},"modified":"2024-08-20T10:25:43","modified_gmt":"2024-08-20T08:25:43","slug":"-39","status":"publish","type":"page","link":"https:\/\/nodengo.com\/es\/hospitality-network\/review-request\/","title":{"rendered":"Review request"},"content":{"rendered":"<div class=\"wp-block-citadela-blocks-custom-container citadela-block-custom-container size-wide bg-type-none inside-space-none\"><div class=\"inner-holder\">\n<div class=\"wp-block-columns is-layout-flex wp-container-core-columns-is-layout-9d6595d7 wp-block-columns-is-layout-flex\">\n<div class=\"wp-block-column is-layout-flow wp-block-column-is-layout-flow\">\t\t\t<!-- Flexy Breadcrumb -->\r\n\t\t\t<div class=\"fbc fbc-page\">\r\n\r\n\t\t\t\t<!-- Breadcrumb wrapper -->\r\n\t\t\t\t<div class=\"fbc-wrap\">\r\n\r\n\t\t\t\t\t<!-- Ordered list-->\r\n\t\t\t\t\t<ol class=\"fbc-items\" itemscope itemtype=\"https:\/\/schema.org\/BreadcrumbList\">\r\n\t\t\t\t\t\t            <li itemprop=\"itemListElement\" itemscope itemtype=\"https:\/\/schema.org\/ListItem\">\r\n                <span itemprop=\"name\">\r\n                    <!-- Home Link -->\r\n                    <a itemprop=\"item\" href=\"https:\/\/nodengo.com\/es\/\">\r\n                    \r\n                                                    <i class=\"fa fa-home\" aria-hidden=\"true\"><\/i>Home                    <\/a>\r\n                <\/span>\r\n                <meta itemprop=\"position\" content=\"1\" \/><!-- Meta Position-->\r\n             <\/li><li><span class=\"fbc-separator\">\/<\/span><\/li><li class=\"active\" itemprop=\"itemListElement\" itemscope itemtype=\"https:\/\/schema.org\/ListItem\"><span itemprop=\"name\" title=\"Best Travel Blog\">Best Travel Blog<\/span><meta itemprop=\"position\" content=\"2\" \/><\/li>\t\t\t\t\t<\/ol>\r\n\t\t\t\t\t<div class=\"clearfix\"><\/div>\r\n\t\t\t\t<\/div>\r\n\t\t\t<\/div>\r\n\t\t\t\n<\/div>\n\n\n\n<div class=\"wp-block-column is-layout-flow wp-block-column-is-layout-flow\">\n<div style=\"height:20px\" aria-hidden=\"true\" class=\"wp-block-spacer\"><\/div>\n\n\n\n<p><i class=\"fas fa-user\"><\/i> <a href=\"\/es\/partner-help\/\">Socios<\/a> | <i class=\"fas fa-pen\"><\/i> <a href=\"\/es\/partner-help\/#editors\">Editores<\/a> | <i class=\"fas fa-question\"><\/i> <a href=\"\/es\/partner-help\/\">Ayuda<\/a> | <i class=\"fas fa-id-card\"><\/i> <a href=\"https:\/\/nodengo.com\/es\/parther-help\/-26\/\">Contacto<\/a> | <i class=\"fas fa-list\"><\/i> <a href=\"\/es\/-3\/\">Cuenta <\/a><\/p>\n<\/div>\n<\/div>\n\n\n\n<div class=\"wp-block-citadela-blocks-custom-container citadela-block-custom-container size-wide bg-type-image inside-space-none bg-size-full-horizontal has-overlay has-min-height vertical-align-top\" style=\"min-height:250px\"><div class=\"bg-image-wrapper\" style=\"background-image:url(https:\/\/nodengo.com\/wp-content\/uploads\/sptemplatetop_review.jpg);background-repeat:no-repeat;background-position:50% 50%\"><\/div><div class=\"bg-image-overlay\" style=\"opacity:0.5\"><\/div><div class=\"inner-holder\">\n<h5 class=\"wp-block-heading has-text-align-center has-white-color has-text-color has-link-color wp-elements-4460bdfde009ae85fa9d2cc955b16f83\">ESTOS SON LOS PASOS A SEGUIR PARA QUE UN EDITOR LOCAL EVALUE SU ESTABLECIMIENTO<\/h5>\n\n\n\n<div style=\"height:100px\" aria-hidden=\"true\" class=\"wp-block-spacer\"><\/div>\n\n\n\n<h2 class=\"wp-block-heading has-text-align-left\">SOLICITAR UNA EVALUACI\u00d3N<\/h2>\n\n\n\n<div style=\"height:100px\" aria-hidden=\"true\" class=\"wp-block-spacer\"><\/div>\n<\/div><\/div>\n<\/div><\/div>\n\n\n\n<div style=\"height:20px\" aria-hidden=\"true\" class=\"wp-block-spacer\"><\/div>\n\n\n\n<div class=\"wp-block-citadela-blocks-custom-container citadela-block-custom-container size-wide bg-type-none inside-space-none\"><div class=\"inner-holder\">\n<p>There is a significant distinction in our business between being &#8220;listed&#8221; and being &#8220;reviewed&#8221; on our website, Nodengo.com. Being &#8220;reviewed&#8221; entails a visit from one of our local editors who will then publish the establishment on our site. This is not available for purchase. On the other hand, being &#8220;listed&#8221; means you can add your establishment to our site for free, with the option to upgrade to an enhanced listing.<\/p>\n\n\n\n<p><strong>Si desea programar una solicitud de revisi\u00f3n para su empresa, siga estos pasos:<\/strong><\/p>\n\n\n\n<ul class=\"wp-block-list\">\n<li>Esta evaluaci\u00f3n ser\u00e1 realizada en nuestra red por editores locales que viven y trabajan en su ciudad.<\/li>\n\n\n\n<li>Complete our&nbsp;request form.<\/li>\n\n\n\n<li>Lea y acepte nuestros requisitos, que se le enviar\u00e1n una vez recibida su solicitud.<\/li>\n\n\n\n<li>Evidentemente, un editor no puede \"revisar\" un establecimiento con el que est\u00e1 vinculado de alg\u00fan modo, profesional o personalmente, o donde tiene familiares trabajando en la empresa.<\/li>\n\n\n\n<li>Nuestro equipo se comunicar\u00e1 con usted dentro de las 48 horas para confirmar su solicitud.<\/li>\n\n\n\n<li>Dentro de los 14 d\u00edas siguientes a la aceptaci\u00f3n de su solicitud, su establecimiento ser\u00e1 visitado de forma an\u00f3nima.<\/li>\n\n\n\n<li>Al finalizar su visita, nuestro Editor se presentar\u00e1 oficialmente como Editor de Nodengo presentando sus credenciales.<\/li>\n\n\n\n<li>Se \u201crenunciar\u00e1n\u201d a sus tarifas en su establecimiento para esta visita.\n<ul class=\"wp-block-list\">\n<li><em>Do note that we have extremely&nbsp;strict guidelines, as not only as to what is permitted but also as to their conduct while in your establishment, you are fully authorized to consult them prior to agreeing to the process<\/em><\/li>\n<\/ul>\n<\/li>\n\n\n\n<li>Su establecimiento es evaluado seg\u00fan la experiencia del Editor y seg\u00fan nuestros criterios.<\/li>\n\n\n\n<li>Respecto a las rese\u00f1as de restaurantes: Si bien nuestros editores son verdaderamente profesionales, no somos \u201ccr\u00edticos\u201d de restaurantes y, por lo tanto, nuestro trabajo no se centrar\u00e1 \u00fanicamente en la comida y los platos, sino en el ambiente general y el servicio. Para el resto de establecimientos, ser\u00e1n evaluados seg\u00fan est\u00e1ndar establecido dentro de su respectivo comercio.<\/li>\n\n\n\n<li>Luego, nuestra oficina central verifica su rese\u00f1a para conocer las pautas de estilo de publicaci\u00f3n y especificaciones t\u00e9cnicas y la publica.<\/li>\n\n\n\n<li>Como empresa \"evaluada\", y si su evaluaci\u00f3n es elegible, su establecimiento se beneficiar\u00e1 autom\u00e1ticamente de nuestro SEO mejorado, agregado a nuestras secciones \"destacadas\", aumentando as\u00ed su visibilidad en nuestro sitio.<\/li>\n\n\n\n<li>La revisi\u00f3n aparece dentro de las 72 horas posteriores a su finalizaci\u00f3n.<\/li>\n<\/ul>\n\n\n\n<div class=\"wp-block-buttons is-layout-flex wp-block-buttons-is-layout-flex\">\n<div class=\"wp-block-button has-custom-width wp-block-button__width-100 is-style-outline is-style-outline--2\"><a class=\"wp-block-button__link wp-element-button\" href=\"https:\/\/nodengo.com\/es\/-34\/solicitud-evaluacion-presentacion\/\">Enviar mi solicitud de evaluaci\u00f3n<\/a><\/div>\n<\/div>\n\n\n\n<div style=\"height:26px\" aria-hidden=\"true\" class=\"wp-block-spacer\"><\/div>\n\n\n\n<div class=\"wp-block-columns is-layout-flex wp-container-core-columns-is-layout-9d6595d7 wp-block-columns-is-layout-flex\">\n<div class=\"wp-block-column is-layout-flow wp-block-column-is-layout-flow\" style=\"flex-basis:33.33%\">\n<div class=\"wp-block-uagb-image uagb-block-e7c2483d wp-block-uagb-image--layout-default wp-block-uagb-image--effect-static wp-block-uagb-image--align-none\"><figure class=\"wp-block-uagb-image__figure\"><img decoding=\"async\" srcset=\"https:\/\/nodengo.com\/wp-content\/uploads\/Reviews-page-header-300x158.jpg ,https:\/\/nodengo.com\/wp-content\/uploads\/Reviews-page-header.jpg 780w, https:\/\/nodengo.com\/wp-content\/uploads\/Reviews-page-header.jpg 360w\" sizes=\"auto, (max-width: 480px) 150px\" src=\"https:\/\/nodengo.com\/wp-content\/uploads\/Reviews-page-header-300x158.jpg\" alt=\"Reviews request\" class=\"uag-image-140961\" width=\"300\" height=\"158\" title=\"Reviews OG header concept\" loading=\"lazy\" role=\"img\"\/><\/figure><\/div>\n<\/div>\n\n\n\n<div class=\"wp-block-column is-layout-flow wp-block-column-is-layout-flow\" style=\"flex-basis:66.66%\">\n<p><strong>Informaci\u00f3n importante<\/strong>:  <\/p>\n\n\n\n<p class=\"has-small-font-size\"><em>No publicamos \u201cmalos resultados\u201d. Si su establecimiento \"falla\", seg\u00fan nuestro criterio, simplemente no lo publicaremos, porque como mencionamos anteriormente, no nos interesan los n\u00fameros sino la calidad para el beneficio de todos los establecimientos que figuran en nuestro sitio, nos comunicaremos con usted de todos modos y le informaremos de nuestra decisi\u00f3n, tenga en cuenta que nuestra decisi\u00f3n es definitiva y sin apelaci\u00f3n<\/em><\/p>\n\n\n\n<p class=\"has-small-font-size\"><em>Sin embargo, como sabemos que a veces las cosas pueden salir muy mal y esto no necesariamente refleja su establecimiento, autorizaremos una solicitud de evaluaci\u00f3n adicional, esto dentro de los dos meses posteriores a la primera visita.<\/em><\/p>\n\n\n\n<p class=\"has-small-font-size\">Si desea obtener m\u00e1s informaci\u00f3n sobre el proceso de solicitud de revisi\u00f3n antes de solicitar una revisi\u00f3n, no dude en contactarnos.<\/p>\n<\/div>\n<\/div>\n<\/div><\/div>","protected":false},"excerpt":{"rendered":"","protected":false},"author":249,"featured_media":0,"parent":54134,"menu_order":0,"comment_status":"closed","ping_status":"closed","template":"","meta":{"_uag_custom_page_level_css":"","_citadela_hide_page_title":"1","_citadela_remove_header_space":"1","_citadela_custom_class":"","_citadela_half_map_provider":"","_citadela_half_map_theme":"","_citadela_half_map_themeOSM":"","_citadela_half_map_customTheme":"","_citadela_half_map_dataType":"","_citadela_half_map_dynamicTrack":false,"_citadela_half_map_trackColor":"","_citadela_half_map_trackEndpointsColor":"","_citadela_half_map_filterCategory":"","_citadela_half_map_filterLocation":"","_citadela_half_map_filterFeatured":false,"_citadela_half_map_noDataBehavior":"empty-map","_citadela_half_map_noDataText":"","_citadela_half_map_clusterGridSize":80,"_citadela_header":true,"_citadela_header_over_content":false,"_citadela_header_text_color":"","_citadela_header_logo":{"id":208235,"url":"https:\/\/nodengo.com\/wp-content\/uploads\/Nodengo-logo-nhn.jpg","size":{"width":316,"height":75}},"_citadela_header_bg_image":[],"_citadela_header_bg_position":{"x":0.5,"y":0.5},"_citadela_header_bg_size":"cover","_citadela_header_bg_repeat":"no-repeat","_citadela_header_bg_fixed":false,"_citadela_header_bg_color":"","_citadela_header_bg_image_overlay":"","_citadela_header_transparent_bg":false,"_citadela_content_width":"","_citadela_half_layout_position":"","footnotes":""},"class_list":["post-53486","page","type-page","status-publish","hentry"],"uagb_featured_image_src":{"full":false,"thumbnail":false,"medium":false,"medium_large":false,"large":false,"1536x1536":false,"2048x2048":false,"trp-custom-language-flag":false,"citadela_item_thumbnail":false,"woocommerce_thumbnail":false,"woocommerce_single":false,"woocommerce_gallery_thumbnail":false,"citadela_service":false},"uagb_author_info":{"display_name":"Team Nodengo","author_link":"https:\/\/nodengo.com\/es\/author\/nodengo-team\/"},"uagb_comment_info":0,"uagb_excerpt":null,"_links":{"self":[{"href":"https:\/\/nodengo.com\/es\/wp-json\/wp\/v2\/pages\/53486","targetHints":{"allow":["GET"]}}],"collection":[{"href":"https:\/\/nodengo.com\/es\/wp-json\/wp\/v2\/pages"}],"about":[{"href":"https:\/\/nodengo.com\/es\/wp-json\/wp\/v2\/types\/page"}],"author":[{"embeddable":true,"href":"https:\/\/nodengo.com\/es\/wp-json\/wp\/v2\/users\/249"}],"replies":[{"embeddable":true,"href":"https:\/\/nodengo.com\/es\/wp-json\/wp\/v2\/comments?post=53486"}],"version-history":[{"count":0,"href":"https:\/\/nodengo.com\/es\/wp-json\/wp\/v2\/pages\/53486\/revisions"}],"up":[{"embeddable":true,"href":"https:\/\/nodengo.com\/es\/wp-json\/wp\/v2\/pages\/54134"}],"wp:attachment":[{"href":"https:\/\/nodengo.com\/es\/wp-json\/wp\/v2\/media?parent=53486"}],"curies":[{"name":"wp","href":"https:\/\/api.w.org\/{rel}","templated":true}]}}