{"id":52614,"date":"2022-09-14T18:01:02","date_gmt":"2022-09-14T16:01:02","guid":{"rendered":"https:\/\/nodengo.com\/?page_id=52614"},"modified":"2024-08-20T10:25:47","modified_gmt":"2024-08-20T08:25:47","slug":"-25","status":"publish","type":"page","link":"https:\/\/nodengo.com\/es\/how-to-publish\/","title":{"rendered":"C\u00f3mo publicar"},"content":{"rendered":"<div class=\"wp-block-citadela-blocks-custom-container citadela-block-custom-container size-wide bg-type-none inside-space-none\"><div class=\"inner-holder\">\n<div class=\"wp-block-columns is-layout-flex wp-container-core-columns-is-layout-9d6595d7 wp-block-columns-is-layout-flex\">\n<div class=\"wp-block-column is-layout-flow wp-block-column-is-layout-flow\">\t\t\t<!-- Flexy Breadcrumb -->\r\n\t\t\t<div class=\"fbc fbc-page\">\r\n\r\n\t\t\t\t<!-- Breadcrumb wrapper -->\r\n\t\t\t\t<div class=\"fbc-wrap\">\r\n\r\n\t\t\t\t\t<!-- Ordered list-->\r\n\t\t\t\t\t<ol class=\"fbc-items\" itemscope itemtype=\"https:\/\/schema.org\/BreadcrumbList\">\r\n\t\t\t\t\t\t            <li itemprop=\"itemListElement\" itemscope itemtype=\"https:\/\/schema.org\/ListItem\">\r\n                <span itemprop=\"name\">\r\n                    <!-- Home Link -->\r\n                    <a itemprop=\"item\" href=\"https:\/\/nodengo.com\/es\/\">\r\n                    \r\n                                                    <i class=\"fa fa-home\" aria-hidden=\"true\"><\/i>Home                    <\/a>\r\n                <\/span>\r\n                <meta itemprop=\"position\" content=\"1\" \/><!-- Meta Position-->\r\n             <\/li><li><span class=\"fbc-separator\">\/<\/span><\/li><li class=\"active\" itemprop=\"itemListElement\" itemscope itemtype=\"https:\/\/schema.org\/ListItem\"><span itemprop=\"name\" title=\"Best Travel Blog\">Best Travel Blog<\/span><meta itemprop=\"position\" content=\"2\" \/><\/li>\t\t\t\t\t<\/ol>\r\n\t\t\t\t\t<div class=\"clearfix\"><\/div>\r\n\t\t\t\t<\/div>\r\n\t\t\t<\/div>\r\n\t\t\t\n<\/div>\n\n\n\n<div class=\"wp-block-column is-layout-flow wp-block-column-is-layout-flow\">\n<div style=\"height:20px\" aria-hidden=\"true\" class=\"wp-block-spacer\"><\/div>\n\n\n\n<p><i class=\"fas fa-user\"><\/i> <a href=\"\/es\/partner-help\/\">Socios<\/a> | <i class=\"fas fa-pen\"><\/i> <a href=\"\/es\/partner-help\/#editors\">Editores<\/a> | <i class=\"fas fa-question\"><\/i> <a href=\"\/es\/partner-help\/\">Ayuda<\/a> | <i class=\"fas fa-id-card\"><\/i> <a href=\"https:\/\/nodengo.com\/es\/parther-help\/-26\/\">Contacto<\/a> | <i class=\"fas fa-list\"><\/i> <a href=\"\/es\/-3\/\">Cuenta <\/a><\/p>\n<\/div>\n<\/div>\n\n\n\n<h2 class=\"wp-block-heading\">C\u00f3mo publicar tu anuncio<\/h2>\n\n\n\n<figure class=\"wp-block-image size-full\"><img decoding=\"async\" width=\"1170\" height=\"658\" src=\"https:\/\/nodengo.com\/wp-content\/uploads\/How-to-complete-your-listing-1-1170x658-1.png\" alt=\"How to publish your listing on Nodengo\" class=\"wp-image-52618\" title=\"\" srcset=\"https:\/\/nodengo.com\/wp-content\/uploads\/How-to-complete-your-listing-1-1170x658-1.png 1170w, https:\/\/nodengo.com\/wp-content\/uploads\/How-to-complete-your-listing-1-1170x658-1-150x84.png 150w, https:\/\/nodengo.com\/wp-content\/uploads\/How-to-complete-your-listing-1-1170x658-1-900x506.png 900w, https:\/\/nodengo.com\/wp-content\/uploads\/How-to-complete-your-listing-1-1170x658-1-300x169.png 300w, https:\/\/nodengo.com\/wp-content\/uploads\/How-to-complete-your-listing-1-1170x658-1-1024x576.png 1024w, https:\/\/nodengo.com\/wp-content\/uploads\/How-to-complete-your-listing-1-1170x658-1-768x432.png 768w, https:\/\/nodengo.com\/wp-content\/uploads\/How-to-complete-your-listing-1-1170x658-1-18x10.png 18w\" sizes=\"(max-width: 1170px) 100vw, 1170px\" \/><\/figure>\n\n\n\n<p>C\u00f3mo completar su registro<\/p>\n\n\n\n<ol class=\"has-small-font-size wp-block-list\">\n<li>Nombre de su establecimiento<\/li>\n\n\n\n<li>Descripci\u00f3n de su establecimiento, sea descriptivo, utilice varios p\u00e1rrafos, recomendamos 600 palabras o m\u00e1s&nbsp;&nbsp;<em>(flexible, editar virtualmente o texto html)<\/em><\/li>\n\n\n\n<li>Complete estos campos (horario de apertura, informaci\u00f3n de contacto, etc.),&nbsp;<em>los campos de informaci\u00f3n adicional se explican con m\u00e1s detalle a continuaci\u00f3n - La secci\u00f3n destacada solo se aplica a los planes Enterprise)<\/em><\/li>\n\n\n\n<li>La categor\u00eda de su establecimiento&nbsp;<em>&nbsp;(usar solo uno)<\/em><\/li>\n\n\n\n<li>La ubicaci\u00f3n de su establecimiento&nbsp;&nbsp;<em>(usar solo uno)<\/em><\/li>\n\n\n\n<li>Imagen&nbsp;<em>&nbsp;(esta es la imagen destacada que aparece en el listado y en la secci\u00f3n de b\u00fasqueda)<\/em><\/li>\n\n\n\n<li>Guardar como borrador, vista previa o<\/li>\n\n\n\n<li>Publica tu listado&nbsp;<em>&nbsp;(tenga en cuenta que nuestro equipo comprobar\u00e1 la lista antes de publicarla)<\/em><\/li>\n\n\n\n<li>Esta es la secci\u00f3n de SEO que completa nuestro equipo de SEO, no necesita completar nada en este campo<\/li>\n<\/ol>\n\n\n\n<div class=\"wp-block-citadela-blocks-custom-container citadela-block-custom-container size-wide bg-type-none inside-space-none\"><div class=\"inner-holder\">\n<p><strong>Opciones adicionales<\/strong><\/p>\n\n\n\n<figure class=\"wp-block-image size-full\"><img decoding=\"async\" width=\"1170\" height=\"658\" src=\"https:\/\/nodengo.com\/wp-content\/uploads\/Additional-info-1170x658-1.png\" alt=\"\" class=\"wp-image-52620\" title=\"\" srcset=\"https:\/\/nodengo.com\/wp-content\/uploads\/Additional-info-1170x658-1.png 1170w, https:\/\/nodengo.com\/wp-content\/uploads\/Additional-info-1170x658-1-150x84.png 150w, https:\/\/nodengo.com\/wp-content\/uploads\/Additional-info-1170x658-1-900x506.png 900w, https:\/\/nodengo.com\/wp-content\/uploads\/Additional-info-1170x658-1-300x169.png 300w, https:\/\/nodengo.com\/wp-content\/uploads\/Additional-info-1170x658-1-1024x576.png 1024w, https:\/\/nodengo.com\/wp-content\/uploads\/Additional-info-1170x658-1-768x432.png 768w, https:\/\/nodengo.com\/wp-content\/uploads\/Additional-info-1170x658-1-18x10.png 18w\" sizes=\"(max-width: 1170px) 100vw, 1170px\" \/><figcaption class=\"wp-element-caption\"> <\/figcaption><\/figure>\n\n\n\n<p>Uso de funciones adicionales<\/p>\n\n\n\n<p>La secci\u00f3n de informaci\u00f3n adicional es autoexplicativa, complete la informaci\u00f3n que corresponde a sus servicios \/ establecimiento siguiendo la indicaci\u00f3n.<\/p>\n\n\n\n<p><em>Tenga en cuenta que si utiliza una funci\u00f3n que no est\u00e1 disponible en su paquete, asumiremos que desea actualizar su paquete.<\/em><\/p>\n\n\n\n<p>Si desea que se agregue una descripci\u00f3n o funci\u00f3n, cont\u00e1ctenos<\/p>\n\n\n<div class=\"wp-block-image\">\n<figure class=\"aligncenter size-full\"><img decoding=\"async\" width=\"451\" height=\"112\" src=\"https:\/\/nodengo.com\/wp-content\/uploads\/congrats-1.jpg\" alt=\"\" class=\"wp-image-52622\" title=\"\" srcset=\"https:\/\/nodengo.com\/wp-content\/uploads\/congrats-1.jpg 451w, https:\/\/nodengo.com\/wp-content\/uploads\/congrats-1-150x37.jpg 150w, https:\/\/nodengo.com\/wp-content\/uploads\/congrats-1-300x75.jpg 300w, https:\/\/nodengo.com\/wp-content\/uploads\/congrats-1-18x4.jpg 18w\" sizes=\"(max-width: 451px) 100vw, 451px\" \/><\/figure>\n<\/div><\/div><\/div>\n<\/div><\/div>","protected":false},"excerpt":{"rendered":"","protected":false},"author":249,"featured_media":0,"parent":0,"menu_order":0,"comment_status":"closed","ping_status":"closed","template":"","meta":{"_uag_custom_page_level_css":"","_citadela_hide_page_title":"1","_citadela_remove_header_space":"1","_citadela_custom_class":"","_citadela_half_map_provider":"","_citadela_half_map_theme":"","_citadela_half_map_themeOSM":"","_citadela_half_map_customTheme":"","_citadela_half_map_dataType":"","_citadela_half_map_dynamicTrack":false,"_citadela_half_map_trackColor":"","_citadela_half_map_trackEndpointsColor":"","_citadela_half_map_filterCategory":"","_citadela_half_map_filterLocation":"","_citadela_half_map_filterFeatured":false,"_citadela_half_map_noDataBehavior":"empty-map","_citadela_half_map_noDataText":"","_citadela_half_map_clusterGridSize":80,"_citadela_header":true,"_citadela_header_over_content":false,"_citadela_header_text_color":"","_citadela_header_logo":{"id":208235,"url":"https:\/\/nodengo.com\/wp-content\/uploads\/Nodengo-logo-nhn.jpg","size":{"width":316,"height":75}},"_citadela_header_bg_image":[],"_citadela_header_bg_position":{"x":0.5,"y":0.5},"_citadela_header_bg_size":"cover","_citadela_header_bg_repeat":"no-repeat","_citadela_header_bg_fixed":false,"_citadela_header_bg_color":"","_citadela_header_bg_image_overlay":"","_citadela_header_transparent_bg":false,"_citadela_content_width":"wide","_citadela_half_layout_position":"","footnotes":""},"class_list":["post-52614","page","type-page","status-publish","hentry"],"uagb_featured_image_src":{"full":false,"thumbnail":false,"medium":false,"medium_large":false,"large":false,"1536x1536":false,"2048x2048":false,"trp-custom-language-flag":false,"citadela_item_thumbnail":false,"woocommerce_thumbnail":false,"woocommerce_single":false,"woocommerce_gallery_thumbnail":false,"citadela_service":false},"uagb_author_info":{"display_name":"Team Nodengo","author_link":"https:\/\/nodengo.com\/es\/author\/nodengo-team\/"},"uagb_comment_info":0,"uagb_excerpt":null,"_links":{"self":[{"href":"https:\/\/nodengo.com\/es\/wp-json\/wp\/v2\/pages\/52614","targetHints":{"allow":["GET"]}}],"collection":[{"href":"https:\/\/nodengo.com\/es\/wp-json\/wp\/v2\/pages"}],"about":[{"href":"https:\/\/nodengo.com\/es\/wp-json\/wp\/v2\/types\/page"}],"author":[{"embeddable":true,"href":"https:\/\/nodengo.com\/es\/wp-json\/wp\/v2\/users\/249"}],"replies":[{"embeddable":true,"href":"https:\/\/nodengo.com\/es\/wp-json\/wp\/v2\/comments?post=52614"}],"version-history":[{"count":0,"href":"https:\/\/nodengo.com\/es\/wp-json\/wp\/v2\/pages\/52614\/revisions"}],"wp:attachment":[{"href":"https:\/\/nodengo.com\/es\/wp-json\/wp\/v2\/media?parent=52614"}],"curies":[{"name":"wp","href":"https:\/\/api.w.org\/{rel}","templated":true}]}}