{"id":38786,"date":"2022-05-17T12:54:05","date_gmt":"2022-05-17T10:54:05","guid":{"rendered":"https:\/\/nodengo.com\/?page_id=38786"},"modified":"2024-08-20T10:25:50","modified_gmt":"2024-08-20T08:25:50","slug":"-41","status":"publish","type":"page","link":"https:\/\/nodengo.com\/es\/publisher-agreement\/","title":{"rendered":"Acuerdo y Consentimiento"},"content":{"rendered":"<div class=\"wp-block-columns is-layout-flex wp-container-core-columns-is-layout-9d6595d7 wp-block-columns-is-layout-flex\">\n<div class=\"wp-block-column is-layout-flow wp-block-column-is-layout-flow\">\t\t\t<!-- Flexy Breadcrumb -->\r\n\t\t\t<div class=\"fbc fbc-page\">\r\n\r\n\t\t\t\t<!-- Breadcrumb wrapper -->\r\n\t\t\t\t<div class=\"fbc-wrap\">\r\n\r\n\t\t\t\t\t<!-- Ordered list-->\r\n\t\t\t\t\t<ol class=\"fbc-items\" itemscope itemtype=\"https:\/\/schema.org\/BreadcrumbList\">\r\n\t\t\t\t\t\t            <li itemprop=\"itemListElement\" itemscope itemtype=\"https:\/\/schema.org\/ListItem\">\r\n                <span itemprop=\"name\">\r\n                    <!-- Home Link -->\r\n                    <a itemprop=\"item\" href=\"https:\/\/nodengo.com\/es\/\">\r\n                    \r\n                                                    <i class=\"fa fa-home\" aria-hidden=\"true\"><\/i>Home                    <\/a>\r\n                <\/span>\r\n                <meta itemprop=\"position\" content=\"1\" \/><!-- Meta Position-->\r\n             <\/li><li><span class=\"fbc-separator\">\/<\/span><\/li><li class=\"active\" itemprop=\"itemListElement\" itemscope itemtype=\"https:\/\/schema.org\/ListItem\"><span itemprop=\"name\" title=\"Best Travel Blog\">Best Travel Blog<\/span><meta itemprop=\"position\" content=\"2\" \/><\/li>\t\t\t\t\t<\/ol>\r\n\t\t\t\t\t<div class=\"clearfix\"><\/div>\r\n\t\t\t\t<\/div>\r\n\t\t\t<\/div>\r\n\t\t\t\n<\/div>\n\n\n\n<div class=\"wp-block-column is-layout-flow wp-block-column-is-layout-flow\">\n<p><i class=\"fas fa-user\"><\/i> <a href=\"\/es\/partner-help\/\">Socios<\/a> | <i class=\"fas fa-pen\"><\/i> <a href=\"\/es\/partner-help\/#editors\">Editores<\/a> | <i class=\"fas fa-question\"><\/i> <a href=\"\/es\/partner-help\/\">Ayuda<\/a> | <i class=\"fas fa-id-card\"><\/i> <a href=\"https:\/\/nodengo.com\/es\/parther-help\/-26\/\">Contacto<\/a> | <i class=\"fas fa-list\"><\/i> <a href=\"\/es\/-3\/\">Cuenta <\/a><\/p>\n<\/div>\n<\/div>\n\n\n\n<h3 class=\"wp-block-heading\"><strong>Acuerdo y Consentimiento<\/strong><\/h3>\n\n\n\n<p class=\"has-small-font-size\"><strong>1. Aceptaci\u00f3n del Acuerdo de Editor de Nodengo.com<\/strong><\/p>\n\n\n\n<p class=\"has-small-font-size\">La vigencia de este Acuerdo comenzar\u00e1 con su registro y aceptaci\u00f3n y continuar\u00e1 hasta que nosotros o usted lo rescindamos.<\/p>\n\n\n\n<p class=\"has-small-font-size\">Estos t\u00e9rminos y condiciones, seg\u00fan puedan modificarse peri\u00f3dicamente, se aplican a todos nuestros servicios. Tenemos derecho a rescindir este Acuerdo y su acceso a su cuenta del Programa en cualquier momento.<br>Al registrarse, publicar y utilizar nuestro sitio web o cualquiera de nuestras aplicaciones a trav\u00e9s de cualquier plataforma (en adelante, denominadas colectivamente la \"Plataforma\"), usted reconoce y acepta haber le\u00eddo, comprendido y aceptado el acuerdo del editor que se establece a continuaci\u00f3n.<\/p>\n\n\n\n<p class=\"has-small-font-size\">Estas p\u00e1ginas, el contenido y la infraestructura que proporcionamos en estas p\u00e1ginas y a trav\u00e9s del sitio web son propiedad de Nodengo.com, los opera y los proporciona<\/p>\n\n\n\n<p class=\"has-small-font-size\"><strong>2<a>. <\/a>Alcance y naturaleza de nuestro servicio<\/strong><br>A trav\u00e9s de nuestro sitio web, Nodengo.com proporciona una plataforma en l\u00ednea mediante la cual el Editor puede comercializar y promover sus servicios.<\/p>\n\n\n\n<p class=\"has-small-font-size\">El Editor es totalmente responsable en la conducci\u00f3n profesional de sus negocios. El editor puede anunciar, comercializar, vender, promocionar y\/u ofrecer (seg\u00fan corresponda) sus productos y servicios para ordenar, comprar, reservar, contratar y a trav\u00e9s de los cuales los visitantes relevantes de la Plataforma pueden descubrir, buscar, comparar y colocar un orden.<\/p>\n\n\n\n<p class=\"has-small-font-size\">Cada Editor sigue siendo responsable de la exactitud, integridad y correcci\u00f3n de la informaci\u00f3n descriptiva y es responsable de actualizar todas las tarifas\/tarifas\/precios, disponibilidad, pol\u00edticas, condiciones y otra informaci\u00f3n relevante que se muestra en nuestra Plataforma.<\/p>\n\n\n\n<p class=\"has-small-font-size\">Al prestar nuestro servicio, la informaci\u00f3n que divulgamos se basa en la informaci\u00f3n que ha proporcionado el Editor. Aunque usaremos habilidad y cuidado razonables al realizar nuestro servicio, no verificaremos y no podemos garantizar que toda la informaci\u00f3n sea precisa, completa o correcta, ni podemos ser considerados responsables de ning\u00fan error (incluidos errores manifiestos y tipogr\u00e1ficos), cualquier interrupci\u00f3n. (ya sea debido a cualquier aver\u00eda (temporal y\/o parcial), reparaci\u00f3n, actualizaci\u00f3n o mantenimiento de nuestra Plataforma o de otro modo), informaci\u00f3n inexacta, enga\u00f1osa o falsa, ni falta de entrega de informaci\u00f3n<\/p>\n\n\n\n<p class=\"has-small-font-size\"><strong>3. Responsabilidades del editor<\/strong><\/p>\n\n\n\n<ol class=\"has-small-font-size wp-block-list\">\n<li>Debe registrarse para utilizar parte de nuestro Sitio; es su responsabilidad proporcionar detalles de registro precisos y completos y mantener dichos detalles actualizados. Tenemos derecho a confiar en los datos de registro que usted nos proporcione. Usted es responsable de cualquier actividad que ocurra en su cuenta. Por eso es importante que mantengas tu cuenta segura. Una forma de hacerlo es seleccionar una contrase\u00f1a segura que no utilice para ninguna otra cuenta.<\/li>\n\n\n\n<li>Su registro en nuestro Sitio debe realizarse a nombre de su establecimiento\/empresa, no bajo ning\u00fan nombre falso o supuesto ni con la identidad de ninguna otra persona o empresa. No debes pretender ser una persona diferente. Debe proporcionar una direcci\u00f3n de correo electr\u00f3nico v\u00e1lida cuando se registre en nuestro Sitio. Usted nos autoriza, directamente o a trav\u00e9s de terceros, a realizar cualquier consulta que consideremos apropiada para verificar la informaci\u00f3n de cuenta que usted proporciona. Tambi\u00e9n acepta que le enviemos correos electr\u00f3nicos relacionados con el Programa y otras oportunidades de publicaci\u00f3n de vez en cuando. Tambi\u00e9n reconoce y acepta que podemos dejar de enviarle correos electr\u00f3nicos sin notificaci\u00f3n previa.<\/li>\n\n\n\n<li>A menos que se indique lo contrario, cada registro es para un \u00fanico usuario y no para varios usuarios. Se le proporciona un c\u00f3digo de identificaci\u00f3n de usuario, contrase\u00f1a o cualquier otra informaci\u00f3n como parte de nuestros procedimientos de seguridad; debe tratar dicha informaci\u00f3n como confidencial. No debe divulgarlo a ning\u00fan tercero y debe mantenerlo actualizado mientras utilice el Programa. Usted es el \u00fanico responsable de cualquier p\u00e9rdida o da\u00f1o que usted o nosotros podamos sufrir por no hacerlo. Si cree que alguien ha obtenido acceso a su cuenta, comun\u00edquese inmediatamente con Soporte.<\/li>\n\n\n\n<li>Podemos suspender, cancelar o impedir su cuenta y\/o su acceso a cualquiera o todos los Sitios a nuestro exclusivo criterio. Cuando suspendamos, cancelemos o impidamos su registro, no debe intentar volver a registrarse ni enviar ning\u00fan contenido, material o aplicaciones sin nuestro consentimiento previo por escrito.\n<ol class=\"wp-block-list\">\n<li>Para evitar dudas, cuando suspendamos, cancelemos o impidamos de otro modo su cuenta o su acceso a cualquier Sitio, podremos continuar publicando o utilizando su Contenido, de acuerdo con las disposiciones de los T\u00e9rminos aplicables. <\/li>\n\n\n\n<li>Si sabe o sospecha que alguien adem\u00e1s de usted conoce su c\u00f3digo de identificaci\u00f3n de usuario o contrase\u00f1a, debe notific\u00e1rnoslo de inmediato.<\/li>\n<\/ol>\n<\/li>\n\n\n\n<li>Tenemos derecho a eliminar o modificar los metadatos y la descripci\u00f3n del producto, la informaci\u00f3n o las im\u00e1genes que usted pone a disposici\u00f3n para su listado por cualquier motivo, incluso si determinamos que no cumple con nuestros requisitos de contenido.<\/li>\n<\/ol>\n\n\n\n<p class=\"has-small-font-size\"><strong>4. Contenido que env\u00edas<\/strong><\/p>\n\n\n\n<p class=\"has-small-font-size\">Por la presente, usted nos otorga un derecho y una licencia mundial, no exclusivos y libres de regal\u00edas y, en cualquier medio, para usar, reproducir, distribuir, modificar con fines t\u00e9cnicos, presentar p\u00fablicamente, mostrar p\u00fablicamente y mostrar digitalmente su contenido publicado.<\/p>\n\n\n\n<p class=\"has-small-font-size\">The products and any services provided in connection with this agreement are supplied on an &#8220;as is&#8221; and &#8220;as available&#8221; basis. To the fullest extent under applicable law, we make no, and disclaims all, warranties (including, but not limited to, any implied warranties of merchantability, fitness for a particular purpose and non-infringement), guarantees, and representations, whether express, implied, oral or otherwise. In no event shall provider or any partner be responsible for any consequential, incidental, special, punitive, exemplary, or indirect damages arising from or relating to this agreement or otherwise, including, without limitation, lost revenue, or profits, even if provider has been advised of the possibility of such damages.<\/p>\n\n\n\n<p class=\"has-small-font-size\">Usted acepta que cualquier informaci\u00f3n enviada, incluidos textos, im\u00e1genes, sonidos y videos, le pertenece o tiene permiso para enviarlos. Tambi\u00e9n acepta que tenemos permiso para usarlo en cualquiera de nuestra red de sitios web. Usted acepta indemnizarnos de toda responsabilidad y no responsabilizarnos por mostrar cualquier informaci\u00f3n que nos env\u00ede. Al registrarse en Nodengo.com, acepta que ocasionalmente podemos comunicarnos con usted por tel\u00e9fono, correo electr\u00f3nico o correo postal con respecto a ofertas especiales, opciones de actualizaci\u00f3n, listados mejorados, etc.<\/p>\n\n\n\n<p class=\"has-small-font-size\"><strong>5. Tarifas y pago<\/strong><\/p>\n\n\n\n<p class=\"has-small-font-size\">5.1 Tarifas: al comprar una suscripci\u00f3n, usted acepta las tarifas y los t\u00e9rminos de pago que se describen en este documento y\/o durante el proceso de registro en l\u00ednea.<\/p>\n\n\n\n<p class=\"has-small-font-size\">5.2 Se le pedir\u00e1 que proporcione el pago a Nodengo.com al registrarse para una suscripci\u00f3n. Por la presente garantiza y declara que tiene la autoridad para proporcionar dicha informaci\u00f3n de pago a Nodengo.com y ser\u00e1 responsable de todos los cargos que se le hagan. Nodengo.com facturar\u00e1 a su tarjeta de cr\u00e9dito antes de cada Per\u00edodo de facturaci\u00f3n (como se define a continuaci\u00f3n) los cargos incurridos durante dicho Per\u00edodo de facturaci\u00f3n, as\u00ed como los saldos pendientes. Nodengo.com especificar\u00e1 su \u201cPer\u00edodo de facturaci\u00f3n\u201d en el momento del registro, aunque Nodengo.com se reserva el derecho de cambiar el plazo de los Per\u00edodos de facturaci\u00f3n futuros en cualquier momento.<\/p>\n\n\n\n<p class=\"has-small-font-size\">5.3 Renovaci\u00f3n autom\u00e1tica: NODENGO.COM RENOVAR\u00c1 AUTOM\u00c1TICAMENTE CADA UNA DE SUS SUSCRIPCIONES A LISTADOS Y COBRAR\u00c1 SU TARJETA DE CR\u00c9DITO AL COMIENZO DE CADA PERIODO DE RENOVACI\u00d3N DE SUSCRIPCI\u00d3N, SIEMPRE QUE SU SUSCRIPCI\u00d3N NO HAYA SIDO CANCELADA. El cargo autom\u00e1tico a su tarjeta de cr\u00e9dito se producir\u00e1 al comienzo de cada renovaci\u00f3n de suscripci\u00f3n. Usted reconoce que el monto facturado cada a\u00f1o puede variar por motivos tales como que ya no se aplican tarifas promocionales, cambios en su suscripci\u00f3n u otros motivos; y usted nos autoriza a cargar en su tarjeta de cr\u00e9dito dichos montos variables.<\/p>\n\n\n\n<p class=\"has-small-font-size\"><strong>6<\/strong>. <strong>anunciantes<\/strong><\/p>\n\n\n\n<p class=\"has-small-font-size\">Como editor, se le permite mostrar anuncios y otra informaci\u00f3n en determinadas \u00e1reas del Sitio a trav\u00e9s de nuestra plataforma publicitaria. Si es un anunciante, asumir\u00e1 la responsabilidad total de cualquier anuncio que coloque en el Sitio y de cualquier servicio proporcionado en el Sitio o productos vendidos a trav\u00e9s de esos anuncios.<\/p>\n\n\n\n<p class=\"has-small-font-size\"><strong>7. Modificaci\u00f3n e interrupciones<\/strong><br>Nos reservamos el derecho de cambiar, modificar o eliminar el contenido del Sitio en cualquier momento o por cualquier motivo, a nuestro exclusivo criterio y sin previo aviso. Adem\u00e1s, no tenemos la obligaci\u00f3n de actualizar ninguna informaci\u00f3n en nuestro sitio.<br>Nodengo.com se reserva el derecho a:.<\/p>\n\n\n\n<p class=\"has-small-font-size\">     7.1 cambiar o eliminar (temporal o permanentemente) el sitio web o cualquier parte del mismo sin previo aviso y usted confirma que Nodengo.com no ser\u00e1 responsable ante usted por dicho cambio o eliminaci\u00f3n y. cambiar estos T\u00e9rminos y condiciones en cualquier momento, y su uso continuado del sitio web despu\u00e9s de cualquier cambio se considerar\u00e1 como su aceptaci\u00f3n de dicho cambio.<\/p>\n\n\n\n<p class=\"has-small-font-size\">      7.2 Cambiar, actualizar o discontinuar ciertos productos y caracter\u00edsticas de los Servicios. Nodengo.com no es de ninguna manera responsable de ninguna p\u00e9rdida, lesi\u00f3n o da\u00f1o directo o indirecto de cualquier tipo que sea general, especial, compensatorio, consecuente y\/o accesorios que surjan de o est\u00e9n relacionados con su conducta o de otro modo en conexi\u00f3n con el Uso del Servicio, incluidos, entre otros, lesiones personales, angustia emocional y\/o cualquier otro da\u00f1o resultante de comunicaciones o reuniones con otros usuarios registrados de nuestro Servicio o personas que pueda conocer a trav\u00e9s de este Servicio.<\/p>\n\n\n\n<p class=\"has-small-font-size\">         7.3 Fuerza Mayor. Nodengo.com no ser\u00e1 responsable ante usted por ning\u00fan incumplimiento o retraso en el cumplimiento de sus obligaciones en virtud de este Acuerdo causado por cualquier evento o circunstancia fuera de su control, incluidos, entre otros, ataques de denegaci\u00f3n de servicio, insurrecci\u00f3n, incendios. , inundaciones, tormentas, explosiones, casos fortuitos, guerra, terrorismo y condiciones laborales.<\/p>\n\n\n\n<p class=\"has-small-font-size\"><strong>8. Propiedad intelectual<\/strong><br>Todos los derechos de autor, marcas comerciales y todos los dem\u00e1s derechos de propiedad intelectual del sitio web y su contenido (incluidos, entre otros, el dise\u00f1o del sitio web, el texto, los gr\u00e1ficos y todo el software y los c\u00f3digos fuente relacionados con el sitio web) son propiedad de Nodengo.com o est\u00e1n bajo licencia de ellos o se utilizan de otro modo. por Nodengo.com seg\u00fan lo permitido por la ley.<br><br>Nodengo.com posee y conserva todos los derechos de propiedad del Sitio y el Servicio. La presentaci\u00f3n y todo el material, incluidas las marcas comerciales, logotipos y nombres de dominio que aparecen en el sitio web, indican que la plataforma de alojamiento Nodengo.com est\u00e1 protegida por las leyes sobre propiedad intelectual y pertenecen a Nodengo.com o ha sido autorizado a utilizarlas, o est\u00e1n disponibles en el dominio p\u00fablico.<\/p>\n\n\n\n<p class=\"has-small-font-size\"><strong>9 Descargos de responsabilidad y limitaci\u00f3n de responsabilidad<\/strong><br>9.1 El sitio web se proporciona TAL CUAL y SEG\u00daN DISPONIBILIDAD sin ninguna representaci\u00f3n o respaldo realizado y sin garant\u00eda de ning\u00fan tipo, ya sea expresa o impl\u00edcita, incluidas, entre otras, las garant\u00edas impl\u00edcitas de calidad satisfactoria, idoneidad para un prop\u00f3sito particular, no infracci\u00f3n, compatibilidad, seguridad y exactitud.<br>9.2 En la medida permitida por la ley, Nodengo.com no ser\u00e1 responsable de ninguna p\u00e9rdida o da\u00f1o indirecto o consecuente de cualquier tipo (incluyendo, entre otros, p\u00e9rdida de negocios, oportunidades, datos, ganancias) que surjan de o en conexi\u00f3n con el uso del sitio web.<br>Nodengo.com no garantiza que la funcionalidad de la secci\u00f3n de publicaci\u00f3n de eventos de nuestro sitio web sea ininterrumpida o libre de errores, que los defectos se corrijan o que el sitio web o el servidor que lo pone a disposici\u00f3n est\u00e9n libres de virus o cualquier otra cosa que pueda ser da\u00f1ino o destructivo<br>EN NING\u00daN CASO Nodengo.com NO SER\u00c1 RESPONSABLE ANTE USTED O TERCEROS por cualquier p\u00e9rdida, lesi\u00f3n o da\u00f1o directo o indirecto de cualquier naturaleza que resulte en la interrupci\u00f3n o disfunci\u00f3n del Servicio, incluidos los da\u00f1os relacionados con la p\u00e9rdida de ganancias que surjan de su uso. del Sitio y los servicios incluso si Nodengo.com ha sido advertido de la posibilidad de tales da\u00f1os. Sin perjuicio de cualquier disposici\u00f3n en contrario en este documento, la responsabilidad de Nodengo.com ser\u00e1 limitada y, por todas las causas, se limitar\u00e1, si corresponde, el monto pagado por usted a Nodengo.com por los servicios durante el per\u00edodo de su membres\u00eda.<\/p>\n\n\n\n<p class=\"has-small-font-size\"><strong>10. indemnizaci\u00f3n<\/strong><br>Usted acepta no responsabilizar a Nodengo.com, sus subsidiarias, afiliados, funcionarios, agentes y otros socios y empleados por cualquier p\u00e9rdida, responsabilidad, reclamo o demanda, incluidos los honorarios de abogados, realizados por cualquier tercero que surja de su uso del Servicio, en violaci\u00f3n de este Acuerdo y\/o que surja del incumplimiento de este Acuerdo y cualquier incumplimiento de sus representaciones y garant\u00edas establecidas anteriormente.<\/p>\n\n\n\n<p class=\"has-text-color has-small-font-size\" style=\"color:#a0afb9\"><em>Tenga en cuenta que esta p\u00e1gina ha sido traducida autom\u00e1ticamente del ingl\u00e9s original.<\/em>.&nbsp;<em>No se ofrece ninguna garant\u00eda de ning\u00fan tipo, ya sea expresa o impl\u00edcita, en cuanto a la exactitud, confiabilidad y correcci\u00f3n de las traducciones realizadas del ingl\u00e9s a cualquier otro idioma.<\/em><\/p>\n\n\n\n<p class=\"has-small-font-size\"><br><\/p>","protected":false},"excerpt":{"rendered":"<p>Partners | Editors | Help | Contact | Account Publisher Agreement 1. Acceptance of the Nodengo.com Publisher Agreement The term of this Agreement will begin upon your registration and acceptance [&hellip;]<\/p>\n","protected":false},"author":1,"featured_media":0,"parent":0,"menu_order":0,"comment_status":"closed","ping_status":"closed","template":"","meta":{"_uag_custom_page_level_css":"","_citadela_hide_page_title":"1","_citadela_remove_header_space":"1","_citadela_custom_class":"","_citadela_half_map_provider":"","_citadela_half_map_theme":"","_citadela_half_map_themeOSM":"","_citadela_half_map_customTheme":"","_citadela_half_map_dataType":"","_citadela_half_map_dynamicTrack":false,"_citadela_half_map_trackColor":"","_citadela_half_map_trackEndpointsColor":"","_citadela_half_map_filterCategory":"","_citadela_half_map_filterLocation":"","_citadela_half_map_filterFeatured":false,"_citadela_half_map_noDataBehavior":"empty-map","_citadela_half_map_noDataText":"","_citadela_half_map_clusterGridSize":80,"_citadela_header":true,"_citadela_header_over_content":false,"_citadela_header_text_color":"","_citadela_header_logo":{"id":208235,"url":"https:\/\/nodengo.com\/wp-content\/uploads\/Nodengo-logo-nhn.jpg","size":{"width":316,"height":75}},"_citadela_header_bg_image":[],"_citadela_header_bg_position":{"x":0.5,"y":0.5},"_citadela_header_bg_size":"cover","_citadela_header_bg_repeat":"no-repeat","_citadela_header_bg_fixed":false,"_citadela_header_bg_color":"","_citadela_header_bg_image_overlay":"","_citadela_header_transparent_bg":false,"_citadela_content_width":"wide","_citadela_half_layout_position":"","footnotes":""},"class_list":["post-38786","page","type-page","status-publish","hentry"],"uagb_featured_image_src":{"full":false,"thumbnail":false,"medium":false,"medium_large":false,"large":false,"1536x1536":false,"2048x2048":false,"trp-custom-language-flag":false,"citadela_item_thumbnail":false,"woocommerce_thumbnail":false,"woocommerce_single":false,"woocommerce_gallery_thumbnail":false,"citadela_service":false},"uagb_author_info":{"display_name":"admin","author_link":"https:\/\/nodengo.com\/es\/author\/admin\/"},"uagb_comment_info":0,"uagb_excerpt":"Partners | Editors | Help | Contact | Account Publisher Agreement 1. Acceptance of the Nodengo.com Publisher Agreement The term of this Agreement will begin upon your registration and acceptance [&hellip;]","_links":{"self":[{"href":"https:\/\/nodengo.com\/es\/wp-json\/wp\/v2\/pages\/38786","targetHints":{"allow":["GET"]}}],"collection":[{"href":"https:\/\/nodengo.com\/es\/wp-json\/wp\/v2\/pages"}],"about":[{"href":"https:\/\/nodengo.com\/es\/wp-json\/wp\/v2\/types\/page"}],"author":[{"embeddable":true,"href":"https:\/\/nodengo.com\/es\/wp-json\/wp\/v2\/users\/1"}],"replies":[{"embeddable":true,"href":"https:\/\/nodengo.com\/es\/wp-json\/wp\/v2\/comments?post=38786"}],"version-history":[{"count":0,"href":"https:\/\/nodengo.com\/es\/wp-json\/wp\/v2\/pages\/38786\/revisions"}],"wp:attachment":[{"href":"https:\/\/nodengo.com\/es\/wp-json\/wp\/v2\/media?parent=38786"}],"curies":[{"name":"wp","href":"https:\/\/api.w.org\/{rel}","templated":true}]}}