{"id":5937,"date":"2021-02-17T14:55:44","date_gmt":"2021-02-17T13:55:44","guid":{"rendered":"https:\/\/nodengo.com\/product\/corporate-subscription\/"},"modified":"2024-04-05T15:51:53","modified_gmt":"2024-04-05T13:51:53","slug":"firmenpaket-2","status":"publish","type":"product","link":"https:\/\/nodengo.com\/de\/product\/corporate-subscription\/","title":{"rendered":"Firmenpaket"},"content":{"rendered":"","protected":false},"excerpt":{"rendered":"<p><img decoding=\"async\" class=\"alignleft size-full wp-image-7766\" src=\"https:\/\/nodengo.com\/wp-content\/uploads\/rouge_titre.gif\" alt=\"corporate subscription\" width=\"40\" height=\"27\" srcset=\"https:\/\/nodengo.com\/wp-content\/uploads\/rouge_titre.gif 40w, https:\/\/nodengo.com\/wp-content\/uploads\/rouge_titre-16x12.gif 16w\" sizes=\"(max-width: 40px) 100vw, 40px\" \/><\/p>\n<h4>Firmenabonnement \/ Die Besten<\/h4>\n<p>&nbsp;<\/p>\n<p>Beinhaltet alles, was Ihr Unternehmen entdecken kann. Es enth\u00e4lt alle Artikel, die in unserem Basic- und Premium-Abonnement aufgef\u00fchrt sind. Neben zus\u00e4tzlichen Funktionen wie Ihren Kontaktdaten mit dem direkten Kontaktformular gibt es auch benutzerdefinierte Felder, die in den Suchergebnissen ber\u00fccksichtigt werden. Bewerben Sie Ihr Unternehmen als Featured und k\u00f6nnen Sie Events einbeziehen, die Sie veranstalten k\u00f6nnen.<\/p>\n<p>Sehen Sie sich die detaillierten Funktionen in der folgenden Tabelle an. Oder <a href=\"https:\/\/nodengo.com\/de\/\/\">Vergleichen Sie unsere Pl\u00e4ne<\/a><\/p>\n<hr \/>\n<p><span style=\"color: #7d829f;\"><strong>Dies ist unser bester Plan, der alle verf\u00fcgbaren Funktionen enth\u00e4lt und auch zuk\u00fcnftige Updates und Funktionen enth\u00e4lt.\u00a0<\/strong><\/span><\/p>","protected":false},"featured_media":6968,"template":"","meta":{"_uag_custom_page_level_css":""},"product_brand":[],"product_cat":[368],"product_tag":[],"class_list":{"0":"post-5937","1":"product","2":"type-product","3":"status-publish","4":"has-post-thumbnail","6":"product_cat-directory-subscriptions","8":"first","9":"instock","10":"virtual","11":"sold-individually","12":"purchasable","13":"product-type-subscription"},"uagb_featured_image_src":{"full":["https:\/\/nodengo.com\/wp-content\/uploads\/Corporate-package-bkgrd-e1637781094410.jpg",624,624,false],"thumbnail":["https:\/\/nodengo.com\/wp-content\/uploads\/Corporate-package-bkgrd-150x150.jpg",150,150,true],"medium":["https:\/\/nodengo.com\/wp-content\/uploads\/Corporate-package-bkgrd-300x300.jpg",300,300,true],"medium_large":["https:\/\/nodengo.com\/wp-content\/uploads\/Corporate-package-bkgrd-768x768.jpg",768,768,true],"large":["https:\/\/nodengo.com\/wp-content\/uploads\/Corporate-package-bkgrd-e1637781094410.jpg",624,624,false],"1536x1536":["https:\/\/nodengo.com\/wp-content\/uploads\/Corporate-package-bkgrd-e1637781094410.jpg",624,624,false],"2048x2048":["https:\/\/nodengo.com\/wp-content\/uploads\/Corporate-package-bkgrd-e1637781094410.jpg",624,624,false],"trp-custom-language-flag":["https:\/\/nodengo.com\/wp-content\/uploads\/Corporate-package-bkgrd-12x12.png",12,12,true],"citadela_item_thumbnail":["https:\/\/nodengo.com\/wp-content\/uploads\/Corporate-package-bkgrd-640x480.jpg",640,480,true],"woocommerce_thumbnail":["https:\/\/nodengo.com\/wp-content\/uploads\/Corporate-package-bkgrd-e1637781094410-600x600.jpg",600,600,true],"woocommerce_single":["https:\/\/nodengo.com\/wp-content\/uploads\/Corporate-package-bkgrd-e1637781094410.jpg",624,624,false],"woocommerce_gallery_thumbnail":["https:\/\/nodengo.com\/wp-content\/uploads\/Corporate-package-bkgrd-e1637781094410-150x150.jpg",150,150,true],"citadela_service":["https:\/\/nodengo.com\/wp-content\/uploads\/Corporate-package-bkgrd-480x360.jpg",480,360,true]},"uagb_author_info":{"display_name":"admin","author_link":"https:\/\/nodengo.com\/de\/author\/"},"uagb_comment_info":0,"uagb_excerpt":"Corporate subscription \/ Best &nbsp; Includes everything for your business listings to be discovered. It includes all the items listed on our Basic and Premium subscription. With additional features such as your contact details with direct contact form, there are also custom fields which are honored in search results. Promote your businesses as featured and&hellip;","_links":{"self":[{"href":"https:\/\/nodengo.com\/de\/wp-json\/wp\/v2\/product\/5937","targetHints":{"allow":["GET"]}}],"collection":[{"href":"https:\/\/nodengo.com\/de\/wp-json\/wp\/v2\/product"}],"about":[{"href":"https:\/\/nodengo.com\/de\/wp-json\/wp\/v2\/types\/product"}],"wp:featuredmedia":[{"embeddable":true,"href":"https:\/\/nodengo.com\/de\/wp-json\/wp\/v2\/media\/6968"}],"wp:attachment":[{"href":"https:\/\/nodengo.com\/de\/wp-json\/wp\/v2\/media?parent=5937"}],"wp:term":[{"taxonomy":"product_brand","embeddable":true,"href":"https:\/\/nodengo.com\/de\/wp-json\/wp\/v2\/product_brand?post=5937"},{"taxonomy":"product_cat","embeddable":true,"href":"https:\/\/nodengo.com\/de\/wp-json\/wp\/v2\/product_cat?post=5937"},{"taxonomy":"product_tag","embeddable":true,"href":"https:\/\/nodengo.com\/de\/wp-json\/wp\/v2\/product_tag?post=5937"}],"curies":[{"name":"wp","href":"https:\/\/api.w.org\/{rel}","templated":true}]}}