{"id":5936,"date":"2021-02-17T14:45:02","date_gmt":"2021-02-17T13:45:02","guid":{"rendered":"https:\/\/nodengo.com\/product\/premium-subscription\/"},"modified":"2024-04-05T15:51:17","modified_gmt":"2024-04-05T13:51:17","slug":"premium-paket","status":"publish","type":"product","link":"https:\/\/nodengo.com\/de\/product\/premium-subscription\/","title":{"rendered":"Premium-Paket"},"content":{"rendered":"","protected":false},"excerpt":{"rendered":"<p><img decoding=\"async\" class=\"alignleft size-full wp-image-7764\" src=\"https:\/\/nodengo.com\/wp-content\/uploads\/bleu_titre.gif\" alt=\"premium subscription\" width=\"40\" height=\"27\" srcset=\"https:\/\/nodengo.com\/wp-content\/uploads\/bleu_titre.gif 40w, https:\/\/nodengo.com\/wp-content\/uploads\/bleu_titre-16x12.gif 16w\" sizes=\"(max-width: 40px) 100vw, 40px\" \/><\/p>\n<h4><\/h4>\n<h4>Premium-Abo \/ Besser<\/h4>\n<p>Alles, was Sie f\u00fcr Ihren Brancheneintrag finden k\u00f6nnen, ist in unserem kostenlosen Basic-Plan enthalten, z. B. Unternehmensinformationen und -beschreibung, Navigation zu Ihrem Unternehmen und benutzerdefinierte Kategorisierung. Plus zus\u00e4tzliche Funktionen wie Direktlink zur Tischreservierung (Restaurant) und mehr.<\/p>\n<p>Sehen Sie sich die detaillierten Funktionen in der folgenden Tabelle an. Oder <a href=\"https:\/\/nodengo.com\/de\/\/\">Vergleichen Sie unsere Pl\u00e4ne<\/a><\/p>\n<hr \/>\n<p><span style=\"color: #7d829f;\"><strong>Wenn Sie zus\u00e4tzliche Funktionen haben m\u00f6chten, empfehlen wir Ihnen, unsere anderen Pl\u00e4ne mit zus\u00e4tzlichen Funktionen zu \u00fcberpr\u00fcfen.\u00a0<\/strong><\/span><\/p>","protected":false},"featured_media":6967,"template":"","meta":{"_uag_custom_page_level_css":""},"product_brand":[],"product_cat":[368],"product_tag":[],"class_list":{"0":"post-5936","1":"product","2":"type-product","3":"status-publish","4":"has-post-thumbnail","6":"product_cat-directory-subscriptions","8":"first","9":"instock","10":"virtual","11":"sold-individually","12":"purchasable","13":"product-type-subscription"},"uagb_featured_image_src":{"full":["https:\/\/nodengo.com\/wp-content\/uploads\/Premium-package-bkgrd-e1637772208972.jpg",624,624,false],"thumbnail":["https:\/\/nodengo.com\/wp-content\/uploads\/Premium-package-bkgrd-150x150.jpg",150,150,true],"medium":["https:\/\/nodengo.com\/wp-content\/uploads\/Premium-package-bkgrd-300x300.jpg",300,300,true],"medium_large":["https:\/\/nodengo.com\/wp-content\/uploads\/Premium-package-bkgrd-768x768.jpg",768,768,true],"large":["https:\/\/nodengo.com\/wp-content\/uploads\/Premium-package-bkgrd-e1637772208972.jpg",624,624,false],"1536x1536":["https:\/\/nodengo.com\/wp-content\/uploads\/Premium-package-bkgrd-e1637772208972.jpg",624,624,false],"2048x2048":["https:\/\/nodengo.com\/wp-content\/uploads\/Premium-package-bkgrd-e1637772208972.jpg",624,624,false],"trp-custom-language-flag":["https:\/\/nodengo.com\/wp-content\/uploads\/Premium-package-bkgrd-12x12.png",12,12,true],"citadela_item_thumbnail":["https:\/\/nodengo.com\/wp-content\/uploads\/Premium-package-bkgrd-640x480.jpg",640,480,true],"woocommerce_thumbnail":["https:\/\/nodengo.com\/wp-content\/uploads\/Premium-package-bkgrd-e1637772208972-600x600.jpg",600,600,true],"woocommerce_single":["https:\/\/nodengo.com\/wp-content\/uploads\/Premium-package-bkgrd-e1637772208972.jpg",624,624,false],"woocommerce_gallery_thumbnail":["https:\/\/nodengo.com\/wp-content\/uploads\/Premium-package-bkgrd-e1637772208972-150x150.jpg",150,150,true],"citadela_service":["https:\/\/nodengo.com\/wp-content\/uploads\/Premium-package-bkgrd-480x360.jpg",480,360,true]},"uagb_author_info":{"display_name":"admin","author_link":"https:\/\/nodengo.com\/de\/author\/"},"uagb_comment_info":0,"uagb_excerpt":"Premium subscription \/ Better Everything for your business listing to be discovered included in our Free Basic plan such as business information and description, navigation to your business and custom categorization. Plus added features such as Direct link to table reservation (restaurant) and more. Check out detailed features in the table below. Or compare our&hellip;","_links":{"self":[{"href":"https:\/\/nodengo.com\/de\/wp-json\/wp\/v2\/product\/5936","targetHints":{"allow":["GET"]}}],"collection":[{"href":"https:\/\/nodengo.com\/de\/wp-json\/wp\/v2\/product"}],"about":[{"href":"https:\/\/nodengo.com\/de\/wp-json\/wp\/v2\/types\/product"}],"wp:featuredmedia":[{"embeddable":true,"href":"https:\/\/nodengo.com\/de\/wp-json\/wp\/v2\/media\/6967"}],"wp:attachment":[{"href":"https:\/\/nodengo.com\/de\/wp-json\/wp\/v2\/media?parent=5936"}],"wp:term":[{"taxonomy":"product_brand","embeddable":true,"href":"https:\/\/nodengo.com\/de\/wp-json\/wp\/v2\/product_brand?post=5936"},{"taxonomy":"product_cat","embeddable":true,"href":"https:\/\/nodengo.com\/de\/wp-json\/wp\/v2\/product_cat?post=5936"},{"taxonomy":"product_tag","embeddable":true,"href":"https:\/\/nodengo.com\/de\/wp-json\/wp\/v2\/product_tag?post=5936"}],"curies":[{"name":"wp","href":"https:\/\/api.w.org\/{rel}","templated":true}]}}