{"id":5926,"date":"2021-02-17T14:41:56","date_gmt":"2021-02-17T13:41:56","guid":{"rendered":"https:\/\/nodengo.com\/product\/basic-subscription\/"},"modified":"2024-04-07T13:01:16","modified_gmt":"2024-04-07T11:01:16","slug":"basis-abo","status":"publish","type":"product","link":"https:\/\/nodengo.com\/de\/product\/basic-subscription\/","title":{"rendered":"Standardpaket"},"content":{"rendered":"","protected":false},"excerpt":{"rendered":"<p><img decoding=\"async\" class=\"alignleft size-full wp-image-7767\" src=\"https:\/\/nodengo.com\/wp-content\/uploads\/vert_titre.gif\" alt=\"basic subscription\" width=\"40\" height=\"27\" srcset=\"https:\/\/nodengo.com\/wp-content\/uploads\/vert_titre.gif 40w, https:\/\/nodengo.com\/wp-content\/uploads\/vert_titre-16x12.gif 16w\" sizes=\"(max-width: 40px) 100vw, 40px\" \/>Bewerben Sie Ihre Einrichtung auf unserer Website.<\/p>\n<h4>Standard- \/ GRATIS-Paket<\/h4>\n<p>Enth\u00e4lt alle wichtigen Informationen, damit Ihr Brancheneintrag entdeckt werden kann. Alle Ihre Unternehmensinformationen und -beschreibungen, Navigation zu Ihrem Unternehmen und benutzerdefinierte Kategorisierung.<\/p>\n<p>Sehen Sie sich die detaillierten Funktionen in der folgenden Tabelle an. Oder <a href=\"https:\/\/nodengo.com\/de\/\/\">Vergleichen Sie unsere Pl\u00e4ne<\/a><\/p>\n<hr \/>\n<p><span style=\"color: #7d829f;\"><strong>Wenn Sie zus\u00e4tzliche Funktionen haben m\u00f6chten, empfehlen wir Ihnen, unsere anderen Pl\u00e4ne mit zus\u00e4tzlichen Funktionen zu \u00fcberpr\u00fcfen.\u00a0<\/strong><\/span><\/p>","protected":false},"featured_media":6969,"template":"","meta":{"_uag_custom_page_level_css":""},"product_brand":[],"product_cat":[368],"product_tag":[],"class_list":{"0":"post-5926","1":"product","2":"type-product","3":"status-publish","4":"has-post-thumbnail","6":"product_cat-directory-subscriptions","8":"first","9":"instock","10":"virtual","11":"sold-individually","12":"purchasable","13":"product-type-subscription"},"uagb_featured_image_src":{"full":["https:\/\/nodengo.com\/wp-content\/uploads\/Basic-Pakcage-bkgrd-e1637781178805.jpg",624,624,false],"thumbnail":["https:\/\/nodengo.com\/wp-content\/uploads\/Basic-Pakcage-bkgrd-150x150.jpg",150,150,true],"medium":["https:\/\/nodengo.com\/wp-content\/uploads\/Basic-Pakcage-bkgrd-300x300.jpg",300,300,true],"medium_large":["https:\/\/nodengo.com\/wp-content\/uploads\/Basic-Pakcage-bkgrd-768x768.jpg",768,768,true],"large":["https:\/\/nodengo.com\/wp-content\/uploads\/Basic-Pakcage-bkgrd-e1637781178805.jpg",624,624,false],"1536x1536":["https:\/\/nodengo.com\/wp-content\/uploads\/Basic-Pakcage-bkgrd-e1637781178805.jpg",624,624,false],"2048x2048":["https:\/\/nodengo.com\/wp-content\/uploads\/Basic-Pakcage-bkgrd-e1637781178805.jpg",624,624,false],"trp-custom-language-flag":["https:\/\/nodengo.com\/wp-content\/uploads\/Basic-Pakcage-bkgrd-12x12.png",12,12,true],"citadela_item_thumbnail":["https:\/\/nodengo.com\/wp-content\/uploads\/Basic-Pakcage-bkgrd-640x480.jpg",640,480,true],"woocommerce_thumbnail":["https:\/\/nodengo.com\/wp-content\/uploads\/Basic-Pakcage-bkgrd-e1637781178805-600x600.jpg",600,600,true],"woocommerce_single":["https:\/\/nodengo.com\/wp-content\/uploads\/Basic-Pakcage-bkgrd-e1637781178805.jpg",624,624,false],"woocommerce_gallery_thumbnail":["https:\/\/nodengo.com\/wp-content\/uploads\/Basic-Pakcage-bkgrd-e1637781178805-150x150.jpg",150,150,true],"citadela_service":["https:\/\/nodengo.com\/wp-content\/uploads\/Basic-Pakcage-bkgrd-480x360.jpg",480,360,true]},"uagb_author_info":{"display_name":"admin","author_link":"https:\/\/nodengo.com\/de\/author\/"},"uagb_comment_info":0,"uagb_excerpt":"Promote your establishment on our directory website. Basic subscription \/ FREE Includes all essentials for your business listing to be discovered. All your business information and description, navigation to your business and custom categorization. Check out detailed features in the table below. Or compare our plans If you would like to have additional features, we&hellip;","_links":{"self":[{"href":"https:\/\/nodengo.com\/de\/wp-json\/wp\/v2\/product\/5926","targetHints":{"allow":["GET"]}}],"collection":[{"href":"https:\/\/nodengo.com\/de\/wp-json\/wp\/v2\/product"}],"about":[{"href":"https:\/\/nodengo.com\/de\/wp-json\/wp\/v2\/types\/product"}],"wp:featuredmedia":[{"embeddable":true,"href":"https:\/\/nodengo.com\/de\/wp-json\/wp\/v2\/media\/6969"}],"wp:attachment":[{"href":"https:\/\/nodengo.com\/de\/wp-json\/wp\/v2\/media?parent=5926"}],"wp:term":[{"taxonomy":"product_brand","embeddable":true,"href":"https:\/\/nodengo.com\/de\/wp-json\/wp\/v2\/product_brand?post=5926"},{"taxonomy":"product_cat","embeddable":true,"href":"https:\/\/nodengo.com\/de\/wp-json\/wp\/v2\/product_cat?post=5926"},{"taxonomy":"product_tag","embeddable":true,"href":"https:\/\/nodengo.com\/de\/wp-json\/wp\/v2\/product_tag?post=5926"}],"curies":[{"name":"wp","href":"https:\/\/api.w.org\/{rel}","templated":true}]}}