{"id":68930,"date":"2022-11-22T20:58:31","date_gmt":"2022-11-22T19:58:31","guid":{"rendered":"https:\/\/nodengo.com\/?page_id=68930"},"modified":"2026-01-07T16:15:28","modified_gmt":"2026-01-07T15:15:28","slug":"jacksonville-travel-blog","status":"publish","type":"page","link":"https:\/\/nodengo.com\/de\/florida\/jacksonville\/jacksonville-travel-blog\/","title":{"rendered":"Jacksonville Reiseblog"},"content":{"rendered":"<div class=\"wp-block-citadela-blocks-custom-container citadela-block-custom-container size-wide bg-type-none inside-space-none\"><div class=\"inner-holder\">\t\t\t<!-- Flexy Breadcrumb -->\r\n\t\t\t<div class=\"fbc fbc-page\">\r\n\r\n\t\t\t\t<!-- Breadcrumb wrapper -->\r\n\t\t\t\t<div class=\"fbc-wrap\">\r\n\r\n\t\t\t\t\t<!-- Ordered list-->\r\n\t\t\t\t\t<ol class=\"fbc-items\" itemscope itemtype=\"https:\/\/schema.org\/BreadcrumbList\">\r\n\t\t\t\t\t\t            <li itemprop=\"itemListElement\" itemscope itemtype=\"https:\/\/schema.org\/ListItem\">\r\n                <span itemprop=\"name\">\r\n                    <!-- Home Link -->\r\n                    <a itemprop=\"item\" href=\"https:\/\/nodengo.com\/de\/\">\r\n                    \r\n                                                    <i class=\"fa fa-home\" aria-hidden=\"true\"><\/i>Home                    <\/a>\r\n                <\/span>\r\n                <meta itemprop=\"position\" content=\"1\" \/><!-- Meta Position-->\r\n             <\/li><li><span class=\"fbc-separator\">\/<\/span><\/li><li class=\"active\" itemprop=\"itemListElement\" itemscope itemtype=\"https:\/\/schema.org\/ListItem\"><span itemprop=\"name\" title=\"Best Travel Blog\">Best Travel Blog<\/span><meta itemprop=\"position\" content=\"2\" \/><\/li>\t\t\t\t\t<\/ol>\r\n\t\t\t\t\t<div class=\"clearfix\"><\/div>\r\n\t\t\t\t<\/div>\r\n\t\t\t<\/div>\r\n\t\t\t\n<\/div><\/div>\n\n\n\n<div class=\"wp-block-citadela-blocks-custom-container citadela-block-custom-container size-wide bg-type-image inside-space-none bg-size-cover has-overlay has-min-height vertical-align-center\" style=\"min-height:150px\"><div class=\"bg-image-wrapper\" style=\"background-image:url(https:\/\/nodengo.com\/wp-content\/uploads\/jacksonville-florida-usa-downtown.jpg);background-repeat:no-repeat;background-position:49% 72%\"><\/div><div class=\"bg-image-overlay\" style=\"opacity:0.85\"><\/div><div class=\"inner-holder\">\n<div class=\"wp-block-citadela-blocks-spacer citadela-block-spacer\"><div class=\"inner-holder\" style=\"padding-top:25px\"><\/div><\/div>\n\n\n         <div \r\n            class=\"citadela-block-responsive-text align-center responsive-options loading\"\r\n            data-block-mobile-attr=\"{&quot;desktop&quot;:{&quot;fontSize&quot;:&quot;54px&quot;},&quot;mobile&quot;:{&quot;fontSize&quot;:&quot;8vw&quot;}}\"            data-block-mobile-breakpoint=\"600\"         >\r\n            <h1 class=\"inner-tag\" style=\"font-size: 54px; color: #ffffff;\">JACKSONVILLE  Blog<\/h1>         <\/div>\r\n      \n\n\n<div class=\"wp-block-citadela-blocks-spacer citadela-block-spacer responsive-options loading\" data-block-attr=\"{&quot;desktop&quot;:{&quot;height&quot;:&quot;5vw&quot;},&quot;mobile&quot;:{&quot;height&quot;:&quot;0vw&quot;}}\" data-block-mobile-breakpoint=\"600\"><div class=\"inner-holder\" style=\"padding-top:5vw\"><\/div><\/div>\n<\/div><\/div>\n\n\n\n<div class=\"wp-block-citadela-blocks-custom-container citadela-block-custom-container size-wide bg-type-color inside-space-none has-bg has-border-radius has-shadow\" style=\"background-color:rgba(255, 255, 255, 1);border-radius:6px;box-shadow: 0px 15px 30px 0px rgba(0, 0, 0, 0.04)\"><div class=\"inner-holder\">\n<h2 class=\"wp-block-heading has-text-align-center\">Jacksonville Reiseblog<\/h2>\n\n\n\n<p align=\"center\"><i class=\"fas fa-utensils\"><\/i>    <a href=\"https:\/\/nodengo.com\/de\/-34\/-32\/\">RESTAURANTS<\/a>  |   <i class=\"fas fa-monument\"><\/i>    <a href=\"https:\/\/nodengo.com\/de\/-34\/things-to-do-in-jacksonville\/\">DINGE ZU TUN<\/a>  |&nbsp;&nbsp;<i class=\"fas fa-camera\"><\/i>    <a href=\"https:\/\/nodengo.com\/de\/-34\/-22\/\"> AKTIVIT\u00c4TEN<\/a>  | <i class=\"fas fa-bed\"><\/i>    <a href=\"https:\/\/tinyurl.com\/2knt4mw4\" target=\"_blank\" rel=\"noopener\"> HOTELS<\/a> |  <i class=\"fas fa-plane\"><\/i>    <a href=\"https:\/\/nodengo.com\/de\/fluge\/\">FLUGE<\/a>  | <i class=\"fas fa-pen\"><\/i>    <a href=\"https:\/\/nodengo.com\/de\/-34\/jacksonville-travel-blog\/\">BLOG<\/a>  | <i class=\"fas fa-user-edit\"><\/i>    <a href=\"https:\/\/nodengo.com\/de\/-34\/jacksonville-reviews-jax\/\">AUSWERTUNG<\/a> | <i class=\"fas fa-hotel\"><\/i><a href=\"https:\/\/trip.tpx.gr\/ZCldtG9N\" target=\"_blank\" rel=\"noopener\"> HOTELS<\/a> |<i class=\"fas fa-car\"><\/i><a href=\"https:\/\/economybookings.tpx.gr\/7Mng55sY\" target=\"_blank\" rel=\"noopener\"> AUTOS<\/a>\n<\/div><\/div>\n\n\n\n<div class=\"wp-block-citadela-blocks-custom-container citadela-block-custom-container size-wide bg-type-none inside-space-none\"><div class=\"inner-holder\">\r\n        <div class=\"wp-block-citadela-blocks ctdl-posts-search-form border-thin shadow-default align-center\">\r\n            <div class=\"citadela-block-form search-form-component-container\" style=\"\" data-action=\"&quot;https:\\\/\\\/nodengo.com\\\/de\\\/&quot;\"data-post-type=\"post\"data-category-taxonomy=\"category\"data-location-taxonomy=\"citadela-post-location\">\r\n            <\/div>\r\n        <\/div>\r\n\r\n        <\/div><\/div>\n\n\n\n<div style=\"height:16px\" aria-hidden=\"true\" class=\"wp-block-spacer\"><\/div>\n\n\n\n<div class=\"wp-block-citadela-blocks-custom-container citadela-block-custom-container size-wide bg-type-none inside-space-none\"><div class=\"inner-holder\">\n<div class=\"wp-block-columns is-layout-flex wp-container-core-columns-is-layout-9d6595d7 wp-block-columns-is-layout-flex\">\n<div class=\"wp-block-column is-layout-flow wp-block-column-is-layout-flow\" style=\"flex-basis:50%\"><div class=\"has-text-align-left wp-block-post-author has-large-font-size\"><div class=\"wp-block-post-author__avatar\"><img decoding=\"async\" alt=\"\" src=\"https:\/\/nodengo.com\/wp-content\/uploads\/Travel-and-Tourism.jpg\" srcset=\"https:\/\/nodengo.com\/wp-content\/uploads\/Travel-and-Tourism.jpg 130w, https:\/\/nodengo.com\/wp-content\/uploads\/Travel-and-Tourism-12x12.jpg 12w\" class=\"avatar avatar-96 photo\" height=\"96\" width=\"96\" title=\"\"><\/div><div class=\"wp-block-post-author__content\"><p class=\"wp-block-post-author__byline\">Your Editor for Jacksonville Florida<\/p><p class=\"wp-block-post-author__name\"><a href=\"https:\/\/nodengo.com\/de\/author\/nodengo-team\/\" target=\"_blank\">Team Nodengo<\/a><\/p><\/div><\/div><\/div>\n\n\n\n<div class=\"wp-block-column is-layout-flow wp-block-column-is-layout-flow\" style=\"flex-basis:50%\"><div class=\"wp-block-image is-style-default\">\n<figure class=\"alignleft size-medium\"><img decoding=\"async\" width=\"300\" height=\"156\" src=\"https:\/\/nodengo.com\/wp-content\/uploads\/A1A-300x156.jpg\" alt=\"Jacksonville Reiseblog\" class=\"wp-image-32228\" title=\"\" srcset=\"https:\/\/nodengo.com\/wp-content\/uploads\/A1A-300x156.jpg 300w, https:\/\/nodengo.com\/wp-content\/uploads\/A1A-150x78.jpg 150w, https:\/\/nodengo.com\/wp-content\/uploads\/A1A-18x9.jpg 18w, https:\/\/nodengo.com\/wp-content\/uploads\/A1A.jpg 462w\" sizes=\"(max-width: 300px) 100vw, 300px\" \/><\/figure>\n<\/div><\/div>\n<\/div>\n<\/div><\/div>\n\n\n\n<div class=\"wp-block-citadela-blocks-custom-container citadela-block-custom-container size-wide bg-type-none inside-space-none\"><div class=\"inner-holder\">\n<div class=\"wp-block-columns is-layout-flex wp-container-core-columns-is-layout-9d6595d7 wp-block-columns-is-layout-flex\">\n<div class=\"wp-block-column is-layout-flow wp-block-column-is-layout-flow\" style=\"flex-basis:66.66%\">        \r\n        <div class=\"wp-block-citadela-blocks ctdl-posts layout-list size-large grid-type-3 border-thin show-item-featured-image show-item-date show-item-description\">\r\n            \r\n<div class=\"citadela-block-articles\">\r\n    <div class=\"citadela-block-articles-wrap\">\r\n\r\n        \r\n<article class=\"citadela-directory-item has-thumbnail has-date has-description\" style=\"\"\">\r\n\r\n\t<div class=\"item-content\" style=\"border-color: rgba(65, 55, 55, 1);\"\">\r\n\t\t\t\t<div class=\"item-thumbnail\">\r\n\t\t\t\t\t\t<a href=\"https:\/\/nodengo.com\/de\/new-editor-jacksonville\/\"><img decoding=\"async\" src=\"https:\/\/nodengo.com\/wp-content\/uploads\/jacksonville-florida-usa-downtown-640x480.jpg\" class=\"item-image\" alt=\"Jacksonville &#8211; Florida\" title=\"\"><\/a>\r\n\t\t<\/div>\r\n\t\t\r\n\t\t<div class=\"item-body\">\r\n\t\t\t<div class=\"item-title\">\r\n\t\t\t\t\t\t\t\t<a href=\"https:\/\/nodengo.com\/de\/new-editor-jacksonville\/\">\r\n\t\t\t\t\t<div class=\"item-title-wrap\">\r\n\t\t\t\t\t\t<div class=\"post-title\">\r\n\t\t\t\t\t\t\tJacksonville &#8211; Florida\t\t\t\t\t\t<\/div>\r\n\t\t\t\t\t<\/div>\r\n\t\t\t\t<\/a>\r\n\t\t\t\t\t\t\t<\/div>\r\n\t\t\t\t\t\t<div class=\"item-text\">\r\n\t\t\t\t<div class=\"item-description\">\r\n\t\t\t\t\t<p>\r\n\t\t\t\t\t\t\t\t\t\t\t\t\t<span class=\"item-date\">\r\n\t\t\t\t\t\t\t\t<a href=\"https:\/\/nodengo.com\/de\/2023\/10\/29\/\" rel=\"bookmark\">Oktober 29, 2023<\/a>\r\n\t\t\t\t\t\t\t<\/span>\r\n\t\t\t\t\t\t\t\t\t\t\t\tJacksonville, Florida Unser derzeitiger Redakteur f\u00fcr Jacksonville \u2013 Florida wird bald nach Greensboro \u2013 North Carolina umziehen. Wir suchen daher einen neuen Redakteur f\u00fcr Jacksonville. Sind Sie daran interessiert, ein lokaler Redakteur zu werden? Sind Sie daran interessiert, f\u00fcr Ihr Unternehmen Werbung zu machen? In der Zwischenzeit k\u00f6nnen Sie gerne einen reservieren\u2026\t\t\t\t\t<\/p>\r\n\t\t\t\t\t<a href=\"https:\/\/nodengo.com\/de\/new-editor-jacksonville\/\" class=\"more\">Mehr sehen<\/a>\r\n\t\t\t\t<\/div>\r\n\t\t\t<\/div>\r\n\t\t\t\t\t\t<div class=\"item-footer\" style=\"border-color: rgba(65, 55, 55, 1);\"\">\r\n\t\t\t\t\t\t\t\t\t\t\t<\/div>\r\n\t\t<\/div>\r\n\t<\/div>\r\n\r\n<\/article>\r\n\r\n    <\/div>\r\n<\/div>        <\/div>\r\n        \r\n        <\/div>\n\n\n\n<div class=\"wp-block-column is-layout-flow wp-block-column-is-layout-flow\" style=\"flex-basis:33.33%\">\n<figure class=\"wp-block-image size-full is-style-default\"><img decoding=\"async\" width=\"300\" height=\"250\" src=\"https:\/\/nodengo.com\/wp-content\/uploads\/Ad-options_de.jpg\" alt=\"advertising-options\" class=\"wp-image-6590\" title=\"\" srcset=\"https:\/\/nodengo.com\/wp-content\/uploads\/Ad-options_de.jpg 300w, https:\/\/nodengo.com\/wp-content\/uploads\/Ad-options_de-150x125.jpg 150w, https:\/\/nodengo.com\/wp-content\/uploads\/Ad-options_de-14x12.jpg 14w\" sizes=\"(max-width: 300px) 100vw, 300px\" \/><\/figure>\n\n\n\n<iframe style=\"border:0;height:250px;\" width=\"100%\" height=\"auto\" scrolling=\"no\" id=\"bsaIframe\" onload=\"bsaIframe()\" src=\"https:\/\/ads.nodengo.com\/api\/?id=119&amp;i=1\" if_empty=\"id=122\"> <\/iframe><script>function bsaIframe() { var iFrameID = document.getElementById('bsaIframe'); if(iFrameID) { iFrameID.height = iFrameID.contentWindow.document.body.scrollHeight + 'px'; } }<\/script>\n<\/div>\n<\/div>\n\n\n\n<p class=\"has-text-align-center\"><strong>Team Nodengo<\/strong> Auswertungen f\u00fcr <strong><a href=\"https:\/\/nodengo.com\/de\/-36\/-34\/jacksonville-reviews-jax\/\">Jacksonville, Florida<\/a><\/strong><\/p>\n<\/div><\/div>","protected":false},"excerpt":{"rendered":"","protected":false},"author":249,"featured_media":0,"parent":68909,"menu_order":0,"comment_status":"closed","ping_status":"closed","template":"","meta":{"_uag_custom_page_level_css":"","_citadela_hide_page_title":"1","_citadela_remove_header_space":"1","_citadela_custom_class":"","_citadela_half_map_provider":"","_citadela_half_map_theme":"","_citadela_half_map_themeOSM":"","_citadela_half_map_customTheme":"","_citadela_half_map_dataType":"","_citadela_half_map_dynamicTrack":false,"_citadela_half_map_trackColor":"","_citadela_half_map_trackEndpointsColor":"","_citadela_half_map_filterCategory":"","_citadela_half_map_filterLocation":"","_citadela_half_map_filterFeatured":false,"_citadela_half_map_noDataBehavior":"empty-map","_citadela_half_map_noDataText":"","_citadela_half_map_clusterGridSize":80,"_citadela_header":false,"_citadela_header_over_content":false,"_citadela_header_text_color":"","_citadela_header_logo":[],"_citadela_header_bg_image":[],"_citadela_header_bg_position":{"x":0.5,"y":0.5},"_citadela_header_bg_size":"cover","_citadela_header_bg_repeat":"no-repeat","_citadela_header_bg_fixed":false,"_citadela_header_bg_color":"","_citadela_header_bg_image_overlay":"","_citadela_header_transparent_bg":false,"_citadela_content_width":"full","_citadela_half_layout_position":"","footnotes":""},"class_list":["post-68930","page","type-page","status-publish","hentry"],"uagb_featured_image_src":{"full":false,"thumbnail":false,"medium":false,"medium_large":false,"large":false,"1536x1536":false,"2048x2048":false,"trp-custom-language-flag":false,"citadela_item_thumbnail":false,"woocommerce_thumbnail":false,"woocommerce_single":false,"woocommerce_gallery_thumbnail":false,"citadela_service":false},"uagb_author_info":{"display_name":"Team Nodengo","author_link":"https:\/\/nodengo.com\/de\/author\/nodengo-team\/"},"uagb_comment_info":0,"uagb_excerpt":null,"_links":{"self":[{"href":"https:\/\/nodengo.com\/de\/wp-json\/wp\/v2\/pages\/68930","targetHints":{"allow":["GET"]}}],"collection":[{"href":"https:\/\/nodengo.com\/de\/wp-json\/wp\/v2\/pages"}],"about":[{"href":"https:\/\/nodengo.com\/de\/wp-json\/wp\/v2\/types\/page"}],"author":[{"embeddable":true,"href":"https:\/\/nodengo.com\/de\/wp-json\/wp\/v2\/users\/249"}],"replies":[{"embeddable":true,"href":"https:\/\/nodengo.com\/de\/wp-json\/wp\/v2\/comments?post=68930"}],"version-history":[{"count":0,"href":"https:\/\/nodengo.com\/de\/wp-json\/wp\/v2\/pages\/68930\/revisions"}],"up":[{"embeddable":true,"href":"https:\/\/nodengo.com\/de\/wp-json\/wp\/v2\/pages\/68909"}],"wp:attachment":[{"href":"https:\/\/nodengo.com\/de\/wp-json\/wp\/v2\/media?parent=68930"}],"curies":[{"name":"wp","href":"https:\/\/api.w.org\/{rel}","templated":true}]}}