{"id":6421,"date":"2021-03-10T17:57:43","date_gmt":"2021-03-10T16:57:43","guid":{"rendered":"https:\/\/nodengo.com\/?page_id=6421"},"modified":"2025-12-09T16:36:14","modified_gmt":"2025-12-09T15:36:14","slug":"touristisches-ziel","status":"publish","type":"page","link":"https:\/\/nodengo.com\/de\/destination\/","title":{"rendered":"Bestes Ziel"},"content":{"rendered":"<div style=\"height:14px\" aria-hidden=\"true\" class=\"wp-block-spacer\"><\/div>\n\n\n\t\t\t<!-- Flexy Breadcrumb -->\r\n\t\t\t<div class=\"fbc fbc-page\">\r\n\r\n\t\t\t\t<!-- Breadcrumb wrapper -->\r\n\t\t\t\t<div class=\"fbc-wrap\">\r\n\r\n\t\t\t\t\t<!-- Ordered list-->\r\n\t\t\t\t\t<ol class=\"fbc-items\" itemscope itemtype=\"https:\/\/schema.org\/BreadcrumbList\">\r\n\t\t\t\t\t\t            <li itemprop=\"itemListElement\" itemscope itemtype=\"https:\/\/schema.org\/ListItem\">\r\n                <span itemprop=\"name\">\r\n                    <!-- Home Link -->\r\n                    <a itemprop=\"item\" href=\"https:\/\/nodengo.com\/de\/\">\r\n                    \r\n                                                    <i class=\"fa fa-home\" aria-hidden=\"true\"><\/i>Home                    <\/a>\r\n                <\/span>\r\n                <meta itemprop=\"position\" content=\"1\" \/><!-- Meta Position-->\r\n             <\/li><li><span class=\"fbc-separator\">\/<\/span><\/li><li class=\"active\" itemprop=\"itemListElement\" itemscope itemtype=\"https:\/\/schema.org\/ListItem\"><span itemprop=\"name\" title=\"Best Travel Blog\">Best Travel Blog<\/span><meta itemprop=\"position\" content=\"2\" \/><\/li>\t\t\t\t\t<\/ol>\r\n\t\t\t\t\t<div class=\"clearfix\"><\/div>\r\n\t\t\t\t<\/div>\r\n\t\t\t<\/div>\r\n\t\t\t\n\n\n\n<div class=\"wp-block-citadela-blocks-custom-container citadela-block-custom-container size-wide bg-type-image inside-space-none bg-size-cover has-overlay has-min-height vertical-align-top\" style=\"min-height:450px\"><div class=\"bg-image-wrapper\" style=\"background-image:url(https:\/\/nodengo.com\/wp-content\/uploads\/awesome.jpg);background-repeat:no-repeat;background-position:59% 34%\"><\/div><div class=\"bg-image-overlay\" style=\"opacity:0.15\"><\/div><div class=\"inner-holder\">\n<h2 class=\"wp-block-heading has-text-align-center has-text-color\" style=\"color:#512929;font-size:43px\">NODENGO - ZIEL<\/h2>\n\n\n\r\n        <div class=\"wp-block-citadela-blocks ctdl-directory-search-form border-thin shadow-default align-center\">\r\n            <div class=\"citadela-block-form search-form-component-container\" style=\"\" data-action=\"&quot;https:\\\/\\\/nodengo.com\\\/de\\\/&quot;\"data-post-type=\"citadela-item\"data-category-taxonomy=\"citadela-item-category\"data-location-taxonomy=\"citadela-item-location\">\r\n            <\/div>\r\n                    <\/div>\r\n\r\n        <\/div><\/div>\n\n\n\n<div class=\"wp-block-citadela-blocks-spacer citadela-block-spacer negative-height\"><div class=\"inner-holder\" style=\"margin-top:-5em\"><\/div><\/div>\n\n\n\n<div class=\"wp-block-citadela-blocks-custom-container citadela-block-custom-container size-wide bg-type-none inside-space-none\"><div class=\"inner-holder\">\n<div class=\"wp-block-columns is-layout-flex wp-container-core-columns-is-layout-9d6595d7 wp-block-columns-is-layout-flex\">\n<div class=\"wp-block-column is-layout-flow wp-block-column-is-layout-flow\" style=\"flex-basis:33.33%\">\n<figure class=\"wp-block-image size-large\"><img decoding=\"async\" width=\"629\" height=\"437\" src=\"https:\/\/nodengo.com\/wp-content\/uploads\/world_map.jpg\" alt=\"Ziel\" class=\"wp-image-7961\" title=\"\" srcset=\"https:\/\/nodengo.com\/wp-content\/uploads\/world_map.jpg 629w, https:\/\/nodengo.com\/wp-content\/uploads\/world_map-150x104.jpg 150w, https:\/\/nodengo.com\/wp-content\/uploads\/world_map-300x208.jpg 300w, https:\/\/nodengo.com\/wp-content\/uploads\/world_map-16x12.jpg 16w\" sizes=\"(max-width: 629px) 100vw, 629px\" \/><\/figure>\n\n\n\n<p class=\"has-small-font-size\">Es ist m\u00f6glich, dass eine Stadtseite nicht verf\u00fcgbar ist, da wir m\u00f6glicherweise noch keinen Redakteur f\u00fcr diese bestimmte Stadt haben.<\/p>\n<\/div>\n\n\n\n<div class=\"wp-block-column is-layout-flow wp-block-column-is-layout-flow\" style=\"flex-basis:66.66%\">\n<p class=\"has-text-align-center has-black-color has-text-color has-link-color has-large-font-size wp-elements-27160f32e5d47b01ad4eee0451e24f86\">W\u00c4HLEN SIE IHR ZIEL<\/p>\n\n\n\n<div style=\"height:14px\" aria-hidden=\"true\" class=\"wp-block-spacer\"><\/div>\n\n\n\n<p class=\"has-text-align-center\" id=\"asia\"><a href=\"#africa\" data-type=\"internal\" data-id=\"#africa\">AFRIKA<\/a> &#8211; <a href=\"#asia\">ASIEN<\/a> &#8211; <a href=\"#caribbean\">KARIBIK<\/a> &#8211; <a href=\"#americas\">AMERIKA<\/a> &#8211; <a href=\"#europe\">EUROPA<\/a> &#8211; <a href=\"#oceania\">OZEANIEN<\/a><\/p>\n\n\n\n<p class=\"has-white-background-color has-background has-medium-font-size\">Sie wissen bereits, wohin und wann Sie reisen m\u00f6chten, buchen Sie einfach Ihre Reise bei uns. <br>Wenn Sie Informationen \u00fcber den besten Ort f\u00fcr Ihren Urlaub suchen, Informationen \u00fcber Aktivit\u00e4ten und Aktivit\u00e4ten an Ihrem Reiseziel suchen oder Empfehlungen von unseren lokalen Redakteuren erhalten. Wir konzentrieren uns darauf, Ihnen zu helfen, den perfekten Urlaub zum perfekten Preis zu finden<br> We are focused on helping you find the the perfect vacation at the perfect price.<\/p>\n<\/div>\n<\/div>\n\n\n\n<div class=\"wp-block-citadela-blocks-custom-container citadela-block-custom-container size-wide bg-type-none inside-space-none\"><div class=\"inner-holder\">\n<div class=\"wp-block-uagb-tabs uagb-block-0eeeff5c uagb-tabs__wrap uagb-tabs__hstyle2-desktop uagb-tabs__vstyle6-tablet uagb-tabs__stack1-mobile\" data-tab-active=\"0\"><ul class=\"uagb-tabs__panel uagb-tabs__align-center\" role=\"tablist\"><li class=\"uagb-tab uagb-tabs__active\" role=\"none\"><a href=\"#uagb-tabs__tab0\" class=\"uagb-tabs-list uagb-tabs__icon-position-left\" data-tab=\"0\" role=\"tab\"><div>Hotels<\/div><\/a><\/li><li class=\"uagb-tab\" role=\"none\"><a href=\"#uagb-tabs__tab1\" class=\"uagb-tabs-list uagb-tabs__icon-position-left\" data-tab=\"1\" role=\"tab\"><div>Fl\u00fcge<\/div><\/a><\/li><li class=\"uagb-tab\" role=\"none\"><a href=\"#uagb-tabs__tab2\" class=\"uagb-tabs-list uagb-tabs__icon-position-left\" data-tab=\"2\" role=\"tab\"><div>Mietwagen<\/div><\/a><\/li><li class=\"uagb-tab\" role=\"none\"><a href=\"#uagb-tabs__tab3\" class=\"uagb-tabs-list uagb-tabs__icon-position-left\" data-tab=\"3\" role=\"tab\"><div>Flughafentransfer<\/div><\/a><\/li><\/ul><div class=\"uagb-tabs__body-wrap\">\n<div class=\"wp-block-uagb-tabs-child uagb-tabs__body-container uagb-inner-tab-0\" aria-labelledby=\"uagb-tabs__tab0\">\n<p><strong>Suchen Sie nach erm\u00e4\u00dfigten Hotels<\/strong><\/p>\n\n\n\n\n\n<script async src=\"https:\/\/tpwgts.com\/content?trs=32252&#038;shmarker=246395&#038;lang=de&#038;layout=S10391&#038;powered_by=true&#038;campaign_id=121&#038;promo_id=4038\" charset=\"utf-8\"><\/script>\n\n\n\n\n\n<\/div>\n\n\n\n<div class=\"wp-block-uagb-tabs-child uagb-tabs__body-container uagb-inner-tab-1\" aria-labelledby=\"uagb-tabs__tab1\">\n<p><strong>Finden Sie g\u00fcnstige Fl\u00fcge zu Ihrem Ziel<\/strong>.<\/p>\n\n\n\n\n\n<script async src=\"https:\/\/tpwgts.com\/content?currency=eur&#038;trs=32252&#038;shmarker=246395&#038;show_hotels=false&#038;powered_by=true&#038;locale=de&#038;searchUrl=search.jetradar.com&#038;primary_override=%2332a8dd&#038;color_button=%2392CE52&#038;color_icons=%2332a8dd&#038;dark=%23262626&#038;light=%23FFFFFF&#038;secondary=%23FFFFFF&#038;special=%23C4C4C4&#038;color_focused=%2332a8dd&#038;border_radius=0&#038;no_labels=&#038;plain=true&#038;promo_id=7879&#038;campaign_id=100\" charset=\"utf-8\"><\/script>\n\n\n\n\n\n<\/div>\n\n\n\n<div class=\"wp-block-uagb-tabs-child uagb-tabs__body-container uagb-inner-tab-2\" aria-labelledby=\"uagb-tabs__tab2\">\n\n\n<script async src=\"https:\/\/tpwgts.com\/content?currency=eur&#038;trs=32252&#038;shmarker=246395&#038;locale=de&#038;powered_by=true&#038;bg_color=%23FFFFFf&#038;font_color=%23333333&#038;button_color=%2300a200&#038;button_font_color=%23ffffff&#038;button_text=Search&#038;rounded_corners=false&#038;benefits=true&#038;dc_powered_by=false&#038;supplier_logos=false&#038;campaign_id=117&#038;promo_id=3873\" charset=\"utf-8\"><\/script>\n\n\n\n\n\n<\/div>\n\n\n\n<div class=\"wp-block-uagb-tabs-child uagb-tabs__body-container uagb-inner-tab-3\" aria-labelledby=\"uagb-tabs__tab3\">\n<p class=\"has-small-font-size\" style=\"font-style:normal;font-weight:600\">Vermeiden Sie bei Ihrer Ankunft das l\u00e4stige Warten in der Taxischlange und entscheiden Sie sich stattdessen f\u00fcr einen bequemen und komfortablen Privatfahrzeugtransfer. Vereinbaren Sie Ihren Transfer zu Ihrem Hotel oder ins Stadtzentrum im Voraus und minimieren Sie den Stress bei Ihrer Ankunft<\/p>\n\n\n\n\n\n<script async src=\"https:\/\/c1.travelpayouts.com\/content?currency=EUR&#038;trs=106513&#038;shmarker=246395&#038;locale=de&#038;powered_by=true&#038;transfer_options_limit=4&#038;disable_currency_selector=false&#038;hide_form_extras=false&#038;hide_external_links=false&#038;promo_id=3879\" charset=\"utf-8\" async=\"true\"><\/script>\n\n\n\n\n\n<\/div>\n<\/div><\/div>\n<\/div><\/div>\n\n\n\n<p class=\"has-text-align-center has-small-font-size\">Sind Sie daran interessiert, der zu werden? <a type=\"page\" id=\"54050\" href=\"https:\/\/nodengo.com\/de\/-29\/-2\/geneva-reviews-gva\/\"><strong>zu werden<\/strong><\/a> ? oder m\u00f6chten Ihre Einrichtung <a type=\"page\" id=\"2864\" href=\"https:\/\/nodengo.com\/de\/\/\"><strong><strong>auflisten<\/strong><\/strong><\/a><\/p>\n<\/div><\/div>\n\n\n\n<div class=\"wp-block-citadela-blocks-custom-container citadela-block-custom-container size-wide bg-type-none inside-space-none\"><div class=\"inner-holder\">\n<hr class=\"wp-block-separator has-css-opacity\"\/>\n\n\n\n<div class=\"wp-block-group\"><div class=\"wp-block-group__inner-container is-layout-flow wp-block-group-is-layout-flow\">\n<h2 class=\"wp-block-heading\" id=\"africa\"><a href=\"https:\/\/nodengo.com\/de\/afrikanische-lander\/\" class=\"rank-math-link\"><strong>Afrika<\/strong><\/a><\/h2>\n\n\n\n<p><a href=\"https:\/\/nodengo.com\/de\/placeholder\/\">Algerien | Angola | Benin | Botswana | Burkina Faso | Burundi | Kamerun | Kap Verde | Zentralafrika Republik | Tschad | Komoren | Kongo | Demokratische Republik Kongo | Dschibuti | \u00c4gypten | \u00c4quatorialguinea | Eritrea | \u00c4thiopien | Gabun | Gambia | Ghana | Guinea | Guinea-Bissau | Elfenbeink\u00fcste | Kenia | Lesotho | Liberia | Libyen | Madagaskar | Malawi | Mali | Mauretanien | Mauritius | Mayotte | Marokko | Mosambik | Namibia | Niger | Nigeria | Treffen | Ruanda | Senegal | Seychellen | Sierra Leone | Somalia | S\u00fcdafrika | S\u00fcdsudan | Swasiland | S\u00e3o Tom\u00e9 und Pr\u00edncipe | Tansania | Togo | Tunesien | Uganda | Sambia | Zimbabwe<\/a><\/p>\n<\/div><\/div>\n<\/div><\/div>\n\n\n\n<div class=\"wp-block-citadela-blocks-custom-container citadela-block-custom-container size-wide bg-type-none inside-space-none\"><div class=\"inner-holder\">\n<hr class=\"wp-block-separator has-css-opacity\"\/>\n\n\n\n<div class=\"wp-block-group\"><div class=\"wp-block-group__inner-container is-layout-flow wp-block-group-is-layout-flow\">\n<h2 class=\"wp-block-heading\" id=\"americas\"><a href=\"https:\/\/nodengo.com\/de\/-23\/\" class=\"rank-math-link\"><strong>Amerika<\/strong><\/a><\/h2>\n\n\n\n<p><strong>Nordamerika<\/strong><br><a href=\"https:\/\/nodengo.com\/de\/placeholder\/\">Kanada<\/a>|&nbsp;<a href=\"https:\/\/nodengo.com\/de\/placeholder\/\" type=\"page\" id=\"70879\">Mexiko<\/a> |<a href=\"https:\/\/nodengo.com\/de\/-8\/\"><strong> Vereinigte Staaten <\/strong><\/a><\/p>\n\n\n\n<p><strong>Zentralamerika<\/strong><br><a href=\"https:\/\/nodengo.com\/de\/placeholder\/\">Belize | Costa Rica | El Salvador | Guatemala | Honduras | Nicaragua | Panama<\/a><\/p>\n\n\n\n<p><strong>S\u00fcdamerika<\/strong><br><a href=\"https:\/\/nodengo.com\/de\/placeholder\/\">Argentinien | Bolivien | Brasilien | Chile | Kolumbien | Ecuador | Falklandinseln (Malvinas) | Franz\u00f6sisch-Guayana | Guyana | Paraguay | Peru | Suriname | Uruguay | Venezuela<\/a><\/p>\n<\/div><\/div>\n<\/div><\/div>\n\n\n\n<div class=\"wp-block-citadela-blocks-custom-container citadela-block-custom-container size-wide bg-type-none inside-space-none\"><div class=\"inner-holder\">\n<hr class=\"wp-block-separator has-css-opacity\"\/>\n\n\n\n<div class=\"wp-block-group\"><div class=\"wp-block-group__inner-container is-layout-flow wp-block-group-is-layout-flow\">\n<h2 class=\"wp-block-heading\" id=\"asia\"><a href=\"https:\/\/nodengo.com\/de\/-13\/\" class=\"rank-math-link\"><strong>Asien<\/strong><\/a><\/h2>\n\n\n\n<div class=\"wp-block-group\"><div class=\"wp-block-group__inner-container is-layout-flow wp-block-group-is-layout-flow\">\n<p><a href=\"https:\/\/nodengo.com\/de\/placeholder\/\" class=\"rank-math-link\"><\/a><a href=\"https:\/\/nodengo.com\/de\/placeholder\/\" class=\"rank-math-link\">Afghanistan | Armenien | Aserbaidschan | Bahrain | Bangladesch | Bhutan | Brunei | Kambodscha | China | Georgia Hong Kong | Indien |<\/a> <strong><a href=\"https:\/\/nodengo.com\/de\/indonesia\/\" target=\"_blank\" aria-label=\"Indonesien\" rel=\"noreferrer noopener\" class=\"rank-math-link\">Indonesien<\/a><\/strong> | <a href=\"https:\/\/nodengo.com\/de\/placeholder\/\" class=\"rank-math-link\">Iran | Irak | Israel | Japan | Jordanien | Kasachstan | Kuwait | Kirgisistan | | Laos | Libanon | Macau | Malaysia | Mongolei | Nepal | Oman | Pakistan | Pal\u00e4stinensisches Gebiet | Papua-Neuguinea | Philippinen | Katar | Saudi-Arabien | Singapur | S\u00fcdkorea | Sri Lanka | Syrien | Taiwan | Tadschikistan | Thailand | Turkmenistan | Vereinigte Arabische Emirate | Usbekistan | Vietnam<\/a><\/p>\n<\/div><\/div>\n<\/div><\/div>\n<\/div><\/div>\n\n\n\n<div class=\"wp-block-citadela-blocks-custom-container citadela-block-custom-container size-wide bg-type-none inside-space-none\"><div class=\"inner-holder\">\n<hr class=\"wp-block-separator has-css-opacity\"\/>\n\n\n\n<div class=\"wp-block-group\"><div class=\"wp-block-group__inner-container is-layout-flow wp-block-group-is-layout-flow\">\n<h2 class=\"wp-block-heading\" id=\"caribbean\"><strong><a href=\"https:\/\/nodengo.com\/de\/caribbean\/\" class=\"rank-math-link\">Karibik<\/a><\/strong><\/h2>\n\n\n\n<div class=\"wp-block-group\"><div class=\"wp-block-group__inner-container is-layout-flow wp-block-group-is-layout-flow\">\n<p><a href=\"https:\/\/nodengo.com\/de\/placeholder\/\">Anguilla | Antigua &amp; Barbuda | Aruba | Bahamas | Barbados | Bermuda | Bonaire | St. Eustatius and Saba | British Virgin Islands | Cayman Islands | Cuba | Cura\u00e7ao | Dominica |<\/a> <strong><a href=\"https:\/\/nodengo.com\/de\/unforgettable-dominican-republic\/\" data-type=\"page\" data-id=\"13021\">Dominikanische Republik<\/a> <\/strong>| <a href=\"https:\/\/nodengo.com\/de\/placeholder\/\">Anguilla | Antigua &amp; Barbuda | Aruba | Bahamas | Barbados | Bermuda | Bonaire | St. Eustatius und Saba | Britische Jungferninseln | Kaimaninseln | Kuba | Cura\u00e7ao | Dominica | Dominikanische Republik | Grenada | Guadeloupe | Haiti | Jamaika | Martinique | Montserrat | Puerto Rico | Saint Barts | St. Kitts und Nevis | St. Lucia | Heiliger Martin | St. Vincent &amp; Grenadinen | St. Helena | St. Maarten | Trinidad und Tobago | Turks- und Caicosinseln | US Jungferninseln<\/a><\/p>\n<\/div><\/div>\n<\/div><\/div>\n<\/div><\/div>\n\n\n\n<div class=\"wp-block-citadela-blocks-custom-container citadela-block-custom-container size-wide bg-type-none inside-space-none\"><div class=\"inner-holder\">\n<hr class=\"wp-block-separator has-css-opacity\"\/>\n\n\n\n<div class=\"wp-block-group\"><div class=\"wp-block-group__inner-container is-layout-flow wp-block-group-is-layout-flow\">\n<h2 class=\"wp-block-heading\" id=\"europe\"><strong><a class=\"rank-math-link\" href=\"https:\/\/nodengo.com\/de\/-12\/\">Europa<\/a><\/strong><\/h2>\n\n\n\n<div class=\"wp-block-group\"><div class=\"wp-block-group__inner-container is-layout-flow wp-block-group-is-layout-flow\">\n<p><a href=\"https:\/\/nodengo.com\/de\/placeholder\/\"><\/a><a href=\"https:\/\/nodengo.com\/de\/placeholder\/\">Abkhazia<\/a>&nbsp;|&nbsp;<a href=\"https:\/\/nodengo.com\/de\/placeholder\/\">Albanien<\/a>&nbsp;|&nbsp;<a href=\"https:\/\/nodengo.com\/de\/placeholder\/\">Andorra<\/a>&nbsp;|<a href=\"https:\/\/nodengo.com\/de\/placeholder\/\">Armenien<\/a>&nbsp;|&nbsp;<a href=\"https:\/\/nodengo.com\/de\/-9\/\">\u00d6sterreich<\/a>&nbsp;|&nbsp;<a href=\"https:\/\/nodengo.com\/de\/placeholder\/\">Aserbaidschan<\/a>&nbsp;|&nbsp;<a href=\"https:\/\/nodengo.com\/de\/placeholder\/\">Wei\u00dfrussland<\/a>&nbsp;|&nbsp;<a href=\"https:\/\/nodengo.com\/de\/-18\/\">Belgien<\/a>&nbsp;|&nbsp;<a href=\"https:\/\/nodengo.com\/de\/placeholder\/\">Bosnien und Herzegowina<\/a>&nbsp;|&nbsp;<a href=\"https:\/\/nodengo.com\/de\/placeholder\/\">Bulgarien<\/a>&nbsp;|<a href=\"https:\/\/nodengo.com\/de\/placeholder\/\">&nbsp;Crimea<\/a>&nbsp;|&nbsp;<a href=\"https:\/\/nodengo.com\/de\/placeholder\/\">Kroatien<\/a>&nbsp;|&nbsp;<a href=\"https:\/\/nodengo.com\/de\/placeholder\/\">Zypern<\/a>&nbsp;|&nbsp;<a href=\"https:\/\/nodengo.com\/de\/placeholder\/\">Tschechien<\/a>&nbsp;|&nbsp;<a href=\"https:\/\/nodengo.com\/de\/placeholder\/\">D\u00e4nemark<\/a>&nbsp;|&nbsp;<a href=\"https:\/\/nodengo.com\/de\/placeholder\/\">Estland<\/a>&nbsp;|&nbsp;<a href=\"https:\/\/nodengo.com\/de\/placeholder\/\">Faroe Islands<\/a>&nbsp;|<a href=\"https:\/\/nodengo.com\/de\/placeholder\/\">&nbsp;Finnland<\/a>&nbsp;|&nbsp;<a href=\"https:\/\/nodengo.com\/de\/placeholder\/\" type=\"page\" id=\"70879\">Frankreich reservieren<\/a>&nbsp;|&nbsp;<a href=\"https:\/\/nodengo.com\/de\/placeholder\/\">Georgia<\/a>&nbsp;|&nbsp;<a href=\"https:\/\/nodengo.com\/de\/placeholder\/\" type=\"page\" id=\"70879\">Deutschland<\/a>&nbsp;|<a href=\"https:\/\/nodengo.com\/de\/placeholder\/\">&nbsp;Gibraltar<\/a>&nbsp;|&nbsp;<a href=\"https:\/\/nodengo.com\/de\/placeholder\/\" type=\"page\" id=\"70879\">Griechenland<\/a>&nbsp;|&nbsp;<a href=\"https:\/\/nodengo.com\/de\/placeholder\/\">Greenland<\/a>&nbsp;|&nbsp;<a href=\"https:\/\/nodengo.com\/de\/placeholder\/\">Ungarn<\/a>&nbsp;|&nbsp;<a href=\"https:\/\/nodengo.com\/de\/placeholder\/\">Iceland<\/a>&nbsp;|&nbsp;<a href=\"https:\/\/nodengo.com\/de\/placeholder\/\">Irland<\/a>&nbsp;|&nbsp;<a href=\"https:\/\/nodengo.com\/de\/placeholder\/\">Isle of Man<\/a>&nbsp;|&nbsp;<a href=\"https:\/\/nodengo.com\/de\/placeholder\/\" type=\"page\" id=\"70879\">Italien<\/a>&nbsp;|&nbsp;<a href=\"https:\/\/nodengo.com\/de\/placeholder\/\">Kosovo<\/a>&nbsp;|<a href=\"https:\/\/nodengo.com\/de\/placeholder\/\">&nbsp;Lettland<\/a>&nbsp;|&nbsp;<a href=\"https:\/\/nodengo.com\/de\/placeholder\/\">Liechtenstein<\/a>&nbsp;|&nbsp;<a class=\"rank-math-link\" href=\"https:\/\/nodengo.com\/de\/placeholder\/\">Lithuania |<\/a>&nbsp;<a class=\"rank-math-link\" href=\"https:\/\/nodengo.com\/de\/placeholder\/\">Luxemburg<\/a>&nbsp;|&nbsp;<a class=\"rank-math-link\" href=\"https:\/\/nodengo.com\/de\/placeholder\/\">Malta<\/a>&nbsp;|&nbsp;<a class=\"rank-math-link\" href=\"https:\/\/nodengo.com\/de\/placeholder\/\">Moldawien<\/a>&nbsp;|&nbsp;<a class=\"rank-math-link\" href=\"https:\/\/nodengo.com\/de\/placeholder\/\">Monaco<\/a>&nbsp;|<a class=\"rank-math-link\" href=\"https:\/\/nodengo.com\/de\/placeholder\/\">&nbsp;Montenegro<\/a>&nbsp;|&nbsp;<a class=\"rank-math-link\" href=\"https:\/\/nodengo.com\/de\/placeholder\/\">Niederlande<\/a>&nbsp;|&nbsp;<a class=\"rank-math-link\" href=\"https:\/\/nodengo.com\/de\/placeholder\/\">North Macedonia<\/a>&nbsp;|&nbsp;<a href=\"https:\/\/nodengo.com\/de\/placeholder\/\">Norwegen<\/a>&nbsp;|&nbsp;<a href=\"https:\/\/nodengo.com\/de\/placeholder\/\">Polen<\/a>&nbsp;|&nbsp;<a href=\"https:\/\/nodengo.com\/de\/placeholder\/\" type=\"page\" id=\"70879\">Portuga<\/a>l&nbsp;|&nbsp;<a href=\"https:\/\/nodengo.com\/de\/placeholder\/\" type=\"page\" id=\"70879\">Rum\u00e4nien<\/a>&nbsp;|&nbsp;<a href=\"https:\/\/nodengo.com\/de\/placeholder\/\">Russia<\/a>&nbsp;|&nbsp;<a href=\"https:\/\/nodengo.com\/de\/placeholder\/\">San Marino<\/a>&nbsp;|&nbsp;<a href=\"https:\/\/nodengo.com\/de\/placeholder\/\">Serbien<\/a>&nbsp;|&nbsp;<a href=\"https:\/\/nodengo.com\/de\/placeholder\/\">Slowakei<\/a>&nbsp;|<a href=\"https:\/\/nodengo.com\/de\/placeholder\/\" type=\"page\" id=\"70879\">&nbsp;Slowenien<\/a>&nbsp;|<a href=\"https:\/\/nodengo.com\/de\/placeholder\/\" type=\"page\" id=\"70879\">&nbsp;Spanien<\/a>&nbsp;|&nbsp;<a href=\"https:\/\/nodengo.com\/de\/placeholder\/\">Schweden<\/a>&nbsp;|&nbsp;<a href=\"https:\/\/nodengo.com\/de\/-29\/\"><strong>der Schweiz<\/strong><\/a>&nbsp;|&nbsp;<a href=\"https:\/\/nodengo.com\/de\/placeholder\/\">Turkey<\/a>&nbsp;|&nbsp;<a href=\"https:\/\/nodengo.com\/de\/placeholder\/\">Ukraine<\/a>&nbsp;|&nbsp;<a href=\"https:\/\/nodengo.com\/de\/placeholder\/\" type=\"page\" id=\"70879\">Vereinigtes K\u00f6nigreich<\/a><\/p>\n<\/div><\/div>\n<\/div><\/div>\n<\/div><\/div>\n\n\n\n<div class=\"wp-block-citadela-blocks-custom-container citadela-block-custom-container size-wide bg-type-none inside-space-none\"><div class=\"inner-holder\">\n<hr class=\"wp-block-separator has-css-opacity\"\/>\n\n\n\n<div class=\"wp-block-group\"><div class=\"wp-block-group__inner-container is-layout-flow wp-block-group-is-layout-flow\">\n<h2 class=\"wp-block-heading\" id=\"oceania\"><strong><a href=\"https:\/\/nodengo.com\/de\/oceania\/\" class=\"rank-math-link\">Ozeanien<\/a><\/strong><\/h2>\n\n\n\n<p><a href=\"https:\/\/nodengo.com\/de\/placeholder\/\">Australien | Cocos (K) I. | Cookinseln | Fidschi | Franz\u00f6sisch-Polynesien | Guam | Kiribati | Marshallinseln | Mikronesien | Nauru | Neukaledonien | Neuseeland | Niue | Norfolk Island | N\u00f6rdliche Marianen | Palau | Papua-Neuguinea | Samoa | Salomonen | Tonga | Tuvalu | Vanuatu<\/a><\/p>\n<\/div><\/div>\n<\/div><\/div>\n\n\n\n<hr class=\"wp-block-separator has-css-opacity\"\/>","protected":false},"excerpt":{"rendered":"","protected":false},"author":236,"featured_media":0,"parent":0,"menu_order":0,"comment_status":"closed","ping_status":"closed","template":"","meta":{"_uag_custom_page_level_css":"","_citadela_hide_page_title":"1","_citadela_remove_header_space":"1","_citadela_custom_class":"","_citadela_half_map_provider":"","_citadela_half_map_theme":"","_citadela_half_map_themeOSM":"","_citadela_half_map_customTheme":"","_citadela_half_map_dataType":"","_citadela_half_map_dynamicTrack":false,"_citadela_half_map_trackColor":"","_citadela_half_map_trackEndpointsColor":"","_citadela_half_map_filterCategory":"","_citadela_half_map_filterLocation":"","_citadela_half_map_filterFeatured":false,"_citadela_half_map_noDataBehavior":"empty-map","_citadela_half_map_noDataText":"","_citadela_half_map_clusterGridSize":80,"_citadela_header":false,"_citadela_header_over_content":false,"_citadela_header_text_color":"","_citadela_header_logo":{"id":6428,"url":"https:\/\/nodengo.com\/wp-content\/uploads\/slider1-Banner-Bg.jpg","size":{"width":1920,"height":550}},"_citadela_header_bg_image":[],"_citadela_header_bg_position":{"x":0.5,"y":0.5},"_citadela_header_bg_size":"cover","_citadela_header_bg_repeat":"no-repeat","_citadela_header_bg_fixed":false,"_citadela_header_bg_color":"","_citadela_header_bg_image_overlay":"","_citadela_header_transparent_bg":false,"_citadela_content_width":"wide","_citadela_half_layout_position":"","footnotes":""},"class_list":["post-6421","page","type-page","status-publish","hentry"],"uagb_featured_image_src":{"full":false,"thumbnail":false,"medium":false,"medium_large":false,"large":false,"1536x1536":false,"2048x2048":false,"trp-custom-language-flag":false,"citadela_item_thumbnail":false,"woocommerce_thumbnail":false,"woocommerce_single":false,"woocommerce_gallery_thumbnail":false,"citadela_service":false},"uagb_author_info":{"display_name":"Nodengo Team","author_link":"https:\/\/nodengo.com\/de\/author\/nodengo-admin\/"},"uagb_comment_info":0,"uagb_excerpt":null,"_links":{"self":[{"href":"https:\/\/nodengo.com\/de\/wp-json\/wp\/v2\/pages\/6421","targetHints":{"allow":["GET"]}}],"collection":[{"href":"https:\/\/nodengo.com\/de\/wp-json\/wp\/v2\/pages"}],"about":[{"href":"https:\/\/nodengo.com\/de\/wp-json\/wp\/v2\/types\/page"}],"author":[{"embeddable":true,"href":"https:\/\/nodengo.com\/de\/wp-json\/wp\/v2\/users\/236"}],"replies":[{"embeddable":true,"href":"https:\/\/nodengo.com\/de\/wp-json\/wp\/v2\/comments?post=6421"}],"version-history":[{"count":0,"href":"https:\/\/nodengo.com\/de\/wp-json\/wp\/v2\/pages\/6421\/revisions"}],"wp:attachment":[{"href":"https:\/\/nodengo.com\/de\/wp-json\/wp\/v2\/media?parent=6421"}],"curies":[{"name":"wp","href":"https:\/\/api.w.org\/{rel}","templated":true}]}}