{"id":6412,"date":"2021-03-10T16:59:07","date_gmt":"2021-03-10T15:59:07","guid":{"rendered":"https:\/\/nodengo.com\/?page_id=6412"},"modified":"2024-06-28T11:10:35","modified_gmt":"2024-06-28T09:10:35","slug":"-30","status":"publish","type":"page","link":"https:\/\/nodengo.com\/de\/privacy-policy\/","title":{"rendered":"Datenschutz-Bestimmungen"},"content":{"rendered":"<!-- Flexy Breadcrumb -->\r\n\t\t\t<div class=\"fbc fbc-page\">\r\n\r\n\t\t\t\t<!-- Breadcrumb wrapper -->\r\n\t\t\t\t<div class=\"fbc-wrap\">\r\n\r\n\t\t\t\t\t<!-- Ordered list-->\r\n\t\t\t\t\t<ol class=\"fbc-items\" itemscope itemtype=\"https:\/\/schema.org\/BreadcrumbList\">\r\n\t\t\t\t\t\t            <li itemprop=\"itemListElement\" itemscope itemtype=\"https:\/\/schema.org\/ListItem\">\r\n                <span itemprop=\"name\">\r\n                    <!-- Home Link -->\r\n                    <a itemprop=\"item\" href=\"https:\/\/nodengo.com\/de\/\">\r\n                    \r\n                                                    <i class=\"fa fa-home\" aria-hidden=\"true\"><\/i>Home                    <\/a>\r\n                <\/span>\r\n                <meta itemprop=\"position\" content=\"1\" \/><!-- Meta Position-->\r\n             <\/li><li><span class=\"fbc-separator\">\/<\/span><\/li><li class=\"active\" itemprop=\"itemListElement\" itemscope itemtype=\"https:\/\/schema.org\/ListItem\"><span itemprop=\"name\" title=\"Best Travel Blog\">Best Travel Blog<\/span><meta itemprop=\"position\" content=\"2\" \/><\/li>\t\t\t\t\t<\/ol>\r\n\t\t\t\t\t<div class=\"clearfix\"><\/div>\r\n\t\t\t\t<\/div>\r\n\t\t\t<\/div>\r\n\t\t\t\n\n\n\n<div class=\"wp-block-columns is-layout-flex wp-container-core-columns-is-layout-9d6595d7 wp-block-columns-is-layout-flex\">\n<div class=\"wp-block-column is-layout-flow wp-block-column-is-layout-flow\" style=\"flex-basis:33.33%\">\n<figure class=\"wp-block-image size-full\"><img decoding=\"async\" width=\"40\" height=\"27\" src=\"https:\/\/nodengo.com\/wp-content\/uploads\/rouge_titre.gif\" alt=\"privacy policy\" class=\"wp-image-7766\" title=\"\" srcset=\"https:\/\/nodengo.com\/wp-content\/uploads\/rouge_titre.gif 40w, https:\/\/nodengo.com\/wp-content\/uploads\/rouge_titre-16x12.gif 16w\" sizes=\"(max-width: 40px) 100vw, 40px\" \/><\/figure>\n<\/div>\n\n\n\n<div class=\"wp-block-column is-layout-flow wp-block-column-is-layout-flow\" style=\"flex-basis:66.66%\">\n<h4 class=\"wp-block-heading\">PRIVACY POLICY<\/h4>\n<\/div>\n<\/div>\n\n\n\n<p class=\"has-small-font-size\" id=\"block-f0fef25f-2d3e-4c43-9f16-e13cab90507f\">Diese Datenschutzrichtlinie regelt die Art und Weise, wie unsere Website (<a href=\"https:\/\/nodengo.com\/de\/\">Nodengo.com<\/a>) collects, uses, maintains and discloses information collected from users (each, a \u201cUser\u201d) of the Nodengo.com website (\u201cSite\u201d). This privacy policy applies to the Site and all products and services offered by Nodengo.com.<\/p>\n\n\n\n<p class=\"has-small-font-size\" id=\"block-d1c74994-9ae4-488b-8c35-83f6e610b650\"><strong>Pers\u00f6nliche Identifikationsinformationen<\/strong><\/p>\n\n\n\n<p class=\"has-small-font-size\" id=\"block-4f929083-4d0b-4528-a857-a523a04f8dce\">Wir k\u00f6nnen pers\u00f6nliche Identifikationsdaten von Benutzern auf verschiedene Weise erfassen, unter anderem, wenn Benutzer unsere Website besuchen, sich auf der Website registrieren, eine Bestellung aufgeben, eine Bewertung anfordern, eine Aufnahme in die Liste beantragen, den Newsletter abonnieren, Ausf\u00fcllen eines Formulars und im Zusammenhang mit anderen Aktivit\u00e4ten, Diensten, Funktionen oder Ressourcen, die wir auf unserer Website zur Verf\u00fcgung stellen <\/p>\n\n\n\n<p class=\"has-small-font-size\" id=\"block-4f929083-4d0b-4528-a857-a523a04f8dce\">Benutzer k\u00f6nnen gegebenenfalls nach Name, E-Mail-Adresse, Postanschrift und Telefonnummer gefragt werden. Benutzer k\u00f6nnen unsere Website jedoch anonym besuchen. Wir erfassen pers\u00f6nliche Identifikationsdaten von Benutzern nur dann, wenn sie uns diese Informationen freiwillig \u00fcbermitteln. Benutzer k\u00f6nnen die Angabe pers\u00f6nlicher Identifikationsdaten jederzeit verweigern, mit der Ausnahme, dass sie dadurch m\u00f6glicherweise nicht an bestimmten Aktivit\u00e4ten im Zusammenhang mit der Website teilnehmen k\u00f6nnen.<\/p>\n\n\n\n<p class=\"has-small-font-size\" id=\"block-6ed409d0-a18c-42ab-9a25-aba73533e478\"><strong>Nicht personenbezogene Identifikationsinformationen<\/strong><\/p>\n\n\n\n<p class=\"has-small-font-size\" id=\"block-8cc2181d-8eea-43e8-ae4e-4a256411b69c\">Wir k\u00f6nnen nicht-personenbezogene Identifikationsdaten \u00fcber Benutzer sammeln, wann immer diese mit unserer Website interagieren. Zu den nicht personenbezogenen Identifikationsdaten k\u00f6nnen der Name des Browsers, der Computertyp und technische Informationen \u00fcber die Verbindungsweise des Benutzers zu unserer Website geh\u00f6ren, beispielsweise das Betriebssystem und die verwendeten Internetdienstanbieter sowie andere \u00e4hnliche Informationen.<\/p>\n\n\n\n<p class=\"has-small-font-size\" id=\"block-7a813a37-e72e-4d61-93ca-340718aaa49c\"><strong>Web browser cookies<\/strong><\/p>\n\n\n\n<p class=\"has-small-font-size translation-block\" id=\"block-683c1ac2-1e60-4992-ab18-3a273225dff2\">Unsere Website verwendet m\u00f6glicherweise \u201eCookies\u201c, um das Benutzererlebnis zu verbessern. Der Webbrowser des Benutzers platziert zu Aufzeichnungszwecken und manchmal <a rel=\"noreferrer noopener\" href=\"https:\/\/nodengo.com\/de\/cookie-policy\/\" target=\"_blank\">Cookies<\/a> auf seiner Festplatte um Informationen \u00fcber sie zu verfolgen. Der Benutzer kann seinen Webbrowser so einstellen, dass er Cookies ablehnt oder Sie benachrichtigt, wenn Cookies gesendet werden. Beachten Sie in diesem Fall, dass einige Teile der Website m\u00f6glicherweise nicht ordnungsgem\u00e4\u00df funktionieren.<\/p>\n\n\n\n<p class=\"has-small-font-size\" id=\"block-8c8e6fdd-b4b6-4465-a2f7-d9b3c8093043\"><strong>Wie wir gesammelte Informationen verwenden<\/strong><\/p>\n\n\n\n<p class=\"has-small-font-size\" id=\"block-591a2a3e-6208-453e-9a3f-764fb191fd0b\">Nodengo.com\u00a0kann personenbezogene Daten der Nutzer f\u00fcr die folgenden Zwecke sammeln und verwenden:<\/p>\n\n\n\n<p class=\"has-small-font-size\" id=\"block-3d708ed5-3871-4283-b515-b852fbeaa651\"><em>&#8211; To improve customer service<\/em><br>Die von Ihnen bereitgestellten Informationen helfen uns, effizienter auf Ihre Kundendienstanfragen und Supportanforderungen zu reagieren.<\/p>\n\n\n\n<p class=\"has-small-font-size\" id=\"block-9fb5f668-6932-4562-ade9-e865a2a21ab3\"><em>&#8211; To personalize user experience<\/em><br>Wir k\u00f6nnen die gesammelten Informationen verwenden, um zu verstehen, wie unsere Benutzer als Gruppe die auf unserer Website bereitgestellten Dienste und Ressourcen nutzen.<\/p>\n\n\n\n<p class=\"has-small-font-size\" id=\"block-682a83e2-391c-43f3-820c-2816a3309fc8\"><em>&#8211; To process payments<\/em><br>Wir d\u00fcrfen die Informationen, die Benutzer \u00fcber sich selbst angeben, wenn sie eine Bestellung aufgeben, nur zur Erbringung der Dienstleistung f\u00fcr diese Bestellung verwenden. Wir geben diese Informationen nicht an Dritte weiter, es sei denn, dies ist f\u00fcr die Bereitstellung der Dienstleistung erforderlich.<\/p>\n\n\n\n<p class=\"has-small-font-size\" id=\"block-be418ba9-765a-4b30-a7c3-54f1eba167bc\"><em>&#8211; To run a promotion, contest, survey or other Site feature<\/em><br>Um Benutzern Informationen zu Themen zuzusenden, denen sie zugestimmt haben und von denen wir glauben, dass sie f\u00fcr sie von Interesse sein k\u00f6nnten.<\/p>\n\n\n\n<p class=\"has-small-font-size\" id=\"block-02e6bfb1-fc70-49c9-bb79-d2197f332124\"><em>&#8211; To send periodic emails<\/em><br>Wir k\u00f6nnen die E-Mail-Adresse verwenden, um ihnen Informationen und Aktualisierungen im Zusammenhang mit ihrer Bestellung zu senden. Wenn sich der Benutzer f\u00fcr die Aufnahme in unsere Mailingliste entscheidet, erh\u00e4lt er E-Mails mit Unternehmensnachrichten, Aktualisierungen, zugeh\u00f6rigen Produkt- oder Serviceinformationen usw. Wenn der Benutzer sich zu irgendeinem Zeitpunkt vom Erhalt zuk\u00fcnftiger E-Mails abmelden m\u00f6chte, geben wir dies ausf\u00fchrlich an Anweisungen zum Abbestellen finden Sie am Ende jeder E-Mail.<\/p>\n\n\n\n<p class=\"has-small-font-size\" id=\"block-a1b8a082-ffc9-4eee-b61a-a8fac6d28e2a\"><strong>Wie wir Ihre Daten sch\u00fctzen<\/strong><\/p>\n\n\n\n<p class=\"has-small-font-size\" id=\"block-50981eab-6812-40fb-9f25-1204f196b0ab\">Wir ergreifen geeignete Datenerfassungs-, Speicher- und Verarbeitungspraktiken sowie Sicherheitsma\u00dfnahmen, um Ihre auf unserer Website gespeicherten pers\u00f6nlichen Daten, Benutzernamen, Passw\u00f6rter, Transaktionsinformationen und Daten vor unbefugtem Zugriff, \u00c4nderung, Offenlegung oder Zerst\u00f6rung zu sch\u00fctzen.<\/p>\n\n\n\n<p class=\"has-small-font-size\" id=\"block-b1d789d5-4b2c-4092-9b27-739484ee7499\">Der Austausch sensibler und privater Daten zwischen der Website und ihren Benutzern erfolgt \u00fcber einen SSL-gesicherten Kommunikationskanal und ist verschl\u00fcsselt und durch digitale Signaturen gesch\u00fctzt.<\/p>\n\n\n\n<p class=\"has-small-font-size\" id=\"block-926da476-815e-4b60-8b8f-cf26d2bf9439\"><strong>Weitergabe Ihrer pers\u00f6nlichen Daten<\/strong><\/p>\n\n\n\n<p class=\"has-small-font-size\" id=\"block-d20a4e38-3579-4bb6-b229-a2e964642479\">Wir verkaufen, tauschen oder vermieten die pers\u00f6nlichen Identifikationsdaten der Benutzer nicht an andere. F\u00fcr die oben genannten Zwecke k\u00f6nnen wir generische aggregierte demografische Informationen, die nicht mit personenbezogenen Identifikationsdaten von Besuchern und Nutzern verkn\u00fcpft sind, an unsere Gesch\u00e4ftspartner, vertrauensw\u00fcrdigen verbundenen Unternehmen und Werbetreibenden weitergeben.<\/p>\n\n\n\n<p class=\"has-small-font-size\" id=\"block-b1179054-8a29-486a-89e7-aa18010ca0f6\"><strong>Websites Dritter<\/strong><\/p>\n\n\n\n<p class=\"has-small-font-size\" id=\"block-c9575cd2-776b-4eb5-932f-c6b527e72dbe\">Benutzer k\u00f6nnen auf unserer Website Werbung oder andere Inhalte finden, die auf die Websites und Dienste unserer Partner, Lieferanten, Werbetreibenden, Sponsoren, Lizenzgeber und anderer Dritter verweisen. Wir haben keine Kontrolle \u00fcber die Inhalte oder Links, die auf diesen Websites erscheinen, und sind nicht verantwortlich f\u00fcr die Praktiken von Websites, die mit unserer Website verlinkt sind oder von dieser aus verlinkt werden. Dar\u00fcber hinaus k\u00f6nnen sich diese Websites oder Dienste, einschlie\u00dflich ihrer Inhalte und Links, st\u00e4ndig \u00e4ndern. F\u00fcr diese Websites und Dienste gelten m\u00f6glicherweise eigene Datenschutzrichtlinien und Kundendienstrichtlinien. Das Surfen und die Interaktion auf anderen Websites, einschlie\u00dflich Websites, die \u00fcber einen Link zu unserer Website verf\u00fcgen, unterliegen den eigenen Bedingungen und Richtlinien dieser Website.<\/p>\n\n\n\n<p class=\"has-small-font-size\" id=\"block-17e12db3-9f83-48f4-b036-4fb43cc6e63e\"><strong>\u00c4nderungen dieser Datenschutzrichtlinie<\/strong><\/p>\n\n\n\n<p class=\"has-small-font-size\" id=\"block-d6b413a8-7960-42bc-918f-20f05530a7fb\"><a rel=\"noreferrer noopener\" href=\"https:\/\/nodengo.com\/de\/\" target=\"_blank\">Nodengo.com<\/a> Es liegt im Ermessen, diese Datenschutzrichtlinie jederzeit zu aktualisieren. In diesem Fall ver\u00f6ffentlichen wir eine Benachrichtigung auf der Hauptseite unserer Website und senden Ihnen eine E-Mail. Wir empfehlen Benutzern, diese Seite regelm\u00e4\u00dfig auf \u00c4nderungen zu \u00fcberpr\u00fcfen, um dar\u00fcber informiert zu bleiben, wie wir zum Schutz der von uns erfassten personenbezogenen Daten beitragen. Sie erkennen an und stimmen zu, dass es in Ihrer Verantwortung liegt, diese Datenschutzrichtlinie regelm\u00e4\u00dfig zu \u00fcberpr\u00fcfen und sich \u00fcber \u00c4nderungen zu informieren.<\/p>\n\n\n\n<p class=\"has-small-font-size\" id=\"block-d011ca21-1a2d-4fff-b899-71a45c763897\"><strong>Sie akzeptieren diese Bedingungen<\/strong><\/p>\n\n\n\n<p class=\"has-small-font-size\" id=\"block-d6ed4f3a-3906-44f2-9c48-09c0d726d240\">Durch die Nutzung dieser Website erkl\u00e4ren Sie Ihr Einverst\u00e4ndnis mit dieser Richtlinie. Wenn Sie dieser Richtlinie nicht zustimmen, nutzen Sie unsere Website bitte nicht. Ihre fortgesetzte Nutzung der Website nach der Ver\u00f6ffentlichung von \u00c4nderungen an dieser Richtlinie gilt als Ihre Zustimmung zu diesen \u00c4nderungen.<\/p>\n\n\n\n<p class=\"has-small-font-size\" id=\"block-51f04648-29f1-4f77-bb02-cc8c83118029\"><strong>Uns kontaktieren<\/strong><\/p>\n\n\n\n<p class=\"has-small-font-size\" id=\"block-1b4f4ebc-57bc-4e7c-a93d-678529df478a\">If you have any questions about this Privacy Policy, the practices of this site, or your dealings with this site, please contact us.<\/p>\n\n\n\n<p class=\"has-small-font-size\" id=\"block-315e72f7-75d4-4113-bb4f-abc6d0feac2e\">Last updated : August 2023<\/p>\n\n\n\n<p class=\"has-text-color has-small-font-size\" style=\"color:#7d8996\"><em>Bitte beachten Sie, dass diese Seite maschinell aus dem urspr\u00fcnglichen Englisch \u00fcbersetzt wurde<\/em>.&nbsp;<em>Es wird keine Garantie jeglicher Art, weder ausdr\u00fccklich noch stillschweigend, hinsichtlich der Genauigkeit, Zuverl\u00e4ssigkeit und Richtigkeit von \u00dcbersetzungen aus dem Englischen in eine andere Sprache \u00fcbernommen.<\/em><\/p>","protected":false},"excerpt":{"rendered":"<p>PRIVACY POLICY This Privacy Policy governs the manner in which our site (Nodengo.com) collects, uses, maintains and discloses information collected from users (each, a \u201cUser\u201d) of the Nodengo.com website (\u201cSite\u201d). [&hellip;]<\/p>\n","protected":false},"author":1,"featured_media":0,"parent":0,"menu_order":0,"comment_status":"closed","ping_status":"closed","template":"","meta":{"_uag_custom_page_level_css":"","_citadela_hide_page_title":"1","_citadela_remove_header_space":"1","_citadela_custom_class":"","_citadela_half_map_provider":"","_citadela_half_map_theme":"","_citadela_half_map_themeOSM":"","_citadela_half_map_customTheme":"","_citadela_half_map_dataType":"","_citadela_half_map_dynamicTrack":false,"_citadela_half_map_trackColor":"","_citadela_half_map_trackEndpointsColor":"","_citadela_half_map_filterCategory":"","_citadela_half_map_filterLocation":"","_citadela_half_map_filterFeatured":false,"_citadela_half_map_noDataBehavior":"empty-map","_citadela_half_map_noDataText":"","_citadela_half_map_clusterGridSize":80,"_citadela_header":false,"_citadela_header_over_content":false,"_citadela_header_text_color":"","_citadela_header_logo":[],"_citadela_header_bg_image":[],"_citadela_header_bg_position":{"x":0.5,"y":0.5},"_citadela_header_bg_size":"cover","_citadela_header_bg_repeat":"no-repeat","_citadela_header_bg_fixed":false,"_citadela_header_bg_color":"","_citadela_header_bg_image_overlay":"","_citadela_header_transparent_bg":false,"_citadela_content_width":"","_citadela_half_layout_position":"","footnotes":""},"class_list":["post-6412","page","type-page","status-publish","hentry"],"uagb_featured_image_src":{"full":false,"thumbnail":false,"medium":false,"medium_large":false,"large":false,"1536x1536":false,"2048x2048":false,"trp-custom-language-flag":false,"citadela_item_thumbnail":false,"woocommerce_thumbnail":false,"woocommerce_single":false,"woocommerce_gallery_thumbnail":false,"citadela_service":false},"uagb_author_info":{"display_name":"admin","author_link":"https:\/\/nodengo.com\/de\/author\/admin\/"},"uagb_comment_info":0,"uagb_excerpt":"PRIVACY POLICY This Privacy Policy governs the manner in which our site (Nodengo.com) collects, uses, maintains and discloses information collected from users (each, a \u201cUser\u201d) of the Nodengo.com website (\u201cSite\u201d). [&hellip;]","_links":{"self":[{"href":"https:\/\/nodengo.com\/de\/wp-json\/wp\/v2\/pages\/6412","targetHints":{"allow":["GET"]}}],"collection":[{"href":"https:\/\/nodengo.com\/de\/wp-json\/wp\/v2\/pages"}],"about":[{"href":"https:\/\/nodengo.com\/de\/wp-json\/wp\/v2\/types\/page"}],"author":[{"embeddable":true,"href":"https:\/\/nodengo.com\/de\/wp-json\/wp\/v2\/users\/1"}],"replies":[{"embeddable":true,"href":"https:\/\/nodengo.com\/de\/wp-json\/wp\/v2\/comments?post=6412"}],"version-history":[{"count":0,"href":"https:\/\/nodengo.com\/de\/wp-json\/wp\/v2\/pages\/6412\/revisions"}],"wp:attachment":[{"href":"https:\/\/nodengo.com\/de\/wp-json\/wp\/v2\/media?parent=6412"}],"curies":[{"name":"wp","href":"https:\/\/api.w.org\/{rel}","templated":true}]}}