{"id":6410,"date":"2021-03-10T16:55:57","date_gmt":"2021-03-10T15:55:57","guid":{"rendered":"https:\/\/nodengo.com\/?page_id=6410"},"modified":"2025-12-16T07:56:49","modified_gmt":"2025-12-16T06:56:49","slug":"disclaimer","status":"publish","type":"page","link":"https:\/\/nodengo.com\/de\/disclaimer\/","title":{"rendered":"Haftungsausschluss"},"content":{"rendered":"<!-- Flexy Breadcrumb -->\r\n\t\t\t<div class=\"fbc fbc-page\">\r\n\r\n\t\t\t\t<!-- Breadcrumb wrapper -->\r\n\t\t\t\t<div class=\"fbc-wrap\">\r\n\r\n\t\t\t\t\t<!-- Ordered list-->\r\n\t\t\t\t\t<ol class=\"fbc-items\" itemscope itemtype=\"https:\/\/schema.org\/BreadcrumbList\">\r\n\t\t\t\t\t\t            <li itemprop=\"itemListElement\" itemscope itemtype=\"https:\/\/schema.org\/ListItem\">\r\n                <span itemprop=\"name\">\r\n                    <!-- Home Link -->\r\n                    <a itemprop=\"item\" href=\"https:\/\/nodengo.com\/de\/\">\r\n                    \r\n                                                    <i class=\"fa fa-home\" aria-hidden=\"true\"><\/i>Home                    <\/a>\r\n                <\/span>\r\n                <meta itemprop=\"position\" content=\"1\" \/><!-- Meta Position-->\r\n             <\/li><li><span class=\"fbc-separator\">\/<\/span><\/li><li class=\"active\" itemprop=\"itemListElement\" itemscope itemtype=\"https:\/\/schema.org\/ListItem\"><span itemprop=\"name\" title=\"Best Travel Blog\">Best Travel Blog<\/span><meta itemprop=\"position\" content=\"2\" \/><\/li>\t\t\t\t\t<\/ol>\r\n\t\t\t\t\t<div class=\"clearfix\"><\/div>\r\n\t\t\t\t<\/div>\r\n\t\t\t<\/div>\r\n\t\t\t\n\n\n\n<div class=\"wp-block-group is-content-justification-center is-nowrap is-layout-flex wp-container-core-group-is-layout-94bc23d7 wp-block-group-is-layout-flex\">\n<figure class=\"wp-block-image size-full is-resized\"><img decoding=\"async\" width=\"150\" height=\"150\" src=\"https:\/\/nodengo.com\/wp-content\/uploads\/nodengo-favicon-e1619375689818.png\" alt=\"Nodengo.com Disclaimer\" class=\"wp-image-54641\" style=\"width:38px;height:38px\" title=\"\" srcset=\"https:\/\/nodengo.com\/wp-content\/uploads\/nodengo-favicon-e1619375689818.png 150w, https:\/\/nodengo.com\/wp-content\/uploads\/nodengo-favicon-e1619375689818-100x100.png 100w, https:\/\/nodengo.com\/wp-content\/uploads\/nodengo-favicon-e1619375689818-12x12.png 12w\" sizes=\"(max-width: 150px) 100vw, 150px\" \/><\/figure>\n\n\n\n<h2 class=\"wp-block-heading\">Haftungsausschluss<\/h2>\n<\/div>\n\n\n\n<div style=\"height:25px\" aria-hidden=\"true\" class=\"wp-block-spacer\"><\/div>\n\n\n\n<div class=\"wp-block-citadela-blocks-custom-container citadela-block-custom-container size-wide bg-type-none inside-space-none\"><div class=\"inner-holder\">\n<p class=\"has-small-font-size\"><strong>Allgemeine Informationen \u2013 Haftungsausschluss<\/strong>&nbsp;Die auf dieser Website enthaltenen Informationen dienen lediglich der allgemeinen Orientierung zu interessanten Themen. Durch die Nutzung dieser Website akzeptieren Sie die Nutzungsbedingungen und den Datenschutz von Nodengo.com.<\/p>\n\n\n\n<p class=\"has-small-font-size\">Obwohl wir alle Anstrengungen unternommen haben, um sicherzustellen, dass die auf dieser Website enthaltenen Informationen aus zuverl\u00e4ssigen Quellen stammen, ist Nodengo.com nicht f\u00fcr Fehler oder Auslassungen oder f\u00fcr die Ergebnisse verantwortlich, die sich aus der Verwendung dieser Informationen ergeben.<\/p>\n\n\n\n<p class=\"has-small-font-size\">Alle Informationen auf dieser Website werden \u201ewie besehen\u201c bereitgestellt, ohne Gew\u00e4hr f\u00fcr Vollst\u00e4ndigkeit, Richtigkeit, Aktualit\u00e4t oder die durch die Nutzung dieser Informationen erzielten Ergebnisse und ohne Gew\u00e4hrleistung jeglicher Art, weder ausdr\u00fccklich noch stillschweigend, einschlie\u00dflich, aber nicht beschr\u00e4nkt auf Garantien der Leistung, Marktg\u00e4ngigkeit und Eignung f\u00fcr einen bestimmten Zweck.<\/p>\n\n\n\n<p class=\"has-small-font-size\"><br>In keinem Fall haften Nodengo.com oder seine Partner, lokalen Redakteure, Vertreter oder Mitarbeiter Ihnen oder anderen gegen\u00fcber f\u00fcr Entscheidungen oder Ma\u00dfnahmen, die im Vertrauen auf die Informationen auf dieser Website getroffen werden, oder f\u00fcr Folgesch\u00e4den, besondere oder \u00e4hnliche Sch\u00e4den , auch wenn auf die M\u00f6glichkeit solcher Sch\u00e4den hingewiesen wurde.<\/p>\n\n\n\n<p class=\"has-small-font-size\">Bestimmte Links auf dieser Website f\u00fchren zu anderen Websites, die von Dritten betrieben werden, \u00fcber die Nodengo.com keine Kontrolle hat. Diese Links sind aus mehreren Gr\u00fcnden enthalten, darunter:<\/p>\n\n\n\n<ol class=\"wp-block-list has-small-font-size\">\n<li>Verbesserung der Relevanz von Informationen und anderen Materialquellen<\/li>\n\n\n\n<li>F\u00fcr praktische Informationen, die zur Unterhaltung oder zum Vergn\u00fcgen n\u00fctzlich sind<\/li>\n\n\n\n<li>Zur Reservierung von Flug, Hotel, Mietwagen und Aktivit\u00e4ten<\/li>\n\n\n\n<li>Weitere Informationen zu einem Reiseziel.<\/li>\n<\/ol>\n\n\n\n<p class=\"has-small-font-size\"><em>Haftungsausschluss <\/em>&#8211; Nodengo.com makes no representations as to the accuracy or any other aspect of information contained in other websites.<\/p>\n\n\n\n<p class=\"has-small-font-size\">Nodengo.com ist nicht verantwortlich f\u00fcr den Inhalt externer Websites. Andere hier erw\u00e4hnte Logos, Produkt- und Firmennamen sind Eigentum ihrer jeweiligen Eigent\u00fcmer.<\/p>\n\n\n\n<p class=\"has-small-font-size\"><strong>Haftungsausschluss<\/strong>&nbsp;Alle in unseren Blogs bereitgestellten Inhalte dienen ausschlie\u00dflich Informationszwecken. Die ge\u00e4u\u00dferten Meinungen erfolgen in gutem Glauben und bei der Erstellung dieser Beitr\u00e4ge wurde mit gr\u00f6\u00dfter Sorgfalt vorgegangen, einschlie\u00dflich, aber nicht beschr\u00e4nkt auf die Richtigkeit oder Vollst\u00e4ndigkeit der darin enthaltenen Informationen, Fakten und\/oder Meinungen. Auf dieser Website ver\u00f6ffentlichte Blogger haben die Freiheit, ihre Meinung zu \u00e4u\u00dfern. Nodengo.com \u00fcbernimmt keine Gew\u00e4hr f\u00fcr die Richtigkeit oder Vollst\u00e4ndigkeit der Informationen auf dieser Website oder durch das Klicken auf einen Link auf dieser Website. Die in den Blogs \u201eLokaler Herausgeber\u201c und \u201eAllgemeine Informationen\u201c vertretenen Ansichten oder Meinungen sind pers\u00f6nlich und geh\u00f6ren ausschlie\u00dflich dem Blog-Eigent\u00fcmer und repr\u00e4sentieren nicht die Ansichten von Personen, Institutionen oder Organisationen, mit denen der Eigent\u00fcmer m\u00f6glicherweise beruflich oder pers\u00f6nlich in Verbindung steht, es sei denn, dies wird ausdr\u00fccklich angegeben angegeben.<\/p>\n\n\n\n<p class=\"has-small-font-size\"> S\u00e4mtliche Ansichten oder Meinungen zielen nicht darauf ab, eine Religion, ethnische Gruppe, einen Verein, eine Organisation, ein Unternehmen oder eine Einzelperson zu verunglimpfen.<\/p>\n\n\n\n<p class=\"has-small-font-size\"><em>Haftungsausschluss<\/em><\/p>\n\n\n\n<p class=\"has-small-font-size\">Einige Inhalte zu einer Einrichtung k\u00f6nnen durch Empfehlung oder durch unseren lokalen Redakteur hinzugef\u00fcgt werden. In solchen F\u00e4llen unterst\u00fctzt die Einrichtung Nodengo.com nicht unbedingt. Sobald ein Eintrag beansprucht wurde, wird er direkt vom Eigent\u00fcmer\/Betreiber oder Personal der Einrichtung verwaltet.<\/p>\n\n\n\n<p class=\"has-small-font-size\"><strong>Haftungsausschluss<\/strong>&nbsp;Nodengo.com ist kein Buchungsagent oder Reiseveranstalter und berechnet den Nutzern unserer Website keine Servicegeb\u00fchren. Wenn Sie bei einem unserer Partner buchen, \u00fcberpr\u00fcfen Sie bitte unbedingt deren Website auf eine vollst\u00e4ndige Offenlegung aller anfallenden Geb\u00fchren. F\u00fcr die aufgef\u00fchrten Reisepakete oder Angebote garantiert Nodengo.com keine bestimmten Tarife oder Preise. Dar\u00fcber hinaus werden die durchschnittlichen Hotelpreise jede Nacht aktualisiert und in Ihrer bevorzugten W\u00e4hrung mit den geltenden Umrechnungskursen angezeigt. Da es sich bei diesen umgerechneten Preisen um Sch\u00e4tzungen handelt, erkundigen Sie sich bitte auf der Buchungsseite nach dem genauen Betrag und der W\u00e4hrung. <\/p>\n\n\n\n<p class=\"has-small-font-size\">Da es sich bei diesen umgerechneten Preisen um Sch\u00e4tzungen handelt, erkundigen Sie sich bitte auf der Buchungsseite nach dem genauen Betrag und der W\u00e4hrung. Dar\u00fcber hinaus \u00fcbernimmt Nodengo.com keine Garantie f\u00fcr die Verf\u00fcgbarkeit der auf unserer Website angegebenen Preise. Die aufgef\u00fchrten Preise k\u00f6nnen einen l\u00e4ngeren Aufenthalt erfordern oder Sperrdaten, Voraussetzungen oder Einschr\u00e4nkungen enthalten. <\/p>\n\n\n\n<p class=\"has-small-font-size\">Nodengo.com ist nicht verantwortlich f\u00fcr den Inhalt externer Websites. Steuern, Geb\u00fchren sind nicht im Angebotsinhalt enthalten.<\/p>\n\n\n\n<p class=\"has-text-color has-small-font-size\" style=\"color:#4e555a\">Disclaimer &#8211; <em>Diese Website enth\u00e4lt Affiliate-Link-Verweise durch Links und Bannerwerbung. Durch die Nutzung dieser Links und Dienste erh\u00e4lt diese Website zwar Provisionen, f\u00fcr den Nutzer entstehen jedoch keine Kosten. Dies geschieht, um die Kosten f\u00fcr den Betrieb dieser Website zu decken.<\/em> <em>Wird es mich mehr Geld kosten? , Nein auf keinen Fall. In den meisten F\u00e4llen sparen Sie mit unseren Angeboten tats\u00e4chlich Geld<\/em><\/p>\n<\/div><\/div>\n\n\n\n<p class=\"has-text-color has-small-font-size\" style=\"color:#4e555a\"><em>Bitte beachten Sie, dass diese Seite maschinell aus dem urspr\u00fcnglichen Englisch \u00fcbersetzt wurde<\/em>. <em>Es wird keine Garantie jeglicher Art, weder ausdr\u00fccklich noch stillschweigend, hinsichtlich der Genauigkeit, Zuverl\u00e4ssigkeit und Richtigkeit von \u00dcbersetzungen aus dem Englischen in eine andere Sprache \u00fcbernommen.<\/em><\/p>\n\n\n\n<p class=\"has-text-align-center has-small-font-size\"><a href=\"https:\/\/nodengo.com\/de\/terms-conditions\/\" data-type=\"page\" data-id=\"6418\" rel=\"nofollow\">Gesch\u00e4ftsbedingungen<\/a> | <a href=\"https:\/\/nodengo.com\/de\/cookies-policy\/\" data-type=\"page\" data-id=\"6407\" rel=\"nofollow\">Cookie-Richtlinie <\/a>| <a href=\"https:\/\/nodengo.com\/de\/copyright\/\" data-type=\"page\" data-id=\"6405\" rel=\"nofollow\">Copyright<\/a><\/p>","protected":false},"excerpt":{"rendered":"<p>Disclaimer Please do note that this page has been machine translated from the original English. No warranty of any kind, either expressed or implied, is made as to the accuracy, [&hellip;]<\/p>\n","protected":false},"author":1,"featured_media":0,"parent":0,"menu_order":0,"comment_status":"closed","ping_status":"closed","template":"","meta":{"_uag_custom_page_level_css":"","_citadela_hide_page_title":"1","_citadela_remove_header_space":"1","_citadela_custom_class":"","_citadela_half_map_provider":"","_citadela_half_map_theme":"","_citadela_half_map_themeOSM":"","_citadela_half_map_customTheme":"","_citadela_half_map_dataType":"","_citadela_half_map_dynamicTrack":false,"_citadela_half_map_trackColor":"","_citadela_half_map_trackEndpointsColor":"","_citadela_half_map_filterCategory":"","_citadela_half_map_filterLocation":"","_citadela_half_map_filterFeatured":false,"_citadela_half_map_noDataBehavior":"empty-map","_citadela_half_map_noDataText":"","_citadela_half_map_clusterGridSize":80,"_citadela_header":false,"_citadela_header_over_content":false,"_citadela_header_text_color":"","_citadela_header_logo":[],"_citadela_header_bg_image":[],"_citadela_header_bg_position":{"x":0.5,"y":0.5},"_citadela_header_bg_size":"cover","_citadela_header_bg_repeat":"no-repeat","_citadela_header_bg_fixed":false,"_citadela_header_bg_color":"","_citadela_header_bg_image_overlay":"","_citadela_header_transparent_bg":false,"_citadela_content_width":"","_citadela_half_layout_position":"","footnotes":""},"class_list":["post-6410","page","type-page","status-publish","hentry"],"uagb_featured_image_src":{"full":false,"thumbnail":false,"medium":false,"medium_large":false,"large":false,"1536x1536":false,"2048x2048":false,"trp-custom-language-flag":false,"citadela_item_thumbnail":false,"woocommerce_thumbnail":false,"woocommerce_single":false,"woocommerce_gallery_thumbnail":false,"citadela_service":false},"uagb_author_info":{"display_name":"admin","author_link":"https:\/\/nodengo.com\/de\/author\/admin\/"},"uagb_comment_info":0,"uagb_excerpt":"Disclaimer Please do note that this page has been machine translated from the original English. No warranty of any kind, either expressed or implied, is made as to the accuracy, [&hellip;]","_links":{"self":[{"href":"https:\/\/nodengo.com\/de\/wp-json\/wp\/v2\/pages\/6410","targetHints":{"allow":["GET"]}}],"collection":[{"href":"https:\/\/nodengo.com\/de\/wp-json\/wp\/v2\/pages"}],"about":[{"href":"https:\/\/nodengo.com\/de\/wp-json\/wp\/v2\/types\/page"}],"author":[{"embeddable":true,"href":"https:\/\/nodengo.com\/de\/wp-json\/wp\/v2\/users\/1"}],"replies":[{"embeddable":true,"href":"https:\/\/nodengo.com\/de\/wp-json\/wp\/v2\/comments?post=6410"}],"version-history":[{"count":0,"href":"https:\/\/nodengo.com\/de\/wp-json\/wp\/v2\/pages\/6410\/revisions"}],"wp:attachment":[{"href":"https:\/\/nodengo.com\/de\/wp-json\/wp\/v2\/media?parent=6410"}],"curies":[{"name":"wp","href":"https:\/\/api.w.org\/{rel}","templated":true}]}}