{"id":6407,"date":"2021-03-10T16:51:38","date_gmt":"2021-03-10T15:51:38","guid":{"rendered":"https:\/\/nodengo.com\/?page_id=6407"},"modified":"2025-10-17T15:59:41","modified_gmt":"2025-10-17T13:59:41","slug":"cookies-policy","status":"publish","type":"page","link":"https:\/\/nodengo.com\/de\/cookies-policy\/","title":{"rendered":"Cookie-Richtlinie"},"content":{"rendered":"<!-- Flexy Breadcrumb -->\r\n\t\t\t<div class=\"fbc fbc-page\">\r\n\r\n\t\t\t\t<!-- Breadcrumb wrapper -->\r\n\t\t\t\t<div class=\"fbc-wrap\">\r\n\r\n\t\t\t\t\t<!-- Ordered list-->\r\n\t\t\t\t\t<ol class=\"fbc-items\" itemscope itemtype=\"https:\/\/schema.org\/BreadcrumbList\">\r\n\t\t\t\t\t\t            <li itemprop=\"itemListElement\" itemscope itemtype=\"https:\/\/schema.org\/ListItem\">\r\n                <span itemprop=\"name\">\r\n                    <!-- Home Link -->\r\n                    <a itemprop=\"item\" href=\"https:\/\/nodengo.com\/de\/\">\r\n                    \r\n                                                    <i class=\"fa fa-home\" aria-hidden=\"true\"><\/i>Home                    <\/a>\r\n                <\/span>\r\n                <meta itemprop=\"position\" content=\"1\" \/><!-- Meta Position-->\r\n             <\/li><li><span class=\"fbc-separator\">\/<\/span><\/li><li class=\"active\" itemprop=\"itemListElement\" itemscope itemtype=\"https:\/\/schema.org\/ListItem\"><span itemprop=\"name\" title=\"Best Travel Blog\">Best Travel Blog<\/span><meta itemprop=\"position\" content=\"2\" \/><\/li>\t\t\t\t\t<\/ol>\r\n\t\t\t\t\t<div class=\"clearfix\"><\/div>\r\n\t\t\t\t<\/div>\r\n\t\t\t<\/div>\r\n\t\t\t\n\n\n\n<h3 class=\"wp-block-heading\">\u00dcber unsere Cookie-Richtlinie<\/h3>\n\n\n\n<p>In dieser Richtlinie wird erl\u00e4utert, was Cookies sind und wie wir sie verwenden. Sie sollten diese Richtlinie lesen, um zu verstehen, was sie sind, wie wir sie verwenden und welche Arten von Cookies wir verwenden, welche Informationen wir mithilfe von Cookies sammeln und wie diese Informationen verwendet werden und wie Sie die Cookie-Einstellungen steuern k\u00f6nnen. Weitere Informationen dar\u00fcber, wie wir Ihre personenbezogenen Daten verwenden, speichern und sch\u00fctzen, finden Sie in unserer&nbsp;<a href=\"httsp:\/\/nodengo.com\/privacy\">Privacy Policy.<\/a><\/p>\n\n\n\n<p>Sie k\u00f6nnen Ihre Einwilligung jederzeit auf unserer Website \u00e4ndern oder Ihre Einwilligung dazu widerrufen. Erfahren Sie in unserer Datenschutzerkl\u00e4rung mehr dar\u00fcber, wer wir sind, wie Sie mit uns Kontakt aufnehmen k\u00f6nnen und wie wir personenbezogene Daten verarbeiten.<\/p>\n\n\n\n<p><img decoding=\"async\" src=\"https:\/\/nodengo.com\/wp-content\/uploads\/jaune_titre.gif\" alt=\"Cookie-Richtlinie\" title=\"\">Ihre Einwilligung gilt f\u00fcr folgende Domains:&nbsp;<a href=\"https:\/\/nodengo.com\/de\/\">nodengo.com<\/a><\/p>\n\n\n\n<p>Was sind Cookies?<\/p>\n\n\n\n<p>Dabei handelt es sich um kleine Textdateien, in denen kleine Informationen gespeichert werden. Sie werden auf Ihrem Ger\u00e4t gespeichert, wenn die Website in Ihrem Browser geladen wird. Diese Cookies helfen uns, die ordnungsgem\u00e4\u00dfe Funktion unserer Website zu gew\u00e4hrleisten, unsere Website sicherer zu machen, ein besseres Benutzererlebnis zu bieten und zu verstehen, wie unsere Website funktioniert, und zu analysieren, was funktioniert und wo Verbesserungen erforderlich sind.<\/p>\n\n\n\n<h3 class=\"wp-block-heading\">Wie verwenden wir Cookies?<\/h3>\n\n\n\n<p>Wie die meisten Online-Dienste verwendet unsere Website f\u00fcr verschiedene Zwecke Erstanbieter- und Drittanbieter-Cookies. Die Erstanbieter-Cookies sind in den meisten F\u00e4llen f\u00fcr die ordnungsgem\u00e4\u00dfe Funktion der Website erforderlich und erfassen keine personenbezogenen Daten von Ihnen.<\/p>\n\n\n\n<p>Die auf unseren Websites verwendeten Drittanbieter-Cookies dienen haupts\u00e4chlich dazu, zu verstehen, wie die Website funktioniert, wie Sie mit unserer Website interagieren, unsere Dienste sicher zu halten, f\u00fcr Sie relevante Werbung bereitzustellen und Ihnen insgesamt ein besseres und verbessertes Erlebnis zu bieten Verbessern Sie die Benutzererfahrung und helfen Sie dabei, Ihre zuk\u00fcnftigen Interaktionen mit unserer Website zu beschleunigen.<\/p>\n\n\n\n<h3 class=\"wp-block-heading\">Welche Arten von Cookies verwenden wir?<\/h3>\n\n\n\n<p><strong>Essentiell<\/strong>Hinweis: Einige Cookies sind unbedingt erforderlich, damit Sie die volle Funktionalit\u00e4t unserer Website nutzen k\u00f6nnen. Sie erm\u00f6glichen es uns, Benutzersitzungen aufrechtzuerhalten und Sicherheitsbedrohungen zu verhindern. Sie erheben oder speichern keine personenbezogenen Daten. Diese erm\u00f6glichen es Ihnen beispielsweise, sich in Ihr Konto einzuloggen, Produkte in Ihren Warenkorb zu legen und sicher zur Kasse zu gehen.<\/p>\n\n\n\n<p><strong>Statistiken:<\/strong>&nbsp;Diese Cookies speichern Informationen wie die Anzahl der Besucher der Website, die Anzahl der einzelnen Besucher, welche Seiten der Website besucht wurden, die Quelle des Besuchs usw. Diese Daten helfen uns zu verstehen und zu analysieren, wie gut die Website funktioniert und wo sie sich befindet muss verbessert werden.<\/p>\n\n\n\n<p><strong>Marketing:<\/strong>&nbsp;Auf unserer Website werden Werbeanzeigen geschaltet. Diese Cookies werden verwendet, um die Werbung, die wir Ihnen zeigen, so zu personalisieren, dass sie f\u00fcr Sie von Bedeutung ist. Diese helfen uns auch dabei, die Effizienz dieser Werbekampagnen im Auge zu behalten.<\/p>\n\n\n\n<p>Die darin gespeicherten Informationen k\u00f6nnen auch von Drittanbietern von Werbeanzeigen verwendet werden, um Ihnen Werbung auch auf anderen Websites im Browser anzuzeigen.<\/p>\n\n\n\n<p><strong>Functional:<\/strong>&nbsp;These are the cookies that help certain non-essential functionalities on our website. These functionalities include embedding content like videos or sharing contents on the website on social media platforms.<\/p>\n\n\n\n<p><strong>Pr\u00e4ferenzen:<\/strong>&nbsp;Diese helfen uns, Ihre Einstellungen und Browserpr\u00e4ferenzen wie Spracheinstellungen zu speichern, damit Sie bei zuk\u00fcnftigen Besuchen der Website ein besseres und effizienteres Erlebnis haben.<\/p>\n\n\n\n<p>Sollten Sie sich sp\u00e4ter w\u00e4hrend Ihrer Browsersitzung dazu entschlie\u00dfen, Ihre Einstellungen zu \u00e4ndern, k\u00f6nnen Sie auf Ihrem Bildschirm auf die Registerkarte \u201eDatenschutz- und Cookie-Richtlinie\u201c klicken. Dadurch wird die Einwilligungserkl\u00e4rung erneut angezeigt und Sie k\u00f6nnen Ihre Pr\u00e4ferenzen \u00e4ndern oder Ihre Einwilligung vollst\u00e4ndig widerrufen.<\/p>\n\n\n\n<p>Dar\u00fcber hinaus bieten verschiedene Browser unterschiedliche Methoden zum Blockieren und L\u00f6schen von Cookies, die von Websites verwendet werden. Sie k\u00f6nnen die Einstellungen Ihres Browsers \u00e4ndern.<br>Weitere Informationen zum Verwalten und L\u00f6schen von Cookies finden Sie unter&nbsp;<a href=\"https:\/\/en.wikipedia.org\/wiki\/HTTP_cookie\" target=\"_blank\" rel=\"noreferrer noopener\">wikipedia.org<\/a>,&nbsp;<a href=\"http:\/\/www.allaboutcookies.org\/\" target=\"_blank\" rel=\"noreferrer noopener\">www.allaboutcookies.org.<\/a><\/p>\n\n\n\n<p class=\"has-text-color has-small-font-size\" style=\"color:#969fa2\"><em>Bitte beachten Sie, dass diese Seite maschinell aus dem urspr\u00fcnglichen Englisch \u00fcbersetzt wurde<\/em>. <em>Es wird keine Garantie jeglicher Art, weder ausdr\u00fccklich noch stillschweigend, hinsichtlich der Genauigkeit, Zuverl\u00e4ssigkeit und Richtigkeit von \u00dcbersetzungen aus dem Englischen in eine andere Sprache \u00fcbernommen.<\/em><\/p>","protected":false},"excerpt":{"rendered":"<p>About our cookies policy This Policy explains what cookies are and how we use them. You should read this policy to understand what they are, how we use them and [&hellip;]<\/p>\n","protected":false},"author":1,"featured_media":0,"parent":0,"menu_order":0,"comment_status":"closed","ping_status":"closed","template":"","meta":{"_uag_custom_page_level_css":"","_citadela_hide_page_title":"1","_citadela_remove_header_space":"1","_citadela_custom_class":"","_citadela_half_map_provider":"","_citadela_half_map_theme":"","_citadela_half_map_themeOSM":"","_citadela_half_map_customTheme":"","_citadela_half_map_dataType":"","_citadela_half_map_dynamicTrack":false,"_citadela_half_map_trackColor":"","_citadela_half_map_trackEndpointsColor":"","_citadela_half_map_filterCategory":"","_citadela_half_map_filterLocation":"","_citadela_half_map_filterFeatured":false,"_citadela_half_map_noDataBehavior":"empty-map","_citadela_half_map_noDataText":"","_citadela_half_map_clusterGridSize":80,"_citadela_header":false,"_citadela_header_over_content":false,"_citadela_header_text_color":"","_citadela_header_logo":[],"_citadela_header_bg_image":[],"_citadela_header_bg_position":{"x":0.5,"y":0.5},"_citadela_header_bg_size":"cover","_citadela_header_bg_repeat":"no-repeat","_citadela_header_bg_fixed":false,"_citadela_header_bg_color":"","_citadela_header_bg_image_overlay":"","_citadela_header_transparent_bg":false,"_citadela_content_width":"","_citadela_half_layout_position":"","footnotes":""},"class_list":["post-6407","page","type-page","status-publish","hentry"],"uagb_featured_image_src":{"full":false,"thumbnail":false,"medium":false,"medium_large":false,"large":false,"1536x1536":false,"2048x2048":false,"trp-custom-language-flag":false,"citadela_item_thumbnail":false,"woocommerce_thumbnail":false,"woocommerce_single":false,"woocommerce_gallery_thumbnail":false,"citadela_service":false},"uagb_author_info":{"display_name":"admin","author_link":"https:\/\/nodengo.com\/de\/author\/admin\/"},"uagb_comment_info":0,"uagb_excerpt":"About our cookies policy This Policy explains what cookies are and how we use them. You should read this policy to understand what they are, how we use them and [&hellip;]","_links":{"self":[{"href":"https:\/\/nodengo.com\/de\/wp-json\/wp\/v2\/pages\/6407","targetHints":{"allow":["GET"]}}],"collection":[{"href":"https:\/\/nodengo.com\/de\/wp-json\/wp\/v2\/pages"}],"about":[{"href":"https:\/\/nodengo.com\/de\/wp-json\/wp\/v2\/types\/page"}],"author":[{"embeddable":true,"href":"https:\/\/nodengo.com\/de\/wp-json\/wp\/v2\/users\/1"}],"replies":[{"embeddable":true,"href":"https:\/\/nodengo.com\/de\/wp-json\/wp\/v2\/comments?post=6407"}],"version-history":[{"count":0,"href":"https:\/\/nodengo.com\/de\/wp-json\/wp\/v2\/pages\/6407\/revisions"}],"wp:attachment":[{"href":"https:\/\/nodengo.com\/de\/wp-json\/wp\/v2\/media?parent=6407"}],"curies":[{"name":"wp","href":"https:\/\/api.w.org\/{rel}","templated":true}]}}