{"id":55264,"date":"2022-09-18T15:41:00","date_gmt":"2022-09-18T13:41:00","guid":{"rendered":"https:\/\/nodengo.com\/?page_id=55264"},"modified":"2025-12-09T15:43:23","modified_gmt":"2025-12-09T14:43:23","slug":"restaurants-1-promote-restaurant","status":"publish","type":"page","link":"https:\/\/nodengo.com\/de\/hospitality-network\/restaurants-1-promote-restaurant\/","title":{"rendered":"Restaurants &#8211; 1 efficient way to promote your restaurant"},"content":{"rendered":"<!-- Flexy Breadcrumb -->\r\n\t\t\t<div class=\"fbc fbc-page\">\r\n\r\n\t\t\t\t<!-- Breadcrumb wrapper -->\r\n\t\t\t\t<div class=\"fbc-wrap\">\r\n\r\n\t\t\t\t\t<!-- Ordered list-->\r\n\t\t\t\t\t<ol class=\"fbc-items\" itemscope itemtype=\"https:\/\/schema.org\/BreadcrumbList\">\r\n\t\t\t\t\t\t            <li itemprop=\"itemListElement\" itemscope itemtype=\"https:\/\/schema.org\/ListItem\">\r\n                <span itemprop=\"name\">\r\n                    <!-- Home Link -->\r\n                    <a itemprop=\"item\" href=\"https:\/\/nodengo.com\/de\/\">\r\n                    \r\n                                                    <i class=\"fa fa-home\" aria-hidden=\"true\"><\/i>Home                    <\/a>\r\n                <\/span>\r\n                <meta itemprop=\"position\" content=\"1\" \/><!-- Meta Position-->\r\n             <\/li><li><span class=\"fbc-separator\">\/<\/span><\/li><li class=\"active\" itemprop=\"itemListElement\" itemscope itemtype=\"https:\/\/schema.org\/ListItem\"><span itemprop=\"name\" title=\"Best Travel Blog\">Best Travel Blog<\/span><meta itemprop=\"position\" content=\"2\" \/><\/li>\t\t\t\t\t<\/ol>\r\n\t\t\t\t\t<div class=\"clearfix\"><\/div>\r\n\t\t\t\t<\/div>\r\n\t\t\t<\/div>\r\n\t\t\t\n\n\n\n<div class=\"wp-block-citadela-blocks-custom-container citadela-block-custom-container size-wide bg-type-color inside-space-none has-bg\" style=\"background-color:rgba(248, 248, 248, 1)\"><div class=\"inner-holder\">\n<figure class=\"wp-block-gallery has-nested-images columns-default is-cropped wp-block-gallery-2 is-layout-flex wp-block-gallery-is-layout-flex\">\n<figure class=\"wp-block-image size-large\"><img decoding=\"async\" width=\"640\" height=\"427\" data-id=\"55532\" src=\"https:\/\/nodengo.com\/wp-content\/uploads\/people-having-drink-at-daytime.jpg\" alt=\"\" class=\"wp-image-55532\" title=\"\" srcset=\"https:\/\/nodengo.com\/wp-content\/uploads\/people-having-drink-at-daytime.jpg 640w, https:\/\/nodengo.com\/wp-content\/uploads\/people-having-drink-at-daytime-150x100.jpg 150w, https:\/\/nodengo.com\/wp-content\/uploads\/people-having-drink-at-daytime-300x200.jpg 300w, https:\/\/nodengo.com\/wp-content\/uploads\/people-having-drink-at-daytime-18x12.jpg 18w\" sizes=\"(max-width: 640px) 100vw, 640px\" \/><\/figure>\n\n\n\n<figure class=\"wp-block-image size-large\"><img decoding=\"async\" width=\"1024\" height=\"576\" data-id=\"31049\" src=\"https:\/\/nodengo.com\/wp-content\/uploads\/restaurant-dp-02-1024x576.jpg\" alt=\"Restaurants header Nodengo.com\" class=\"wp-image-31049\" title=\"\" srcset=\"https:\/\/nodengo.com\/wp-content\/uploads\/restaurant-dp-02-1024x576.jpg 1024w, https:\/\/nodengo.com\/wp-content\/uploads\/restaurant-dp-02-150x84.jpg 150w, https:\/\/nodengo.com\/wp-content\/uploads\/restaurant-dp-02-900x506.jpg 900w, https:\/\/nodengo.com\/wp-content\/uploads\/restaurant-dp-02-300x169.jpg 300w, https:\/\/nodengo.com\/wp-content\/uploads\/restaurant-dp-02-768x432.jpg 768w, https:\/\/nodengo.com\/wp-content\/uploads\/restaurant-dp-02-1536x864.jpg 1536w, https:\/\/nodengo.com\/wp-content\/uploads\/restaurant-dp-02-18x10.jpg 18w, https:\/\/nodengo.com\/wp-content\/uploads\/restaurant-dp-02.jpg 1920w\" sizes=\"(max-width: 1024px) 100vw, 1024px\" \/><\/figure>\n\n\n\n<figure class=\"wp-block-image size-large\"><img decoding=\"async\" width=\"650\" height=\"400\" data-id=\"8150\" src=\"https:\/\/nodengo.com\/wp-content\/uploads\/Restaurants-HCWY.jpg\" alt=\"Restaurants HCWY\" class=\"wp-image-8150\" title=\"\" srcset=\"https:\/\/nodengo.com\/wp-content\/uploads\/Restaurants-HCWY.jpg 650w, https:\/\/nodengo.com\/wp-content\/uploads\/Restaurants-HCWY-150x92.jpg 150w, https:\/\/nodengo.com\/wp-content\/uploads\/Restaurants-HCWY-300x185.jpg 300w, https:\/\/nodengo.com\/wp-content\/uploads\/Restaurants-HCWY-16x10.jpg 16w\" sizes=\"(max-width: 650px) 100vw, 650px\" \/><\/figure>\n<\/figure>\n\n\n\n<p class=\"has-text-align-right\"><i class=\"fas fa-user\"><\/i> <a href=\"\/de\/partner-help\/\">Partner<\/a> | <i class=\"fas fa-pen\"><\/i> <a href=\"\/de\/partner-help\/#editors\">Redakteure<\/a> | <i class=\"fas fa-question\"><\/i> <a href=\"\/de\/partner-help\/\">Hilfe<\/a> | <i class=\"fas fa-id-card\"><\/i> <a href=\"https:\/\/nodengo.com\/de\/parther-help\/-27\/\">Kontakt<\/a> | <i class=\"fas fa-list\"><\/i> <a href=\"\/de\/-3\/\">Konto <\/a><\/p>\n<\/div><\/div>\n\n\n\n<div class=\"wp-block-citadela-blocks-custom-container citadela-block-custom-container size-wide bg-type-none inside-space-none\"><div class=\"inner-holder\">\n<div class=\"wp-block-columns is-layout-flex wp-container-core-columns-is-layout-9d6595d7 wp-block-columns-is-layout-flex\">\n<div class=\"wp-block-column is-layout-flow wp-block-column-is-layout-flow\" style=\"flex-basis:27%\">\n<h6 class=\"wp-block-heading\">Verf\u00fcgbare Optionen<\/h6>\n\n\n\n<h3 class=\"wp-block-heading\"><strong>KATEGORIE:<\/strong><\/h3>\n\n\n\n<h3 class=\"wp-block-heading\">Restaurants<\/h3>\n\n\n\n<p><strong>Auflisten<\/strong>&nbsp;<a href=\"https:\/\/nodengo.com\/de\/\/\">Verweisen Sie auf Ihre Einrichtung<\/a><\/p>\n\n\n\n<p><strong>Mehr Info&nbsp;<\/strong><a href=\"https:\/\/nodengo.com\/de\/-33\/hospitality-and-services-provider\/\" data-type=\"link\" data-id=\"https:\/\/nodengo.com\/en\/hospitality-network\/hospitality-and-services-provider\/\">Pr\u00e4sentation<\/a><\/p>\n\n\n\n<p><strong>Pl\u00e4ne&nbsp;<\/strong><a href=\"https:\/\/nodengo.com\/de\/plans-and-features\/\" data-type=\"page\" data-id=\"80743\">Sehen Sie sich unsere Pl\u00e4ne an<\/a><\/p>\n\n\n\n<p><strong>Registrieren:&nbsp;<\/strong><a href=\"\/de\/\/\">begleiten Sie uns <\/a><\/p>\n\n\n\n<p><strong>Auswertung :<\/strong>&nbsp;<a href=\"https:\/\/nodengo.com\/de\/-33\/-4\/\" data-type=\"link\" data-id=\"https:\/\/nodengo.com\/en\/hospitality-network\/reviews\/\">Lassen Sie Ihren Betrieb bewerten<\/a><\/p>\n\n\n\n<p><strong>Werben<\/strong>&nbsp;<a href=\"http:\/\/ads.nodengo.com\/de\" target=\"_blank\" rel=\"noreferrer noopener\">Sehen Sie sich unsere Werbem\u00f6glichkeiten an<\/a><\/p>\n\n\n\n<p><strong>Richtlinien der Ver\u00f6ffentlichung&nbsp;<\/strong><a href=\"https:\/\/nodengo.com\/de\/veroffentlichungsrichtlinien\/\">Hier<\/a><\/p>\n<\/div>\n\n\n\n<div class=\"wp-block-column is-layout-flow wp-block-column-is-layout-flow\" style=\"flex-basis:75%\">\n<p class=\"has-medium-font-size\">Restaurantbesitzer und -betreiber<\/p>\n\n\n\n<div class=\"wp-block-columns is-layout-flex wp-container-core-columns-is-layout-9d6595d7 wp-block-columns-is-layout-flex\">\n<div class=\"wp-block-column is-layout-flow wp-block-column-is-layout-flow\" style=\"flex-basis:33.33%\">\n<p><figure class=\"wp-block-image size-full is-resized\"><img decoding=\"async\" width=\"289\" height=\"367\" src=\"https:\/\/nodengo.com\/wp-content\/uploads\/Head-Chef-Restaurant-Header.jpg\" alt=\"Head Chef Restaurant Header\" class=\"wp-image-19907\" style=\"width:187px;height:237px\" title=\"\" srcset=\"https:\/\/nodengo.com\/wp-content\/uploads\/Head-Chef-Restaurant-Header.jpg 289w, https:\/\/nodengo.com\/wp-content\/uploads\/Head-Chef-Restaurant-Header-118x150.jpg 118w, https:\/\/nodengo.com\/wp-content\/uploads\/Head-Chef-Restaurant-Header-236x300.jpg 236w, https:\/\/nodengo.com\/wp-content\/uploads\/Head-Chef-Restaurant-Header-9x12.jpg 9w\" sizes=\"(max-width: 289px) 100vw, 289px\" \/><\/figure><\/p>\n<\/div>\n\n\n\n<div class=\"wp-block-column is-layout-flow wp-block-column-is-layout-flow\" style=\"flex-basis:66.66%\">\n<p>Als Restaurantbesitzer und\/oder -betreiber betreuen Sie in erster Linie die lokale Kundschaft, die Ihr Restaurant tagein, tagaus besucht, Ihr Lokal ist in Ihrer Stadt ber\u00fchmt und alle in der Stadt schw\u00e4rmen davon.<\/p>\n\n\n\n<p>Unsere Website soll potenziellen Besuchern genaue, unvoreingenommene und aktuelle Informationen \u00fcber die Stadt geben, die sie besuchen m\u00f6chten.<\/p>\n<\/div>\n<\/div>\n\n\n\n<p>Wir sind eine Versammlung lokaler Tourismusprofis wie Sie, die in Ihrer Nachbarschaft leben und der Welt \u201eprofessionell\u201c von Ihrer Hotel erz\u00e4hlen k\u00f6nnen.<\/p>\n\n\n\n<p>Wir haben uns zum Ziel gesetzt, weltweit die Nummer eins f\u00fcr Reisezielinformationen zu sein, indem wir unvoreingenommene, professionelle und genaue Informationen und Bewertungen zu lokalen Attraktionen von lokalen Redakteuren bereitstellen.<\/p>\n\n\n\n<p>Erz\u00e4hlen Sie ihnen von Ihnen, w\u00e4hrend sie ihren Urlaub vorbereiten. Unsere Website ist darauf ausgerichtet, \u00fcber die besten Orte zu informieren, bevor Kunden ihre Reise buchen und ihren Urlaub planen, daher unser Name \u201eKnow then Go\u201c.<\/p>\n\n\n\n<p>Hier sind einige der Funktionen, die wir auf den Stadtseiten anbieten<\/p>\n\n\n\n<ul class=\"wp-block-list\">\n<li>Eine Zusammenfassung der Region mit Highlights wichtiger Orte und einem Stadtblog, der von unseren lokalen Redakteuren bereitgestellt wird.<\/li>\n\n\n\n<li>Ein \u00dcberblick \u00fcber die besten Restaurants der Stadt, bereitgestellt von unseren lokalen Redakteuren.<\/li>\n\n\n\n<li>Restaurantliste und Empfehlung<\/li>\n\n\n\n<li>Informationen zu Erholung und Outdoor-Aktivit\u00e4ten.<\/li>\n\n\n\n<li>Reisef\u00fchrer zu Aktivit\u00e4ten wie Kunst und Kultur, einschlie\u00dflich Museen, Theatern und anderen Attraktionen<\/li>\n\n\n\n<li>Karten und F\u00fchrer<\/li>\n\n\n\n<li>Informationen zu \u00f6ffentlichen Verkehrsmitteln<\/li>\n\n\n\n<li>Flughafeninformationen<\/li>\n<\/ul>\n\n\n\n<h3 class=\"wp-block-heading has-text-align-center has-text-color\" style=\"color:#1c4e3c\">Machen Sie mit und f\u00fcgen Sie Ihre Einrichtung KOSTENLOS unserer Website hinzu<\/h3>\n\n\n\n<div class=\"wp-block-buttons is-layout-flex wp-block-buttons-is-layout-flex\">\n<div class=\"wp-block-button has-custom-width wp-block-button__width-100 is-style-outline is-style-outline--3\"><a class=\"wp-block-button__link has-white-color has-text-color has-link-color wp-element-button\" href=\"\/de\/\/\">Registrieren Sie Ihren Betrieb<\/a><\/div>\n<\/div>\n<\/div>\n<\/div>\n<\/div><\/div>\n\n\n<div class=\"wp-block-image is-resized\">\n<figure class=\"aligncenter size-full\"><img decoding=\"async\" width=\"300\" height=\"236\" src=\"https:\/\/nodengo.com\/wp-content\/uploads\/headchefrestlist-300x236-1.jpg\" alt=\"\" class=\"wp-image-54704\" title=\"\" srcset=\"https:\/\/nodengo.com\/wp-content\/uploads\/headchefrestlist-300x236-1.jpg 300w, https:\/\/nodengo.com\/wp-content\/uploads\/headchefrestlist-300x236-1-150x118.jpg 150w, https:\/\/nodengo.com\/wp-content\/uploads\/headchefrestlist-300x236-1-15x12.jpg 15w\" sizes=\"(max-width: 300px) 100vw, 300px\" \/><\/figure>\n<\/div>\n\n\n<div class=\"wp-block-citadela-blocks-custom-container citadela-block-custom-container size-content bg-type-none inside-space-none\"><div class=\"inner-holder\">\n<p class=\"has-medium-font-size\">EINE NEUE ART, BEWERTUNGEN ZU VER\u00d6FFENTLICHEN<\/p>\n\n\n\n<p class=\"has-small-font-size\">F\u00fcr Ihr Unternehmen bieten wir eine alternative und neue M\u00f6glichkeit, f\u00fcr Ihr <strong>Restaurantseite an<\/strong>&nbsp;zu werben<\/p>\n\n\n\n<p>Als Restaurantbetreiber wissen Sie, wie schwierig es ist, G\u00e4ste dazu zu bringen, \u201erichtige\u201c Kommentare im Internet abzugeben.<\/p>\n\n\n\n<p>Sie versuchen, Touristen anzulocken und bieten \u201eeinheimische K\u00fcche\u201c und regionale Spezialit\u00e4ten an, die Sie gut kennen, aber leider wurde Ihr Restaurant schlecht bewertet, weil eine Person, die mit der Tradition und den kulinarischen Spezialit\u00e4ten der Region nicht vertraut ist, diese nicht verstanden oder gesch\u00e4tzt hat.<\/p>\n\n\n\n<p>Wie w\u00e4re es, wenn Sie von einem \u201elokalen\u201c Redakteur bewertet werden, der in Ihrer Stadt\/Region lebt, die K\u00fcche versteht und wei\u00df, wie ein lokales Gericht aussieht, schmeckt und pr\u00e4sentiert werden sollte.<\/p>\n\n\n\n<p>Das ist keine Garantie f\u00fcr eine gute \u201eBewertung\u201c, aber wir denken, es w\u00e4re genauer, als es \u201ebeil\u00e4ufigen Essenskritikern\u201c zu \u00fcberlassen, und wird Ihr Restaurant wahrheitsgem\u00e4\u00df beschreiben, wir sagen nicht, dass es jedermanns Sache sein wird schmecken, nur dass die Bewertung mehr im Einklang mit dem sein wird, was Sie vorschlagen.<\/p>\n\n\n\n<p>Verstehen Sie uns nicht falsch, wir sagen nicht, dass die meisten Kommentare keine gewisse Genauigkeit oder G\u00fcltigkeit haben, wir sagen einfach, was dem einen gef\u00e4llt, gef\u00e4llt dem anderen nicht unbedingt. Wir wollen eine Alternative zu diesen \u201eamateurhaften\u201c Bewertungen bieten, wir sind professionell, wir machen dasselbe wie Sie.<\/p>\n\n\n\n<p>Unsere Mission ist es, diesen Fehler zu korrigieren, indem wir Restaurants eine alternative M\u00f6glichkeit bieten, ihre Restaurants in der \u00d6ffentlichkeit bekannt zu machen.<\/p>\n\n\n\n<p>Wir sind anders und glauben nicht, dass man bestraft werden sollte, wenn etwas schief geht. Wir glauben, dass das heutige Reisebewertungssystem einer ernsthaft \u00fcberf\u00e4lligen Verbesserung bedarf.<\/p>\n\n\n\n<h3 class=\"wp-block-heading\">Z\u00f6gern Sie nicht. Machen Sie Ihre Einrichtung professionell <strong><a href=\"https:\/\/nodengo.com\/de\/-29\/-2\/geneva-reviews-gva\/\" type=\"page\" id=\"54509\">bewerten<\/a><\/strong> jetzt<\/h3>\n<\/div><\/div>","protected":false},"excerpt":{"rendered":"","protected":false},"author":249,"featured_media":0,"parent":54134,"menu_order":0,"comment_status":"closed","ping_status":"closed","template":"","meta":{"_uag_custom_page_level_css":"","_citadela_hide_page_title":"1","_citadela_remove_header_space":"1","_citadela_custom_class":"","_citadela_half_map_provider":"","_citadela_half_map_theme":"","_citadela_half_map_themeOSM":"","_citadela_half_map_customTheme":"","_citadela_half_map_dataType":"","_citadela_half_map_dynamicTrack":false,"_citadela_half_map_trackColor":"","_citadela_half_map_trackEndpointsColor":"","_citadela_half_map_filterCategory":"","_citadela_half_map_filterLocation":"","_citadela_half_map_filterFeatured":false,"_citadela_half_map_noDataBehavior":"empty-map","_citadela_half_map_noDataText":"","_citadela_half_map_clusterGridSize":80,"_citadela_header":true,"_citadela_header_over_content":false,"_citadela_header_text_color":"","_citadela_header_logo":[],"_citadela_header_bg_image":[],"_citadela_header_bg_position":{"x":0.5,"y":0.5},"_citadela_header_bg_size":"cover","_citadela_header_bg_repeat":"no-repeat","_citadela_header_bg_fixed":false,"_citadela_header_bg_color":"","_citadela_header_bg_image_overlay":"","_citadela_header_transparent_bg":false,"_citadela_content_width":"","_citadela_half_layout_position":"","footnotes":""},"class_list":["post-55264","page","type-page","status-publish","hentry"],"uagb_featured_image_src":{"full":false,"thumbnail":false,"medium":false,"medium_large":false,"large":false,"1536x1536":false,"2048x2048":false,"trp-custom-language-flag":false,"citadela_item_thumbnail":false,"woocommerce_thumbnail":false,"woocommerce_single":false,"woocommerce_gallery_thumbnail":false,"citadela_service":false},"uagb_author_info":{"display_name":"Team Nodengo","author_link":"https:\/\/nodengo.com\/de\/author\/nodengo-team\/"},"uagb_comment_info":0,"uagb_excerpt":null,"_links":{"self":[{"href":"https:\/\/nodengo.com\/de\/wp-json\/wp\/v2\/pages\/55264","targetHints":{"allow":["GET"]}}],"collection":[{"href":"https:\/\/nodengo.com\/de\/wp-json\/wp\/v2\/pages"}],"about":[{"href":"https:\/\/nodengo.com\/de\/wp-json\/wp\/v2\/types\/page"}],"author":[{"embeddable":true,"href":"https:\/\/nodengo.com\/de\/wp-json\/wp\/v2\/users\/249"}],"replies":[{"embeddable":true,"href":"https:\/\/nodengo.com\/de\/wp-json\/wp\/v2\/comments?post=55264"}],"version-history":[{"count":0,"href":"https:\/\/nodengo.com\/de\/wp-json\/wp\/v2\/pages\/55264\/revisions"}],"up":[{"embeddable":true,"href":"https:\/\/nodengo.com\/de\/wp-json\/wp\/v2\/pages\/54134"}],"wp:attachment":[{"href":"https:\/\/nodengo.com\/de\/wp-json\/wp\/v2\/media?parent=55264"}],"curies":[{"name":"wp","href":"https:\/\/api.w.org\/{rel}","templated":true}]}}