{"id":54672,"date":"2022-09-17T18:06:04","date_gmt":"2022-09-17T16:06:04","guid":{"rendered":"https:\/\/nodengo.com\/?page_id=54672"},"modified":"2025-12-09T15:40:33","modified_gmt":"2025-12-09T14:40:33","slug":"way-to-promote-attractions","status":"publish","type":"page","link":"https:\/\/nodengo.com\/de\/hospitality-network\/way-to-promote-attractions\/","title":{"rendered":"Attractions &#8211;  1 new and efficient way to promote your attractions"},"content":{"rendered":"<!-- Flexy Breadcrumb -->\r\n\t\t\t<div class=\"fbc fbc-page\">\r\n\r\n\t\t\t\t<!-- Breadcrumb wrapper -->\r\n\t\t\t\t<div class=\"fbc-wrap\">\r\n\r\n\t\t\t\t\t<!-- Ordered list-->\r\n\t\t\t\t\t<ol class=\"fbc-items\" itemscope itemtype=\"https:\/\/schema.org\/BreadcrumbList\">\r\n\t\t\t\t\t\t            <li itemprop=\"itemListElement\" itemscope itemtype=\"https:\/\/schema.org\/ListItem\">\r\n                <span itemprop=\"name\">\r\n                    <!-- Home Link -->\r\n                    <a itemprop=\"item\" href=\"https:\/\/nodengo.com\/de\/\">\r\n                    \r\n                                                    <i class=\"fa fa-home\" aria-hidden=\"true\"><\/i>Home                    <\/a>\r\n                <\/span>\r\n                <meta itemprop=\"position\" content=\"1\" \/><!-- Meta Position-->\r\n             <\/li><li><span class=\"fbc-separator\">\/<\/span><\/li><li class=\"active\" itemprop=\"itemListElement\" itemscope itemtype=\"https:\/\/schema.org\/ListItem\"><span itemprop=\"name\" title=\"Best Travel Blog\">Best Travel Blog<\/span><meta itemprop=\"position\" content=\"2\" \/><\/li>\t\t\t\t\t<\/ol>\r\n\t\t\t\t\t<div class=\"clearfix\"><\/div>\r\n\t\t\t\t<\/div>\r\n\t\t\t<\/div>\r\n\t\t\t\n\n\n\n<div class=\"wp-block-citadela-blocks-custom-container citadela-block-custom-container size-wide bg-type-color inside-space-none has-bg\" style=\"background-color:rgba(248, 248, 248, 1)\"><div class=\"inner-holder\">\n<figure class=\"wp-block-gallery has-nested-images columns-default is-cropped wp-block-gallery-2 is-layout-flex wp-block-gallery-is-layout-flex\">\n<figure class=\"wp-block-image size-large\"><img decoding=\"async\" width=\"300\" height=\"169\" data-id=\"54676\" src=\"https:\/\/nodengo.com\/wp-content\/uploads\/hotel-dp-09-300x169-1.jpg\" alt=\"A new and efficient way to promote your attractions - header 1\" class=\"wp-image-54676\" title=\"\" srcset=\"https:\/\/nodengo.com\/wp-content\/uploads\/hotel-dp-09-300x169-1.jpg 300w, https:\/\/nodengo.com\/wp-content\/uploads\/hotel-dp-09-300x169-1-150x85.jpg 150w, https:\/\/nodengo.com\/wp-content\/uploads\/hotel-dp-09-300x169-1-18x10.jpg 18w\" sizes=\"(max-width: 300px) 100vw, 300px\" \/><\/figure>\n\n\n\n<figure class=\"wp-block-image size-large\"><img decoding=\"async\" width=\"300\" height=\"169\" data-id=\"54675\" src=\"https:\/\/nodengo.com\/wp-content\/uploads\/beach-300x190-1.jpg\" alt=\"\" class=\"wp-image-54675\" title=\"\" srcset=\"https:\/\/nodengo.com\/wp-content\/uploads\/beach-300x190-1.jpg 300w, https:\/\/nodengo.com\/wp-content\/uploads\/beach-300x190-1-150x85.jpg 150w, https:\/\/nodengo.com\/wp-content\/uploads\/beach-300x190-1-18x10.jpg 18w\" sizes=\"(max-width: 300px) 100vw, 300px\" \/><\/figure>\n\n\n\n<figure class=\"wp-block-image size-large\"><img decoding=\"async\" width=\"300\" height=\"169\" data-id=\"54162\" src=\"https:\/\/nodengo.com\/wp-content\/uploads\/attractions-presentation.jpg\" alt=\"attractions-presentation\" class=\"wp-image-54162\" title=\"\" srcset=\"https:\/\/nodengo.com\/wp-content\/uploads\/attractions-presentation.jpg 300w, https:\/\/nodengo.com\/wp-content\/uploads\/attractions-presentation-150x85.jpg 150w, https:\/\/nodengo.com\/wp-content\/uploads\/attractions-presentation-18x10.jpg 18w\" sizes=\"(max-width: 300px) 100vw, 300px\" \/><\/figure>\n<\/figure>\n\n\n\n<p class=\"has-text-align-right\"><i class=\"fas fa-user\"><\/i> <a href=\"\/de\/partner-help\/\">Partner<\/a> | <i class=\"fas fa-pen\"><\/i> <a href=\"\/de\/partner-help\/#editors\">Redakteure<\/a> | <i class=\"fas fa-question\"><\/i> <a href=\"\/de\/partner-help\/\">Hilfe<\/a> | <i class=\"fas fa-id-card\"><\/i> <a href=\"https:\/\/nodengo.com\/de\/parther-help\/-27\/\">Kontakt<\/a> | <i class=\"fas fa-list\"><\/i> <a href=\"\/de\/-3\/\">Konto <\/a><\/p>\n<\/div><\/div>\n\n\n\n<div class=\"wp-block-citadela-blocks-custom-container citadela-block-custom-container size-wide bg-type-none inside-space-none\"><div class=\"inner-holder\">\n<div class=\"wp-block-columns is-layout-flex wp-container-core-columns-is-layout-9d6595d7 wp-block-columns-is-layout-flex\">\n<div class=\"wp-block-column is-layout-flow wp-block-column-is-layout-flow\" style=\"flex-basis:27%\">\n<h6 class=\"wp-block-heading\">Verf\u00fcgbare Optionen<\/h6>\n\n\n\n<h3 class=\"wp-block-heading\"><strong>KATEGORIE:<\/strong><\/h3>\n\n\n\n<h3 class=\"wp-block-heading\">Sehensw\u00fcrdigkeiten\/Unternehmungen<\/h3>\n\n\n\n<p><strong>Auflisten<\/strong>&nbsp;<a href=\"https:\/\/nodengo.com\/de\/\/\" target=\"_blank\" rel=\"noreferrer noopener\">Verweisen Sie auf Ihre Einrichtung<\/a><\/p>\n\n\n\n<p><strong>Mehr Info&nbsp;<\/strong><a href=\"https:\/\/nodengo.com\/de\/-33\/hospitality-and-services-provider\/\" data-type=\"link\" data-id=\"https:\/\/nodengo.com\/en\/hospitality-network\/hospitality-and-services-provider\/\">Pr\u00e4sentation<\/a><\/p>\n\n\n\n<p><strong>Pl\u00e4ne&nbsp;<\/strong><a href=\"https:\/\/nodengo.com\/de\/plans-and-features\/\" data-type=\"page\" data-id=\"80743\">Sehen Sie sich unsere Pl\u00e4ne an<\/a><\/p>\n\n\n\n<p><strong>Registrieren:&nbsp;<\/strong><a href=\"\/de\/\/\">begleiten Sie uns <\/a><\/p>\n\n\n\n<p><strong>Auswertung :<\/strong>&nbsp;<a href=\"https:\/\/nodengo.com\/de\/-33\/-4\/\" data-type=\"link\" data-id=\"https:\/\/nodengo.com\/en\/hospitality-network\/reviews\/\">Lassen Sie Ihren Betrieb bewerten<\/a><\/p>\n\n\n\n<p><strong>Werben<\/strong>&nbsp;<a href=\"http:\/\/ads.nodengo.com\/de\">Sehen Sie sich unsere Werbem\u00f6glichkeiten an<\/a><\/p>\n\n\n\n<p><strong>Richtlinien der Ver\u00f6ffentlichung&nbsp;<\/strong><a href=\"https:\/\/nodengo.com\/de\/veroffentlichungsrichtlinien\/\" target=\"_blank\" data-type=\"page\" data-id=\"52279\" rel=\"noreferrer noopener\">Hier<\/a><\/p>\n<\/div>\n\n\n\n<div class=\"wp-block-column is-layout-flow wp-block-column-is-layout-flow\" style=\"flex-basis:75%\">\n<p class=\"has-medium-font-size\"><strong>Eigent\u00fcmer und Betreiber von Attraktionen\/Veranstaltungen<\/strong>    <\/p>\n\n\n\n<p>Unsere Website soll potenziellen Besuchern genaue, unvoreingenommene und aktuelle Informationen \u00fcber die Stadt geben, die sie besuchen m\u00f6chten.<\/p>\n\n\n\n<p>Wir sind eine Versammlung lokaler Tourismusprofis wie Sie, die in Ihrer Nachbarschaft leben und der Welt \u201eprofessionell\u201c von Ihrer Hotel erz\u00e4hlen k\u00f6nnen.<\/p>\n\n\n\n<p>Wir haben uns zum Ziel gesetzt, weltweit die Nummer eins f\u00fcr Reisezielinformationen zu sein, indem wir unvoreingenommene, professionelle und genaue Informationen und Bewertungen zu lokalen Attraktionen von lokalen Redakteuren bereitstellen.<\/p>\n\n\n\n<p><strong>Wenn Ihre Einrichtung der Eiffelturm, Versailles oder Big Ben ist, m\u00fcssen Sie nicht weiterlesen, wenn nicht, dann ist Nodengo genau das Richtige f\u00fcr Sie.<\/strong><\/p>\n\n\n\n<p>Die Urlaubszeit aller ist im Laufe der Jahre geschrumpft, w\u00e4hrend die meisten k\u00fcrzere Reisen unternehmen, aber h\u00e4ufiger, sodass ihnen nur begrenzt Zeit zur Verf\u00fcgung steht, um eine Stadt \/ Region zu besuchen. Sie k\u00f6nnten die erstaunlichsten Attraktionen haben. es hilft nichts, wenn man mit den \u201eTouristische Sehensw\u00fcrdigkeiten\u201c nicht mithalten kann<\/p>\n\n\n\n<p>Erz\u00e4hlen Sie ihnen von Ihnen, w\u00e4hrend sie ihren Urlaub vorbereiten. Unsere Website ist darauf ausgerichtet, \u00fcber die besten Orte zu informieren, bevor Kunden ihre Reise buchen und ihren Urlaub planen, daher unser Name \u201eKnow then Go\u201c.<\/p>\n\n\n\n<p>Hier sind einige der Funktionen, die wir auf den Stadtseiten anbieten<\/p>\n\n\n\n<ul class=\"wp-block-list\">\n<li>Eine Zusammenfassung der Region mit Highlights wichtiger Orte und einem Stadtblog, der von unseren lokalen Redakteuren bereitgestellt wird.<\/li>\n\n\n\n<li>Ein \u00dcberblick \u00fcber die besten Attraktionen der Stadt, bereitgestellt von unseren lokalen Redakteuren.<\/li>\n\n\n\n<li>Empfehlungen zu Sehensw\u00fcrdigkeiten und Aktivit\u00e4ten mit Weblinks<\/li>\n\n\n\n<li>Informationen zu Erholung und Outdoor-Aktivit\u00e4ten.<\/li>\n\n\n\n<li>Reisef\u00fchrer zu Aktivit\u00e4ten wie Kunst und Kultur, einschlie\u00dflich Museen, Theatern und anderen Attraktionen<\/li>\n\n\n\n<li>Karten und F\u00fchrer<\/li>\n\n\n\n<li>Informationen zu \u00f6ffentlichen Verkehrsmitteln<\/li>\n\n\n\n<li>Flughafeninformationen<\/li>\n<\/ul>\n\n\n\n<h3 class=\"wp-block-heading has-text-align-center\">Machen Sie mit und f\u00fcgen Sie Ihre Attraktion KOSTENLOS zu unserer Website hinzu<\/h3>\n\n\n\n<div class=\"wp-block-buttons is-layout-flex wp-block-buttons-is-layout-flex\">\n<div class=\"wp-block-button has-custom-width wp-block-button__width-100 is-style-outline is-style-outline--3\"><a class=\"wp-block-button__link has-white-color has-text-color has-link-color wp-element-button\" href=\"\/de\/\/\">Registrieren Sie Ihren Betrieb<\/a><\/div>\n<\/div>\n<\/div>\n<\/div>\n<\/div><\/div>\n\n\n\n<div style=\"height:23px\" aria-hidden=\"true\" class=\"wp-block-spacer\"><\/div>\n\n\n<div class=\"wp-block-image\">\n<figure class=\"aligncenter size-citadela_service\"><img decoding=\"async\" width=\"480\" height=\"360\" src=\"https:\/\/nodengo.com\/wp-content\/uploads\/037-480x360.jpg\" alt=\"\" class=\"wp-image-54686\" title=\"\" srcset=\"https:\/\/nodengo.com\/wp-content\/uploads\/037-480x360.jpg 480w, https:\/\/nodengo.com\/wp-content\/uploads\/037-640x480.jpg 640w\" sizes=\"(max-width: 480px) 100vw, 480px\" \/><figcaption class=\"wp-element-caption\"> <\/figcaption><\/figure>\n<\/div>\n\n\n<div class=\"wp-block-citadela-blocks-custom-container citadela-block-custom-container size-wide bg-type-none inside-space-none\"><div class=\"inner-holder\">\n<p class=\"has-medium-font-size\">EINE NEUE ART, BEWERTUNGEN ZU VER\u00d6FFENTLICHEN<\/p>\n\n\n\n<p>Als Betreiber einer lokalen Attraktion wissen Sie, wie schwierig es ist, G\u00e4ste dazu zu bringen, \u201egenaue\u201c Kommentare im Internet abzugeben.<\/p>\n\n\n\n<p>Wie wir alle wissen, haben Kunden eine ziemlich vereinfachte Version dessen, was es hei\u00dft, eine Attraktion zu betreiben, nicht, dass wir m\u00f6chten, dass sie es vollst\u00e4ndig verstehen, es ist nicht ihr Platz oder ihre Rolle.<\/p>\n\n\n\n<p>Aber Sie m\u00fcssen zugeben, dass es ziemlich frustrierend ist, dass, nachdem Sie alles versucht haben, um einen Gast zufrieden zu stellen, er es mit seinen \u201eKommentaren\u201c an Ihnen ausl\u00e4sst, oft zu Themen wie dem Wetter, auf die Sie keinen Einfluss haben.<\/p>\n\n\n\n<p>Schlimmer noch, sie sagen dir nicht, was ihnen nicht gef\u00e4llt, w\u00e4hrend sie dort sind (und oft ist es eine einfache L\u00f6sung), aber sie schimpfen online dar\u00fcber<\/p>\n\n\n\n<p>Verstehen Sie uns nicht falsch, wir sagen nicht, dass die meisten Kommentare keine Genauigkeit oder G\u00fcltigkeit haben, wir sagen einfach, was dem einen gef\u00e4llt, muss dem anderen nicht unbedingt gefallen.<\/p>\n\n\n\n<p>Unsere Mission ist es, dieses Unrecht zu korrigieren, indem wir Betreibern von Attraktionen und Tourismusfachleuten eine alternative M\u00f6glichkeit bieten, ihre Einrichtung der breiten \u00d6ffentlichkeit bekannt zu machen.<\/p>\n\n\n\n<p>Diese \u201ePseudo\u201c-Bewertungen werden von Personen durchgef\u00fchrt, denen das Wissen und die Einsicht fehlt, die mit der Arbeit in der Tourismusbranche einhergehen. Wir m\u00f6chten eine Alternative zu diesen \u201eamateurhaften\u201c Bewertungen anbieten, wir sind professionell, wir tun dasselbe wie Sie.<\/p>\n\n\n\n<p>Wir sind anders und glauben nicht, dass man bestraft werden sollte, wenn etwas schief geht. Wir glauben, dass das heutige Reisebewertungssystem einer ernsthaft \u00fcberf\u00e4lligen Verbesserung bedarf.<\/p>\n\n\n\n<h3 class=\"wp-block-heading\">Z\u00f6gern Sie nicht. Machen Sie Ihre Einrichtung professionell <a href=\"https:\/\/nodengo.com\/de\/network\/-4\/\" data-schema-attribute=\"\"><strong>bewerten<\/strong> <\/a>jetzt<\/h3>\n<\/div><\/div>","protected":false},"excerpt":{"rendered":"","protected":false},"author":249,"featured_media":0,"parent":54134,"menu_order":0,"comment_status":"closed","ping_status":"closed","template":"","meta":{"_uag_custom_page_level_css":"","_citadela_hide_page_title":"1","_citadela_remove_header_space":"1","_citadela_custom_class":"","_citadela_half_map_provider":"","_citadela_half_map_theme":"","_citadela_half_map_themeOSM":"","_citadela_half_map_customTheme":"","_citadela_half_map_dataType":"","_citadela_half_map_dynamicTrack":false,"_citadela_half_map_trackColor":"","_citadela_half_map_trackEndpointsColor":"","_citadela_half_map_filterCategory":"","_citadela_half_map_filterLocation":"","_citadela_half_map_filterFeatured":false,"_citadela_half_map_noDataBehavior":"empty-map","_citadela_half_map_noDataText":"","_citadela_half_map_clusterGridSize":80,"_citadela_header":true,"_citadela_header_over_content":false,"_citadela_header_text_color":"","_citadela_header_logo":{"id":208235,"url":"https:\/\/nodengo.com\/wp-content\/uploads\/Nodengo-logo-nhn.jpg","size":{"width":316,"height":75}},"_citadela_header_bg_image":[],"_citadela_header_bg_position":{"x":0.5,"y":0.5},"_citadela_header_bg_size":"cover","_citadela_header_bg_repeat":"no-repeat","_citadela_header_bg_fixed":false,"_citadela_header_bg_color":"","_citadela_header_bg_image_overlay":"","_citadela_header_transparent_bg":false,"_citadela_content_width":"","_citadela_half_layout_position":"","footnotes":""},"class_list":["post-54672","page","type-page","status-publish","hentry"],"uagb_featured_image_src":{"full":false,"thumbnail":false,"medium":false,"medium_large":false,"large":false,"1536x1536":false,"2048x2048":false,"trp-custom-language-flag":false,"citadela_item_thumbnail":false,"woocommerce_thumbnail":false,"woocommerce_single":false,"woocommerce_gallery_thumbnail":false,"citadela_service":false},"uagb_author_info":{"display_name":"Team Nodengo","author_link":"https:\/\/nodengo.com\/de\/author\/nodengo-team\/"},"uagb_comment_info":0,"uagb_excerpt":null,"_links":{"self":[{"href":"https:\/\/nodengo.com\/de\/wp-json\/wp\/v2\/pages\/54672","targetHints":{"allow":["GET"]}}],"collection":[{"href":"https:\/\/nodengo.com\/de\/wp-json\/wp\/v2\/pages"}],"about":[{"href":"https:\/\/nodengo.com\/de\/wp-json\/wp\/v2\/types\/page"}],"author":[{"embeddable":true,"href":"https:\/\/nodengo.com\/de\/wp-json\/wp\/v2\/users\/249"}],"replies":[{"embeddable":true,"href":"https:\/\/nodengo.com\/de\/wp-json\/wp\/v2\/comments?post=54672"}],"version-history":[{"count":0,"href":"https:\/\/nodengo.com\/de\/wp-json\/wp\/v2\/pages\/54672\/revisions"}],"up":[{"embeddable":true,"href":"https:\/\/nodengo.com\/de\/wp-json\/wp\/v2\/pages\/54134"}],"wp:attachment":[{"href":"https:\/\/nodengo.com\/de\/wp-json\/wp\/v2\/media?parent=54672"}],"curies":[{"name":"wp","href":"https:\/\/api.w.org\/{rel}","templated":true}]}}