{"id":54134,"date":"2022-09-17T09:13:03","date_gmt":"2022-09-17T07:13:03","guid":{"rendered":"https:\/\/nodengo.com\/?page_id=54134"},"modified":"2025-12-16T08:45:23","modified_gmt":"2025-12-16T07:45:23","slug":"-33","status":"publish","type":"page","link":"https:\/\/nodengo.com\/de\/hospitality-network\/","title":{"rendered":"Hospitality Network"},"content":{"rendered":"<div class=\"wp-block-citadela-blocks-custom-container citadela-block-custom-container size-wide bg-type-none inside-space-none\"><div class=\"inner-holder\">\n<div style=\"height:14px\" aria-hidden=\"true\" class=\"wp-block-spacer\"><\/div>\n\n\n\n<div class=\"wp-block-group alignwide is-nowrap is-layout-flex wp-container-core-group-is-layout-ad2f72ca wp-block-group-is-layout-flex\">\t\t\t<!-- Flexy Breadcrumb -->\r\n\t\t\t<div class=\"fbc fbc-page\">\r\n\r\n\t\t\t\t<!-- Breadcrumb wrapper -->\r\n\t\t\t\t<div class=\"fbc-wrap\">\r\n\r\n\t\t\t\t\t<!-- Ordered list-->\r\n\t\t\t\t\t<ol class=\"fbc-items\" itemscope itemtype=\"https:\/\/schema.org\/BreadcrumbList\">\r\n\t\t\t\t\t\t            <li itemprop=\"itemListElement\" itemscope itemtype=\"https:\/\/schema.org\/ListItem\">\r\n                <span itemprop=\"name\">\r\n                    <!-- Home Link -->\r\n                    <a itemprop=\"item\" href=\"https:\/\/nodengo.com\/de\/\">\r\n                    \r\n                                                    <i class=\"fa fa-home\" aria-hidden=\"true\"><\/i>Home                    <\/a>\r\n                <\/span>\r\n                <meta itemprop=\"position\" content=\"1\" \/><!-- Meta Position-->\r\n             <\/li><li><span class=\"fbc-separator\">\/<\/span><\/li><li class=\"active\" itemprop=\"itemListElement\" itemscope itemtype=\"https:\/\/schema.org\/ListItem\"><span itemprop=\"name\" title=\"Best Travel Blog\">Best Travel Blog<\/span><meta itemprop=\"position\" content=\"2\" \/><\/li>\t\t\t\t\t<\/ol>\r\n\t\t\t\t\t<div class=\"clearfix\"><\/div>\r\n\t\t\t\t<\/div>\r\n\t\t\t<\/div>\r\n\t\t\t\n\n\n\n<p class=\"has-text-align-right\"><i class=\"fas fa-user\"><\/i> <a href=\"\/de\/partner-help\/\">Partner<\/a> | <i class=\"fas fa-pen\"><\/i> <a href=\"\/de\/partner-help\/#editors\">Redakteure<\/a> | <i class=\"fas fa-question\"><\/i> <a href=\"\/de\/partner-help\/\">Hilfe<\/a> | <i class=\"fas fa-id-card\"><\/i> <a href=\"https:\/\/nodengo.com\/de\/parther-help\/-27\/\">Kontakt<\/a> | <i class=\"fas fa-list\"><\/i> <a href=\"\/de\/-3\/\">Konto <\/a><\/p>\n<\/div>\n<\/div><\/div>\n\n\n\n<div class=\"wp-block-citadela-blocks-custom-container citadela-block-custom-container size-fullwidth bg-type-image inside-space-none bg-size-cover has-overlay has-min-height vertical-align-top\" style=\"min-height:450px\"><div class=\"bg-image-wrapper\" style=\"background-image:url(https:\/\/nodengo.com\/wp-content\/uploads\/New-York-City-Manhattan.jpg);background-repeat:no-repeat;background-position:52% 39%\"><\/div><div class=\"bg-image-overlay\" style=\"opacity:0.5\"><\/div><div class=\"inner-holder\">\n<div style=\"height:235px\" aria-hidden=\"true\" class=\"wp-block-spacer\"><\/div>\n<\/div><\/div>\n\n\n\n<h2 class=\"wp-block-heading has-text-align-center has-text-color\" style=\"color:#264a5e\">Willkommen an alle Tourismusprofis<\/h2>\n\n\n\n<h5 class=\"wp-block-heading alignwide has-text-align-center has-text-color\" style=\"color:#225d47\">Schnelle Links zu <a href=\"#listing\">Auflistung<\/a> | <a href=\"#reviews\">AUSWERTUNG<\/a> | <a href=\"https:\/\/nodengo.com\/de\/-33\/hospitality-and-services-provider\/\" data-type=\"page\" data-id=\"54052\">DIENSTLEISTER<\/a> | <a href=\"#editors\">HERAUSGEBER <\/a>| <a href=\"#advertise\">WERBUNG<\/a><\/h5>\n\n\n\n<div class=\"wp-block-citadela-blocks-custom-container citadela-block-custom-container size-wide bg-type-none inside-space-none\"><div class=\"inner-holder\">\n<hr class=\"wp-block-separator has-alpha-channel-opacity is-style-wide\"\/>\n\n\n\n<div class=\"wp-block-columns is-layout-flex wp-container-core-columns-is-layout-9d6595d7 wp-block-columns-is-layout-flex\">\n<div class=\"wp-block-column is-layout-flow wp-block-column-is-layout-flow\" style=\"flex-basis:66.66%\">\n<h3 class=\"wp-block-heading\"><strong><a href=\"#sp\">I<\/a>EINF\u00dcHRUNG<\/strong> zu unserem Hospitality-Netzwerk<\/h3>\n\n\n\n<p>Als erfahrene Fachleute in der Tourismus- und Hotelbranche haben wir den Verbesserungsbedarf erkannt und nach neuen Methoden gesucht, um die \u00f6ffentliche Wahrnehmung von Betrieben zu steigern<\/p>\n<\/div>\n\n\n\n<div class=\"wp-block-column is-layout-flow wp-block-column-is-layout-flow\" style=\"flex-basis:33.33%\"><div class=\"wp-block-image is-resized is-style-default\">\n<figure class=\"alignleft size-full\"><img decoding=\"async\" width=\"167\" height=\"250\" src=\"https:\/\/nodengo.com\/wp-content\/uploads\/placehollder1.jpg\" alt=\"hospitality network\" class=\"wp-image-6530\" style=\"width:auto;height:250px\" title=\"\" srcset=\"https:\/\/nodengo.com\/wp-content\/uploads\/placehollder1.jpg 167w, https:\/\/nodengo.com\/wp-content\/uploads\/placehollder1-100x150.jpg 100w, https:\/\/nodengo.com\/wp-content\/uploads\/placehollder1-8x12.jpg 8w\" sizes=\"(max-width: 167px) 100vw, 167px\" \/><\/figure>\n<\/div><\/div>\n<\/div>\n\n\n\n<figure class=\"wp-block-image alignwide size-full\"><img decoding=\"async\" width=\"1920\" height=\"362\" src=\"https:\/\/nodengo.com\/wp-content\/uploads\/widget-type-2-bg.jpg\" alt=\"Hotel image header\" class=\"wp-image-26280\" title=\"\" srcset=\"https:\/\/nodengo.com\/wp-content\/uploads\/widget-type-2-bg.jpg 1920w, https:\/\/nodengo.com\/wp-content\/uploads\/widget-type-2-bg-150x28.jpg 150w, https:\/\/nodengo.com\/wp-content\/uploads\/widget-type-2-bg-900x170.jpg 900w, https:\/\/nodengo.com\/wp-content\/uploads\/widget-type-2-bg-300x57.jpg 300w, https:\/\/nodengo.com\/wp-content\/uploads\/widget-type-2-bg-1024x193.jpg 1024w, https:\/\/nodengo.com\/wp-content\/uploads\/widget-type-2-bg-768x145.jpg 768w, https:\/\/nodengo.com\/wp-content\/uploads\/widget-type-2-bg-1536x290.jpg 1536w, https:\/\/nodengo.com\/wp-content\/uploads\/widget-type-2-bg-18x3.jpg 18w\" sizes=\"(max-width: 1920px) 100vw, 1920px\" \/><\/figure>\n\n\n\n<h3 class=\"wp-block-heading has-text-align-center\"><strong>Eine unbezahlte, unvoreingenommene und unvergleichliche neue Art, Ihr Unternehmen zu bewerben.<\/strong><\/h3>\n\n\n\n<p>It&#8217;s challenging for service providers in the tourism and travel industry to distinguish themselves. They constantly search for fresh approaches to set their business apart from competitors. Standing out locally is relatively simple, but doing so online can be extremely difficult.<\/p>\n\n\n\n<p>Wenn es nur eine kosteng\u00fcnstige M\u00f6glichkeit g\u00e4be, sich von anderen abzuheben, ohne sich stark auf SEO zu verlassen, hohe Provisionen an OTAs zu zahlen oder viel Geld, Zeit und Ressourcen in Online-Werbung zu investieren und gleichzeitig einen sp\u00fcrbaren Return on Investment zu gew\u00e4hrleisten.\n\u200b<\/p>\n\n\n\n<div class=\"wp-block-buttons is-layout-flex wp-block-buttons-is-layout-flex\">\n<div class=\"wp-block-button has-custom-width wp-block-button__width-100 aligncenter is-style-fill\"><a class=\"wp-block-button__link has-black-color has-text-color has-background has-medium-font-size has-custom-font-size wp-element-button\" href=\"https:\/\/nodengo.com\/de\/-33\/hospitality-and-services-provider\/\" style=\"background-color:#d7e2eb\">JETZT GIBT ES DA !<\/a><\/div>\n<\/div>\n<\/div><\/div>\n\n\n\n<div class=\"wp-block-citadela-blocks-custom-container citadela-block-custom-container size-wide bg-type-none inside-space-none\"><div class=\"inner-holder\">\n<div style=\"height:64px\" aria-hidden=\"true\" class=\"wp-block-spacer\"><\/div>\n\n\n\n<p><i class=\"fas fa-pen\"><\/i> 1. Lassen Sie Ihr Unternehmen auflisten: Das Auflisten Ihres Unternehmens auf Nodengo.com ist absolut KOSTENLOS.&nbsp; <a href=\"https:\/\/nodengo.com\/de\/\/\" type=\"page\" id=\"2864\"><em>F\u00fcgen Sie Ihre Einrichtung hinzu <\/em><\/a><\/p>\n\n\n\n<p><i class=\"fas fa-upload\"><\/i>   2. Machen Sie Werbung f\u00fcr Ihre Einrichtung: Verbessern Sie Ihre Einrichtung<strong> <\/strong><em><a href=\"https:\/\/nodengo.com\/de\/\/\" type=\"page\" id=\"2864\">Auflistung mit unseren Tools<\/a>.<\/em><\/p>\n\n\n\n<p><i class=\"fas fa-heart\"><\/i>   3. Lassen Sie Ihr Unternehmen \u00fcberpr\u00fcfen: Lassen Sie Ihr Unternehmen <em><a href=\"https:\/\/nodengo.com\/de\/network\/-41\/\" data-type=\"page\" data-id=\"53486\">professionell \u00fcberpr\u00fcfen<\/a><\/em> und heben Sie sich auf Nodengo.com hervor<\/p>\n\n\n\n<p><i class=\"fas fa-ad\"><\/i>   4. Werben Sie auf Nodengo.com: Wir bieten wirklich <em>zielgerichtete Werbung<\/em>Unsere Anzeige erscheint auf einer bestimmten Stadtseite f\u00fcr den Besucher, der nach Stadtinformationen sucht.<\/p>\n<\/div><\/div>\n\n\n\n<div class=\"wp-block-citadela-blocks-custom-container citadela-block-custom-container size-wide bg-type-none inside-space-none\"><div class=\"inner-holder\">\n<h3 class=\"wp-block-heading has-text-color\" style=\"color:#786969\">FINDEN SIE HERAUS, WIE WIR HELFEN K\u00d6NNEN, WENN SIE \u2026.<\/h3>\n\n\n\n<div class=\"wp-block-columns is-layout-flex wp-container-core-columns-is-layout-9d6595d7 wp-block-columns-is-layout-flex\">\n<div class=\"wp-block-column is-layout-flow wp-block-column-is-layout-flow\">\n<div class=\"wp-block-cover\" style=\"min-height:251px;aspect-ratio:unset;\"><img decoding=\"async\" width=\"650\" height=\"400\" class=\"wp-block-cover__image-background wp-image-54159\" alt=\"\" src=\"https:\/\/nodengo.com\/wp-content\/uploads\/hotel-presentation.jpg\" data-object-fit=\"cover\" title=\"\" srcset=\"https:\/\/nodengo.com\/wp-content\/uploads\/hotel-presentation.jpg 650w, https:\/\/nodengo.com\/wp-content\/uploads\/hotel-presentation-150x92.jpg 150w, https:\/\/nodengo.com\/wp-content\/uploads\/hotel-presentation-300x185.jpg 300w, https:\/\/nodengo.com\/wp-content\/uploads\/hotel-presentation-18x12.jpg 18w\" sizes=\"(max-width: 650px) 100vw, 650px\" \/><span aria-hidden=\"true\" class=\"wp-block-cover__background has-background-dim-0 has-background-dim\"><\/span><div class=\"wp-block-cover__inner-container is-layout-flow wp-block-cover-is-layout-flow\">\n<p class=\"has-text-align-center has-large-font-size\"><\/p>\n<\/div><\/div>\n\n\n\n<p class=\"has-text-align-center\"><a href=\"https:\/\/nodengo.com\/de\/-33\/1-new-way-to-promote-your-hotel\/\" data-type=\"page\" data-id=\"54688\"><strong>HOTELS<\/strong><\/a><\/p>\n\n\n\n<p class=\"has-small-font-size\">Manager-Eigent\u00fcmer-Betreiber, sehen Sie, wie wir Ihnen helfen k\u00f6nnen, Ihr HOTEL zu f\u00f6rdern<\/p>\n<\/div>\n\n\n\n<div class=\"wp-block-column is-layout-flow wp-block-column-is-layout-flow\">\n<div class=\"wp-block-cover\" style=\"min-height:251px;aspect-ratio:unset;\"><img decoding=\"async\" width=\"650\" height=\"400\" class=\"wp-block-cover__image-background wp-image-54161\" alt=\"\" src=\"https:\/\/nodengo.com\/wp-content\/uploads\/Restaurant-presentation-1.jpg\" data-object-fit=\"cover\" title=\"\" srcset=\"https:\/\/nodengo.com\/wp-content\/uploads\/Restaurant-presentation-1.jpg 650w, https:\/\/nodengo.com\/wp-content\/uploads\/Restaurant-presentation-1-150x92.jpg 150w, https:\/\/nodengo.com\/wp-content\/uploads\/Restaurant-presentation-1-300x185.jpg 300w, https:\/\/nodengo.com\/wp-content\/uploads\/Restaurant-presentation-1-18x12.jpg 18w\" sizes=\"(max-width: 650px) 100vw, 650px\" \/><span aria-hidden=\"true\" class=\"wp-block-cover__background has-background-dim-0 has-background-dim\"><\/span><div class=\"wp-block-cover__inner-container is-layout-flow wp-block-cover-is-layout-flow\">\n<p class=\"has-text-align-center has-large-font-size\"><\/p>\n<\/div><\/div>\n\n\n\n<p class=\"has-text-align-center\"><strong><a href=\"https:\/\/nodengo.com\/de\/-33\/restaurants-1-promote-restaurant\/\" data-type=\"page\" data-id=\"55264\">RESTAURANTS<\/a><\/strong><\/p>\n\n\n\n<p class=\"has-small-font-size\">Manager-Eigent\u00fcmer-Betreiber, erfahren Sie, wie wir Ihnen helfen k\u00f6nnen, f\u00fcr Ihr RESTAURANT zu werben<\/p>\n<\/div>\n\n\n\n<div class=\"wp-block-column is-layout-flow wp-block-column-is-layout-flow\">\n<div class=\"wp-block-cover\" style=\"min-height:251px;aspect-ratio:unset;\"><img decoding=\"async\" width=\"300\" height=\"169\" class=\"wp-block-cover__image-background wp-image-54162\" alt=\"\" src=\"https:\/\/nodengo.com\/wp-content\/uploads\/attractions-presentation.jpg\" data-object-fit=\"cover\" title=\"\" srcset=\"https:\/\/nodengo.com\/wp-content\/uploads\/attractions-presentation.jpg 300w, https:\/\/nodengo.com\/wp-content\/uploads\/attractions-presentation-150x85.jpg 150w, https:\/\/nodengo.com\/wp-content\/uploads\/attractions-presentation-18x10.jpg 18w\" sizes=\"(max-width: 300px) 100vw, 300px\" \/><span aria-hidden=\"true\" class=\"wp-block-cover__background has-background-dim-0 has-background-dim\"><\/span><div class=\"wp-block-cover__inner-container is-layout-flow wp-block-cover-is-layout-flow\">\n<p class=\"has-text-align-center has-large-font-size\"><\/p>\n<\/div><\/div>\n\n\n\n<p class=\"has-text-align-center\"><strong><a href=\"https:\/\/nodengo.com\/de\/-33\/new-efficient-way-to-promote-attractions\/\" data-type=\"page\" data-id=\"54672\">SEHENSW\u00dcRDIGKEITEN<\/a><\/strong><\/p>\n\n\n\n<p class=\"has-small-font-size\">Museen, Kunstgalerien usw. Sehen Sie, wie wir Ihnen helfen k\u00f6nnen, f\u00fcr Ihr Unternehmen zu werben<\/p>\n<\/div>\n\n\n\n<div class=\"wp-block-column is-layout-flow wp-block-column-is-layout-flow\">\n<div class=\"wp-block-cover\" style=\"min-height:251px;aspect-ratio:unset;\"><img decoding=\"async\" width=\"300\" height=\"169\" class=\"wp-block-cover__image-background wp-image-54164\" alt=\"\" src=\"https:\/\/nodengo.com\/wp-content\/uploads\/others-presentation.jpg\" data-object-fit=\"cover\" title=\"\" srcset=\"https:\/\/nodengo.com\/wp-content\/uploads\/others-presentation.jpg 300w, https:\/\/nodengo.com\/wp-content\/uploads\/others-presentation-150x85.jpg 150w, https:\/\/nodengo.com\/wp-content\/uploads\/others-presentation-18x10.jpg 18w\" sizes=\"(max-width: 300px) 100vw, 300px\" \/><span aria-hidden=\"true\" class=\"wp-block-cover__background has-background-dim-0 has-background-dim\"><\/span><div class=\"wp-block-cover__inner-container is-layout-flow wp-block-cover-is-layout-flow\">\n<p class=\"has-text-align-center has-large-font-size\"><\/p>\n<\/div><\/div>\n\n\n\n<p class=\"has-text-align-center\"><strong><a href=\"https:\/\/nodengo.com\/de\/-33\/tourism-professionals-promote-your-services\/\" data-type=\"page\" data-id=\"54712\">ANDERE<\/a><\/strong><\/p>\n\n\n\n<p class=\"has-small-font-size\">Taxis, Reiseleiter usw. Sehen Sie, wie wir Ihnen helfen k\u00f6nnen, f\u00fcr Ihr Unternehmen zu werben<\/p>\n<\/div>\n<\/div>\n<\/div><\/div>\n\n\n\n<div class=\"wp-block-citadela-blocks-custom-container citadela-block-custom-container size-wide bg-type-none inside-space-none\"><div class=\"inner-holder\">\n<p id=\"editors\">Hospitality network Editors<\/p>\n\n\n\n<hr class=\"wp-block-separator has-alpha-channel-opacity\"\/>\n\n\n\n<h2 class=\"wp-block-heading has-text-color\" style=\"color:#431c1c\">Sind Sie daran interessiert, Redakteur zu werden? Sehen Sie, ob Sie sich qualifizieren!<\/h2>\n\n\n\n<div class=\"wp-block-columns is-layout-flex wp-container-core-columns-is-layout-9d6595d7 wp-block-columns-is-layout-flex\">\n<div class=\"wp-block-column is-layout-flow wp-block-column-is-layout-flow\" style=\"flex-basis:33.33%\">\n<figure class=\"wp-block-image size-full is-resized\"><img decoding=\"async\" width=\"167\" height=\"250\" src=\"https:\/\/nodengo.com\/wp-content\/uploads\/placeholer2-1.jpg\" alt=\"placeholer2 image\" class=\"wp-image-6975\" style=\"aspect-ratio:1;object-fit:contain\" title=\"\" srcset=\"https:\/\/nodengo.com\/wp-content\/uploads\/placeholer2-1.jpg 167w, https:\/\/nodengo.com\/wp-content\/uploads\/placeholer2-1-100x150.jpg 100w, https:\/\/nodengo.com\/wp-content\/uploads\/placeholer2-1-8x12.jpg 8w\" sizes=\"(max-width: 167px) 100vw, 167px\" \/><\/figure>\n<\/div>\n\n\n\n<div class=\"wp-block-column is-layout-flow wp-block-column-is-layout-flow\" style=\"flex-basis:66.66%\">\n<p>Ziel unserer Website Nodengo.com ist es, potenziellen Besuchern genaue, unvoreingenommene und aktuelle Informationen \u00fcber die Stadt, die sie besuchen m\u00f6chten, bereitzustellen. Wir suchen derzeit lokale Redakteure zur Verst\u00e4rkung unseres Teams.<\/p>\n\n\n\n<p>Wer ist besser als du? Sie leben in dieser Stadt, genie\u00dfen sie und zu Ihrem Job geh\u00f6rt es, G\u00e4ste regelm\u00e4\u00dfig zu beraten. Sie sind der perfekte Botschafter und k\u00f6nnen Ihre Stadt den Reisenden, die sie erkunden m\u00f6chten, professionell pr\u00e4sentieren.<\/p>\n\n\n\n<p>Warum nicht all dieses Wissen und diese Erfahrung nutzen? Wir sind auf der Suche nach unabh\u00e4ngigen Redakteuren, die Insidertipps auf unserer Website teilen und Besucher zu versteckten Sch\u00e4tzen wie wenig bekannten Restaurants f\u00fchren k\u00f6nnen, die ausgezeichnetes Essen an den besten Orten servieren. Dar\u00fcber hinaus haben unsere Redakteure die M\u00f6glichkeit, \u00fcber ihre Stadt zu bloggen und wertvolle lokale Einblicke zu bieten.<\/p>\n<\/div>\n<\/div>\n\n\n\n<p class=\"has-text-align-center\"><strong>Erfahren Sie mehr \u00fcber die &nbsp;<a href=\"https:\/\/nodengo.com\/de\/network\/requirements\/\" data-type=\"page\" data-id=\"53827\">ANFORDERUNGEN<\/a>&nbsp;|<a href=\"https:\/\/nodengo.com\/de\/network\/editors\/\" data-type=\"page\" data-id=\"54050\">&nbsp;VORTEILE<\/a>&nbsp;|&nbsp;<a href=\"https:\/\/nodengo.com\/de\/network\/locations\/\" data-type=\"page\" data-id=\"54194\">Stellpl\u00e4tze<\/a><\/strong> um <a href=\"https:\/\/nodengo.com\/hospitality-network\/editors\/\" data-type=\"page\" data-id=\"54050\">um Verleger zu werden<\/a><\/p>\n<\/div><\/div>\n\n\n\n<div class=\"wp-block-citadela-blocks-custom-container citadela-block-custom-container size-wide bg-type-none inside-space-none\"><div class=\"inner-holder\">\n<p id=\"reviews\">Hospitality network reviews<\/p>\n\n\n\n<div style=\"height:50px\" aria-hidden=\"true\" class=\"wp-block-spacer\"><\/div>\n\n\n\n<div class=\"wp-block-columns is-layout-flex wp-container-core-columns-is-layout-9d6595d7 wp-block-columns-is-layout-flex\">\n<div class=\"wp-block-column is-layout-flow wp-block-column-is-layout-flow\" style=\"flex-basis:66.66%\">\n<h2 class=\"wp-block-heading\">Wir sind der Meinung, dass das heutige Reisebewertungssystem einer ernsthaft \u00fcberf\u00e4lligen Verbesserung bedarf.<\/h2>\n\n\n\n<p>Als lokaler Fachmann in der Tourismus- und Reisebranche wissen Sie, wie schwierig es ist, online genaues Feedback von G\u00e4sten zu erhalten. Kunden haben oft ein vereinfachtes Verst\u00e4ndnis f\u00fcr die F\u00fchrung eines Tourismusunternehmens, f\u00fcr das sie nicht verantwortlich sind. <\/p>\n\n\n\n<p><\/p>\n\n\n\n<p>Wir glauben, dass es unfair ist, bestraft zu werden, wenn etwas schief geht, und sind der festen \u00dcberzeugung, dass das derzeitige Reisebewertungssystem dringend verbessert werden muss.\n\u200b<\/p>\n\n\n\n<p class=\"has-text-align-center\"><strong>Z\u00f6gern Sie nicht. Informieren Sie sich \u00fcber unser <a href=\"https:\/\/nodengo.com\/de\/-33\/-4\/\">Bewertungssystem<\/a> und wie Sie Ihr Unternehmen professionell\u00a0\u00fcberpr\u00fcfen lassen.<\/strong><\/p>\n<\/div>\n\n\n\n<div class=\"wp-block-column is-layout-flow wp-block-column-is-layout-flow\" style=\"flex-basis:33.33%\">\n<figure class=\"wp-block-image size-full is-resized\"><img decoding=\"async\" width=\"590\" height=\"891\" src=\"https:\/\/nodengo.com\/wp-content\/uploads\/review-page-logo.jpg\" alt=\"review page logo\" class=\"wp-image-8216\" style=\"aspect-ratio:3\/4;object-fit:contain\" title=\"\" srcset=\"https:\/\/nodengo.com\/wp-content\/uploads\/review-page-logo.jpg 590w, https:\/\/nodengo.com\/wp-content\/uploads\/review-page-logo-99x150.jpg 99w, https:\/\/nodengo.com\/wp-content\/uploads\/review-page-logo-199x300.jpg 199w, https:\/\/nodengo.com\/wp-content\/uploads\/review-page-logo-8x12.png 8w\" sizes=\"(max-width: 590px) 100vw, 590px\" \/><\/figure>\n<\/div>\n<\/div>\n<\/div><\/div>\n\n\n\n<div class=\"wp-block-citadela-blocks-custom-container citadela-block-custom-container size-wide bg-type-color inside-space-none has-bg\" style=\"background-color:rgba(244, 244, 244, 1)\"><div class=\"inner-holder\">\n<hr class=\"wp-block-separator has-alpha-channel-opacity\"\/>\n\n\n\n<p id=\"advertise\">Hospitality network Advertising<\/p>\n\n\n\n<div class=\"wp-block-uagb-image aligncenter uagb-block-6d433bae wp-block-uagb-image--layout-default wp-block-uagb-image--effect-static wp-block-uagb-image--align-center\"><figure class=\"wp-block-uagb-image__figure\"><img decoding=\"async\" srcset=\"https:\/\/nodengo.com\/wp-content\/uploads\/728x90-flights.jpg ,https:\/\/nodengo.com\/wp-content\/uploads\/728x90-flights.jpg 780w, https:\/\/nodengo.com\/wp-content\/uploads\/728x90-flights.jpg 360w\" sizes=\"auto, (max-width: 480px) 150px\" src=\"https:\/\/nodengo.com\/wp-content\/uploads\/728x90-flights.jpg\" alt=\"\" class=\"uag-image-208270\" width=\"1024\" height=\"160\" title=\"728x90-flights\" loading=\"lazy\" role=\"img\"><\/figure><\/div>\n\n\n\n<div style=\"height:50px\" aria-hidden=\"true\" class=\"wp-block-spacer\"><\/div>\n\n\n\n<h2 class=\"wp-block-heading\">Werbung richtig gemacht<\/h2>\n\n\n\n<p>Don&#8217;t miss the opportunity to reach a global audience at a local level. Our visitors rely on us when planning their vacations, so make sure your business is part of their journey. Inform them about your offerings even before they reach their destination. You can also tap into the local market. Explore our Advertising System to see the options available or learn more about our Network.<\/p>\n\n\n\n<p>Unsere wirklich zielgerichtete Werbung erm\u00f6glicht es Ihnen, direkt mit potenziellen Kunden in Kontakt zu treten, die aktiv nach Informationen zu Reisezielen suchen.<\/p>\n\n\n\n<p>Unlike other platforms, we don&#8217;t display irrelevant ads or promote unrelated products. We prioritize presenting your establishment or business directly to interested clients. Many websites rely on automated advertising that lacks specific targeting. If you&#8217;re planning a trip to Patagonia next summer, seeing an ad for a new sewing machine may not be what you&#8217;re looking for.<\/p>\n\n\n\n<p>Profitieren Sie von<a href=\"http:\/\/ads.nodengo.com\/de\" target=\"_blank\" rel=\"noreferrer noopener\"> zielgerichtete Werbung<\/a><\/p>\n\n\n\n<hr class=\"wp-block-separator has-alpha-channel-opacity is-style-wide\"\/>\n\n\n\n<p class=\"has-text-align-center\">\u201cAll local \u2013 All the time \u201c\u2122 is our motto.<\/p>\n<\/div><\/div>","protected":false},"excerpt":{"rendered":"<p>Welcome to our Hospitality Network Quick links to LISTING | REVIEWS | SERVICE PROVIDERS | EDITORS | ADVERTISING<\/p>","protected":false},"author":249,"featured_media":0,"parent":0,"menu_order":0,"comment_status":"closed","ping_status":"closed","template":"","meta":{"_uag_custom_page_level_css":"","_citadela_hide_page_title":"1","_citadela_remove_header_space":"1","_citadela_custom_class":"","_citadela_half_map_provider":"","_citadela_half_map_theme":"","_citadela_half_map_themeOSM":"","_citadela_half_map_customTheme":"","_citadela_half_map_dataType":"","_citadela_half_map_dynamicTrack":false,"_citadela_half_map_trackColor":"","_citadela_half_map_trackEndpointsColor":"","_citadela_half_map_filterCategory":"","_citadela_half_map_filterLocation":"","_citadela_half_map_filterFeatured":false,"_citadela_half_map_noDataBehavior":"empty-map","_citadela_half_map_noDataText":"","_citadela_half_map_clusterGridSize":80,"_citadela_header":true,"_citadela_header_over_content":false,"_citadela_header_text_color":"","_citadela_header_logo":{"id":208235,"url":"https:\/\/nodengo.com\/wp-content\/uploads\/Nodengo-logo-nhn.jpg","size":{"width":316,"height":75}},"_citadela_header_bg_image":[],"_citadela_header_bg_position":{"x":0.5,"y":0.5},"_citadela_header_bg_size":"cover","_citadela_header_bg_repeat":"no-repeat","_citadela_header_bg_fixed":false,"_citadela_header_bg_color":"","_citadela_header_bg_image_overlay":"","_citadela_header_transparent_bg":false,"_citadela_content_width":"","_citadela_half_layout_position":"","footnotes":""},"class_list":["post-54134","page","type-page","status-publish","hentry"],"uagb_featured_image_src":{"full":false,"thumbnail":false,"medium":false,"medium_large":false,"large":false,"1536x1536":false,"2048x2048":false,"trp-custom-language-flag":false,"citadela_item_thumbnail":false,"woocommerce_thumbnail":false,"woocommerce_single":false,"woocommerce_gallery_thumbnail":false,"citadela_service":false},"uagb_author_info":{"display_name":"Team Nodengo","author_link":"https:\/\/nodengo.com\/de\/author\/nodengo-team\/"},"uagb_comment_info":0,"uagb_excerpt":"Welcome to our Hospitality Network Quick links to LISTING | REVIEWS | SERVICE PROVIDERS | EDITORS | ADVERTISING","_links":{"self":[{"href":"https:\/\/nodengo.com\/de\/wp-json\/wp\/v2\/pages\/54134","targetHints":{"allow":["GET"]}}],"collection":[{"href":"https:\/\/nodengo.com\/de\/wp-json\/wp\/v2\/pages"}],"about":[{"href":"https:\/\/nodengo.com\/de\/wp-json\/wp\/v2\/types\/page"}],"author":[{"embeddable":true,"href":"https:\/\/nodengo.com\/de\/wp-json\/wp\/v2\/users\/249"}],"replies":[{"embeddable":true,"href":"https:\/\/nodengo.com\/de\/wp-json\/wp\/v2\/comments?post=54134"}],"version-history":[{"count":0,"href":"https:\/\/nodengo.com\/de\/wp-json\/wp\/v2\/pages\/54134\/revisions"}],"wp:attachment":[{"href":"https:\/\/nodengo.com\/de\/wp-json\/wp\/v2\/media?parent=54134"}],"curies":[{"name":"wp","href":"https:\/\/api.w.org\/{rel}","templated":true}]}}