{"id":54052,"date":"2022-09-17T07:49:50","date_gmt":"2022-09-17T05:49:50","guid":{"rendered":"https:\/\/nodengo.com\/?page_id=54052"},"modified":"2025-12-16T08:50:36","modified_gmt":"2025-12-16T07:50:36","slug":"hospitality-and-services-provider","status":"publish","type":"page","link":"https:\/\/nodengo.com\/de\/hospitality-network\/hospitality-and-services-provider\/","title":{"rendered":"Die beste L\u00f6sung f\u00fcr Gastronomie und Dienstleister"},"content":{"rendered":"<div style=\"height:14px\" aria-hidden=\"true\" class=\"wp-block-spacer\"><\/div>\n\n\n\t\t\t<!-- Flexy Breadcrumb -->\r\n\t\t\t<div class=\"fbc fbc-page\">\r\n\r\n\t\t\t\t<!-- Breadcrumb wrapper -->\r\n\t\t\t\t<div class=\"fbc-wrap\">\r\n\r\n\t\t\t\t\t<!-- Ordered list-->\r\n\t\t\t\t\t<ol class=\"fbc-items\" itemscope itemtype=\"https:\/\/schema.org\/BreadcrumbList\">\r\n\t\t\t\t\t\t            <li itemprop=\"itemListElement\" itemscope itemtype=\"https:\/\/schema.org\/ListItem\">\r\n                <span itemprop=\"name\">\r\n                    <!-- Home Link -->\r\n                    <a itemprop=\"item\" href=\"https:\/\/nodengo.com\/de\/\">\r\n                    \r\n                                                    <i class=\"fa fa-home\" aria-hidden=\"true\"><\/i>Home                    <\/a>\r\n                <\/span>\r\n                <meta itemprop=\"position\" content=\"1\" \/><!-- Meta Position-->\r\n             <\/li><li><span class=\"fbc-separator\">\/<\/span><\/li><li class=\"active\" itemprop=\"itemListElement\" itemscope itemtype=\"https:\/\/schema.org\/ListItem\"><span itemprop=\"name\" title=\"Best Travel Blog\">Best Travel Blog<\/span><meta itemprop=\"position\" content=\"2\" \/><\/li>\t\t\t\t\t<\/ol>\r\n\t\t\t\t\t<div class=\"clearfix\"><\/div>\r\n\t\t\t\t<\/div>\r\n\t\t\t<\/div>\r\n\t\t\t\n\n\n\n<p class=\"has-text-align-right\"><i class=\"fas fa-user\"><\/i> <a href=\"\/de\/partner-help\/\">Partner<\/a> | <i class=\"fas fa-pen\"><\/i> <a href=\"\/de\/partner-help\/#editors\">Redakteure<\/a> | <i class=\"fas fa-question\"><\/i> <a href=\"\/de\/partner-help\/\">Hilfe<\/a> | <i class=\"fas fa-id-card\"><\/i> <a href=\"https:\/\/nodengo.com\/de\/parther-help\/-27\/\">Kontakt<\/a> | <i class=\"fas fa-list\"><\/i> <a href=\"\/de\/-3\/\">Konto <\/a><\/p>\n\n\n\n<div class=\"wp-block-citadela-blocks-custom-container citadela-block-custom-container size-wide bg-type-image inside-space-none bg-size-cover has-overlay\"><div class=\"bg-image-wrapper\" style=\"background-image:url(https:\/\/nodengo.com\/wp-content\/uploads\/service-provide-header.jpg);background-repeat:no-repeat;background-position:50% 50%\"><\/div><div class=\"bg-image-overlay\" style=\"opacity:0.5\"><\/div><div class=\"inner-holder\">\n<div style=\"height:243px\" aria-hidden=\"true\" class=\"wp-block-spacer\"><\/div>\n\n\n\n<h2 class=\"wp-block-heading has-text-align-center has-white-color has-text-color\"><strong>HOSPITALITY-DIENSTLEISTER \u2013 HERZLICH WILLKOMMEN<\/strong><\/h2>\n\n\n\n<div style=\"height:115px\" aria-hidden=\"true\" class=\"wp-block-spacer\"><\/div>\n<\/div><\/div>\n\n\n\n<div style=\"height:35px\" aria-hidden=\"true\" class=\"wp-block-spacer\"><\/div>\n\n\n\n<div class=\"wp-block-citadela-blocks-custom-container citadela-block-custom-container size-wide bg-type-none inside-space-none\"><div class=\"inner-holder\">\n<h3 class=\"wp-block-heading has-text-align-center\"><strong>Sind Sie daran interessiert, Ihre Dienstleistungen bei den richtigen Kunden zu bewerben?<\/strong><\/h3>\n\n\n\n<div class=\"wp-block-columns is-layout-flex wp-container-core-columns-is-layout-9d6595d7 wp-block-columns-is-layout-flex\">\n<div class=\"wp-block-column is-layout-flow wp-block-column-is-layout-flow\" style=\"flex-basis:25%\"><div class=\"wp-block-image\">\n<figure class=\"alignright size-full\"><img decoding=\"async\" width=\"217\" height=\"287\" src=\"https:\/\/nodengo.com\/wp-content\/uploads\/custres.gif\" alt=\"Best solution for hospitality and services providers\" class=\"wp-image-144715\" style=\"aspect-ratio:3\/4;object-fit:cover\" title=\"\"><\/figure>\n<\/div><\/div>\n\n\n\n<div class=\"wp-block-column is-layout-flow wp-block-column-is-layout-flow\" style=\"flex-basis:66.66%\">\n<p>Als Dienstleister in der Tourismus- und Reisebranche. Sie wissen, wie schwierig es ist, sich von der Masse abzuheben, Sie suchen nach neuen Wegen, um sich von anderen abzuheben. Obwohl es ziemlich einfach ist, dies lokal zu tun, wissen Sie, dass dies online ein Albtraum sein kann.<\/p>\n\n\n\n<p>Wenn es nur eine M\u00f6glichkeit g\u00e4be, sich abzuheben, ohne ein Verm\u00f6gen f\u00fcr SEO auszugeben, den OTAs so viel Provision zu geben oder viel Geld, Zeit und Ressourcen f\u00fcr die Online-Werbung bereitzustellen, und vor allem, um zu sehen, ob es eine echte gibt Rendite f\u00fcr Ihre Investition.<\/p>\n\n\n\n<p>Es sollte neue Wege geben, ein Unternehmen in der \u00d6ffentlichkeit bekannt zu machen. Jetzt gibt es da!<strong> Jetzt gibt es einen!<\/strong><\/p>\n<\/div>\n<\/div>\n\n\n\n<p>Nodengo.com ist eine alternative L\u00f6sung, die darauf abzielt, potenziellen Besuchern genaue, unvoreingenommene und aktuelle Informationen \u00fcber die Stadt zu geben, die sie besuchen werden. Vor diesem Hintergrund bieten wir Ihnen an, Ihr Unternehmen auf unseren lokalen Seiten aufzuf\u00fchren, auf unserer Website zu bewerben und vor allem genau zu \u00fcberpr\u00fcfen.<\/p>\n\n\n\n<p>Wir sind eine Versammlung lokaler Hotelfachleute, die in Ihrer Nachbarschaft leben und der Welt \u201eprofessionell\u201c von Ihrem Betrieb erz\u00e4hlen k\u00f6nnen. Wir haben uns zum Ziel gesetzt, weltweit die Nummer eins f\u00fcr Zielinformationen zu sein, indem wir unvoreingenommene, professionelle und genaue Bewertungen lokaler Einrichtungen durch lokale Redakteure bereitstellen.<\/p>\n\n\n\n<p>Unsere Mission ist es, dieses Unrecht zu korrigieren, indem wir Betreibern von Attraktionen und Tourismusfachleuten eine alternative M\u00f6glichkeit bieten, ihre Einrichtung der breiten \u00d6ffentlichkeit bekannt zu machen.<\/p>\n\n\n\n<p><strong>Unsere Website soll potenziellen Besuchern genaue, unvoreingenommene und aktuelle Informationen \u00fcber die Stadt geben, die sie besuchen m\u00f6chten.<\/strong><\/p>\n<\/div><\/div>\n\n\n\n<div class=\"wp-block-citadela-blocks-custom-container citadela-block-custom-container size-wide bg-type-none inside-space-none\"><div class=\"inner-holder\">\n<div class=\"wp-block-columns is-layout-flex wp-container-core-columns-is-layout-9d6595d7 wp-block-columns-is-layout-flex\">\n<div class=\"wp-block-column is-layout-flow wp-block-column-is-layout-flow\" style=\"flex-basis:33.33%\"><div class=\"wp-block-image is-style-rounded\">\n<figure class=\"aligncenter size-full\"><img decoding=\"async\" width=\"741\" height=\"465\" src=\"https:\/\/nodengo.com\/wp-content\/uploads\/slider-img1.png\" alt=\"\" class=\"wp-image-144714\" title=\"\" srcset=\"https:\/\/nodengo.com\/wp-content\/uploads\/slider-img1.png 741w, https:\/\/nodengo.com\/wp-content\/uploads\/slider-img1-150x94.png 150w, https:\/\/nodengo.com\/wp-content\/uploads\/slider-img1-300x188.png 300w, https:\/\/nodengo.com\/wp-content\/uploads\/slider-img1-18x12.png 18w\" sizes=\"(max-width: 741px) 100vw, 741px\" \/><\/figure>\n<\/div><\/div>\n\n\n\n<div class=\"wp-block-column is-layout-flow wp-block-column-is-layout-flow\" style=\"flex-basis:66.66%\">\n<h4 class=\"wp-block-heading\"><strong>Haben Sie Interesse an einer professionellen \u00dcberpr\u00fcfung?<\/strong><\/h4>\n\n\n\n<p>Sie sind in der Hotellerie- und Dienstleistungsbranche t\u00e4tig, und wie Sie wissen, gibt es Tausende von Bewertungen im Internet, und die Zahl w\u00e4chst stetig. Und obwohl diese Bewertungen irgendwie eine Vorstellung von einer Einrichtung vermitteln, geben sie unserer Meinung nach nicht vollst\u00e4ndig wieder, was diese Einrichtungen bieten.<\/p>\n\n\n\n<p>OTAs und Reise-Websites bieten ihren Kunden an, die von ihnen besuchte Einrichtung zu bewerten, einige bieten sogar an, ihre Kunden zu \u201eRezensenten\u201c zu machen, indem sie w\u00e4hrend Ihres Besuchs oder ihres Aufenthalts in einem Hotel eine finanzielle Entsch\u00e4digung anbieten.<\/p>\n<\/div>\n<\/div>\n<\/div><\/div>\n\n\n\n<h2 class=\"wp-block-heading\">5 GR\u00dcNDE, WARUM WIR BESSER SIND<\/h2>\n\n\n\n<p class=\"has-text-color\" style=\"color:#4d5358\"><strong>Wir wissen, was zu tun ist, wie es zu tun ist und was nicht zu tun ist.<\/strong><\/p>\n\n\n\n<div class=\"wp-block-citadela-blocks-custom-container citadela-block-custom-container size-wide bg-type-none inside-space-none\"><div class=\"inner-holder\">\n<div class=\"wp-block-columns is-layout-flex wp-container-core-columns-is-layout-9d6595d7 wp-block-columns-is-layout-flex\">\n<div class=\"wp-block-column is-layout-flow wp-block-column-is-layout-flow\" style=\"flex-basis:45%\">\n<p class=\"has-text-align-right\"><strong>Grund 1: WIRKLICH LOKALE INFORMATIONEN<\/strong><\/p>\n<\/div>\n\n\n\n<div class=\"wp-block-column is-layout-flow wp-block-column-is-layout-flow\" style=\"flex-basis:55%\">\n<p style=\"font-size:15px\">Die Informationen sind wirklich lokal, da unsere Redakteure Einheimische sind, werden sie nicht von ausl\u00e4ndischen Betreibern gesammelt, die die Stadt, \u00fcber die sie die Besucher informieren, noch nie besucht haben.<br>Unsere Autoren leben in der Stadt, \u00fcber die sie schreiben \u2013 sie kennen sie, sie leben dort.<\/p>\n<\/div>\n<\/div>\n\n\n\n<div class=\"wp-block-columns is-layout-flex wp-container-core-columns-is-layout-9d6595d7 wp-block-columns-is-layout-flex\">\n<div class=\"wp-block-column is-layout-flow wp-block-column-is-layout-flow\" style=\"flex-basis:45%\">\n<p class=\"has-text-align-right\"><strong>Grund 2: GENAU<\/strong><\/p>\n<\/div>\n\n\n\n<div class=\"wp-block-column is-layout-flow wp-block-column-is-layout-flow\" style=\"flex-basis:55%\">\n<p style=\"font-size:15px\">Unsere Informationen sind korrekt, es gibt keine Zeitverz\u00f6gerung zwischen der Informationssammlung und der Ver\u00f6ffentlichung auf unserer Website. Auch hier sind unsere\u00a0Redakteure\u00a0lokal und ihre Empfehlung ebenfalls; Sie wissen, was vor Ort und in ihrer Nachbarschaft vor sich geht, und ver\u00f6ffentlichen es auf unserer Website.<\/p>\n<\/div>\n<\/div>\n\n\n\n<div class=\"wp-block-columns is-layout-flex wp-container-core-columns-is-layout-9d6595d7 wp-block-columns-is-layout-flex\">\n<div class=\"wp-block-column is-layout-flow wp-block-column-is-layout-flow\" style=\"flex-basis:45%\">\n<p class=\"has-text-align-right\"><strong>Motivo 3: VALUTAZIONI PROFESSIONALI<\/strong><\/p>\n<\/div>\n\n\n\n<div class=\"wp-block-column is-layout-flow wp-block-column-is-layout-flow\" style=\"flex-basis:55%\">\n<p style=\"font-size:15px\">Unsere Bewertungen werden von echten, erfahrenen Menschen geschrieben, au\u00dferdem werden diese Bewertungen nicht von \"Amateurtouristen\" geschrieben, unsere Autoren sind Hotelprofis, sie kennen Ihr Gesch\u00e4ft und k\u00f6nnen Ihr Unternehmen genau beschreiben und bewerten.<\/p>\n<\/div>\n<\/div>\n\n\n\n<div class=\"wp-block-columns is-layout-flex wp-container-core-columns-is-layout-9d6595d7 wp-block-columns-is-layout-flex\">\n<div class=\"wp-block-column is-layout-flow wp-block-column-is-layout-flow\" style=\"flex-basis:45%\">\n<p class=\"has-text-align-right\"><strong>Grund 4: WIR SIND BESSER<\/strong><\/p>\n<\/div>\n\n\n\n<div class=\"wp-block-column is-layout-flow wp-block-column-is-layout-flow\" style=\"flex-basis:55%\">\n<p style=\"font-size:15px\">Wir sind NICHT nur eine Suchmaschine, eine \"Bewertungsseite\" oder einfach nur daran interessiert, unbest\u00e4tigte und oft unprofessionelle Bewertungen zu ver\u00f6ffentlichen, wir glauben, dass es einen besseren Weg gibt, wir listen ehrliche und genaue Bewertungen auf - wir glauben, dass Sie etwas Besseres verdienen und danach streben sollten, \u00fcberlegen zu sein insofern<\/p>\n<\/div>\n<\/div>\n\n\n\n<div class=\"wp-block-columns is-layout-flex wp-container-core-columns-is-layout-9d6595d7 wp-block-columns-is-layout-flex\">\n<div class=\"wp-block-column is-layout-flow wp-block-column-is-layout-flow\" style=\"flex-basis:45%\">\n<p class=\"has-text-align-right\"><strong>Grund 5: ES IST KOSTENLOS<\/strong><\/p>\n<\/div>\n\n\n\n<div class=\"wp-block-column is-layout-flow wp-block-column-is-layout-flow\" style=\"flex-basis:55%\">\n<p style=\"font-size:15px\">Unser Service ist kostenlos, die grundlegende Referenzierung Ihres Unternehmens im Internet und auf allen Endger\u00e4ten kostenlos. Die einzigen mit einer Auswertung verbundenen Kosten bestehen darin, dass Sie Ihre Dienste einem unserer Publisher kostenlos zur Verf\u00fcgung stellen und wir sie auf unserer Website ver\u00f6ffentlichen. In Anbetracht der Auswirkungen und Kosten, die mit anderen Bewertungen verbunden sind, handelt es sich um minimale Kosten. Es ist sehr leicht<\/p>\n<\/div>\n<\/div>\n<\/div><\/div>\n\n\n\n<div class=\"wp-block-citadela-blocks-custom-container citadela-block-custom-container size-wide bg-type-none inside-space-none\"><div class=\"inner-holder\">\n<div class=\"wp-block-columns is-layout-flex wp-container-core-columns-is-layout-9d6595d7 wp-block-columns-is-layout-flex\">\n<div class=\"wp-block-column is-layout-flow wp-block-column-is-layout-flow\">\n<div class=\"wp-block-citadela-blocks-service citadela-block-service main-holder layout-box header-type-icon has-readmore standard\"><div class=\"service-header\"><div class=\"service-icon\"><a href=\"https:\/\/nodengo.com\/de\/-33\/\"><i class=\"fas fa-info-circle\" style=\"color:#b9b9b9\"><\/i><\/a><\/div><\/div><div class=\"service-content\"><div class=\"service-content-wrap\"><a href=\"https:\/\/nodengo.com\/de\/-33\/\"><h3 class=\"service-title\"><a href=\"https:\/\/nodengo.com\/de\/-33\/\"><\/a><a href=\"https:\/\/nodengo.com\/de\/-33\/\"><\/a><a href=\"https:\/\/nodengo.com\/de\/-33\/\"><\/a><a href=\"https:\/\/nodengo.com\/de\/-33\/\"><\/a><a href=\"https:\/\/nodengo.com\/de\/faq\/\"><\/a><a href=\"https:\/\/nodengo.com\/de\/faq\/\"><strong><\/strong><\/a><strong><a href=\"https:\/\/nodengo.com\/de\/-33\/\"> WIR K\u00d6NNEN DIR HELFEN\u00a0<\/a><\/strong><\/h3><\/a><p class=\"service-description\">Nodengo.com kann Gastgewerbe- und Dienstleistungsanbietern helfen, ihre Einrichtung zu f\u00f6rdern.<\/p><a href=\"https:\/\/nodengo.com\/de\/-33\/\" class=\"service-readmore\"><span class=\"service-readmore-text\">Mehr wissen<\/span><\/a><\/div><\/div><\/div>\n<\/div>\n\n\n\n<div class=\"wp-block-column is-layout-flow wp-block-column-is-layout-flow\">\n<div class=\"wp-block-citadela-blocks-service citadela-block-service main-holder layout-box header-type-icon has-readmore standard\"><div class=\"service-header\"><div class=\"service-icon\"><a href=\"https:\/\/nodengo.com\/de\/\/\"><i class=\"fas fa-pen\" style=\"color:#b9b9b9\"><\/i><\/a><\/div><\/div><div class=\"service-content\"><div class=\"service-content-wrap\"><a href=\"https:\/\/nodengo.com\/de\/\/\"><h3 class=\"service-title\"><strong><a href=\"https:\/\/nodengo.com\/de\/-33\/\"> IHRE GEB\u00dcHRTE EINRICHTUNG<\/a><\/strong><\/h3><\/a><p class=\"service-description\">damit Sie potenzielle Reisende weltweit erreichen k\u00f6nnen.<\/p><a href=\"https:\/\/nodengo.com\/de\/\/\" class=\"service-readmore\"><span class=\"service-readmore-text\">Kostenlos registrieren<\/span><\/a><\/div><\/div><\/div>\n<\/div>\n\n\n\n<div class=\"wp-block-column is-layout-flow wp-block-column-is-layout-flow\">\n<div class=\"wp-block-citadela-blocks-service citadela-block-service main-holder layout-box header-type-icon has-readmore standard\"><div class=\"service-header\"><div class=\"service-icon\"><a href=\"https:\/\/nodengo.com\/de\/-33\/-4\/\"><i class=\"fas fa-star\" style=\"color:#b9b9b9\"><\/i><\/a><\/div><\/div><div class=\"service-content\"><div class=\"service-content-wrap\"><a href=\"https:\/\/nodengo.com\/de\/-33\/-4\/\"><h3 class=\"service-title\"><a href=\"https:\/\/nodengo.com\/de\/-33\/-4\/\"><\/a><a href=\"https:\/\/nodengo.com\/de\/-33\/-4\/\"><\/a><a href=\"https:\/\/nodengo.com\/de\/-33\/-4\/\"><\/a><a href=\"https:\/\/nodengo.com\/de\/network\/-4\/\"><\/a><a href=\"https:\/\/nodengo.com\/de\/network\/-4\/\"><\/a><a href=\"https:\/\/nodengo.com\/de\/network\/-4\/\"><\/a><a href=\"https:\/\/nodengo.com\/de\/network\/-4\/\"><\/a><a href=\"https:\/\/nodengo.com\/de\/network\/-4\/\"><\/a><a href=\"https:\/\/nodengo.com\/de\/network\/-4\/\"><\/a><a href=\"https:\/\/nodengo.com\/de\/network\/-4\/\"><\/a><a href=\"https:\/\/nodengo.com\/de\/-33\/-4\/\"><strong>BEWERTUNG ANFORDERN<\/strong><\/a><\/h3><\/a><p class=\"service-description\">Lassen Sie Ihr Unternehmen bewerten und erhalten Sie maximale Pr\u00e4senz.<\/p><a href=\"https:\/\/nodengo.com\/de\/-33\/-4\/\" class=\"service-readmore\"><span class=\"service-readmore-text\">ERFAHREN SIE MEHR<\/span><\/a><\/div><\/div><\/div>\n<\/div>\n\n\n\n<div class=\"wp-block-column is-layout-flow wp-block-column-is-layout-flow\">\n<div class=\"wp-block-citadela-blocks-service citadela-block-service main-holder layout-box header-type-icon has-readmore standard\"><div class=\"service-header\"><div class=\"service-icon\"><a href=\"https:\/\/ads.nodengo.com\/de\/\"><i class=\"fas fa-bullhorn\" style=\"color:#b9b9b9\"><\/i><\/a><\/div><\/div><div class=\"service-content\"><div class=\"service-content-wrap\"><a href=\"https:\/\/ads.nodengo.com\/de\/\"><h3 class=\"service-title\"><a href=\"https:\/\/ads.nodengo.com\/de\/\"><\/a><a href=\"https:\/\/ads.nodengo.com\/de\/\"><\/a><a href=\"https:\/\/ads.nodengo.com\/de\/\"><\/a><a href=\"https:\/\/ads.nodengo.com\/de\/\"><\/a><a href=\"https:\/\/ads.nodengo.com\/de\/\"><\/a><a href=\"https:\/\/ads.nodengo.com\/de\/\"><\/a><a href=\"https:\/\/ads.nodengo.com\/de\/\"><\/a><a href=\"https:\/\/ads.nodengo.com\/de\/\"><\/a><a href=\"https:\/\/ads.nodengo.com\/de\/\"><\/a><a href=\"https:\/\/ads.nodengo.com\/de\/\"><\/a><a href=\"https:\/\/ads.nodengo.com\/de\/\"><strong>WERBUNG<\/strong><\/a><\/h3><\/a><p class=\"service-description\"> Werben Sie auf Nodengo.com und nutzen Sie unsere wirklich zielgerichteten Werbem\u00f6glichkeiten.<\/p><a href=\"https:\/\/ads.nodengo.com\/de\/\" class=\"service-readmore\"><span class=\"service-readmore-text\">WERBUNG<\/span><\/a><\/div><\/div><\/div>\n<\/div>\n<\/div>\n\n\n\n<p>Neben der Bereitstellung genauer lokaler Informationen bietet Nodengo.com auch eine Vielzahl anderer Optionen.<\/p>\n\n\n\n<ul class=\"wp-block-list\">\n<li>Eine&nbsp;<strong><a href=\"https:\/\/nodengo.com\/de\/fluge\/\" target=\"_blank\" data-type=\"page\" data-id=\"26317\" rel=\"noreferrer noopener\">Flugsuchmaschine<\/a>&nbsp;<\/strong>um das beste Angebot zu finden und Fl\u00fcge inmitten von 728 Airlines und 5 Booking System zu reservieren.<\/li>\n\n\n\n<li>Eine Meta-Suchmaschine, um die zu finden&nbsp;<a href=\"https:\/\/nodengo.com\/de\/hotels\/\" target=\"_blank\" data-type=\"page\" data-id=\"26236\" rel=\"noreferrer noopener\"><strong>bestes Hotel<\/strong><\/a>&nbsp;zu den besten Preisen und bis zu 60% Rabatt.<\/li>\n\n\n\n<li><strong>Aktivit\u00e4ten online vor der Ankunft<\/strong>, \u00fcberspringen Sie die Warteschlangen und w\u00e4hlen Sie die besten Shows aus, bevor Sie gehen.<\/li>\n\n\n\n<li><strong>Eine Autovermietung<\/strong><a href=\"https:\/\/nodengo.com\/de\/-14\/\" target=\"_blank\" data-type=\"page\" data-id=\"26089\" rel=\"noreferrer noopener\"><strong>&nbsp;Suchmaschine<\/strong><\/a>&nbsp;um das beste Auto zum besten Preis \u00fcberall auf der Welt zu finden .<\/li>\n<\/ul>\n\n\n\n<p><\/p>\n<\/div><\/div>","protected":false},"excerpt":{"rendered":"<p>Partners | Editors | Help | Contact | Account 5 REASONS WE ARE BETTER We know what must be done, what has to be done, and what should not be [&hellip;]<\/p>\n","protected":false},"author":249,"featured_media":0,"parent":54134,"menu_order":0,"comment_status":"closed","ping_status":"closed","template":"","meta":{"_uag_custom_page_level_css":"","_citadela_hide_page_title":"1","_citadela_remove_header_space":"1","_citadela_custom_class":"","_citadela_half_map_provider":"","_citadela_half_map_theme":"","_citadela_half_map_themeOSM":"","_citadela_half_map_customTheme":"","_citadela_half_map_dataType":"","_citadela_half_map_dynamicTrack":false,"_citadela_half_map_trackColor":"","_citadela_half_map_trackEndpointsColor":"","_citadela_half_map_filterCategory":"","_citadela_half_map_filterLocation":"","_citadela_half_map_filterFeatured":false,"_citadela_half_map_noDataBehavior":"empty-map","_citadela_half_map_noDataText":"","_citadela_half_map_clusterGridSize":80,"_citadela_header":true,"_citadela_header_over_content":false,"_citadela_header_text_color":"","_citadela_header_logo":{"id":208235,"url":"https:\/\/nodengo.com\/wp-content\/uploads\/Nodengo-logo-nhn.jpg","size":{"width":316,"height":75}},"_citadela_header_bg_image":[],"_citadela_header_bg_position":{"x":0.5,"y":0.5},"_citadela_header_bg_size":"cover","_citadela_header_bg_repeat":"no-repeat","_citadela_header_bg_fixed":false,"_citadela_header_bg_color":"","_citadela_header_bg_image_overlay":"","_citadela_header_transparent_bg":false,"_citadela_content_width":"","_citadela_half_layout_position":"","footnotes":""},"class_list":["post-54052","page","type-page","status-publish","hentry"],"uagb_featured_image_src":{"full":false,"thumbnail":false,"medium":false,"medium_large":false,"large":false,"1536x1536":false,"2048x2048":false,"trp-custom-language-flag":false,"citadela_item_thumbnail":false,"woocommerce_thumbnail":false,"woocommerce_single":false,"woocommerce_gallery_thumbnail":false,"citadela_service":false},"uagb_author_info":{"display_name":"Team Nodengo","author_link":"https:\/\/nodengo.com\/de\/author\/nodengo-team\/"},"uagb_comment_info":0,"uagb_excerpt":"Partners | Editors | Help | Contact | Account 5 REASONS WE ARE BETTER We know what must be done, what has to be done, and what should not be [&hellip;]","_links":{"self":[{"href":"https:\/\/nodengo.com\/de\/wp-json\/wp\/v2\/pages\/54052","targetHints":{"allow":["GET"]}}],"collection":[{"href":"https:\/\/nodengo.com\/de\/wp-json\/wp\/v2\/pages"}],"about":[{"href":"https:\/\/nodengo.com\/de\/wp-json\/wp\/v2\/types\/page"}],"author":[{"embeddable":true,"href":"https:\/\/nodengo.com\/de\/wp-json\/wp\/v2\/users\/249"}],"replies":[{"embeddable":true,"href":"https:\/\/nodengo.com\/de\/wp-json\/wp\/v2\/comments?post=54052"}],"version-history":[{"count":0,"href":"https:\/\/nodengo.com\/de\/wp-json\/wp\/v2\/pages\/54052\/revisions"}],"up":[{"embeddable":true,"href":"https:\/\/nodengo.com\/de\/wp-json\/wp\/v2\/pages\/54134"}],"wp:attachment":[{"href":"https:\/\/nodengo.com\/de\/wp-json\/wp\/v2\/media?parent=54052"}],"curies":[{"name":"wp","href":"https:\/\/api.w.org\/{rel}","templated":true}]}}