{"id":53689,"date":"2022-09-16T17:30:28","date_gmt":"2022-09-16T15:30:28","guid":{"rendered":"https:\/\/nodengo.com\/?page_id=53689"},"modified":"2024-08-20T10:25:57","modified_gmt":"2024-08-20T08:25:57","slug":"-20","status":"publish","type":"page","link":"https:\/\/nodengo.com\/de\/support\/","title":{"rendered":"Unterst\u00fctzen"},"content":{"rendered":"<div class=\"wp-block-columns is-layout-flex wp-container-core-columns-is-layout-9d6595d7 wp-block-columns-is-layout-flex\">\n<div class=\"wp-block-column is-layout-flow wp-block-column-is-layout-flow\" style=\"flex-basis:60%\">\t\t\t<!-- Flexy Breadcrumb -->\r\n\t\t\t<div class=\"fbc fbc-page\">\r\n\r\n\t\t\t\t<!-- Breadcrumb wrapper -->\r\n\t\t\t\t<div class=\"fbc-wrap\">\r\n\r\n\t\t\t\t\t<!-- Ordered list-->\r\n\t\t\t\t\t<ol class=\"fbc-items\" itemscope itemtype=\"https:\/\/schema.org\/BreadcrumbList\">\r\n\t\t\t\t\t\t            <li itemprop=\"itemListElement\" itemscope itemtype=\"https:\/\/schema.org\/ListItem\">\r\n                <span itemprop=\"name\">\r\n                    <!-- Home Link -->\r\n                    <a itemprop=\"item\" href=\"https:\/\/nodengo.com\/de\/\">\r\n                    \r\n                                                    <i class=\"fa fa-home\" aria-hidden=\"true\"><\/i>Home                    <\/a>\r\n                <\/span>\r\n                <meta itemprop=\"position\" content=\"1\" \/><!-- Meta Position-->\r\n             <\/li><li><span class=\"fbc-separator\">\/<\/span><\/li><li class=\"active\" itemprop=\"itemListElement\" itemscope itemtype=\"https:\/\/schema.org\/ListItem\"><span itemprop=\"name\" title=\"Best Travel Blog\">Best Travel Blog<\/span><meta itemprop=\"position\" content=\"2\" \/><\/li>\t\t\t\t\t<\/ol>\r\n\t\t\t\t\t<div class=\"clearfix\"><\/div>\r\n\t\t\t\t<\/div>\r\n\t\t\t<\/div>\r\n\t\t\t\n<\/div>\n\n\n\n<div class=\"wp-block-column is-layout-flow wp-block-column-is-layout-flow\" style=\"flex-basis:40%\">\n<div style=\"height:20px\" aria-hidden=\"true\" class=\"wp-block-spacer\"><\/div>\n\n\n\n<p class=\"has-text-align-center has-black-color has-text-color has-link-color wp-elements-28a969f4ff28aa4e1a9fb496b4ed1bbe\"><i class=\"fas fa-user\"><\/i> <a href=\"\/de\/partner-help\/\">Partner<\/a> | <i class=\"fas fa-pen\"><\/i> <a href=\"\/de\/partner-help\/#editors\">Redakteure<\/a> | <i class=\"fas fa-question\"><\/i> <a href=\"\/de\/partner-help\/\">Hilfe<\/a> | <i class=\"fas fa-id-card\"><\/i> <a href=\"https:\/\/nodengo.com\/de\/parther-help\/-27\/\">Kontakt<\/a> | <i class=\"fas fa-list\"><\/i> <a href=\"\/de\/-3\/\">Konto <\/a><\/p>\n<\/div>\n<\/div>\n\n\n\n<div class=\"wp-block-citadela-blocks-custom-container citadela-block-custom-container size-wide bg-type-none inside-space-none\"><div class=\"inner-holder\">\n<h2 class=\"wp-block-heading\">Brauchen Sie Hilfe ? Unterst\u00fctzung<\/h2>\n\n\n\n<p>Wir sind hier, um Ihnen zu helfen, wenn Sie Probleme mit unserer Website haben, egal ob Sie Werbetreibender, Partner oder Redakteur sind. Was k\u00f6nnen wir f\u00fcr Sie tun und wie k\u00f6nnen wir Ihnen helfen? Kontaktieren Sie uns gerne \u00fcber die untenstehenden Kan\u00e4le.<\/p>\n<\/div><\/div>\n\n\n\n<div class=\"wp-block-citadela-blocks-custom-container citadela-block-custom-container size-wide bg-type-none inside-space-none\"><div class=\"inner-holder\">\n<div class=\"wp-block-columns is-layout-flex wp-container-core-columns-is-layout-9d6595d7 wp-block-columns-is-layout-flex\">\n<div class=\"wp-block-column is-layout-flow wp-block-column-is-layout-flow\">\n<div class=\"wp-block-citadela-blocks-service citadela-block-service main-holder layout-list header-type-icon has-readmore standard\"><div class=\"service-header\"><div class=\"service-icon\"><a href=\"https:\/\/nodengo.com\/de\/-27\/\"><i class=\"fas fa-users\" style=\"color:#b9b9b9\"><\/i><\/a><\/div><\/div><div class=\"service-content\"><div class=\"service-content-wrap\"><a href=\"https:\/\/nodengo.com\/de\/-27\/\"><h3 class=\"service-title\">Besucher<\/h3><\/a><p class=\"service-description\">Besucher finden m\u00f6glicherweise Hilfe in unserem <a href=\"\/de\/customer-service\/\">Kundendienstseite <\/a>   Wenn Sie ein Besucher oder ein Unternehmen sind, das Hilfe sucht, kontaktieren Sie uns \u00fcber unser normales Kontaktformular <\/p><a href=\"https:\/\/nodengo.com\/de\/-27\/\" class=\"service-readmore\"><span class=\"service-readmore-text\">Contact form<\/span><\/a><\/div><\/div><\/div>\n\n\n\n<div class=\"wp-block-citadela-blocks-service citadela-block-service main-holder layout-list header-type-icon has-readmore standard\"><div class=\"service-header\"><div class=\"service-icon\"><a href=\"mailto:contact@nodengo.com&quot;\"><i class=\"fas fa-user-friends\" style=\"color:#b9b9b9\"><\/i><\/a><\/div><\/div><div class=\"service-content\"><div class=\"service-content-wrap\"><a href=\"mailto:contact@nodengo.com&quot;\"><h3 class=\"service-title\">Dienstleister<\/h3><\/a><p class=\"service-description\">Need help with your listing, check out our &#8220;how to&#8221; pages or contact us via email<\/p><a href=\"mailto:contact@nodengo.com&quot;\" class=\"service-readmore\"><span class=\"service-readmore-text\">contact us via email<\/span><\/a><\/div><\/div><\/div>\n\n\n\n<p class=\"has-text-align-center has-small-font-size\">Besuchen Sie auch unsere Hilfeseite:<\/p>\n\n\n\n<ul class=\"has-small-font-size wp-block-list\">\n<li><a href=\"https:\/\/nodengo.com\/de\/-28\/\" data-type=\"page\" data-id=\"52545\">Dein Inserat verwalten<\/a><\/li>\n\n\n\n<li><a href=\"https:\/\/nodengo.com\/de\/veroffentlichungsrichtlinien\/\" data-type=\"page\" data-id=\"52279\">Ver\u00f6ffentlichungsrichtlinien<\/a><\/li>\n\n\n\n<li><a href=\"https:\/\/nodengo.com\/de\/-33\/how-to-complete-my-listing\/\" data-type=\"page\" data-id=\"6252\">So vervollst\u00e4ndigen Sie meinen Eintrag<\/a><\/li>\n\n\n\n<li><a href=\"https:\/\/nodengo.com\/de\/-25\/\" data-type=\"page\" data-id=\"52614\">So ver\u00f6ffentlichen Sie<\/a><\/li>\n<\/ul>\n<\/div>\n\n\n\n<div class=\"wp-block-column is-layout-flow wp-block-column-is-layout-flow\">\n<div class=\"wp-block-citadela-blocks-service citadela-block-service main-holder layout-list header-type-icon has-readmore standard\"><div class=\"service-header\"><div class=\"service-icon\"><a href=\"https:\/\/admin.nodengo.com\/login\/\"><i class=\"fas fa-pen\" style=\"color:#b9b9b9\"><\/i><\/a><\/div><\/div><div class=\"service-content\"><div class=\"service-content-wrap\"><a href=\"https:\/\/admin.nodengo.com\/login\/\"><h3 class=\"service-title\">Redakteure<\/h3><\/a><p class=\"service-description\">Die Unterst\u00fctzung der Redakteure erfolgt \u00fcber die <a href=\"https:\/\/admin.nodengo.com\/login\/\">extranet<\/a><br\/>Wenn Sie sich nicht anmelden k\u00f6nnen oder zus\u00e4tzliche Hilfe oder technische Unterst\u00fctzung ben\u00f6tigen, f\u00fcllen Sie ein Support-Ticket aus\u00a0 \u00a0\u00a0<\/p><a href=\"https:\/\/admin.nodengo.com\/login\/\" class=\"service-readmore\"><span class=\"service-readmore-text\">admin log in<\/span><\/a><\/div><\/div><\/div>\n\n\n\n<div class=\"wp-block-citadela-blocks-service citadela-block-service main-holder layout-list header-type-icon has-readmore standard\"><div class=\"service-header\"><div class=\"service-icon\"><a href=\"https:\/\/ads.nodengo.com\/en\/\"><i class=\"fas fa-bullhorn\" style=\"color:#b9b9b9\"><\/i><\/a><\/div><\/div><div class=\"service-content\"><div class=\"service-content-wrap\"><a href=\"https:\/\/ads.nodengo.com\/en\/\"><h3 class=\"service-title\">Werbetreibende<\/h3><\/a><p class=\"service-description\">Die Unterst\u00fctzung unserer Werbetreibenden erfolgt \u00fcber die <a href=\"http:\/\/ads.nodengo.com\/de\">advertising extranet <\/a><br\/>Wenn Sie sich nicht anmelden k\u00f6nnen oder zus\u00e4tzliche Hilfe oder technische Unterst\u00fctzung ben\u00f6tigen, f\u00fcllen Sie ein Support-Ticket aus\u00a0 \u00a0\u00a0<\/p><a href=\"https:\/\/ads.nodengo.com\/en\/\" class=\"service-readmore\"><span class=\"service-readmore-text\">Advertiser&#8217;s help<\/span><\/a><\/div><\/div><\/div>\n<\/div>\n<\/div>\n<\/div><\/div>\n\n\n\n<div class=\"wp-block-citadela-blocks-custom-container citadela-block-custom-container responsive-options loading-image size-wide bg-type-image inside-space-none bg-size-auto has-overlay\" data-block-attr=\"{&quot;size&quot;:&quot;bg-size-full-horizontal&quot;,&quot;position&quot;:&quot;100% 0%&quot;}\" data-block-mobile-breakpoint=\"600\"><div class=\"bg-image-wrapper\" style=\"background-image:url(https:\/\/nodengo.com\/wp-content\/uploads\/wp-ctdl.png);background-repeat:no-repeat;background-position:78% 30%\"><\/div><div class=\"bg-image-overlay\" style=\"opacity:0.5\"><\/div><div class=\"inner-holder\"><div class=\"wp-block-image\">\n<figure class=\"aligncenter size-medium\"><img decoding=\"async\" width=\"236\" height=\"300\" src=\"https:\/\/nodengo.com\/wp-content\/uploads\/hotelslayoutmiddle-236x300.jpg\" alt=\"support\" class=\"wp-image-53087\" title=\"\" srcset=\"https:\/\/nodengo.com\/wp-content\/uploads\/hotelslayoutmiddle-236x300.jpg 236w, https:\/\/nodengo.com\/wp-content\/uploads\/hotelslayoutmiddle-118x150.jpg 118w, https:\/\/nodengo.com\/wp-content\/uploads\/hotelslayoutmiddle-9x12.jpg 9w, https:\/\/nodengo.com\/wp-content\/uploads\/hotelslayoutmiddle.jpg 687w\" sizes=\"(max-width: 236px) 100vw, 236px\" \/><figcaption class=\"wp-element-caption\">kontaktiere uns<\/figcaption><\/figure>\n<\/div>\n\n\n<div class=\"wp-block-citadela-blocks-custom-container citadela-block-custom-container size-wide bg-type-none inside-space-none\"><div class=\"inner-holder\"><p><form id=\"forminator-module-53702\" class=\"forminator-custom-form forminator-custom-form-53702\" method=\"post\" data-forminator-render=\"0\" data-uid=\"69e498b492f2b\" action=\"\"><div role=\"alert\" aria-live=\"polite\" class=\"forminator-response-message forminator-error\" aria-hidden=\"true\"><\/div><input type=\"hidden\" name=\"trp-form-language\" value=\"de\"\/><\/form><\/p>\n<\/div><\/div>\n<\/div><\/div>\n\n\n\n<div class=\"wp-block-citadela-blocks-custom-container citadela-block-custom-container size-wide bg-type-color inside-space-none has-bg\" style=\"background-color:rgba(255, 255, 255, 1)\"><div class=\"inner-holder\">\n<hr class=\"wp-block-separator has-css-opacity is-style-wide\"\/>\n\n\n\n<p style=\"font-size:18px\">EXTRANET Intranet-Portal f\u00fcr&nbsp;<a href=\"https:\/\/admin.nodengo.com\/\" target=\"_blank\" rel=\"noreferrer noopener\"><strong>Redakteure<\/strong>&nbsp;<\/a>und&nbsp;<a href=\"https:\/\/ads.nodengo.com\/\" target=\"_blank\" rel=\"noreferrer noopener\"><strong>Werbetreibende<\/strong><\/a>, der schnellste Weg zur Kontaktaufnahme     <\/p>\n\n\n\n<p style=\"font-size:18px\">SUPPORT-TICKET:  Redakteure \u2013 Wenn Sie ein Ticket \u00f6ffnen oder ein ge\u00f6ffnetes Ticket \u00fcberpr\u00fcfen, \u00e4ndern oder aktualisieren m\u00f6chten, verwenden Sie dies&nbsp;<strong><a href=\"http:\/\/admin.nodengo.com\/\" target=\"_blank\" rel=\"noreferrer noopener\">link<\/a><\/strong>  <\/p>\n\n\n\n<p style=\"font-size:18px\">MEDIEN Wir stellen Links und Banner zur Verf\u00fcgung, um f\u00fcr Nodengo.com zu werben, Sie k\u00f6nnen sie herunterladen <a href=\"https:\/\/nodengo.com\/de\/-33\/medien\/\" data-type=\"page\" data-id=\"54586\">auf dieser Seite<\/a><\/p>\n\n\n\n<p style=\"font-size:18px\">INTERESTED IN BECOMING AN EDITOR \u00a0 follow\u00a0<a href=\"https:\/\/nodengo.com\/de\/-33\/-31\/\" data-type=\"page\" data-id=\"54050\">diesem Link<\/a><\/p>\n\n\n\n<hr class=\"wp-block-separator has-css-opacity is-style-wide\"\/>\n\n\n\n<p class=\"has-text-align-center\">Sie m\u00f6chten Werbung f\u00fcr Ihr Unternehmen machen \u2013 Finden Sie heraus, wie wir wirklich anbieten <a href=\"https:\/\/ads.nodengo.com\/de\/\">zielgerichtete Werbung<\/a><\/p>\n<\/div><\/div>\n\n\n\n<div class=\"wp-block-citadela-blocks-custom-container citadela-block-custom-container size-wide bg-type-image inside-space-none bg-size-cover has-bg has-overlay\" style=\"background-color:rgba(45, 72, 195, 1)\"><div class=\"bg-image-wrapper\" style=\"background-image:url(https:\/\/nodengo.com\/wp-content\/uploads\/transparent-map-white.png);background-repeat:no-repeat;background-position:50% 50%\"><\/div><div class=\"bg-image-overlay\" style=\"opacity:0.5\"><\/div><div class=\"inner-holder\">\n<div class=\"wp-block-citadela-blocks-spacer citadela-block-spacer\"><div class=\"inner-holder\" style=\"padding-top:35px\"><\/div><\/div>\n\n\n\n<div class=\"wp-block-columns are-vertically-aligned-center is-layout-flex wp-container-core-columns-is-layout-9d6595d7 wp-block-columns-is-layout-flex\">\n<div class=\"wp-block-column is-vertically-aligned-center is-layout-flow wp-block-column-is-layout-flow\" style=\"flex-basis:66.66%\">         <div \r\n            class=\"citadela-block-responsive-text align-left no-margins responsive-options loading\"\r\n            data-block-mobile-attr=\"{&quot;desktop&quot;:{&quot;align&quot;:&quot;left&quot;},&quot;mobile&quot;:{&quot;align&quot;:&quot;center&quot;}}\"            data-block-mobile-breakpoint=\"600\"         >\r\n            <h2 class=\"inner-tag\" style=\"color: #ffffff;\">Gebrauchsfertig, einfach anzupassen<\/h2>         <\/div>\r\n      \n\n\n<div class=\"wp-block-citadela-blocks-spacer citadela-block-spacer\"><div class=\"inner-holder\" style=\"padding-top:1.5em\"><\/div><\/div>\n<\/div>\n\n\n\n<div class=\"wp-block-column is-vertically-aligned-center is-layout-flow wp-block-column-is-layout-flow\" style=\"flex-basis:33.33%\">\n<div class=\"wp-block-buttons is-horizontal is-content-justification-center is-layout-flex wp-container-core-buttons-is-layout-499968f5 wp-block-buttons-is-layout-flex\">\n<div class=\"wp-block-button\"><a class=\"wp-block-button__link has-white-background-color has-text-color has-background wp-element-button\" href=\"https:\/\/nodengo.com\/de\/-33\/-28\/\" style=\"color:#2d48c3\" target=\"_blank\" rel=\"noreferrer noopener\"><strong>Dein Inserat verwalten<\/strong><\/a><\/div>\n<\/div>\n\n\n\n<div class=\"wp-block-citadela-blocks-spacer citadela-block-spacer\"><div class=\"inner-holder\" style=\"padding-top:1em\"><\/div><\/div>\n<\/div>\n<\/div>\n<\/div><\/div>\n\n\n\n<div class=\"wp-block-citadela-blocks-spacer citadela-block-spacer negative-height\"><div class=\"inner-holder\" style=\"margin-top:-6em\"><\/div><\/div>","protected":false},"excerpt":{"rendered":"<p>Partners | Editors | Help | Contact | Account<\/p>","protected":false},"author":249,"featured_media":0,"parent":0,"menu_order":0,"comment_status":"closed","ping_status":"closed","template":"","meta":{"_uag_custom_page_level_css":"","_citadela_hide_page_title":"1","_citadela_remove_header_space":"1","_citadela_custom_class":"","_citadela_half_map_provider":"","_citadela_half_map_theme":"","_citadela_half_map_themeOSM":"","_citadela_half_map_customTheme":"","_citadela_half_map_dataType":"","_citadela_half_map_dynamicTrack":false,"_citadela_half_map_trackColor":"","_citadela_half_map_trackEndpointsColor":"","_citadela_half_map_filterCategory":"","_citadela_half_map_filterLocation":"","_citadela_half_map_filterFeatured":false,"_citadela_half_map_noDataBehavior":"empty-map","_citadela_half_map_noDataText":"","_citadela_half_map_clusterGridSize":80,"_citadela_header":true,"_citadela_header_over_content":false,"_citadela_header_text_color":"","_citadela_header_logo":{"id":208235,"url":"https:\/\/nodengo.com\/wp-content\/uploads\/Nodengo-logo-nhn.jpg","size":{"width":316,"height":75}},"_citadela_header_bg_image":[],"_citadela_header_bg_position":{"x":0.5,"y":0.5},"_citadela_header_bg_size":"cover","_citadela_header_bg_repeat":"no-repeat","_citadela_header_bg_fixed":false,"_citadela_header_bg_color":"","_citadela_header_bg_image_overlay":"","_citadela_header_transparent_bg":false,"_citadela_content_width":"wide","_citadela_half_layout_position":"","footnotes":""},"class_list":["post-53689","page","type-page","status-publish","hentry"],"uagb_featured_image_src":{"full":false,"thumbnail":false,"medium":false,"medium_large":false,"large":false,"1536x1536":false,"2048x2048":false,"trp-custom-language-flag":false,"citadela_item_thumbnail":false,"woocommerce_thumbnail":false,"woocommerce_single":false,"woocommerce_gallery_thumbnail":false,"citadela_service":false},"uagb_author_info":{"display_name":"Team Nodengo","author_link":"https:\/\/nodengo.com\/de\/author\/nodengo-team\/"},"uagb_comment_info":0,"uagb_excerpt":"Partners | Editors | Help | Contact | Account","_links":{"self":[{"href":"https:\/\/nodengo.com\/de\/wp-json\/wp\/v2\/pages\/53689","targetHints":{"allow":["GET"]}}],"collection":[{"href":"https:\/\/nodengo.com\/de\/wp-json\/wp\/v2\/pages"}],"about":[{"href":"https:\/\/nodengo.com\/de\/wp-json\/wp\/v2\/types\/page"}],"author":[{"embeddable":true,"href":"https:\/\/nodengo.com\/de\/wp-json\/wp\/v2\/users\/249"}],"replies":[{"embeddable":true,"href":"https:\/\/nodengo.com\/de\/wp-json\/wp\/v2\/comments?post=53689"}],"version-history":[{"count":0,"href":"https:\/\/nodengo.com\/de\/wp-json\/wp\/v2\/pages\/53689\/revisions"}],"wp:attachment":[{"href":"https:\/\/nodengo.com\/de\/wp-json\/wp\/v2\/media?parent=53689"}],"curies":[{"name":"wp","href":"https:\/\/api.w.org\/{rel}","templated":true}]}}