{"id":53486,"date":"2022-09-16T15:03:47","date_gmt":"2022-09-16T13:03:47","guid":{"rendered":"https:\/\/nodengo.com\/?page_id=53486"},"modified":"2024-08-20T10:25:43","modified_gmt":"2024-08-20T08:25:43","slug":"-41","status":"publish","type":"page","link":"https:\/\/nodengo.com\/de\/hospitality-network\/review-request\/","title":{"rendered":"Review request"},"content":{"rendered":"<div class=\"wp-block-citadela-blocks-custom-container citadela-block-custom-container size-wide bg-type-none inside-space-none\"><div class=\"inner-holder\">\n<div class=\"wp-block-columns is-layout-flex wp-container-core-columns-is-layout-9d6595d7 wp-block-columns-is-layout-flex\">\n<div class=\"wp-block-column is-layout-flow wp-block-column-is-layout-flow\">\t\t\t<!-- Flexy Breadcrumb -->\r\n\t\t\t<div class=\"fbc fbc-page\">\r\n\r\n\t\t\t\t<!-- Breadcrumb wrapper -->\r\n\t\t\t\t<div class=\"fbc-wrap\">\r\n\r\n\t\t\t\t\t<!-- Ordered list-->\r\n\t\t\t\t\t<ol class=\"fbc-items\" itemscope itemtype=\"https:\/\/schema.org\/BreadcrumbList\">\r\n\t\t\t\t\t\t            <li itemprop=\"itemListElement\" itemscope itemtype=\"https:\/\/schema.org\/ListItem\">\r\n                <span itemprop=\"name\">\r\n                    <!-- Home Link -->\r\n                    <a itemprop=\"item\" href=\"https:\/\/nodengo.com\/de\/\">\r\n                    \r\n                                                    <i class=\"fa fa-home\" aria-hidden=\"true\"><\/i>Home                    <\/a>\r\n                <\/span>\r\n                <meta itemprop=\"position\" content=\"1\" \/><!-- Meta Position-->\r\n             <\/li><li><span class=\"fbc-separator\">\/<\/span><\/li><li class=\"active\" itemprop=\"itemListElement\" itemscope itemtype=\"https:\/\/schema.org\/ListItem\"><span itemprop=\"name\" title=\"Best Travel Blog\">Best Travel Blog<\/span><meta itemprop=\"position\" content=\"2\" \/><\/li>\t\t\t\t\t<\/ol>\r\n\t\t\t\t\t<div class=\"clearfix\"><\/div>\r\n\t\t\t\t<\/div>\r\n\t\t\t<\/div>\r\n\t\t\t\n<\/div>\n\n\n\n<div class=\"wp-block-column is-layout-flow wp-block-column-is-layout-flow\">\n<div style=\"height:20px\" aria-hidden=\"true\" class=\"wp-block-spacer\"><\/div>\n\n\n\n<p><i class=\"fas fa-user\"><\/i> <a href=\"\/de\/partner-help\/\">Partner<\/a> | <i class=\"fas fa-pen\"><\/i> <a href=\"\/de\/partner-help\/#editors\">Redakteure<\/a> | <i class=\"fas fa-question\"><\/i> <a href=\"\/de\/partner-help\/\">Hilfe<\/a> | <i class=\"fas fa-id-card\"><\/i> <a href=\"https:\/\/nodengo.com\/de\/parther-help\/-27\/\">Kontakt<\/a> | <i class=\"fas fa-list\"><\/i> <a href=\"\/de\/-3\/\">Konto <\/a><\/p>\n<\/div>\n<\/div>\n\n\n\n<div class=\"wp-block-citadela-blocks-custom-container citadela-block-custom-container size-wide bg-type-image inside-space-none bg-size-full-horizontal has-overlay has-min-height vertical-align-top\" style=\"min-height:250px\"><div class=\"bg-image-wrapper\" style=\"background-image:url(https:\/\/nodengo.com\/wp-content\/uploads\/sptemplatetop_review.jpg);background-repeat:no-repeat;background-position:50% 50%\"><\/div><div class=\"bg-image-overlay\" style=\"opacity:0.5\"><\/div><div class=\"inner-holder\">\n<h5 class=\"wp-block-heading has-text-align-center has-white-color has-text-color has-link-color wp-elements-4460bdfde009ae85fa9d2cc955b16f83\">Hier sind die Schritte, die Sie befolgen m\u00fcssen, um Ihre Einrichtung von einem lokalen Redakteur bewerten zu lassen<\/h5>\n\n\n\n<div style=\"height:100px\" aria-hidden=\"true\" class=\"wp-block-spacer\"><\/div>\n\n\n\n<h2 class=\"wp-block-heading has-text-align-left\">Fordern Sie eine Bewertung an<\/h2>\n\n\n\n<div style=\"height:100px\" aria-hidden=\"true\" class=\"wp-block-spacer\"><\/div>\n<\/div><\/div>\n<\/div><\/div>\n\n\n\n<div style=\"height:20px\" aria-hidden=\"true\" class=\"wp-block-spacer\"><\/div>\n\n\n\n<div class=\"wp-block-citadela-blocks-custom-container citadela-block-custom-container size-wide bg-type-none inside-space-none\"><div class=\"inner-holder\">\n<p>There is a significant distinction in our business between being &#8220;listed&#8221; and being &#8220;reviewed&#8221; on our website, Nodengo.com. Being &#8220;reviewed&#8221; entails a visit from one of our local editors who will then publish the establishment on our site. This is not available for purchase. On the other hand, being &#8220;listed&#8221; means you can add your establishment to our site for free, with the option to upgrade to an enhanced listing.<\/p>\n\n\n\n<p><strong>Wenn Sie eine Bewertungsanfrage f\u00fcr Ihr Unternehmen vereinbaren m\u00f6chten, gehen Sie folgenderma\u00dfen vor:<\/strong><\/p>\n\n\n\n<ul class=\"wp-block-list\">\n<li>Diese Bewertung wird in unserem Netzwerk von lokalen Redakteuren durchgef\u00fchrt, die in Ihrer Stadt leben und arbeiten.<\/li>\n\n\n\n<li>Complete our&nbsp;request form.<\/li>\n\n\n\n<li>Lesen Sie unsere Anforderungen und stimmen Sie ihnen zu. Diese werden Ihnen zugesandt, sobald Ihre Anfrage eingegangen ist.<\/li>\n\n\n\n<li>Offensichtlich kann ein Redakteur kein Unternehmen \u201erezensieren\u201c, mit dem er oder sie in irgendeiner Weise beruflich oder pers\u00f6nlich verbunden ist oder in dem er oder sie eine Familie hat, die im Unternehmen arbeitet.<\/li>\n\n\n\n<li>Sie werden innerhalb von 48 Stunden von unserem Team kontaktiert, um Ihre Anfrage zu best\u00e4tigen.<\/li>\n\n\n\n<li>Innerhalb von 14 Tagen nach Annahme Ihrer Anfrage wird Ihre Einrichtung anonym besucht.<\/li>\n\n\n\n<li>Am Ende ihres Besuchs wird sich unser Redakteur offiziell als Nodengo-Redakteur vorstellen, indem er seine\/ihre Qualifikationen vorlegt.<\/li>\n\n\n\n<li>Ihre Geb\u00fchren in Ihrer Einrichtung f\u00fcr diesen Besuch werden Ihnen \u201eerlassen\u201c.\n<ul class=\"wp-block-list\">\n<li><em>Do note that we have extremely&nbsp;strict guidelines, as not only as to what is permitted but also as to their conduct while in your establishment, you are fully authorized to consult them prior to agreeing to the process<\/em><\/li>\n<\/ul>\n<\/li>\n\n\n\n<li>Ihre Einrichtung wird nach der Erfahrung des Herausgebers und nach unseren Kriterien bewertet.<\/li>\n\n\n\n<li>Bez\u00fcglich Restaurantbewertungen: Obwohl unsere Redakteure echte Profis sind, sind wir keine \u201eRestaurantkritiker\u201c und daher konzentriert sich unsere Arbeit nicht nur auf das Essen und die Gerichte, sondern vielmehr auf die Gesamtatmosph\u00e4re und den Service. Alle anderen Betriebe werden nach den in ihrem jeweiligen Gewerbe etablierten Standards bewertet.<\/li>\n\n\n\n<li>Ihre Rezension wird anschlie\u00dfend von unserer Zentrale auf Publikationsstilrichtlinien und technische Spezifikationen gepr\u00fcft und ver\u00f6ffentlicht.<\/li>\n\n\n\n<li>Als \u201ebewertetes\u201c Unternehmen und wenn Ihre Bewertung zul\u00e4ssig ist, profitiert Ihr Unternehmen automatisch von unserer verbesserten SEO, die zu unseren \u201eempfohlenen\u201c Abschnitten hinzugef\u00fcgt wird, wodurch Ihre Sichtbarkeit auf unserer Website erh\u00f6ht wird.<\/li>\n\n\n\n<li>Die Rezension erscheint innerhalb von 72 Stunden nach Fertigstellung.<\/li>\n<\/ul>\n\n\n\n<div class=\"wp-block-buttons is-layout-flex wp-block-buttons-is-layout-flex\">\n<div class=\"wp-block-button has-custom-width wp-block-button__width-100 is-style-outline is-style-outline--2\"><a class=\"wp-block-button__link wp-element-button\" href=\"https:\/\/nodengo.com\/de\/-33\/anfrage-bewertung-einreichung\/\">Senden Sie meine Bewertungsanfrage<\/a><\/div>\n<\/div>\n\n\n\n<div style=\"height:26px\" aria-hidden=\"true\" class=\"wp-block-spacer\"><\/div>\n\n\n\n<div class=\"wp-block-columns is-layout-flex wp-container-core-columns-is-layout-9d6595d7 wp-block-columns-is-layout-flex\">\n<div class=\"wp-block-column is-layout-flow wp-block-column-is-layout-flow\" style=\"flex-basis:33.33%\">\n<div class=\"wp-block-uagb-image uagb-block-e7c2483d wp-block-uagb-image--layout-default wp-block-uagb-image--effect-static wp-block-uagb-image--align-none\"><figure class=\"wp-block-uagb-image__figure\"><img decoding=\"async\" srcset=\"https:\/\/nodengo.com\/wp-content\/uploads\/Reviews-page-header-300x158.jpg ,https:\/\/nodengo.com\/wp-content\/uploads\/Reviews-page-header.jpg 780w, https:\/\/nodengo.com\/wp-content\/uploads\/Reviews-page-header.jpg 360w\" sizes=\"auto, (max-width: 480px) 150px\" src=\"https:\/\/nodengo.com\/wp-content\/uploads\/Reviews-page-header-300x158.jpg\" alt=\"Reviews request\" class=\"uag-image-140961\" width=\"300\" height=\"158\" title=\"Reviews OG header concept\" loading=\"lazy\" role=\"img\"\/><\/figure><\/div>\n<\/div>\n\n\n\n<div class=\"wp-block-column is-layout-flow wp-block-column-is-layout-flow\" style=\"flex-basis:66.66%\">\n<p><strong>Wichtige Informationen<\/strong>:  <\/p>\n\n\n\n<p class=\"has-small-font-size\"><em>Wir ver\u00f6ffentlichen keine \u201eschlechten Ergebnisse\u201c. Sollte Ihr Betrieb nach unseren Kriterien \u201edurchfallen\u201c, werden wir ihn einfach nicht ver\u00f6ffentlichen, denn wie bereits erw\u00e4hnt geht es uns nicht um Zahlen, sondern um Qualit\u00e4t zum Wohle aller auf unserer Seite gelisteten Betriebe, wir werden Sie jedoch kontaktieren und Wir werden Sie \u00fcber unsere Entscheidung informieren. Bitte beachten Sie, dass unsere Entscheidung endg\u00fcltig ist und keine Berufung eingelegt werden kann<\/em><\/p>\n\n\n\n<p class=\"has-small-font-size\"><em>Da wir jedoch wissen, dass manchmal etwas sehr schief gehen kann und dies nicht unbedingt Ihr Unternehmen widerspiegelt, genehmigen wir einen Antrag auf eine zus\u00e4tzliche Beurteilung, und zwar innerhalb von zwei Monaten nach dem ersten Besuch.<\/em><\/p>\n\n\n\n<p class=\"has-small-font-size\">Wenn Sie vor der Beantragung einer Bewertung weitere Informationen zum Bewertungsanfrageprozess w\u00fcnschen, k\u00f6nnen Sie sich gerne an uns wenden<\/p>\n<\/div>\n<\/div>\n<\/div><\/div>","protected":false},"excerpt":{"rendered":"","protected":false},"author":249,"featured_media":0,"parent":54134,"menu_order":0,"comment_status":"closed","ping_status":"closed","template":"","meta":{"_uag_custom_page_level_css":"","_citadela_hide_page_title":"1","_citadela_remove_header_space":"1","_citadela_custom_class":"","_citadela_half_map_provider":"","_citadela_half_map_theme":"","_citadela_half_map_themeOSM":"","_citadela_half_map_customTheme":"","_citadela_half_map_dataType":"","_citadela_half_map_dynamicTrack":false,"_citadela_half_map_trackColor":"","_citadela_half_map_trackEndpointsColor":"","_citadela_half_map_filterCategory":"","_citadela_half_map_filterLocation":"","_citadela_half_map_filterFeatured":false,"_citadela_half_map_noDataBehavior":"empty-map","_citadela_half_map_noDataText":"","_citadela_half_map_clusterGridSize":80,"_citadela_header":true,"_citadela_header_over_content":false,"_citadela_header_text_color":"","_citadela_header_logo":{"id":208235,"url":"https:\/\/nodengo.com\/wp-content\/uploads\/Nodengo-logo-nhn.jpg","size":{"width":316,"height":75}},"_citadela_header_bg_image":[],"_citadela_header_bg_position":{"x":0.5,"y":0.5},"_citadela_header_bg_size":"cover","_citadela_header_bg_repeat":"no-repeat","_citadela_header_bg_fixed":false,"_citadela_header_bg_color":"","_citadela_header_bg_image_overlay":"","_citadela_header_transparent_bg":false,"_citadela_content_width":"","_citadela_half_layout_position":"","footnotes":""},"class_list":["post-53486","page","type-page","status-publish","hentry"],"uagb_featured_image_src":{"full":false,"thumbnail":false,"medium":false,"medium_large":false,"large":false,"1536x1536":false,"2048x2048":false,"trp-custom-language-flag":false,"citadela_item_thumbnail":false,"woocommerce_thumbnail":false,"woocommerce_single":false,"woocommerce_gallery_thumbnail":false,"citadela_service":false},"uagb_author_info":{"display_name":"Team Nodengo","author_link":"https:\/\/nodengo.com\/de\/author\/nodengo-team\/"},"uagb_comment_info":0,"uagb_excerpt":null,"_links":{"self":[{"href":"https:\/\/nodengo.com\/de\/wp-json\/wp\/v2\/pages\/53486","targetHints":{"allow":["GET"]}}],"collection":[{"href":"https:\/\/nodengo.com\/de\/wp-json\/wp\/v2\/pages"}],"about":[{"href":"https:\/\/nodengo.com\/de\/wp-json\/wp\/v2\/types\/page"}],"author":[{"embeddable":true,"href":"https:\/\/nodengo.com\/de\/wp-json\/wp\/v2\/users\/249"}],"replies":[{"embeddable":true,"href":"https:\/\/nodengo.com\/de\/wp-json\/wp\/v2\/comments?post=53486"}],"version-history":[{"count":0,"href":"https:\/\/nodengo.com\/de\/wp-json\/wp\/v2\/pages\/53486\/revisions"}],"up":[{"embeddable":true,"href":"https:\/\/nodengo.com\/de\/wp-json\/wp\/v2\/pages\/54134"}],"wp:attachment":[{"href":"https:\/\/nodengo.com\/de\/wp-json\/wp\/v2\/media?parent=53486"}],"curies":[{"name":"wp","href":"https:\/\/api.w.org\/{rel}","templated":true}]}}