{"id":38786,"date":"2022-05-17T12:54:05","date_gmt":"2022-05-17T10:54:05","guid":{"rendered":"https:\/\/nodengo.com\/?page_id=38786"},"modified":"2024-08-20T10:25:50","modified_gmt":"2024-08-20T08:25:50","slug":"-42","status":"publish","type":"page","link":"https:\/\/nodengo.com\/de\/publisher-agreement\/","title":{"rendered":"Vereinbarung und Zustimmung"},"content":{"rendered":"<div class=\"wp-block-columns is-layout-flex wp-container-core-columns-is-layout-9d6595d7 wp-block-columns-is-layout-flex\">\n<div class=\"wp-block-column is-layout-flow wp-block-column-is-layout-flow\">\t\t\t<!-- Flexy Breadcrumb -->\r\n\t\t\t<div class=\"fbc fbc-page\">\r\n\r\n\t\t\t\t<!-- Breadcrumb wrapper -->\r\n\t\t\t\t<div class=\"fbc-wrap\">\r\n\r\n\t\t\t\t\t<!-- Ordered list-->\r\n\t\t\t\t\t<ol class=\"fbc-items\" itemscope itemtype=\"https:\/\/schema.org\/BreadcrumbList\">\r\n\t\t\t\t\t\t            <li itemprop=\"itemListElement\" itemscope itemtype=\"https:\/\/schema.org\/ListItem\">\r\n                <span itemprop=\"name\">\r\n                    <!-- Home Link -->\r\n                    <a itemprop=\"item\" href=\"https:\/\/nodengo.com\/de\/\">\r\n                    \r\n                                                    <i class=\"fa fa-home\" aria-hidden=\"true\"><\/i>Home                    <\/a>\r\n                <\/span>\r\n                <meta itemprop=\"position\" content=\"1\" \/><!-- Meta Position-->\r\n             <\/li><li><span class=\"fbc-separator\">\/<\/span><\/li><li class=\"active\" itemprop=\"itemListElement\" itemscope itemtype=\"https:\/\/schema.org\/ListItem\"><span itemprop=\"name\" title=\"Best Travel Blog\">Best Travel Blog<\/span><meta itemprop=\"position\" content=\"2\" \/><\/li>\t\t\t\t\t<\/ol>\r\n\t\t\t\t\t<div class=\"clearfix\"><\/div>\r\n\t\t\t\t<\/div>\r\n\t\t\t<\/div>\r\n\t\t\t\n<\/div>\n\n\n\n<div class=\"wp-block-column is-layout-flow wp-block-column-is-layout-flow\">\n<p><i class=\"fas fa-user\"><\/i> <a href=\"\/de\/partner-help\/\">Partner<\/a> | <i class=\"fas fa-pen\"><\/i> <a href=\"\/de\/partner-help\/#editors\">Redakteure<\/a> | <i class=\"fas fa-question\"><\/i> <a href=\"\/de\/partner-help\/\">Hilfe<\/a> | <i class=\"fas fa-id-card\"><\/i> <a href=\"https:\/\/nodengo.com\/de\/parther-help\/-27\/\">Kontakt<\/a> | <i class=\"fas fa-list\"><\/i> <a href=\"\/de\/-3\/\">Konto <\/a><\/p>\n<\/div>\n<\/div>\n\n\n\n<h3 class=\"wp-block-heading\"><strong>Vereinbarung und Zustimmung<\/strong><\/h3>\n\n\n\n<p class=\"has-small-font-size\"><strong>1. Annahme der Nodengo.com-Publisher-Vereinbarung<\/strong><\/p>\n\n\n\n<p class=\"has-small-font-size\">Die Laufzeit dieser Vereinbarung beginnt mit Ihrer Registrierung und Annahme und dauert an, bis sie von uns oder Ihnen gek\u00fcndigt wird.<\/p>\n\n\n\n<p class=\"has-small-font-size\">Diese Allgemeinen Gesch\u00e4ftsbedingungen gelten in ihrer jeweils g\u00fcltigen Fassung f\u00fcr alle unsere Dienstleistungen. Wir sind berechtigt, diese Vereinbarung und Ihren Zugriff auf Ihr Programmkonto jederzeit zu k\u00fcndigen.<br>Durch die Registrierung, Ver\u00f6ffentlichung und Nutzung unserer Website oder einer unserer Anwendungen \u00fcber eine beliebige Plattform (im Folgenden gemeinsam als \u201ePlattform\u201c bezeichnet) best\u00e4tigen Sie, dass Sie die unten aufgef\u00fchrte Herausgebervereinbarung gelesen, verstanden und akzeptiert haben.<\/p>\n\n\n\n<p class=\"has-small-font-size\">Diese Seiten, die von uns auf diesen Seiten und \u00fcber die Website bereitgestellten Inhalte und Infrastruktur sind Eigentum von Nodengo.com und werden von Nodengo.com betrieben und bereitgestellt<\/p>\n\n\n\n<p class=\"has-small-font-size\"><strong>2<a>. <\/a>Umfang und Art unserer Dienstleistung<\/strong><br>\u00dcber unsere Website stellt Nodengo.com eine Online-Plattform zur Verf\u00fcgung, auf der der Herausgeber seine Dienste vermarkten und bewerben kann.<\/p>\n\n\n\n<p class=\"has-small-font-size\">Der Herausgeber tr\u00e4gt die volle Verantwortung f\u00fcr sein professionelles Gesch\u00e4ftsgebaren. Der Herausgeber kann seine Produkte und Dienstleistungen zum Bestellen, Kaufen, Reservieren und Mieten bewerben, vermarkten, verkaufen, bewerben und\/oder (je nach Fall) anbieten, sodass relevante Besucher der Plattform diese entdecken, suchen, vergleichen und platzieren k\u00f6nnen Befehl.<\/p>\n\n\n\n<p class=\"has-small-font-size\">Jeder Herausgeber bleibt f\u00fcr die Genauigkeit, Vollst\u00e4ndigkeit und Richtigkeit der (beschreibenden Informationen) verantwortlich und ist f\u00fcr die Aktualisierung aller Tarife\/Geb\u00fchren\/Preise, Verf\u00fcgbarkeit, Richtlinien, Bedingungen und anderer relevanter Informationen verantwortlich, die auf unserer Plattform angezeigt werden<\/p>\n\n\n\n<p class=\"has-small-font-size\">Die von uns im Rahmen der Erbringung unserer Leistungen offengelegten Informationen basieren auf den Angaben des Herausgebers. Obwohl wir bei der Erbringung unserer Dienstleistung angemessene Sachkenntnis und Sorgfalt walten lassen, werden wir nicht \u00fcberpr\u00fcfen und k\u00f6nnen nicht garantieren, dass alle Informationen korrekt, vollst\u00e4ndig oder richtig sind, noch k\u00f6nnen wir f\u00fcr etwaige Fehler (einschlie\u00dflich offenkundiger und typografischer Fehler) oder etwaige Unterbrechungen verantwortlich gemacht werden (sei es aufgrund eines (vor\u00fcbergehenden und\/oder teilweisen) Ausfalls, einer Reparatur, eines Upgrades oder einer Wartung unserer Plattform oder aus anderen Gr\u00fcnden), ungenaue, irref\u00fchrende oder unwahre Informationen oder die Nichtbereitstellung von Informationen<\/p>\n\n\n\n<p class=\"has-small-font-size\"><strong>3. Verantwortlichkeiten des Herausgebers<\/strong><\/p>\n\n\n\n<ol class=\"has-small-font-size wp-block-list\">\n<li>Sie m\u00fcssen sich registrieren, um einen Teil unserer Website nutzen zu k\u00f6nnen. Es liegt in Ihrer Verantwortung, genaue und vollst\u00e4ndige Registrierungsdaten anzugeben und diese Daten auf dem neuesten Stand zu halten. Wir sind berechtigt, uns auf die von Ihnen bereitgestellten Registrierungsdaten zu verlassen. Sie sind f\u00fcr alle Aktivit\u00e4ten verantwortlich, die in Ihrem Konto stattfinden. Daher ist es wichtig, dass Sie Ihr Konto sch\u00fctzen. Eine M\u00f6glichkeit dazu besteht darin, ein sicheres Passwort auszuw\u00e4hlen, das Sie f\u00fcr kein anderes Konto verwenden.<\/li>\n\n\n\n<li>Ihre Registrierung auf unserer Website muss in Ihrem Firmen-\/Firmennamen erfolgen, nicht unter einem falschen oder falschen Namen und nicht mit der Identit\u00e4t einer anderen Person oder Firma. Sie d\u00fcrfen nicht so tun, als w\u00e4ren Sie eine andere Person. Bei der Registrierung auf unserer Website m\u00fcssen Sie eine g\u00fcltige E-Mail-Adresse angeben. Sie erm\u00e4chtigen uns, direkt oder \u00fcber Dritte alle Anfragen zu stellen, die wir f\u00fcr angemessen halten, um die von Ihnen angegebenen Kontoinformationen zu \u00fcberpr\u00fcfen. Sie erkl\u00e4ren sich au\u00dferdem damit einverstanden, dass wir Ihnen von Zeit zu Zeit E-Mails zum Programm und anderen Ver\u00f6ffentlichungsm\u00f6glichkeiten zusenden. Sie erkennen au\u00dferdem an und stimmen zu, dass wir ohne vorherige Ank\u00fcndigung keine E-Mails mehr an Sie senden k\u00f6nnen.<\/li>\n\n\n\n<li>Sofern nicht anders angegeben, gilt jede Registrierung nur f\u00fcr einen einzelnen Benutzer und nicht f\u00fcr mehrere Benutzer. Wenn Ihnen im Rahmen unserer Sicherheitsverfahren ein Benutzeridentifikationscode, ein Passwort oder andere Informationen zur Verf\u00fcgung gestellt werden, m\u00fcssen Sie diese Informationen vertraulich behandeln. Sie d\u00fcrfen es nicht an Dritte weitergeben und m\u00fcssen es auf dem neuesten Stand halten, solange Sie das Programm nutzen. Sie tragen die alleinige Verantwortung f\u00fcr etwaige Verluste oder Sch\u00e4den, die Ihnen oder uns dadurch entstehen, dass Sie dies nicht tun. Wenn Sie glauben, dass sich jemand Zugriff auf Ihr Konto verschafft hat, wenden Sie sich bitte umgehend an den Support.<\/li>\n\n\n\n<li>Wir k\u00f6nnen Ihr Konto und\/oder Ihren Zugriff auf einzelne oder alle Websites nach unserem alleinigen Ermessen sperren, k\u00fcndigen oder verhindern. Wenn wir Ihre Registrierung aussetzen, beenden oder verhindern, d\u00fcrfen Sie ohne unsere vorherige schriftliche Zustimmung nicht versuchen, sich erneut zu registrieren oder Inhalte, Materialien oder Bewerbungen einzureichen.\n<ol class=\"wp-block-list\">\n<li>Zur Klarstellung: Wenn wir Ihr Konto oder Ihren Zugriff auf eine Website sperren, k\u00fcndigen oder anderweitig verhindern, k\u00f6nnen wir Ihre Inhalte gem\u00e4\u00df den Bestimmungen der geltenden Bedingungen weiterhin ver\u00f6ffentlichen oder nutzen. <\/li>\n\n\n\n<li>Wenn Sie wissen oder vermuten, dass jemand anderes als Sie Ihren Benutzeridentifikationscode oder Ihr Passwort kennt, m\u00fcssen Sie uns unverz\u00fcglich benachrichtigen.<\/li>\n<\/ol>\n<\/li>\n\n\n\n<li>Wir sind berechtigt, die Metadaten und Produktbeschreibungen, Informationen oder Bilder, die Sie f\u00fcr Ihren Eintrag zur Verf\u00fcgung stellen, aus beliebigem Grund zu entfernen oder zu \u00e4ndern, auch wenn wir feststellen, dass sie nicht unseren Inhaltsanforderungen entsprechen.<\/li>\n<\/ol>\n\n\n\n<p class=\"has-small-font-size\"><strong>4. Von Ihnen eingereichte Inhalte<\/strong><\/p>\n\n\n\n<p class=\"has-small-font-size\">Sie gew\u00e4hren uns hiermit ein nicht ausschlie\u00dfliches, geb\u00fchrenfreies, weltweites Recht und eine Lizenz, Ihre ver\u00f6ffentlichten Inhalte in allen Medien zu nutzen, zu reproduzieren, zu verbreiten, f\u00fcr technische Zwecke zu \u00e4ndern, \u00f6ffentlich aufzuf\u00fchren, \u00f6ffentlich anzuzeigen und digital anzuzeigen.<\/p>\n\n\n\n<p class=\"has-small-font-size\">The products and any services provided in connection with this agreement are supplied on an &#8220;as is&#8221; and &#8220;as available&#8221; basis. To the fullest extent under applicable law, we make no, and disclaims all, warranties (including, but not limited to, any implied warranties of merchantability, fitness for a particular purpose and non-infringement), guarantees, and representations, whether express, implied, oral or otherwise. In no event shall provider or any partner be responsible for any consequential, incidental, special, punitive, exemplary, or indirect damages arising from or relating to this agreement or otherwise, including, without limitation, lost revenue, or profits, even if provider has been advised of the possibility of such damages.<\/p>\n\n\n\n<p class=\"has-small-font-size\">Sie erkl\u00e4ren sich damit einverstanden, dass alle \u00fcbermittelten Informationen, einschlie\u00dflich Text, Bilder, T\u00f6ne und Videos, Ihnen geh\u00f6ren oder dass Sie die Erlaubnis haben, sie zu \u00fcbermitteln. Sie stimmen au\u00dferdem zu, dass wir die Erlaubnis haben, es auf allen Websites unseres Netzwerks zu verwenden. Sie erkl\u00e4ren sich damit einverstanden, uns von jeglicher Verantwortung freizustellen und uns nicht f\u00fcr die Anzeige von Informationen verantwortlich zu machen, die Sie uns \u00fcbermitteln. Wenn Sie sich bei Nodengo.com anmelden, erkl\u00e4ren Sie sich damit einverstanden, dass wir Sie gelegentlich per Telefon, E-Mail oder Post bez\u00fcglich Sonderangeboten, Upgrade-Optionen, erweiterten Eintr\u00e4gen usw. kontaktieren.<\/p>\n\n\n\n<p class=\"has-small-font-size\"><strong>5. Geb\u00fchren und Zahlung<\/strong><\/p>\n\n\n\n<p class=\"has-small-font-size\">5.1 Geb\u00fchren \u2013 Durch den Kauf eines Abonnements stimmen Sie allen hier und\/oder w\u00e4hrend des Online-Registrierungsprozesses beschriebenen Geb\u00fchren und Zahlungsbedingungen zu.<\/p>\n\n\n\n<p class=\"has-small-font-size\">5.2 Sie m\u00fcssen Nodengo.com bei der Registrierung f\u00fcr ein Abonnement eine Zahlung leisten. Sie garantieren und versichern hiermit, dass Sie befugt sind, Nodengo.com solche Zahlungsinformationen zur Verf\u00fcgung zu stellen, und dass Sie f\u00fcr alle damit verbundenen Geb\u00fchren verantwortlich sind. Nodengo.com wird Ihre Kreditkarte vor jedem Abrechnungszeitraum (wie unten definiert) mit den f\u00fcr diesen Abrechnungszeitraum anfallenden Geb\u00fchren sowie etwaigen ausstehenden Betr\u00e4gen belasten. Ihr \u201eAbrechnungszeitraum\u201c wird von Nodengo.com zum Zeitpunkt der Registrierung angegeben. Nodengo.com beh\u00e4lt sich jedoch das Recht vor, den Zeitraum zuk\u00fcnftiger Abrechnungszeitr\u00e4ume jederzeit zu \u00e4ndern.<\/p>\n\n\n\n<p class=\"has-small-font-size\">5.3 Automatische Verl\u00e4ngerung \u2013 NODENGO.COM VERL\u00c4NGERT AUTOMATISCH JEDES ABONNEMENT F\u00dcR IHRE LISTEN UND BELAST IHRE KREDITKARTE ZU BEGINN JEDES ABONNEMENTVERL\u00c4NGERUNGSZEITRAUMS, SO LANGE IHR ABONNEMENT NICHT K\u00dcNDIGT WURDE. Die automatische Belastung Ihrer Kreditkarte erfolgt zu Beginn jeder Abonnementverl\u00e4ngerung. Sie erkennen an, dass der jedes Jahr in Rechnung gestellte Betrag variieren kann, beispielsweise weil Aktionspreise nicht mehr gelten, \u00c4nderungen in Ihrem Abonnement oder aus anderen Gr\u00fcnden; und Sie erm\u00e4chtigen uns, Ihre Kreditkarte mit solchen unterschiedlichen Betr\u00e4gen zu belasten.<\/p>\n\n\n\n<p class=\"has-small-font-size\"><strong>6<\/strong>. <strong>Werbetreibende<\/strong><\/p>\n\n\n\n<p class=\"has-small-font-size\">Als Herausgeber ist es Ihnen gestattet, \u00fcber unsere Werbeplattform Werbung und andere Informationen in bestimmten Bereichen der Website anzuzeigen. Wenn Sie ein Werbetreibender sind, \u00fcbernehmen Sie die volle Verantwortung f\u00fcr alle Anzeigen, die Sie auf der Website platzieren, sowie f\u00fcr alle auf der Website bereitgestellten Dienste oder Produkte, die \u00fcber diese Anzeigen verkauft werden.<\/p>\n\n\n\n<p class=\"has-small-font-size\"><strong>7. \u00c4nderungen und Unterbrechungen<\/strong><br>Wir behalten uns das Recht vor, den Inhalt der Website jederzeit und ohne Angabe von Gr\u00fcnden nach eigenem Ermessen und ohne Vorank\u00fcndigung zu \u00e4ndern, zu modifizieren oder zu entfernen. Dar\u00fcber hinaus sind wir nicht verpflichtet, Informationen auf unserer Website zu aktualisieren.<br>Nodengo.com beh\u00e4lt sich das Recht vor:.<\/p>\n\n\n\n<p class=\"has-small-font-size\">     7.1die Website oder einen Teil davon ohne Vorank\u00fcndigung (vor\u00fcbergehend oder dauerhaft) zu \u00e4ndern oder zu entfernen, und Sie best\u00e4tigen, dass Nodengo.com Ihnen gegen\u00fcber f\u00fcr solche \u00c4nderungen oder Entfernungen nicht haftbar ist und. Sie k\u00f6nnen diese Allgemeinen Gesch\u00e4ftsbedingungen jederzeit \u00e4ndern, und Ihre fortgesetzte Nutzung der Website nach etwaigen \u00c4nderungen gilt als Ihre Zustimmung zu dieser \u00c4nderung.<\/p>\n\n\n\n<p class=\"has-small-font-size\">      7.2 Bestimmte Produkte und Funktionen der Dienste \u00e4ndern, aktualisieren oder einstellen. Nodengo.com ist in keiner Weise verantwortlich f\u00fcr Verluste, Verletzungen oder direkte oder indirekte Sch\u00e4den jeglicher Art, die allgemeine, besondere, kompensatorische, Folgesch\u00e4den und\/oder Nebensch\u00e4den sind, die sich aus Ihrem Verhalten ergeben oder damit in Zusammenhang stehen oder anderweitig im Zusammenhang damit stehen Nutzung des Dienstes, einschlie\u00dflich, aber nicht beschr\u00e4nkt auf Personensch\u00e4den, emotionalen Stress und\/oder andere Sch\u00e4den, die aus der Kommunikation oder Treffen mit anderen registrierten Benutzern unseres Dienstes oder Personen, die Sie \u00fcber diesen Dienst treffen k\u00f6nnen, resultieren.<\/p>\n\n\n\n<p class=\"has-small-font-size\">         7.3 H\u00f6here Gewalt. Nodengo.com haftet Ihnen gegen\u00fcber nicht f\u00fcr Ausf\u00e4lle oder Verz\u00f6gerungen bei der Erf\u00fcllung seiner Verpflichtungen aus dieser Vereinbarung, die durch Ereignisse oder Umst\u00e4nde verursacht werden, die au\u00dferhalb seiner Kontrolle liegen, einschlie\u00dflich, aber nicht beschr\u00e4nkt auf Denial-of-Service-Angriffe, Aufst\u00e4nde und Br\u00e4nde , \u00dcberschwemmung, Sturm, Explosionen, h\u00f6here Gewalt, Krieg, Terrorismus und Arbeitsbedingungen.<\/p>\n\n\n\n<p class=\"has-small-font-size\"><strong>8. Geistiges Eigentum<\/strong><br>Alle Urheberrechte, Marken und alle anderen geistigen Eigentumsrechte an der Website und ihrem Inhalt (einschlie\u00dflich, aber nicht beschr\u00e4nkt auf das Website-Design, Texte, Grafiken und alle mit der Website verbundenen Software- und Quellcodes) sind Eigentum von Nodengo.com oder werden von Nodengo.com lizenziert oder anderweitig genutzt von Nodengo.com im gesetzlich zul\u00e4ssigen Umfang.<br><br>Nodengo.com besitzt und beh\u00e4lt alle Eigentumsrechte an der Website und dem Service. Die Pr\u00e4sentation und alle Materialien, einschlie\u00dflich Marken, Logos und Domainnamen, die auf der Website erscheinen, best\u00e4tigen, dass die Hosting-Plattform Nodengo.com durch Gesetze zum geistigen Eigentum gesch\u00fctzt ist und Nodengo.com geh\u00f6rt oder zu deren Nutzung autorisiert wurde oder in verf\u00fcgbar ist die \u00f6ffentliche Dom\u00e4ne.<\/p>\n\n\n\n<p class=\"has-small-font-size\"><strong>9 Haftungsausschluss und Haftungsbeschr\u00e4nkung<\/strong><br>9.1 Die Website wird auf der Basis \u201eWIE BESEHEN\u201c und \u201eWIE VERF\u00dcGBAR\u201c bereitgestellt, ohne jegliche Zusicherung oder Billigung und ohne Garantie jeglicher Art, weder ausdr\u00fccklich noch stillschweigend, einschlie\u00dflich, aber nicht beschr\u00e4nkt auf die stillschweigenden Garantien f\u00fcr zufriedenstellende Qualit\u00e4t, Eignung f\u00fcr einen bestimmten Zweck, Nicht- Verletzung, Kompatibilit\u00e4t, Sicherheit und Genauigkeit.<br>9.2 Soweit gesetzlich zul\u00e4ssig, haftet Nodengo.com nicht f\u00fcr indirekte oder Folgeverluste oder -sch\u00e4den (einschlie\u00dflich, aber nicht beschr\u00e4nkt auf Gesch\u00e4fts-, Gesch\u00e4fts-, Gesch\u00e4fts-, Daten- und Gewinnverluste), die sich aus oder im Zusammenhang mit der Nutzung der Website ergeben .<br>Nodengo.com \u00fcbernimmt keine Garantie daf\u00fcr, dass die Funktionalit\u00e4t des Abschnitts zur Ver\u00f6ffentlichung von Ereignissen auf unserer Website ununterbrochen oder fehlerfrei ist, dass Fehler behoben werden oder dass die Website oder der Server, der sie zur Verf\u00fcgung stellt, frei von Viren oder anderen m\u00f6glichen Dingen sind sch\u00e4dlich oder zerst\u00f6rerisch.<br>In keinem Fall haftet Nodengo.com IHNEN ODER DRITTEN GEGEN\u00dcBER f\u00fcr Verluste, Verletzungen oder direkte oder indirekte Sch\u00e4den jeglicher Art, die zu einer Unterbrechung oder Funktionsst\u00f6rung des Dienstes f\u00fchren, einschlie\u00dflich Sch\u00e4den im Zusammenhang mit entgangenen Gewinnen, die sich aus Ihrer Nutzung ergeben der Website und der Dienste, auch wenn Nodengo.com auf die M\u00f6glichkeit solcher Sch\u00e4den hingewiesen wurde. Ungeachtet gegenteiliger Bestimmungen hierin ist die Haftung von Nodengo.com beschr\u00e4nkt, und zwar aus allen Gr\u00fcnden, wenn \u00fcberhaupt, auf den von Ihnen an Nodengo.com f\u00fcr Dienstleistungen w\u00e4hrend der Dauer Ihrer Mitgliedschaft gezahlten Betrag<\/p>\n\n\n\n<p class=\"has-small-font-size\"><strong>10. Schadensersatz<\/strong><br>Sie erkl\u00e4ren sich damit einverstanden, Nodengo.com, seine Tochtergesellschaften, verbundenen Unternehmen, leitenden Angestellten, Vertreter und andere Partner und Mitarbeiter nicht f\u00fcr Verluste, Haftungen, Anspr\u00fcche oder Forderungen, einschlie\u00dflich Anwaltskosten, zu entsch\u00e4digen, die von Dritten im Zusammenhang mit Ihrer Nutzung des Dienstes entstehen Verletzung dieser Vereinbarung und\/oder aufgrund einer Verletzung dieser Vereinbarung und einer Verletzung Ihrer oben dargelegten Zusicherungen und Gew\u00e4hrleistungen.<\/p>\n\n\n\n<p class=\"has-text-color has-small-font-size\" style=\"color:#a0afb9\"><em>Bitte beachten Sie, dass diese Seite maschinell aus dem urspr\u00fcnglichen Englisch \u00fcbersetzt wurde<\/em>.&nbsp;<em>Es wird keine Garantie jeglicher Art, weder ausdr\u00fccklich noch stillschweigend, hinsichtlich der Genauigkeit, Zuverl\u00e4ssigkeit und Richtigkeit von \u00dcbersetzungen aus dem Englischen in eine andere Sprache \u00fcbernommen.<\/em><\/p>\n\n\n\n<p class=\"has-small-font-size\"><br><\/p>","protected":false},"excerpt":{"rendered":"<p>Partners | Editors | Help | Contact | Account Publisher Agreement 1. Acceptance of the Nodengo.com Publisher Agreement The term of this Agreement will begin upon your registration and acceptance [&hellip;]<\/p>\n","protected":false},"author":1,"featured_media":0,"parent":0,"menu_order":0,"comment_status":"closed","ping_status":"closed","template":"","meta":{"_uag_custom_page_level_css":"","_citadela_hide_page_title":"1","_citadela_remove_header_space":"1","_citadela_custom_class":"","_citadela_half_map_provider":"","_citadela_half_map_theme":"","_citadela_half_map_themeOSM":"","_citadela_half_map_customTheme":"","_citadela_half_map_dataType":"","_citadela_half_map_dynamicTrack":false,"_citadela_half_map_trackColor":"","_citadela_half_map_trackEndpointsColor":"","_citadela_half_map_filterCategory":"","_citadela_half_map_filterLocation":"","_citadela_half_map_filterFeatured":false,"_citadela_half_map_noDataBehavior":"empty-map","_citadela_half_map_noDataText":"","_citadela_half_map_clusterGridSize":80,"_citadela_header":true,"_citadela_header_over_content":false,"_citadela_header_text_color":"","_citadela_header_logo":{"id":208235,"url":"https:\/\/nodengo.com\/wp-content\/uploads\/Nodengo-logo-nhn.jpg","size":{"width":316,"height":75}},"_citadela_header_bg_image":[],"_citadela_header_bg_position":{"x":0.5,"y":0.5},"_citadela_header_bg_size":"cover","_citadela_header_bg_repeat":"no-repeat","_citadela_header_bg_fixed":false,"_citadela_header_bg_color":"","_citadela_header_bg_image_overlay":"","_citadela_header_transparent_bg":false,"_citadela_content_width":"wide","_citadela_half_layout_position":"","footnotes":""},"class_list":["post-38786","page","type-page","status-publish","hentry"],"uagb_featured_image_src":{"full":false,"thumbnail":false,"medium":false,"medium_large":false,"large":false,"1536x1536":false,"2048x2048":false,"trp-custom-language-flag":false,"citadela_item_thumbnail":false,"woocommerce_thumbnail":false,"woocommerce_single":false,"woocommerce_gallery_thumbnail":false,"citadela_service":false},"uagb_author_info":{"display_name":"admin","author_link":"https:\/\/nodengo.com\/de\/author\/admin\/"},"uagb_comment_info":0,"uagb_excerpt":"Partners | Editors | Help | Contact | Account Publisher Agreement 1. Acceptance of the Nodengo.com Publisher Agreement The term of this Agreement will begin upon your registration and acceptance [&hellip;]","_links":{"self":[{"href":"https:\/\/nodengo.com\/de\/wp-json\/wp\/v2\/pages\/38786","targetHints":{"allow":["GET"]}}],"collection":[{"href":"https:\/\/nodengo.com\/de\/wp-json\/wp\/v2\/pages"}],"about":[{"href":"https:\/\/nodengo.com\/de\/wp-json\/wp\/v2\/types\/page"}],"author":[{"embeddable":true,"href":"https:\/\/nodengo.com\/de\/wp-json\/wp\/v2\/users\/1"}],"replies":[{"embeddable":true,"href":"https:\/\/nodengo.com\/de\/wp-json\/wp\/v2\/comments?post=38786"}],"version-history":[{"count":0,"href":"https:\/\/nodengo.com\/de\/wp-json\/wp\/v2\/pages\/38786\/revisions"}],"wp:attachment":[{"href":"https:\/\/nodengo.com\/de\/wp-json\/wp\/v2\/media?parent=38786"}],"curies":[{"name":"wp","href":"https:\/\/api.w.org\/{rel}","templated":true}]}}