{"id":161688,"date":"2023-12-28T11:48:56","date_gmt":"2023-12-28T10:48:56","guid":{"rendered":"https:\/\/nodengo.com\/?page_id=161688"},"modified":"2026-01-07T16:17:48","modified_gmt":"2026-01-07T15:17:48","slug":"activities-greensboro","status":"publish","type":"page","link":"https:\/\/nodengo.com\/de\/north-carolina\/greensboro\/activities-greensboro\/","title":{"rendered":"Aktivit\u00e4ten in Greensboro"},"content":{"rendered":"<!-- Flexy Breadcrumb -->\r\n\t\t\t<div class=\"fbc fbc-page\">\r\n\r\n\t\t\t\t<!-- Breadcrumb wrapper -->\r\n\t\t\t\t<div class=\"fbc-wrap\">\r\n\r\n\t\t\t\t\t<!-- Ordered list-->\r\n\t\t\t\t\t<ol class=\"fbc-items\" itemscope itemtype=\"https:\/\/schema.org\/BreadcrumbList\">\r\n\t\t\t\t\t\t            <li itemprop=\"itemListElement\" itemscope itemtype=\"https:\/\/schema.org\/ListItem\">\r\n                <span itemprop=\"name\">\r\n                    <!-- Home Link -->\r\n                    <a itemprop=\"item\" href=\"https:\/\/nodengo.com\/de\/\">\r\n                    \r\n                                                    <i class=\"fa fa-home\" aria-hidden=\"true\"><\/i>Home                    <\/a>\r\n                <\/span>\r\n                <meta itemprop=\"position\" content=\"1\" \/><!-- Meta Position-->\r\n             <\/li><li><span class=\"fbc-separator\">\/<\/span><\/li><li class=\"active\" itemprop=\"itemListElement\" itemscope itemtype=\"https:\/\/schema.org\/ListItem\"><span itemprop=\"name\" title=\"Best Travel Blog\">Best Travel Blog<\/span><meta itemprop=\"position\" content=\"2\" \/><\/li>\t\t\t\t\t<\/ol>\r\n\t\t\t\t\t<div class=\"clearfix\"><\/div>\r\n\t\t\t\t<\/div>\r\n\t\t\t<\/div>\r\n\t\t\t\n\n\n\n<div class=\"wp-block-citadela-blocks-custom-container citadela-block-custom-container size-wide bg-type-color inside-space-small has-bg\" style=\"background-color:rgba(242, 244, 245, 1)\"><div class=\"inner-holder\">\n<p align=\"center\"><i class=\"fas fa-utensils\"><\/i>    <a href=\"https:\/\/nodengo.com\/de\/greensboro\/greensboro-restaurants\/\">RESTAURANTS<\/a>  |   <i class=\"fas fa-monument\"><\/i>    <a href=\"https:\/\/nodengo.com\/de\/greensboro\/activities-in-greensboro\/#ttd\"><b>DINGE ZU TUN<\/a><\/b>  |&nbsp;&nbsp;<i class=\"fas fa-camera\"><\/i>    <a href=\"https:\/\/nodengo.com\/de\/greensboro\/activities-greensboro\/\"><b>AKTIVIT\u00c4TEN<\/b><\/a>  |  <i class=\"fas fa-pen\"><\/i>    <a href=\"https:\/\/nodengo.com\/de\/greensboro\/greensboro-travel-blog\/\">BLOG<\/a>  | <i class=\"fas fa-user-edit\"><\/i>    <a href=\"https:\/\/nodengo.com\/de\/greensboro\/greensboro-reviews-gso\/\">AUSWERTUNG<\/a> | <i class=\"fas fa-hotel\"><\/i><a href=\"https:\/\/trip.tpx.gr\/I3k87lQt\" target=\"_blank\" rel=\"noopener\"> HOTELS<\/a> |<i class=\"fas fa-car\"><\/i><a href=\"https:\/\/economybookings.tpx.gr\/rAfc3LPg\" target=\"_blank\" rel=\"noopener\"> AUTOS<\/a> <\/p>\n\n\n\n<h2 class=\"wp-block-heading\">Top-Aktivit\u00e4ten in Greensboro und der zentralen Region North Carolina<\/h2>\n\n\n\n<div class=\"wp-block-citadela-blocks-custom-container citadela-block-custom-container size-wide bg-type-none inside-space-none\"><div class=\"inner-holder\">\n<p>Entdecken Sie die besten Aktivit\u00e4ten und Touren in Greensboro. Buchen Sie Tickets und Aktivit\u00e4ten, Top-Touren und Attraktionen online mit unserer Bestpreisgarantie. <strong>Die Vorteile, wenn Sie Ihre Aktivit\u00e4ten bei uns online buchen:<\/strong> \u00dcberspringen Sie die Ticketlinie | Mobiles Ticketing | Sofortige Best\u00e4tigung | Kostenfreie Stornierung<\/p>\n<\/div><\/div>\n<\/div><\/div>\n\n\n\n<div class=\"wp-block-citadela-blocks-custom-container citadela-block-custom-container size-wide bg-type-image inside-space-none bg-size-cover has-overlay\"><div class=\"bg-image-wrapper\" style=\"background-image:url(https:\/\/nodengo.com\/wp-content\/uploads\/Greensboro-north-carolina.jpg);background-repeat:no-repeat;background-position:45% 63%\"><\/div><div class=\"bg-image-overlay\" style=\"opacity:0.5\"><\/div><div class=\"inner-holder\">\n<div style=\"height:149px\" aria-hidden=\"true\" class=\"wp-block-spacer\"><\/div>\n<\/div><\/div>\n\n\n\n<div class=\"wp-block-citadela-blocks-custom-container citadela-block-custom-container size-wide bg-type-none inside-space-none\"><div class=\"inner-holder\">\n<div class=\"wp-block-columns is-layout-flex wp-container-core-columns-is-layout-9d6595d7 wp-block-columns-is-layout-flex\">\n<div class=\"wp-block-column is-vertically-aligned-top is-layout-flow wp-block-column-is-layout-flow\" style=\"flex-basis:75%\">\n<div class=\"wp-block-citadela-blocks-service citadela-block-service main-holder layout-list header-type-icon standard\"><div class=\"service-header\"><div class=\"service-icon\"><a href=\"https:\/\/nodengo.com\/de\/item\/aktivitaten-mit-kindern-in-genf\/\"><i class=\"fas fa-child\" style=\"color:#b9b9b9\"><\/i><\/a><\/div><\/div><div class=\"service-content\"><div class=\"service-content-wrap\"><a href=\"https:\/\/nodengo.com\/de\/item\/aktivitaten-mit-kindern-in-genf\/\"><h3 class=\"service-title\">Familienaktivit\u00e4ten<\/h3><\/a><p class=\"service-description\">Top 10 Aktivit\u00e4ten mit Kindern<\/p><\/div><\/div><\/div>\n\n\n\n<div class=\"wp-block-columns is-layout-flex wp-container-core-columns-is-layout-9d6595d7 wp-block-columns-is-layout-flex\">\n<div class=\"wp-block-column is-layout-flow wp-block-column-is-layout-flow\">\n<div class=\"wp-block-citadela-blocks-service citadela-block-service main-holder layout-list header-type-icon standard\"><div class=\"service-header\"><div class=\"service-icon\"><i class=\"fas fa-binoculars\" style=\"color:#b9b9b9\"><\/i><\/div><\/div><div class=\"service-content\"><div class=\"service-content-wrap\"><h3 class=\"service-title\">Die Stadt erkunden<\/h3><p class=\"service-description\"> Entdecken Sie diese kosmopolitische Stadt<\/p><\/div><\/div><\/div>\n\n\n\n<div class=\"wp-block-citadela-blocks-service citadela-block-service main-holder layout-list header-type-icon standard\"><div class=\"service-header\"><div class=\"service-icon\"><i class=\"fas fa-user-shield\" style=\"color:#b9b9b9\"><\/i><\/div><\/div><div class=\"service-content\"><div class=\"service-content-wrap\"><h3 class=\"service-title\">Private Touren<\/h3><p class=\"service-description\">Vermeiden Sie die Menschenmassen<\/p><\/div><\/div><\/div>\n\n\n\n<div class=\"wp-block-citadela-blocks-service citadela-block-service main-holder layout-list header-type-icon standard\"><div class=\"service-header\"><div class=\"service-icon\"><a href=\"https:\/\/www.getyourguide.com\/s?p=1u0026collectionId=0a028686-7bdf-1f9e-817b-e3bb50c10001u0026q=genevau0026searchSource=8u0026partner_id=SGJ5DHXu0026utm_medium=online_publisheru0026placement=content-middleu0026cmp=geneva_activities\" target=\"_blank\" rel=\"noopener\"><i class=\"fas fa-train\" style=\"color:#b9b9b9\"><\/i><\/a><\/div><\/div><div class=\"service-content\"><div class=\"service-content-wrap\"><a href=\"https:\/\/www.getyourguide.com\/s?p=1u0026collectionId=0a028686-7bdf-1f9e-817b-e3bb50c10001u0026q=genevau0026searchSource=8u0026partner_id=SGJ5DHXu0026utm_medium=online_publisheru0026placement=content-middleu0026cmp=geneva_activities\" target=\"_blank\" rel=\"noopener\"><h3 class=\"service-title\">Train<\/h3><\/a><p class=\"service-description\">The Great Smoky Mountains Railroad historic\u00a0train<\/p><\/div><\/div><\/div>\n\n\n\n<div class=\"wp-block-citadela-blocks-service citadela-block-service main-holder layout-list header-type-icon standard\"><div class=\"service-header\"><div class=\"service-icon\"><a href=\"https:\/\/www.getyourguide.com\/s?p=1u0026q=genevau0026searchSource=8u0026poi_types=museu\" target=\"_blank\" rel=\"noopener\"><i class=\"fas fa-landmark\" style=\"color:#b9b9b9\"><\/i><\/a><\/div><\/div><div class=\"service-content\"><div class=\"service-content-wrap\"><a href=\"https:\/\/www.getyourguide.com\/s?p=1u0026q=genevau0026searchSource=8u0026poi_types=museu\" target=\"_blank\" rel=\"noopener\"><h3 class=\"service-title\">Denkm\u00e4ler - Museen <\/h3><\/a><p class=\"service-description\">Architektur | Denkm\u00e4ler | Historisch <\/p><\/div><\/div><\/div>\n\n\n\n<div class=\"wp-block-citadela-blocks-service citadela-block-service main-holder layout-list header-type-icon standard\"><div class=\"service-header\"><div class=\"service-icon\"><i class=\"fas fa-hiking\" style=\"color:#b9b9b9\"><\/i><\/div><\/div><div class=\"service-content\"><div class=\"service-content-wrap\"><h3 class=\"service-title\">Abenteuer<\/h3><p class=\"service-description\">Natur | Au\u00dfenbereich | Adrenalin<\/p><\/div><\/div><\/div>\n<\/div>\n\n\n\n<div class=\"wp-block-column is-layout-flow wp-block-column-is-layout-flow\">\n<div class=\"wp-block-citadela-blocks-service citadela-block-service main-holder layout-list header-type-icon standard\"><div class=\"service-header\"><div class=\"service-icon\"><i class=\"fas fa-volleyball-ball\" style=\"color:#b9b9b9\"><\/i><\/div><\/div><div class=\"service-content\"><div class=\"service-content-wrap\"><h3 class=\"service-title\">Sportverantstaltungen<\/h3><p class=\"service-description\">Greensboro Sport- und Turnierveranstaltungen<\/p><\/div><\/div><\/div>\n\n\n\n<div class=\"wp-block-citadela-blocks-service citadela-block-service main-holder layout-list header-type-icon standard\"><div class=\"service-header\"><div class=\"service-icon\"><i class=\"far fa-address-card\" style=\"color:#b9b9b9\"><\/i><\/div><\/div><div class=\"service-content\"><div class=\"service-content-wrap\"><h3 class=\"service-title\">F\u00fchrung<\/h3><p class=\"service-description\">Sehen Sie sich beliebte Sehensw\u00fcrdigkeiten mit einem lokalen F\u00fchrer an<\/p><\/div><\/div><\/div>\n\n\n\n<div class=\"wp-block-citadela-blocks-service citadela-block-service main-holder layout-list header-type-icon standard\"><div class=\"service-header\"><div class=\"service-icon\"><a href=\"https:\/\/www.getyourguide.com\/s?p=1u0026q=genevau0026searchSource=8u0026activity_type=dayTripu0026partner_id=SGJ5DHXu0026utm_medium=online_publisheru0026placement=content-topu0026cmp=geneva_activitiesgetyourguide.com\/s?p=1u0026q=genevau0026searchSource=8u0026activity_type=privateTouru0026partner_id=SGJ5DHXu0026utm_medium=online_publisheru0026placement=content-topu0026cmp=geneva_activities\" target=\"_blank\" rel=\"noopener\"><i class=\"far fa-clock\" style=\"color:#b9b9b9\"><\/i><\/a><\/div><\/div><div class=\"service-content\"><div class=\"service-content-wrap\"><a href=\"https:\/\/www.getyourguide.com\/s?p=1u0026q=genevau0026searchSource=8u0026activity_type=dayTripu0026partner_id=SGJ5DHXu0026utm_medium=online_publisheru0026placement=content-topu0026cmp=geneva_activitiesgetyourguide.com\/s?p=1u0026q=genevau0026searchSource=8u0026activity_type=privateTouru0026partner_id=SGJ5DHXu0026utm_medium=online_publisheru0026placement=content-topu0026cmp=geneva_activities\" target=\"_blank\" rel=\"noopener\"><h3 class=\"service-title\">Tagesausfl\u00fcge<\/h3><\/a><p class=\"service-description\">Machen Sie das Beste aus Ihrem Tag<\/p><\/div><\/div><\/div>\n\n\n\n<div class=\"wp-block-citadela-blocks-service citadela-block-service main-holder layout-list header-type-icon standard\"><div class=\"service-header\"><div class=\"service-icon\"><i class=\"fas fa-wheelchair\" style=\"color:#b9b9b9\"><\/i><\/div><\/div><div class=\"service-content\"><div class=\"service-content-wrap\"><h3 class=\"service-title\">Rollstuhlgerechte Touren <\/h3><p class=\"service-description\">Rollstuhlgerechte Touren<\/p><\/div><\/div><\/div>\n\n\n\n<div class=\"wp-block-citadela-blocks-service citadela-block-service main-holder layout-list header-type-icon standard\"><div class=\"service-header\"><div class=\"service-icon\"><i class=\"fas fa-map-pin\" style=\"color:#b9b9b9\"><\/i><\/div><\/div><div class=\"service-content\"><div class=\"service-content-wrap\"><h3 class=\"service-title\">City Cards <\/h3><p class=\"service-description\">Genie\u00dfen Sie uneingeschr\u00e4nkten Zugriff<\/p><\/div><\/div><\/div>\n<\/div>\n<\/div>\n\n\n\n<div class=\"wp-block-citadela-blocks-service citadela-block-service main-holder layout-list header-type-icon standard\"><div class=\"service-header\"><div class=\"service-icon\"><i class=\"far fa-calendar-alt\" style=\"color:#b9b9b9\"><\/i><\/div><\/div><div class=\"service-content\"><div class=\"service-content-wrap\"><h3 class=\"service-title\">Kostenfreie Stornierung<\/h3><p class=\"service-description\"><br\/>Plan\u00e4nderung? Kein Problem. Stornieren Sie bis zu 24 Stunden vor Beginn Ihrer Aktivit\u00e4t, um eine vollst\u00e4ndige R\u00fcckerstattung zu erhalten. Es gelten bestimmte Einschr\u00e4nkungen<\/p><\/div><\/div><\/div>\n\n\n\n<div class=\"wp-block-buttons alignwide is-content-justification-center is-layout-flex wp-container-core-buttons-is-layout-16018d1d wp-block-buttons-is-layout-flex\">\n<div class=\"wp-block-button has-custom-width wp-block-button__width-100 is-style-outline is-style-outline--2\"><a class=\"wp-block-button__link has-white-color has-text-color has-background wp-element-button\" style=\"background-color:#4c8e5b\">Alle Aktivit\u00e4ten in Greensboro<\/a><\/div>\n<\/div>\n\n\n\n<div style=\"height:25px\" aria-hidden=\"true\" class=\"wp-block-spacer\"><\/div>\n<\/div>\n\n\n\n<div class=\"wp-block-column is-layout-flow wp-block-column-is-layout-flow\" style=\"flex-basis:33.33%\">\n<iframe style=\"border:0;height:350px;\" width=\"300px\" height=\"auto\" scrolling=\"no\" id=\"bsaIframe\" onload=\"bsaIframe()\" src=\"https:\/\/ads.nodengo.com\/api\/?id=109&amp;i=1\" if_empty=\"id=112\"> <\/iframe><script>function bsaIframe() { var iFrameID = document.getElementById('bsaIframe'); if(iFrameID) { iFrameID.height = iFrameID.contentWindow.document.body.scrollHeight + 'px'; } }<\/script>\n\n\n\n<p class=\"has-small-font-size\"><strong>Welche Sehensw\u00fcrdigkeiten muss man in Greensboro unbedingt gesehen haben?<\/strong><\/p>\n\n\n\n<p class=\"has-small-font-size\"><strong>Was sind die Top-Aktivit\u00e4ten in Greensboro?<\/strong><\/p>\n\n\n\n<figure class=\"wp-block-image size-full is-style-default\"><a href=\"https:\/\/ads.nodengo.com\/de\/\"><img decoding=\"async\" width=\"300\" height=\"250\" src=\"https:\/\/nodengo.com\/wp-content\/uploads\/Reach-more-customers_de.jpg\" alt=\"Nodengo.com Reach more customers\" class=\"wp-image-10633\" title=\"\" srcset=\"https:\/\/nodengo.com\/wp-content\/uploads\/Reach-more-customers_de.jpg 300w, https:\/\/nodengo.com\/wp-content\/uploads\/Reach-more-customers_de-150x125.jpg 150w, https:\/\/nodengo.com\/wp-content\/uploads\/Reach-more-customers_de-14x12.jpg 14w\" sizes=\"(max-width: 300px) 100vw, 300px\" \/><\/a><\/figure>\n<\/div>\n<\/div>\n<\/div><\/div>\n\n\n\n<div class=\"wp-block-citadela-blocks-custom-container citadela-block-custom-container size-wide bg-type-none inside-space-none\"><div class=\"inner-holder\">\n<iframe style=\"border:0;height:125px;\" width=\"100%\" height=\"auto\" scrolling=\"no\" id=\"bsaIframe\" onload=\"bsaIframe()\" src=\"https:\/\/ads.nodengo.com\/api\/?id=110&amp;i=1\" if_empty=\"id=113\"> <\/iframe><script>function bsaIframe() { var iFrameID = document.getElementById('bsaIframe'); if(iFrameID) { iFrameID.height = iFrameID.contentWindow.document.body.scrollHeight + 'px'; } }<\/script>\n\n\n\n<h2 class=\"wp-block-heading has-text-align-center\" id=\"ttd\"><strong>GREENSBORO ZU TUN<\/strong><\/h2>\n\n\n\n<p>Entdecken Sie die wichtigsten Aktivit\u00e4ten in Greensboro dank unseres umfassenden Reisef\u00fchrers, der eine Vielzahl von Aktivit\u00e4ten enth\u00fcllt, die Ihnen dabei helfen werden, diese dynamische Stadt zu entdecken.<\/p>\n\n\n\n<p class=\"has-small-font-size\"><a href=\"#Museums\">Museen<\/a> | <a href=\"#Sights\">Sehensw\u00fcrdigkeiten &amp; Sehensw\u00fcrdigkeiten<\/a> | <a href=\"#Outdoor\">Outdoor-Aktivit\u00e4ten<\/a> | <a href=\"#Food\">Essen &amp; Trinken<\/a> | <a href=\"#Bars\">Bars &amp; Clubs<\/a> | <a href=\"#Shopping\">Einkaufen<\/a> | <a href=\"#Sports\">Sport &amp; Erholung<\/a> | <a href=\"#Concert\">Konzerte &amp; Shows<\/a> | <a href=\"#Transport\">Reisen &amp; Transport<\/a><\/p>\n\n\n\r\n        <div class=\"wp-block-citadela-blocks ctdl-directory-search-form border-thin shadow-default align-center\">\r\n            <div class=\"citadela-block-form search-form-component-container\" style=\"\" data-action=\"&quot;https:\\\/\\\/nodengo.com\\\/de\\\/&quot;\"data-post-type=\"citadela-item\"data-category-taxonomy=\"citadela-item-category\"data-location-taxonomy=\"citadela-item-location\">\r\n            <\/div>\r\n                    <\/div>\r\n\r\n        \n\n\n<iframe style=\"border:0;height:125px;\" width=\"100%\" height=\"auto\" scrolling=\"no\" id=\"bsaIframe\" onload=\"bsaIframe()\" src=\"https:\/\/ads.nodengo.com\/api\/?id=106&amp;i=1\" if_empty=\"id=109\"> <\/iframe><script>function bsaIframe() { var iFrameID = document.getElementById('bsaIframe'); if(iFrameID) { iFrameID.height = iFrameID.contentWindow.document.body.scrollHeight + 'px'; } }<\/script>\n\n\n\n<p class=\"has-background has-small-font-size\" id=\"Museums\" style=\"background-color:#ebebf0\"><strong>Museen <\/strong>Kunstgalerien | Geschichte | Naturgeschichte | Wissenschaft | Museum<\/p>\n\n\n\r\n        <div \r\n            class=\"wp-block-citadela-blocks ctdl-directory-items-list layout-box size-medium grid-type-1 image-size-citadela_item_thumbnail image-position-center-center default-image-height show-item-featured-image show-item-description show-item-rating border-thin use-carousel carousel-navigation carousel-pagination loading-content\"\r\n                        \t\r\n                            data-carousel=\"{&quot;pagination&quot;:true,&quot;navigation&quot;:true,&quot;autoplay&quot;:false,&quot;autoHeight&quot;:false,&quot;autoplayDelay&quot;:5,&quot;loop&quot;:true}\"\r\n                        >\r\n            \r\n                            <div class=\"citadela-loader\">\r\n                    <div class=\"inner-wrapper\">\r\n                        <i class=\"fas fa-circle-notch fa-spin\"><\/i>\r\n                    <\/div>\r\n                <\/div>\r\n            \r\n            \r\n            <div class=\"citadela-block-articles swiper-container\">\r\n               \r\n                <div class=\"citadela-block-articles-wrap swiper-wrapper\">\r\n                \r\n<article class=\"citadela-article has-thumbnail has-description swiper-slide\">\r\n\r\n\t<div class=\"item-content\" style=\"\">\r\n\t\t\t\t<div class=\"item-thumbnail\" style=\"\">\r\n\t\t\t<a href=\"https:\/\/nodengo.com\/de\/item\/no-content-yet\/\">\r\n\t\t\t\t<img decoding=\"async\" class=\"item-image\" src=\"https:\/\/nodengo.com\/wp-content\/uploads\/01-Travel-and-Tourism-1-1-640x480.jpg\" width=\"640\" height=\"480\" srcset=\"https:\/\/nodengo.com\/wp-content\/uploads\/01-Travel-and-Tourism-1-1-640x480.jpg 640w, https:\/\/nodengo.com\/wp-content\/uploads\/01-Travel-and-Tourism-1-1-480x360.jpg 480w\" sizes=\"(max-width: 640px) 100vw, 640px\" alt=\"No content yet\" style=\"\" title=\"\">\r\n\t\t\t<\/a>\r\n\t\t<\/div>\r\n\t\t\r\n\t\t<div class=\"item-body\">\r\n\t\t\t<div class=\"item-title\">\r\n\t\t\t\t<a href=\"https:\/\/nodengo.com\/de\/item\/no-content-yet\/\">\r\n\t\t\t\t\t<div class=\"item-title-wrap\">\r\n\t\t\t\t\t\t<div class=\"post-title\">No content yet<\/div>\r\n\t\t\t\t\t\t\t\t\t\t\t<\/div>\r\n\t\t\t\t<\/a>\r\n\t\t\t<\/div>\r\n\t\t\t\r\n\t\t\t\r\n\t\t\t\t\t\t<div class=\"item-text\">\r\n\t\t\t\t<div class=\"item-description\">\r\n\t\t\t\t\t<p>We do not have &quot;activities&quot; or &quot;things to do&quot; referenced yet for this section \u00a0Would you like to list your establishment ? Need more information ? &nbsp; &nbsp; We are also looking for Editor. Are you interested ?<\/p>\r\n\t\t\t\t\t<a href=\"https:\/\/nodengo.com\/de\/item\/no-content-yet\/\" class=\"more\">Mehr sehen<\/a>\r\n\t\t\t\t<\/div>\r\n\t\t\t<\/div>\r\n\t\t\t\t\t\t<div class=\"item-footer\" style=\"\">\r\n\t\t\t\t\t\t\t\t\t\t\t\t\t\t\t\t\t\t\t<\/div>\r\n\t\t<\/div>\r\n\t<\/div>\r\n\r\n<\/article>\r\n\r\n\r\n                <\/div>\r\n\r\n                                \r\n            <\/div>\r\n            \r\n                                                <div class=\"carousel-navigation-wrapper\" >\r\n                        <div class=\"carousel-button-prev\"><i class=\"fas fa-chevron-left\"><\/i><\/div>\r\n                        <div class=\"carousel-button-next\"><i class=\"fas fa-chevron-right\"><\/i><\/div>\r\n                    <\/div>\r\n                                                    <div class=\"carousel-pagination-wrapper\" ><\/div>\r\n                \r\n                        \r\n        <\/div>\r\n        <\/div><\/div>\n\n\n\n<div class=\"wp-block-citadela-blocks-custom-container citadela-block-custom-container size-wide bg-type-none inside-space-none\"><div class=\"inner-holder\">\n<p class=\"has-small-font-size\">Travel Safe &#8211; It is strongly recommended to book activity online. Specific Safety precautions are provided by the activity\/tour operator and in conjunction with local regulations, these are not checked by Nodengo.com for accuracy<\/p>\n<\/div><\/div>","protected":false},"excerpt":{"rendered":"","protected":false},"author":236,"featured_media":0,"parent":158426,"menu_order":0,"comment_status":"closed","ping_status":"closed","template":"","meta":{"_uag_custom_page_level_css":"","_citadela_hide_page_title":"1","_citadela_remove_header_space":"1","_citadela_custom_class":"","_citadela_half_map_provider":"","_citadela_half_map_theme":"","_citadela_half_map_themeOSM":"","_citadela_half_map_customTheme":"","_citadela_half_map_dataType":"","_citadela_half_map_dynamicTrack":false,"_citadela_half_map_trackColor":"","_citadela_half_map_trackEndpointsColor":"","_citadela_half_map_filterCategory":"","_citadela_half_map_filterLocation":"","_citadela_half_map_filterFeatured":false,"_citadela_half_map_noDataBehavior":"empty-map","_citadela_half_map_noDataText":"","_citadela_half_map_clusterGridSize":80,"_citadela_header":false,"_citadela_header_over_content":false,"_citadela_header_text_color":"","_citadela_header_logo":[],"_citadela_header_bg_image":[],"_citadela_header_bg_position":{"x":0.5,"y":0.5},"_citadela_header_bg_size":"cover","_citadela_header_bg_repeat":"no-repeat","_citadela_header_bg_fixed":false,"_citadela_header_bg_color":"","_citadela_header_bg_image_overlay":"","_citadela_header_transparent_bg":false,"_citadela_content_width":"","_citadela_half_layout_position":"","footnotes":""},"class_list":["post-161688","page","type-page","status-publish","hentry"],"uagb_featured_image_src":{"full":false,"thumbnail":false,"medium":false,"medium_large":false,"large":false,"1536x1536":false,"2048x2048":false,"trp-custom-language-flag":false,"citadela_item_thumbnail":false,"woocommerce_thumbnail":false,"woocommerce_single":false,"woocommerce_gallery_thumbnail":false,"citadela_service":false},"uagb_author_info":{"display_name":"Nodengo Team","author_link":"https:\/\/nodengo.com\/de\/author\/nodengo-admin\/"},"uagb_comment_info":0,"uagb_excerpt":null,"_links":{"self":[{"href":"https:\/\/nodengo.com\/de\/wp-json\/wp\/v2\/pages\/161688","targetHints":{"allow":["GET"]}}],"collection":[{"href":"https:\/\/nodengo.com\/de\/wp-json\/wp\/v2\/pages"}],"about":[{"href":"https:\/\/nodengo.com\/de\/wp-json\/wp\/v2\/types\/page"}],"author":[{"embeddable":true,"href":"https:\/\/nodengo.com\/de\/wp-json\/wp\/v2\/users\/236"}],"replies":[{"embeddable":true,"href":"https:\/\/nodengo.com\/de\/wp-json\/wp\/v2\/comments?post=161688"}],"version-history":[{"count":0,"href":"https:\/\/nodengo.com\/de\/wp-json\/wp\/v2\/pages\/161688\/revisions"}],"up":[{"embeddable":true,"href":"https:\/\/nodengo.com\/de\/wp-json\/wp\/v2\/pages\/158426"}],"wp:attachment":[{"href":"https:\/\/nodengo.com\/de\/wp-json\/wp\/v2\/media?parent=161688"}],"curies":[{"name":"wp","href":"https:\/\/api.w.org\/{rel}","templated":true}]}}